{"id":10887,"date":"2023-11-23T16:46:19","date_gmt":"2023-11-23T15:46:19","guid":{"rendered":"https:\/\/archive.displayeurope.eu\/newsletter\/"},"modified":"2024-08-28T15:04:58","modified_gmt":"2024-08-28T13:04:58","slug":"newsletter","status":"publish","type":"page","link":"https:\/\/archive.displayeurope.eu\/cs\/newsletter\/","title":{"rendered":"Zpravodaj"},"content":{"rendered":"<style>\/*! elementor - v3.20.0 - 26-03-2024 *\/<br \/>\n.elementor-heading-title{padding:0;margin:0;line-height:1}.elementor-widget-heading .elementor-heading-title[class*=elementor-size-]>a{color:inherit;font-size:inherit;line-height:inherit}.elementor-widget-heading .elementor-heading-title.elementor-size-small{font-size:15px}.elementor-widget-heading .elementor-heading-title.elementor-size-medium{font-size:19px}.elementor-widget-heading .elementor-heading-title.elementor-size-large{font-size:29px}.elementor-widget-heading .elementor-heading-title.elementor-size-xl{font-size:39px}.elementor-widget-heading .elementor-heading-title.elementor-size-xxl{font-size:59px}<\/style>\n<h1>P\u0159ihlaste se k odb\u011bru novinek Display Europe<\/h1>\n<p>Va\u0161e osobn\u00ed aktu\u00e1ln\u00ed informace o evropsk\u00fdch z\u00e1jmech.<br \/>\nV\u0161echny d\u016fle\u017eit\u00e9 novinky a exkluzivn\u00ed obsah p\u0159\u00edmo do va\u0161\u00ed schr\u00e1nky!<\/p>\n<p>[Newsletter]<\/p>\n","protected":false},"excerpt":{"rendered":"<p>P\u0159ihlaste se k odb\u011bru novinek Display Europe Va\u0161e osobn\u00ed aktu\u00e1ln\u00ed informace o evropsk\u00fdch z\u00e1jmech. V\u0161echny d\u016fle\u017eit\u00e9 novinky a exkluzivn\u00ed obsah p\u0159\u00edmo do va\u0161\u00ed schr\u00e1nky! [Newsletter]<\/p>\n","protected":false},"author":35,"featured_media":0,"parent":0,"menu_order":0,"comment_status":"closed","ping_status":"closed","template":"","meta":{"footnotes":""},"class_list":["post-10887","page","type-page","status-publish","hentry"],"_links":{"self":[{"href":"https:\/\/archive.displayeurope.eu\/cs\/wp-json\/wp\/v2\/pages\/10887","targetHints":{"allow":["GET"]}}],"collection":[{"href":"https:\/\/archive.displayeurope.eu\/cs\/wp-json\/wp\/v2\/pages"}],"about":[{"href":"https:\/\/archive.displayeurope.eu\/cs\/wp-json\/wp\/v2\/types\/page"}],"author":[{"embeddable":true,"href":"https:\/\/archive.displayeurope.eu\/cs\/wp-json\/wp\/v2\/users\/35"}],"replies":[{"embeddable":true,"href":"https:\/\/archive.displayeurope.eu\/cs\/wp-json\/wp\/v2\/comments?post=10887"}],"version-history":[{"count":2,"href":"https:\/\/archive.displayeurope.eu\/cs\/wp-json\/wp\/v2\/pages\/10887\/revisions"}],"predecessor-version":[{"id":45775,"href":"https:\/\/archive.displayeurope.eu\/cs\/wp-json\/wp\/v2\/pages\/10887\/revisions\/45775"}],"wp:attachment":[{"href":"https:\/\/archive.displayeurope.eu\/cs\/wp-json\/wp\/v2\/media?parent=10887"}],"curies":[{"name":"wp","href":"https:\/\/api.w.org\/{rel}","templated":true}]}}