{"id":14795,"date":"2023-12-07T17:22:07","date_gmt":"2023-12-07T16:22:07","guid":{"rendered":"https:\/\/archive.displayeurope.eu\/stante-se-medialnim-partnerem\/"},"modified":"2024-09-25T08:01:10","modified_gmt":"2024-09-25T06:01:10","slug":"join-us","status":"publish","type":"page","link":"https:\/\/archive.displayeurope.eu\/cs\/join-us\/","title":{"rendered":"P\u0159ipojte se k n\u00e1m"},"content":{"rendered":"\n<h1 class=\"wp-block-heading\">P\u0159ipojte se k s\u00edti Display Europe!<\/h1>\n\n<p>Pokud jste nez\u00e1visl\u00e9 m\u00e9dium nebo komunitn\u00ed medi\u00e1ln\u00ed organizace a va\u0161e \u010dl\u00e1nky a po\u0159ady se zam\u011b\u0159uj\u00ed na Evropu a Evropany, m\u016f\u017eete se p\u0159ipojit k na\u0161\u00ed s\u00edti! Vypl\u0148te pros\u00edm n\u00ed\u017ee uveden\u00fd formul\u00e1\u0159 a poskytn\u011bte n\u00e1m RSS kan\u00e1l ke sv\u00e9mu obsahu a va\u0161e \u010dl\u00e1nky, podcasty a videopo\u0159ady budou k nalezen\u00ed na platform\u011b Display Europe.<\/p>\n\n<p>M\u00e1te-li dal\u0161\u00ed dotazy t\u00fdkaj\u00edc\u00ed se na\u0161\u00ed s\u00edt\u011b, napi\u0161te n\u00e1m na adresu <a href=\"mailto:partner@displayeurope.eu\">partner@displayeurope.eu<\/a>.<\/p>\n\n<h2 class=\"wp-block-heading\">\u00a0<\/h2>\n\n<h2 class=\"wp-block-heading\"><strong>Jak vyb\u00edr\u00e1me \u010dl\u00e1nky, kter\u00e9 se na port\u00e1lu objev\u00ed?<\/strong><\/h2>\n\n<p>N\u00e1\u0161 redak\u010dn\u00ed t\u00fdm se skl\u00e1d\u00e1 z komunitn\u00edch redaktor\u016f, jejich\u017e \u00fakolem je vyb\u00edrat \u010dl\u00e1nky zaslan\u00e9 partnery k recenzi a publikov\u00e1n\u00ed. Ke v\u0161em p\u0159edlo\u017een\u00fdm \u010dl\u00e1nk\u016fm p\u0159istupuj\u00ed se stejn\u00fdm respektem. \u010cl\u00e1nky jsou vyb\u00edr\u00e1ny na z\u00e1klad\u011b p\u0159edem definovan\u00e9ho souboru redak\u010dn\u00edch pokyn\u016f pro komunitn\u00ed redaktory. Tyto pokyny si m\u016f\u017eete p\u0159e\u010d\u00edst zde:<\/p>\n\n<ul class=\"wp-block-list\">\n<li><a href=\"https:\/\/archive.displayeurope.eu\/wp-content\/uploads\/2024\/05\/Guidelines-for-Community-Editors-of-the-Display-Europe.pdf\">Pokyny pro komunitn\u00ed redaktory \u010dasopisu Display Europe<\/a><\/li>\n<\/ul>\n\n<p>Pokud chcete zaslat \u010dl\u00e1nek, kter\u00fd by se na port\u00e1lu objevil, napi\u0161te na\u0161emu redak\u010dn\u00edmu t\u00fdmu na adresu <a href=\"mailto:contact@displayeurope.eu\">contact@displayeurope.eu<\/a>.<\/p>\n\n<h2 class=\"wp-block-heading\">\u00a0<\/h2>\n\n<h2 class=\"wp-block-heading\"><strong>P\u0159ipojte se ke kooperaci Display Europe<\/strong><\/h2>\n\n<p>Pokud se chcete p\u0159ipojit k t\u00fdmu Display Europe a pod\u00edlet se na utv\u00e1\u0159en\u00ed budoucnosti platformy Display Europe, m\u016f\u017eete se st\u00e1t \u010dlenem na\u0161eho dru\u017estva. Dru\u017estvo Display Europe bylo zalo\u017eeno v Rakousku jako neziskov\u00e9 medi\u00e1ln\u00ed dru\u017estvo. Pokud se chcete dozv\u011bd\u011bt v\u00edce, kontaktujte n\u00e1s na <a href=\"mailto:coop@displayeurope.eu\">adrese coop@displayeurope.eu.<\/a><\/p>\n\n<div style=\"height:100px\" aria-hidden=\"true\" class=\"wp-block-spacer\"><\/div>\n   <form method=\"post\" class=\"customform\">\n    <h3>Apply with your Organization<\/h3>\n    <div class=\"input-field\">\n        <label for=\"medianame\">* Organization:<\/label>\n        <input\n            type=\"text\"\n            id=\"medianame\"\n            name=\"medianame\"\n            placeholder=\"Organization Name\"\n            value=\"\"\n            required\n        >\n    <\/div>\n    <div class=\"input-field\">\n        <label for=\"contact_person\">* Contact person:<\/label>\n        <input\n            type=\"text\"\n            id=\"contact_person\"\n            name=\"contact_person\"\n            placeholder=\"Contact Name\"\n            value=\"\"\n            required\n        >\n    <\/div>\n    <div class=\"input-field\">\n        <label for=\"contact_email\">* Contact Email:<\/label>\n        <input\n            type=\"email\"\n            id=\"contact_email\"\n            name=\"contact_email\"\n            placeholder=\"you@yourcompany.org\"\n            value=\"\"\n            required\n        >\n    <\/div>\n    <div class=\"input-field\">\n        <label for=\"country\">* Country:<\/label>\n        <select\n            id=\"country\"\n            name=\"country\"\n            required\n        >\n            <option value=\"\">Please select<\/option>\n                            <option value=\"AL\">Albania<\/option>\n                            <option value=\"AD\">Andorra<\/option>\n                            <option value=\"AT\">Austria<\/option>\n                            <option value=\"BY\">Belarus<\/option>\n                            <option value=\"BE\">Belgium<\/option>\n                            <option value=\"BA\">Bosnia and Herzegovina<\/option>\n                            <option value=\"BG\">Bulgaria<\/option>\n                            <option value=\"HR\">Croatia<\/option>\n                            <option value=\"CY\">Cyprus<\/option>\n                            <option value=\"CZ\">Czech Republic<\/option>\n                            <option value=\"DK\">Denmark<\/option>\n                            <option value=\"EE\">Estonia<\/option>\n                            <option value=\"FI\">Finland<\/option>\n                            <option value=\"FR\">France<\/option>\n                            <option value=\"DE\">Germany<\/option>\n                            <option value=\"GR\">Greece<\/option>\n                            <option value=\"HU\">Hungary<\/option>\n                            <option value=\"IS\">Iceland<\/option>\n                            <option value=\"IE\">Ireland<\/option>\n                            <option value=\"IT\">Italy<\/option>\n                            <option value=\"XK\">Kosovo<\/option>\n                            <option value=\"LV\">Latvia<\/option>\n                            <option value=\"LI\">Liechtenstein<\/option>\n                            <option value=\"LT\">Lithuania<\/option>\n                            <option value=\"LU\">Luxembourg<\/option>\n                            <option value=\"MT\">Malta<\/option>\n                            <option value=\"MD\">Moldova<\/option>\n                            <option value=\"MC\">Monaco<\/option>\n                            <option value=\"ME\">Montenegro<\/option>\n                            <option value=\"NL\">Netherlands<\/option>\n                            <option value=\"MK\">North Macedonia<\/option>\n                            <option value=\"NO\">Norway<\/option>\n                            <option value=\"PL\">Poland<\/option>\n                            <option value=\"PT\">Portugal<\/option>\n                            <option value=\"RO\">Romania<\/option>\n                            <option value=\"RU\">Russia<\/option>\n                            <option value=\"SM\">San Marino<\/option>\n                            <option value=\"RS\">Serbia<\/option>\n                            <option value=\"SK\">Slovakia<\/option>\n                            <option value=\"SI\">Slovenia<\/option>\n                            <option value=\"ES\">Spain<\/option>\n                            <option value=\"SE\">Sweden<\/option>\n                            <option value=\"CH\">Switzerland<\/option>\n                            <option value=\"UA\">Ukraine<\/option>\n                            <option value=\"GB\">United Kingdom<\/option>\n                            <option value=\"VA\">Vatican City<\/option>\n                    <\/select>\n    <\/div>\n    <div class=\"input-field\">\n        <label for=\"link\">* Link:<\/label>\n        <input\n            type=\"text\"\n            id=\"link\"\n            name=\"link\"\n            placeholder=\"Your Site-URL \/ RSS-Feed\"\n            value=\"\"\n            required\n        >\n    <\/div>\n    <div class=\"input-field\">\n        <div class=\"checkbox-group\">\n            <label>* Media Type:<\/label>\n            <label><input type=\"checkbox\" name=\"choices[]\" value=\"Audio\"> Audio<\/label>\n            <label><input type=\"checkbox\" name=\"choices[]\" value=\"Video\"> Video<\/label>\n            <label><input type=\"checkbox\" name=\"choices[]\" value=\"Text\"> Text<\/label>\n        <\/div>\n        <small>\n            The types of media you plan to publish with Display Europe        <\/small>\n    <\/div>\n    <div class=\"input-field\">\n        <label for=\"comments\">Comments &amp; Questions:<\/label>\n        <textarea\n            id=\"comments\"\n            name=\"comments\"\n            rows=\"8\"\n        ><\/textarea>\n    <\/div>\n    <div class=\"input-field\">\n        <label>\n            <input\n                type=\"checkbox\"\n                name=\"accept\"\n                value=\"1\"\n                required\n            >\n            I accept the            <a\n                href=\"https:\/\/displayeurope.eu\/wp-content\/uploads\/2024\/04\/DisplayEurope_UserAgreementPartners_EN.pdf\"\n                target=\"_blank\">\n                terms & conditions.            <\/a>\n        <\/label>\n    <\/div>\n\n    <div class=\"input-group\">\n        <div class=\"input-field\">\n            <input\n                type=\"submit\"\n                name=\"custom_form_submit\"\n                value=Send            >\n        <\/div>\n        <div class=\"input-field\">\n            <div class=\"frc-captcha\" data-sitekey=\"FCMQUN6I5B87NIU7\"><\/div>\n        <\/div>\n    <\/div>\n    <small>* Required<\/small>\n\n    <script\n        type=\"module\"\n        src=\"https:\/\/archive.displayeurope.eu\/wp-content\/plugins\/customforms\/public\/js\/widget.module.min.js\"\n        async defer\n    ><\/script>\n    <script nomodule src=\"https:\/\/archive.displayeurope.eu\/wp-content\/plugins\/customforms\/public\/js\/widget.min.js\" async defer><\/script>\n<\/form>\n\n    \n","protected":false},"excerpt":{"rendered":"<p>P\u0159ipojte se k s\u00edti Display Europe! Pokud jste nez\u00e1visl\u00e9 m\u00e9dium nebo komunitn\u00ed medi\u00e1ln\u00ed organizace a va\u0161e \u010dl\u00e1nky a po\u0159ady se zam\u011b\u0159uj\u00ed na Evropu a Evropany, m\u016f\u017eete se p\u0159ipojit k na\u0161\u00ed s\u00edti! Vypl\u0148te pros\u00edm n\u00ed\u017ee uveden\u00fd formul\u00e1\u0159 a poskytn\u011bte n\u00e1m RSS kan\u00e1l ke sv\u00e9mu obsahu a va\u0161e \u010dl\u00e1nky, podcasty a videopo\u0159ady budou k nalezen\u00ed na platform\u011b [&hellip;]<\/p>\n","protected":false},"author":35,"featured_media":0,"parent":0,"menu_order":0,"comment_status":"closed","ping_status":"closed","template":"","meta":{"footnotes":""},"class_list":["post-14795","page","type-page","status-publish","hentry"],"_links":{"self":[{"href":"https:\/\/archive.displayeurope.eu\/cs\/wp-json\/wp\/v2\/pages\/14795","targetHints":{"allow":["GET"]}}],"collection":[{"href":"https:\/\/archive.displayeurope.eu\/cs\/wp-json\/wp\/v2\/pages"}],"about":[{"href":"https:\/\/archive.displayeurope.eu\/cs\/wp-json\/wp\/v2\/types\/page"}],"author":[{"embeddable":true,"href":"https:\/\/archive.displayeurope.eu\/cs\/wp-json\/wp\/v2\/users\/35"}],"replies":[{"embeddable":true,"href":"https:\/\/archive.displayeurope.eu\/cs\/wp-json\/wp\/v2\/comments?post=14795"}],"version-history":[{"count":4,"href":"https:\/\/archive.displayeurope.eu\/cs\/wp-json\/wp\/v2\/pages\/14795\/revisions"}],"predecessor-version":[{"id":49832,"href":"https:\/\/archive.displayeurope.eu\/cs\/wp-json\/wp\/v2\/pages\/14795\/revisions\/49832"}],"wp:attachment":[{"href":"https:\/\/archive.displayeurope.eu\/cs\/wp-json\/wp\/v2\/media?parent=14795"}],"curies":[{"name":"wp","href":"https:\/\/api.w.org\/{rel}","templated":true}]}}