{"id":15003,"date":"2023-06-27T14:23:20","date_gmt":"2023-06-27T12:23:20","guid":{"rendered":"https:\/\/archive.displayeurope.eu\/nase-vize\/"},"modified":"2024-10-09T13:47:09","modified_gmt":"2024-10-09T11:47:09","slug":"our-vision-faq","status":"publish","type":"page","link":"https:\/\/archive.displayeurope.eu\/cs\/our-vision-faq\/","title":{"rendered":"Na\u0161e vize a nej\u010dast\u011bj\u0161\u00ed dotazy"},"content":{"rendered":"\n<h1 class=\"wp-block-heading\">Na\u0161e vize a nej\u010dast\u011bj\u0161\u00ed dotazy<\/h1>\n\n<h2 class=\"wp-block-heading\">\u00a0<\/h2>\n\n<h2 class=\"wp-block-heading\">Na\u0161e vize<\/h2>\n\n<p><strong>Architekti Displaye v\u011b\u0159\u00ed v evropsk\u00e1 m\u00e9dia zalo\u017een\u00e1 na ve\u0159ejn\u00fdch hodnot\u00e1ch a inkluzivit\u011b. <\/strong><\/p>\n\n<p>P\u0159isp\u00edvaj\u00ed ke spole\u010dn\u00fdm evropsk\u00fdm m\u00e9di\u00edm, proto\u017ee s\u00edly, kter\u00e9 neberou ohled na hranice, utv\u00e1\u0159ej\u00ed \u017eivoty Evropan\u016f. Vytv\u00e1\u0159ej\u00ed prostor nez\u00e1visl\u00fd na vl\u00e1d\u00e1ch i komer\u010dn\u00edch vlivech, kde se Evropan\u00e9 &#8211; bez ohledu na sv\u016fj p\u016fvod &#8211; mohou spojit, sd\u00edlet my\u0161lenky, diskutovat o n\u00e1zorech a naj\u00edt spolehliv\u00e9 informace, aby mohli pohnat mocn\u00e9 k odpov\u011bdnosti.<\/p>\n\n<h2 class=\"wp-block-heading\">\u00a0<\/h2>\n\n<h3 class=\"wp-block-heading\">Zdarma a d\u016fv\u011bryhodn\u011b<\/h3>\n\n<p>C\u00edlem Display Europe je poskytovat ob\u010dan\u016fm na cel\u00e9m kontinentu d\u016fv\u011bryhodn\u00e9 informace a pohledy, kter\u00e9 jsou \u010dasto p\u0159ehl\u00ed\u017eeny hlavn\u00edmi a n\u00e1rodn\u00edmi m\u00e9dii. Zam\u011b\u0159en\u00edm na p\u0159eklady, syndikaci a origin\u00e1ln\u011b vytvo\u0159en\u00fd obsah se Display Europe sna\u017e\u00ed nab\u00eddnout komplexn\u00ed pohled na Evropu od mysu Roca a\u017e po rozvod\u00ed Uralu. P\u016fvodn\u00ed obsah bude zahrnovat m\u011bs\u00ed\u010dn\u00ed region\u00e1ln\u00ed a tematick\u00e9 p\u0159ehledy tisku a multimedi\u00e1ln\u00ed p\u0159eshrani\u010dn\u00ed projekty na evropsky v\u00fdznamn\u00e1 t\u00e9mata a t\u00fddenn\u00ed evropskou talk show. Bude slou\u017eit jako bezplatn\u00fd centr\u00e1ln\u00ed port\u00e1l s kur\u00e1torovan\u00fdm obsahem, kter\u00fd bude mo\u017en\u00e9 vyhled\u00e1vat a p\u0159ekl\u00e1dat do 15 evropsk\u00fdch jazyk\u016f.<\/p>\n\n<h2 class=\"wp-block-heading\">\u00a0<\/h2>\n\n<h3 class=\"wp-block-heading\">\u00da\u010dastn\u011bte se a sd\u00edlejte<\/h3>\n\n<p>Platforma se zav\u00e1zala k aktivn\u00edmu zapojen\u00ed ve\u0159ejnosti a bude podporovat evropsk\u00e9 ob\u010dany v aktivn\u00edm utv\u00e1\u0159en\u00ed m\u00e9di\u00ed a jejich hodnot. Funkce, jako je Klub \u010dl\u00e1nk\u016f, propoj\u00ed \u010dten\u00e1\u0159e s novin\u00e1\u0159i a podpo\u0159\u00ed komunitn\u00ed my\u0161len\u00ed v oblasti medi\u00e1ln\u00ed tvorby. Dynamick\u00fd model obsahu vytv\u00e1\u0159en\u00e9ho u\u017eivateli nav\u00edc povzbud\u00ed u\u017eivatele, aby se pod\u011blili o sv\u00e9 jedine\u010dn\u00e9 evropsk\u00e9 perspektivy, co\u017e bude podpo\u0159eno p\u016fsoben\u00edm soci\u00e1ln\u00edch m\u00e9di\u00ed a partnerstv\u00edm se sp\u0159\u00edzn\u011bn\u00fdmi zast\u00e1nci a organizacemi.<\/p>\n\n<h2 class=\"wp-block-heading\">\u00a0<\/h2>\n\n<h3 class=\"wp-block-heading\">Bezpe\u010dn\u00e9 a etick\u00e9<\/h3>\n\n<p>Jako federovan\u00e1 s\u00ed\u0165 st\u00e1vaj\u00edc\u00edch platforem vyu\u017e\u00edv\u00e1 Display Europe software s otev\u0159en\u00fdm zdrojov\u00fdm k\u00f3dem a otev\u0159en\u00e9 protokoly zalo\u017een\u00e9 na procesech \u0161etrn\u00fdch k soukrom\u00ed. Platforma je postavena na suver\u00e9nn\u00ed, samospr\u00e1vn\u00e9 digit\u00e1ln\u00ed infrastruktu\u0159e s otev\u0159en\u00fdm zdrojov\u00fdm k\u00f3dem, kter\u00e1 zaji\u0161\u0165uje nez\u00e1vislost na soci\u00e1ln\u00edch m\u00e9di\u00edch a streamovac\u00edch platform\u00e1ch velk\u00fdch technologick\u00fdch spole\u010dnost\u00ed. Na rozd\u00edl od ostatn\u00edch platforem tamt\u00e9\u017e, doporu\u010dovac\u00ed algoritmy obsahu Display nav\u00e1d\u011bj\u00ed u\u017eivatele na cestu sm\u00ed\u0161en\u00e9ho a vyv\u00e1\u017een\u00e9ho obsahu. Display shroma\u017e\u010fuje osobn\u00ed \u00fadaje pouze v p\u0159\u00edpad\u011b, \u017ee k tomu d\u00e1 zelenou, a u\u017eivatel\u00e9 se mohou ze shroma\u017e\u010fov\u00e1n\u00ed \u00fadaj\u016f zcela odhl\u00e1sit.<\/p>\n\n<h2 class=\"wp-block-heading\">\u010casto kladen\u00e9 ot\u00e1zky<\/h2>\n\n<h3 class=\"wp-block-heading\">Co je Display Europe?<\/h3>\n\n<p>Display Europe je medi\u00e1ln\u00ed platforma, kter\u00e1 nab\u00edz\u00ed evropskou perspektivu v 15 jazyc\u00edch. Nab\u00edz\u00ed origin\u00e1ly Display Originals a sdru\u017een\u00fd medi\u00e1ln\u00ed obsah poskytovan\u00fd s\u00edt\u00ed nez\u00e1visl\u00fdch medi\u00e1ln\u00edch organizac\u00ed z cel\u00e9ho kontinentu. Display Europe, kter\u00e1 je zakotvena ve ve\u0159ejn\u00fdch hodnot\u00e1ch a inkluzivit\u011b, je vytvo\u0159ena na z\u00e1klad\u011b softwaru s otev\u0159en\u00fdm zdrojov\u00fdm k\u00f3dem a vymyk\u00e1 se neetick\u00fdm praktik\u00e1m shroma\u017e\u010fov\u00e1n\u00ed dat ze strany velk\u00fdch technologick\u00fdch spole\u010dnost\u00ed. Jeho algoritmy vedou u\u017eivatele ke sm\u00ed\u0161en\u00e9mu a vyv\u00e1\u017een\u00e9mu obsahu.<\/p>\n\n<p>Displayeurope.eu je jedine\u010dn\u00e1 platforma, kter\u00e1 poskytuje p\u0159\u00edstup k \u0161irok\u00e9 \u0161k\u00e1le obsahu evropsk\u00fdch m\u00e9di\u00ed. Jej\u00edm c\u00edlem je prolomit filtra\u010dn\u00ed bubliny a poskytnout ob\u010dan\u016fm v cel\u00e9 Evrop\u011b p\u0159\u00edstup ke spolehliv\u00fdm informac\u00edm. Platforma pokr\u00fdv\u00e1 r\u016fzn\u00e9 aspekty Evropy, kter\u00e9 tradi\u010dn\u011b nemus\u00ed b\u00fdt pokryty hlavn\u00edm proudem nebo n\u00e1rodn\u00edmi m\u00e9dii. Display Europe p\u0159in\u00e1\u0161\u00ed revoluci v evropsk\u00e9m medi\u00e1ln\u00edm prost\u0159ed\u00ed t\u00edm, \u017ee se zam\u011b\u0159uje na p\u0159eklady, syndikaci a produkci p\u016fvodn\u00edho obsahu. <\/p>\n\n<p>V\u00fdvoj webu displayeurope.eu \u0159\u00edd\u00ed konsorcium se sedmn\u00e1cti \u010dleny z nez\u00e1visl\u00fdch m\u00e9di\u00ed a etick\u00e9ho technologick\u00e9ho sektoru pod n\u00e1zvem Display Europe &#8211; Democracy Runs on Screens. Projekt je spolufinancov\u00e1n grantem Evropsk\u00e9 unie.<\/p>\n\n<p>Krom\u011b toho Display Europe &#8211; Democracy Runs on Screens spravuje tak\u00e9 dva grantov\u00e9 programy &#8211; Display Europe Grant Call (uzav\u0159en\u00fd) a Display Europe micro-grants Call (otev\u0159en\u00fd na m\u011bs\u00ed\u010dn\u00ed b\u00e1zi do 31. b\u0159ezna 2023). V\u00edce informac\u00ed o v\u00fdzv\u011b k p\u0159edkl\u00e1d\u00e1n\u00ed mikrogrant\u016f naleznete na adrese <a href=\"https:\/\/culturalfoundation.eu\/programmes\/display-europe\/\"><u>zde<\/u><\/a>. P\u0159\u00edjemci grant\u016f ud\u011blen\u00fdch v r\u00e1mci t\u011bchto grant\u016f vytvo\u0159\u00ed obsah, kter\u00fd bude prezentov\u00e1n na port\u00e1lu Display Europe. <\/p>\n\n<h3 class=\"wp-block-heading\">Jak Display Europe funguje?<\/h3>\n\n<p>Display Europe je kl\u00ed\u010dovou sou\u010d\u00e1st\u00ed digit\u00e1ln\u00ed infrastruktury, kter\u00e1 propojuje a zp\u0159\u00edstup\u0148uje zcela novou vrstvu obsahu nap\u0159\u00ed\u010d m\u00e9dii, publika\u010dn\u00edmi a vys\u00edlac\u00edmi form\u00e1ty, regiony a jazyky. Funguje jako federativn\u00ed s\u00ed\u0165 st\u00e1vaj\u00edc\u00edch platforem, kter\u00e1 pracuje s otev\u0159en\u00fdm softwarem a otev\u0159en\u00fdmi protokoly zalo\u017een\u00fdmi na procesech \u0161etrn\u00fdch k soukrom\u00ed. Poskytne vyrovn\u00e1vac\u00ed platformu pro m\u00e9dia, kter\u00e1 nemus\u00ed b\u00fdt schopna vybudovat a udr\u017eovat n\u00e1kladn\u00e9 a drah\u00e9 digit\u00e1ln\u00ed infrastruktury, a p\u0159itom maj\u00ed relevantn\u00ed obsah, kter\u00fd mohou nab\u00eddnout mezin\u00e1rodn\u00edmu publiku. Konsorcium zapoj\u00ed komunitn\u00ed m\u00e9dia a mal\u00e9 a st\u0159edn\u00ed tv\u016frce obsahu a usnadn\u00ed jim pr\u00e1ci jako roz\u0161i\u0159uj\u00edc\u00ed se mezin\u00e1rodn\u00ed profesion\u00e1ln\u00ed komunit\u011b.<\/p>\n\n<h3 class=\"wp-block-heading\">Kdo spravuje Display Europe?<\/h3>\n\n<p><a href=\"https:\/\/culturalfoundation.eu\/programmes\/display-europe\/\"><u>Zobrazit Evropu<\/u><\/a> provozuje konsorcium <a href=\"https:\/\/culturalfoundation.eu\/\"><u>Evropsk\u00e9 kulturn\u00ed nadace<\/u><\/a> (ECF), <a href=\"https:\/\/cba.media\/what-is-the-cba\"><u>Archiv kulturn\u00edho vys\u00edl\u00e1n\u00ed<\/u><\/a> (CBA), <a href=\"https:\/\/www.fairkom.eu\/\" data-type=\"link\" data-id=\"https:\/\/www.fairkom.eu\/\">fairkom<\/a>, Eurozine, Voxeurop, Hostwriter, Krytyka Polityczna, <a href=\"https:\/\/www.eldiario.es\/\"><u>El Diario<\/u><\/a>, Dobr\u00e9 rozhovory, <a href=\"https:\/\/publicspaces.net\/\"><u>Public Spaces<\/u><\/a>, <a href=\"https:\/\/www.cmfe.eu\/\"><u>Community Media Forum Europe<\/u><\/a> (CMFE), <a href=\"https:\/\/www.human.nl\/\"><u>Human<\/u><\/a>, <a href=\"https:\/\/www.vpro.nl\/\"><u>VPRO<\/u><\/a>, <a href=\"https:\/\/www.soundandvision.com\/\"><u>Zvuk a vid\u011bn\u00ed<\/u><\/a>, <a href=\"https:\/\/yepp.it\/ita\"><u>YEPP Italia<\/u><\/a>, Fanzingo a <a href=\"https:\/\/www.schumanshow.eu\/\"><u>Schuman Show<\/u><\/a>.<\/p>\n\n<h3 class=\"wp-block-heading\">Je displayeurope.eu zdarma?<\/h3>\n\n<p>Obsah port\u00e1lu je otev\u0159en\u00fd a voln\u011b p\u0159\u00edstupn\u00fd bez jak\u00fdchkoli poplatk\u016f. Doporu\u010den\u00ed v\u0161ak umo\u017en\u00ed p\u0159esm\u011brov\u00e1n\u00ed na kvalitn\u00ed obsah za paywallem na vlastn\u00edch webov\u00fdch str\u00e1nk\u00e1ch partner\u016f. D\u00edky tomu budou moci <strong>partne\u0159i<\/strong> prost\u0159ednictv\u00edm platformy tak\u00e9 propagovat sv\u016fj obsah. Platforma funguje na modelu open-source a umo\u017e\u0148uje partner\u016fm propagovat sv\u016fj obsah prost\u0159ednictv\u00edm r\u016fzn\u00fdch chel, v\u010detn\u011b soci\u00e1ln\u00edch m\u00e9di\u00ed, televize, r\u00e1dia a novin. Tento p\u0159\u00edstup klade d\u016fraz na spolupr\u00e1ci a p\u016fvodn\u00ed obsah, nikoliv na exkluzivn\u00ed materi\u00e1ly.<\/p>\n\n<h3 class=\"wp-block-heading\">Odkud poch\u00e1z\u00ed financov\u00e1n\u00ed projektu Display Europe?<\/h3>\n\n<p>Projekt Display Europe &#8211; Democracy Runs on Screens je spolufinancov\u00e1n Gener\u00e1ln\u00edm \u0159editelstv\u00edm pro komunika\u010dn\u00ed s\u00edt\u011b, obsah a technologie v r\u00e1mci v\u00fdzvy k p\u0159edkl\u00e1d\u00e1n\u00ed pilotn\u00edch projekt\u016f &#8222;Evropsk\u00e9 medi\u00e1ln\u00ed platformy&#8220;. Dal\u0161\u00ed finan\u010dn\u00ed prost\u0159edky poch\u00e1zej\u00ed od Evropsk\u00e9 kulturn\u00ed nadace a dal\u0161\u00edch partner\u016f v konsorciu. V dlouhodob\u011bj\u0161\u00edm horizontu bude Display Europe financov\u00e1n kombinac\u00ed ve\u0159ejn\u00fdch (evropsk\u00fdch) prost\u0159edk\u016f, filantropick\u00fdch prost\u0159edk\u016f a \u010dlensk\u00fdch p\u0159\u00edsp\u011bvk\u016f, dar\u016f a p\u0159edplatn\u00e9ho.<\/p>\n\n<h3 class=\"wp-block-heading\">Mohu se z\u00fa\u010dastnit veletrhu displayeurope.eu?<\/h3>\n\n<p><strong>Ano,<\/strong><strong> m\u016f\u017eete. <\/strong>Display Europe nab\u00edz\u00ed aktivn\u00ed funkci ve\u0159ejn\u00e9ho f\u00f3ra, v n\u011bm\u017e jsou evrop\u0161t\u00ed ob\u010dan\u00e9 vyb\u00edzeni ke sd\u00edlen\u00ed informac\u00ed a zku\u0161enost\u00ed.<\/p>\n\n<p><strong>HOVORY O EVROP\u011a<\/strong><\/p>\n\n<p>Display Europe bude postupn\u011b roz\u0161i\u0159ovat mo\u017enosti aktivn\u00edho zapojen\u00ed na platform\u011b. Od jara 2024 mohou \u010dten\u00e1\u0159i vyjad\u0159ovat sv\u00e9 n\u00e1zory a diskutovat s ostatn\u00edmi \u010dten\u00e1\u0159i o \u0161ir\u0161\u00edch politick\u00fdch t\u00e9matech. V ka\u017ed\u00e9m z \u010dl\u00e1nk\u016f na Displayi budou vlo\u017eeny dotazn\u00edky, kter\u00e9 umo\u017en\u00ed vyslechnout n\u00e1zory \u010dten\u00e1\u0159\u016f na t\u00e9mata \u010dl\u00e1nk\u016f a evropskou politiku. Algoritmus pro p\u00e1rov\u00e1n\u00ed bude jednotliv\u00e9 \u00fa\u010dastn\u00edky p\u00e1rovat s n\u011bk\u00fdm, kdo m\u00e1 zcela odli\u0161n\u00fd n\u00e1zor ne\u017e oni, pokud mo\u017eno v jin\u00e9 evropsk\u00e9 zemi.<\/p>\n\n<p><strong>ARTICLE CLUB<\/strong><\/p>\n\n<p>P\u016fvodn\u00ed obsah vytvo\u0159en\u00fd pro Display Europe se bude ka\u017ed\u00fd m\u011bs\u00edc objevovat v Klubu \u010dl\u00e1nk\u016f, v n\u011bm\u017e novin\u00e1\u0159i otev\u0159ou ve\u0159ejn\u00e9 f\u00f3rum pro diskusi s u\u017eivateli. C\u00edlem Article Clubu je propojit \u010dten\u00e1\u0159e s novin\u00e1\u0159i, kte\u0159\u00ed za platformou stoj\u00ed, a povzbudit novin\u00e1\u0159e, aby p\u0159i tvorb\u011b a hodnocen\u00ed sv\u00fdch \u010dl\u00e1nk\u016f uplat\u0148ovali komunitn\u00ed p\u0159\u00edstup. Tento form\u00e1t tak\u00e9 umo\u017en\u00ed novin\u00e1\u0159\u016fm obracet se na publikum s \u017e\u00e1dost\u00ed o odborn\u00e9 znalosti a podn\u011bty p\u0159i psan\u00ed budouc\u00edch \u010dl\u00e1nk\u016f.<\/p>\n\n<p><strong>SOCI\u00c1LN\u00cd M\u00c9DIA<\/strong><\/p>\n\n<p>V dlouhodob\u011bj\u0161\u00edm horizontu se zapojen\u00ed komunity Display Europe bude vyv\u00edjet na z\u00e1klad\u011b modelu dynamick\u00e9ho obsahu, kter\u00fd u\u017eivatele povzbuzuje, aby se pod\u011blili o sv\u016fj pohled na Evropu. Platforma bude zahrnovat strategie soci\u00e1ln\u00edch m\u00e9di\u00ed s otev\u0159en\u00fdm zdrojov\u00fdm k\u00f3dem (zejm\u00e9na Mastodon), aby podpo\u0159ila konverzace, propagovala obsah a pos\u00edlila hlavn\u00ed sd\u011blen\u00ed. Kl\u00ed\u010dovou sou\u010d\u00e1st\u00ed strategie jsou tak\u00e9 partnerstv\u00ed s vlivn\u00fdmi osobami a organizacemi, kter\u00e9 jsou v souladu s hodnotami Display Europe.<\/p>\n\n<h3 class=\"wp-block-heading\">V \u010dem se Display Europe li\u0161\u00ed od ostatn\u00edch evropsk\u00fdch medi\u00e1ln\u00edch platforem?<\/h3>\n\n<ul class=\"wp-block-list\">\n<li>Na rozd\u00edl od servisn\u00edch platforem pro jin\u00e1 m\u00e9dia se Display Europe zam\u011b\u0159uje p\u0159\u00edmo na ob\u010dany.<\/li>\n\n\n\n<li>Display Europe bude pokr\u00fdvat v\u0161echny \u010dlensk\u00e9 st\u00e1ty EU a n\u011bkolik sousedn\u00edch zem\u00ed, v\u010detn\u011b z\u00e1padn\u00edho Balk\u00e1nu a Ukrajiny.<\/li>\n\n\n\n<li>Display Europe je budov\u00e1n ob\u010danskou spole\u010dnost\u00ed a nem\u00e1 jin\u00fd z\u00e1jem ne\u017e pos\u00edlit evropskou demokracii.<\/li>\n\n\n\n<li>Display Europe je zalo\u017een na technologii open source, kterou mohou vyu\u017e\u00edvat i ostatn\u00ed.<\/li>\n\n\n\n<li>Display Europe se vyman\u00ed z neetick\u00fdch praktik shroma\u017e\u010fov\u00e1n\u00ed dat velk\u00fdch technologick\u00fdch firem.<\/li>\n\n\n\n<li>Display Europe je k dispozici v 15 jazyc\u00edch.<\/li>\n<\/ul>\n\n<h3 class=\"wp-block-heading\">V jak\u00fdch jazyc\u00edch je Display Europe k dispozici?<\/h3>\n\n<p>V po\u010d\u00e1te\u010dn\u00ed f\u00e1zi je Display Europe k dispozici v t\u011bchto jazyc\u00edch<\/p>\n\n<ol class=\"wp-block-list\">\n<li>Angli\u010dtina<\/li>\n\n\n\n<li>N\u011bm\u010dina<\/li>\n\n\n\n<li>Chorvat\u0161tina \/ bosen\u0161tina \/ srb\u0161tina<\/li>\n\n\n\n<li>\u010cesky<\/li>\n\n\n\n<li>Slovensk\u00e1<\/li>\n\n\n\n<li>Francouz\u0161tina<\/li>\n\n\n\n<li>Ma\u010far\u0161tina<\/li>\n\n\n\n<li>Italsk\u00fd<\/li>\n\n\n\n<li>Polsk\u00fd<\/li>\n\n\n\n<li>\u0160pan\u011bl\u0161tina<\/li>\n\n\n\n<li>Holandsk\u00fd<\/li>\n\n\n\n<li>Portugal\u0161tina<\/li>\n\n\n\n<li>Ukrajinsk\u00fd<\/li>\n\n\n\n<li>Rusk\u00fd<\/li>\n\n\n\n<li>Tureck\u00fd<\/li>\n<\/ol>\n\n<p>V pozd\u011bj\u0161\u00edch f\u00e1z\u00edch budou p\u0159id\u00e1ny dal\u0161\u00ed jazyky, nap\u0159\u00edklad arab\u0161tina, rumun\u0161tina a \u0161v\u00e9d\u0161tina.<\/p>\n\n<h3 class=\"wp-block-heading\">Bude vytvo\u0159en p\u016fvodn\u00ed obsah?<\/h3>\n\n<p>Za tvorbu Display Originals odpov\u00eddaj\u00ed redak\u010dn\u00ed partne\u0159i Eurozine (AUT), Voxeurop (FR), Krytyka Polityczna (PL), ElDiario (ESP) a HUMAN (NL). Origin\u00e1ln\u00ed obsah zahrnuje t\u00fddenn\u00ed evropskou talkshow, m\u011bs\u00ed\u010dn\u00ed region\u00e1ln\u00ed a tematick\u00e9 p\u0159ehledy tisku a multimedi\u00e1ln\u00ed p\u0159eshrani\u010dn\u00ed projekty na nal\u00e9hav\u00e1 t\u00e9mata evropsk\u00e9ho v\u00fdznamu.<\/p>\n\n<h3 class=\"wp-block-heading\">Jak\u00e9 je pozad\u00ed aplikace Display?<\/h3>\n\n<p>V reakci na rostouc\u00ed pot\u0159ebu ve\u0159ejn\u00e9 sf\u00e9ry, kter\u00e1 p\u0159esahuje ekonomick\u00e9, soci\u00e1ln\u00ed, kulturn\u00ed nebo n\u00e1rodn\u00ed z\u00e1zem\u00ed, uspo\u0159\u00e1dala Evropsk\u00e1 kulturn\u00ed nadace v letech 2020 a 2021 \u0159adu online a offline workshop\u016f. Na t\u011bchto workshopech se setkali novin\u00e1\u0159i, v\u00fdzkumn\u00edci a ob\u010dan\u00e9, aby si p\u0159edstavili s\u00ed\u0165ov\u00fd model evropsk\u00fdch m\u00e9di\u00ed, kter\u00fd by byl opro\u0161t\u011bn od vliv\u016f trhu a vl\u00e1dy. Po otev\u0159en\u00e9 v\u00fdzv\u011b v roce 2021 vypisuje Evropsk\u00e1 kulturn\u00ed nadace n\u011bkolik grant\u016f zam\u011b\u0159en\u00fdch na podporu novin\u00e1\u0159sk\u00e9 p\u0159eshrani\u010dn\u00ed spolupr\u00e1ce a rozvoj digit\u00e1ln\u00ed infrastruktury zalo\u017een\u00e9 na ve\u0159ejn\u00fdch hodnot\u00e1ch.<\/p>\n\n<p>Soub\u011b\u017en\u011b s t\u00edm vznikla skupina medi\u00e1ln\u00edch aktivist\u016f, v\u00fdzkumn\u00fdch pracovn\u00edk\u016f a iniciativ 2020, kter\u00e1 vytvo\u0159ila koalici Sd\u00edlen\u00e1 evropsk\u00e1 digit\u00e1ln\u00ed ve\u0159ejn\u00e1 sf\u00e9ra (SDEPS.eu). Diskuse v r\u00e1mci koalice a v\u00fdhled mo\u017en\u00e9 architektury byly shrnuty v publikaci &#8222;<a href=\"http:\/\/www.baratsits.at\/building-a-european-digital-public-space\/\">Budov\u00e1n\u00ed evropsk\u00e9ho digit\u00e1ln\u00edho ve\u0159ejn\u00e9ho prostoru<\/a>&#8222;, Strategie pro p\u0159evzet\u00ed kontroly zp\u011bt od velk\u00fdch technologick\u00fdch platforem (2021) <a href=\"https:\/\/www.irights-lab.de\/publikationen\/dps\">https:\/\/www.irights-lab.de\/publikationen\/dps<\/a>. Na z\u00e1klad\u011b t\u011bchto diskus\u00ed se v roce 2022 uskute\u010dnil hackathon v Linci <a href=\"https:\/\/cba.media\/building-a-european-cultural-backbone\">https:\/\/cba.media\/building-a-european-cultural-backbone<\/a>.<\/p>\n\n<p>Spolupr\u00e1ce mezi p\u0159\u00edjemci grant\u016f ECF a s\u00edt\u00ed vytvo\u0159enou na hackathonu vyvrcholila vytvo\u0159en\u00edm projektu Display Europe.<\/p>\n\n<p>C\u00edlem platformy je poskytnout celoevropskou perspektivu a prostor pro diskusi o spole\u010dn\u00fdch evropsk\u00fdch z\u00e1jmech. Chce \u010delit ztr\u00e1t\u011b d\u016fv\u011bry ve ve\u0159ejn\u00e9 diskuse a m\u00e9dia a postavit se proti populistick\u00fdm my\u0161lenk\u00e1m bez fakt\u016f a vylou\u010den\u00ed n\u011bkter\u00fdch skupin v tradi\u010dn\u00edch m\u00e9di\u00edch.<\/p>\n\n<p>Display Europe m\u00e1 potenci\u00e1l p\u0159isp\u011bt ke kl\u00ed\u010dov\u00e9 digit\u00e1ln\u00ed infrastruktu\u0159e pro Evropu a vyrovnat podm\u00ednky pro m\u00e9dia a tv\u016frce obsahu. Jej\u00ed spu\u0161t\u011bn\u00ed znamen\u00e1 nejen zaveden\u00ed nov\u00e9 medi\u00e1ln\u00ed platformy, ale tak\u00e9 novou \u00e9ru evropsk\u00fdch m\u00e9di\u00ed, v n\u00ed\u017e se do pop\u0159ed\u00ed dost\u00e1vaj\u00ed rozmanitost, inkluzivita a ve\u0159ejn\u00e9 hodnoty.<\/p>\n\n<h3 class=\"wp-block-heading\">Mus\u00edm platit, abych mohl pou\u017e\u00edvat str\u00e1nky displayeurope.eu?<\/h3>\n\n<p>Obsah je zdarma, ale m\u016f\u017eete jej podpo\u0159it malou \u010d\u00e1stkou, abyste nebyli z\u00e1visl\u00ed na financov\u00e1n\u00ed z EU.<\/p>\n\n<p>V roce 2024 nab\u00eddneme p\u0159edplatn\u00e9 na podporu \u00fadr\u017eby platformy, tvorby obsahu a poskytov\u00e1n\u00ed Mastodonu a dal\u0161\u00edch p\u0159ipravovan\u00fdch slu\u017eeb.<\/p>\n\n<p>Mezit\u00edm m\u016f\u017eete p\u0159isp\u011bt Evropsk\u00e9 kulturn\u00ed nadaci na adrese <a href=\"https:\/\/culturalfoundation.iraiser.eu\/support\/~my-donation\"><u>https:\/\/culturalfoundation.iraiser.eu\/support\/~my-donation<\/u><\/a>. ECF jako zakl\u00e1daj\u00edc\u00ed \u010dlen bude tyto dary p\u0159ed\u00e1vat spole\u010dnosti Display Europe.<\/p>\n\n<h3 class=\"wp-block-heading\">Jsem \u010dlenem komunitn\u00edch m\u00e9di\u00ed, jak se mohu p\u0159ipojit a sd\u00edlet s v\u00e1mi obsah?<\/h3>\n\n<p>Na\u0161e s\u00ed\u0165 srde\u010dn\u011b zve jednotlivce i organizace, aby se p\u0159ipojili jako partne\u0159i ke spolupr\u00e1ci ve federaci, kter\u00e1 oslavuje spole\u010dn\u00e9 hodnoty a poznatky nap\u0159\u00ed\u010d kontinenty. Najd\u011bte pros\u00edm <a href=\"https:\/\/archive.displayeurope.eu\/cs\/join-us\/\" data-type=\"page\" data-id=\"10996\"><u>odkaz<\/u><\/a> zde na text v z\u00e1pat\u00ed str\u00e1nky &#8220;Sta\u0148te se partnerem medie&#8220;, kde jsou uvedeny podrobn\u011bj\u0161\u00ed informace o p\u0159ij\u00edmac\u00edm procesu. <\/p>\n\n<h3 class=\"wp-block-heading\">Jak\u00e1 je struktura \u0159\u00edzen\u00ed spole\u010dnosti Display Europe?<\/h3>\n\n<p>Spole\u010dnost Display Europe se transformuje na dru\u017estvo a vyu\u017e\u00edv\u00e1 dru\u017estevn\u00ed model, kter\u00fd je uzn\u00e1v\u00e1n pro svou oddanost \u010dlen\u016fm a udr\u017eitelnou tvorbu hodnot v r\u00e1mci platformy. Na rozd\u00edl od tradi\u010dn\u00edch platforem financovan\u00fdch rizikov\u00fdm kapit\u00e1lem dru\u017estva up\u0159ednost\u0148uj\u00ed z\u00e1jmy sv\u00fdch \u010dlen\u016f a spole\u010dn\u011b vytvo\u0159enou hodnotu reinvestuj\u00ed do platformy, \u010d\u00edm\u017e podporuj\u00ed obchodn\u00ed strategii, kter\u00e1 udr\u017euje kvalitu slu\u017eeb platformy bez nadm\u011brn\u00e9 komercializace.<\/p>\n\n<p>Zveme jednotlivce a organizace, kter\u00e9 se ztoto\u017e\u0148uj\u00ed s na\u0161\u00ed viz\u00ed, aby se spojili a vytvo\u0159ili transforma\u010dn\u00ed spolupr\u00e1ci, kter\u00e1 nov\u011b definuje evropskou medi\u00e1ln\u00ed krajinu. Spole\u010dn\u011b chceme vybudovat platformu, kter\u00e1 bude zt\u011blesn\u011bn\u00edm spolupr\u00e1ce, inovac\u00ed a spole\u010dn\u00e9ho \u00fasil\u00ed o digit\u00e1ln\u00ed ve\u0159ejn\u00fd prostor pro v\u0161echny.<\/p>\n\n<p>Pokud sd\u00edl\u00edte na\u0161i vizi a chcete se st\u00e1t \u010dlenem tohoto vzru\u0161uj\u00edc\u00edho podniku, obra\u0165te se na n\u00e1s. <a href=\"mailto:coop@displayeurope.eu\"><u>coop@displayeurope.eu<\/u><\/a>.<\/p>\n\n<p>Chcete-li se dozv\u011bd\u011bt v\u00edce o c\u00edlech, strategi\u00edch, motivaci a miln\u00edku dru\u017estva, pod\u00edvejte se na text Display Europe Cooperative v z\u00e1pat\u00ed str\u00e1nky<a href=\"https:\/\/archive.displayeurope.eu\/cs\/?page_id=5955\" data-type=\"page\" data-id=\"4986\">(odkaz)<\/a>.<\/p>\n\n<h3 class=\"wp-block-heading\">M\u00e1te otev\u0159en\u00fd zdrojov\u00fd k\u00f3d, ale na va\u0161ich str\u00e1nk\u00e1ch vid\u00edm LinkedIn a Instagram?<\/h3>\n\n<p>Ano, jsme open-source platforma a podporujeme pou\u017e\u00edv\u00e1n\u00ed open-source postup\u016f soci\u00e1ln\u00edch m\u00e9di\u00ed, jako jsou PeerTube a Mastodon, nicm\u00e9n\u011b pro po\u010d\u00e1te\u010dn\u00ed propagaci projektu pou\u017e\u00edv\u00e1me \u00fa\u010dty soci\u00e1ln\u00edch m\u00e9di\u00ed, jako jsou Instagram, Facebook a LinkdIn. V\u011bt\u0161inou tam nezobrazujeme n\u00e1\u0161 obsah, pouze upout\u00e1vky. P\u0159imlouv\u00e1me se v\u0161ak za pou\u017e\u00edv\u00e1n\u00ed \u00fa\u010dt\u016f soci\u00e1ln\u00edch m\u00e9di\u00ed s otev\u0159en\u00fdm zdrojem a etick\u00fdm standardem nam\u00edsto \u00fa\u010dt\u016f mainstreamov\u00fdch m\u00e9di\u00ed.<\/p>\n\n<h3 class=\"wp-block-heading\">Kter\u00e9 open source technologie pou\u017e\u00edv\u00e1me?<\/h3>\n\n<p>D\u00e1v\u00e1me p\u0159ednost pou\u017eit\u00ed r\u00e1mc\u016f, kter\u00e9 hovo\u0159\u00ed protokolem ActivityPub, co\u017e je protokol pro <a href=\"https:\/\/archive.displayeurope.eu\/cs\/?page_id=14972#\/media\/Datei:A_view_into_the_Fediverse.png\"><u>Fediverse<\/u><\/a>. To n\u00e1m umo\u017e\u0148uje velmi snadnou v\u00fdm\u011bnu obsahu v jak\u00e9mkoli sm\u011bru.<\/p>\n\n<ul class=\"wp-block-list\">\n<li><a href=\"https:\/\/displayeurope.video\/\"><u>PeerTube<\/u><\/a> pro distribuci videa<\/li>\n\n\n\n<li><a href=\"https:\/\/displayeurope.social\/explore\"><u>Mastodont<\/u><\/a> pro mikroblogov\u00e1n\u00ed<\/li>\n\n\n\n<li><a href=\"https:\/\/cba.media\/\"><u>CBA<\/u><\/a> pro audio<\/li>\n\n\n\n<li><a href=\"https:\/\/www.discourse.org\/\" data-type=\"link\" data-id=\"https:\/\/www.discourse.org\/\"><u>Diskuse<\/u><\/a> pro diskuse (bude za\u010dlen\u011bno 2024)<\/li>\n<\/ul>\n\n<p>Pro ostatn\u00ed \u010d\u00e1sti infrastruktury pou\u017e\u00edv\u00e1me v\u00fdhradn\u011b n\u00e1stroje Open Source, jako je nap\u0159.<\/p>\n\n<ul class=\"wp-block-list\">\n<li>Keycloak (jednotn\u00e9 p\u0159ihl\u00e1\u0161en\u00ed) <a href=\"https:\/\/key.displayeurope.eu\"><u>https:\/\/key.displayeurope.eu<\/u><\/a> <\/li>\n\n\n\n<li>Minio (\u00falo\u017ei\u0161t\u011b a CDN)<\/li>\n\n\n\n<li>kubernetes (cloud computing)<\/li>\n\n\n\n<li>Matomo (statistika)<\/li>\n\n\n\n<li><a href=\"https:\/\/newsletter.displ.eu\/lists\/?p=subscribe&amp;id=1\"><u>phplist<\/u><\/a> pro zpravodaje<\/li>\n\n\n\n<li>WordPress<\/li>\n\n\n\n<li>Nextcloud<\/li>\n<\/ul>\n","protected":false},"excerpt":{"rendered":"<p>Na\u0161e vize a nej\u010dast\u011bj\u0161\u00ed dotazy \u00a0 Na\u0161e vize Architekti Displaye v\u011b\u0159\u00ed v evropsk\u00e1 m\u00e9dia zalo\u017een\u00e1 na ve\u0159ejn\u00fdch hodnot\u00e1ch a inkluzivit\u011b. P\u0159isp\u00edvaj\u00ed ke spole\u010dn\u00fdm evropsk\u00fdm m\u00e9di\u00edm, proto\u017ee s\u00edly, kter\u00e9 neberou ohled na hranice, utv\u00e1\u0159ej\u00ed \u017eivoty Evropan\u016f. Vytv\u00e1\u0159ej\u00ed prostor nez\u00e1visl\u00fd na vl\u00e1d\u00e1ch i komer\u010dn\u00edch vlivech, kde se Evropan\u00e9 &#8211; bez ohledu na sv\u016fj p\u016fvod &#8211; mohou spojit, [&hellip;]<\/p>\n","protected":false},"author":1,"featured_media":0,"parent":0,"menu_order":0,"comment_status":"closed","ping_status":"closed","template":"","meta":{"footnotes":""},"class_list":["post-15003","page","type-page","status-publish","hentry"],"_links":{"self":[{"href":"https:\/\/archive.displayeurope.eu\/cs\/wp-json\/wp\/v2\/pages\/15003","targetHints":{"allow":["GET"]}}],"collection":[{"href":"https:\/\/archive.displayeurope.eu\/cs\/wp-json\/wp\/v2\/pages"}],"about":[{"href":"https:\/\/archive.displayeurope.eu\/cs\/wp-json\/wp\/v2\/types\/page"}],"author":[{"embeddable":true,"href":"https:\/\/archive.displayeurope.eu\/cs\/wp-json\/wp\/v2\/users\/1"}],"replies":[{"embeddable":true,"href":"https:\/\/archive.displayeurope.eu\/cs\/wp-json\/wp\/v2\/comments?post=15003"}],"version-history":[{"count":11,"href":"https:\/\/archive.displayeurope.eu\/cs\/wp-json\/wp\/v2\/pages\/15003\/revisions"}],"predecessor-version":[{"id":50014,"href":"https:\/\/archive.displayeurope.eu\/cs\/wp-json\/wp\/v2\/pages\/15003\/revisions\/50014"}],"wp:attachment":[{"href":"https:\/\/archive.displayeurope.eu\/cs\/wp-json\/wp\/v2\/media?parent=15003"}],"curies":[{"name":"wp","href":"https:\/\/api.w.org\/{rel}","templated":true}]}}