{"id":36218,"date":"2024-04-17T11:55:28","date_gmt":"2024-04-17T09:55:28","guid":{"rendered":"https:\/\/archive.displayeurope.eu\/rozhovory-o-evrope\/"},"modified":"2024-08-28T17:39:11","modified_gmt":"2024-08-28T15:39:11","slug":"europe-talks","status":"publish","type":"page","link":"https:\/\/archive.displayeurope.eu\/cs\/europe-talks\/","title":{"rendered":"Rozhovory o Evrop\u011b"},"content":{"rendered":"<style>\/*! elementor - v3.20.0 - 26-03-2024 *\/\n.elementor-heading-title{padding:0;margin:0;line-height:1}.elementor-widget-heading .elementor-heading-title[class*=elementor-size-]>a{color:inherit;font-size:inherit;line-height:inherit}.elementor-widget-heading .elementor-heading-title.elementor-size-small{font-size:15px}.elementor-widget-heading .elementor-heading-title.elementor-size-medium{font-size:19px}.elementor-widget-heading .elementor-heading-title.elementor-size-large{font-size:29px}.elementor-widget-heading .elementor-heading-title.elementor-size-xl{font-size:39px}.elementor-widget-heading .elementor-heading-title.elementor-size-xxl{font-size:59px}<\/style>\n<h2>P\u0159ihlaste se na Europe Talks 2024<\/h2>\n<h4>P\u0159ihlaste se do programu Europe Talks pro prvovoli\u010de v Berl\u00edn\u011b!<\/h4>\n<p>Jste ob\u010danem EU ve v\u011bku 18-22 let? Zapojte se do na\u0161eho jednodenn\u00edho programu p\u0159ed nadch\u00e1zej\u00edc\u00edmi volbami do Evropsk\u00e9ho parlamentu. Financov\u00e1n\u00ed cesty je mo\u017en\u00e9!<\/p>\n<p>\t\t\t<a href=\"https:\/\/www.mycountrytalks.org\/events\/europe-talks\/first-voters-event-berlin\" target=\"_blank\" rel=\"noopener\"><br \/>\n\t\t\t\t\t\tZjist\u011bte v\u00edce<br \/>\n\t\t\t\t\t<\/a><\/p>\n","protected":false},"excerpt":{"rendered":"<p>P\u0159ihlaste se na Europe Talks 2024 P\u0159ihlaste se do programu Europe Talks pro prvovoli\u010de v Berl\u00edn\u011b! Jste ob\u010danem EU ve v\u011bku 18-22 let? Zapojte se do na\u0161eho jednodenn\u00edho programu p\u0159ed nadch\u00e1zej\u00edc\u00edmi volbami do Evropsk\u00e9ho parlamentu. Financov\u00e1n\u00ed cesty je mo\u017en\u00e9! Zjist\u011bte v\u00edce<\/p>\n","protected":false},"author":35,"featured_media":0,"parent":0,"menu_order":0,"comment_status":"closed","ping_status":"closed","template":"","meta":{"footnotes":""},"class_list":["post-36218","page","type-page","status-publish","hentry"],"_links":{"self":[{"href":"https:\/\/archive.displayeurope.eu\/cs\/wp-json\/wp\/v2\/pages\/36218","targetHints":{"allow":["GET"]}}],"collection":[{"href":"https:\/\/archive.displayeurope.eu\/cs\/wp-json\/wp\/v2\/pages"}],"about":[{"href":"https:\/\/archive.displayeurope.eu\/cs\/wp-json\/wp\/v2\/types\/page"}],"author":[{"embeddable":true,"href":"https:\/\/archive.displayeurope.eu\/cs\/wp-json\/wp\/v2\/users\/35"}],"replies":[{"embeddable":true,"href":"https:\/\/archive.displayeurope.eu\/cs\/wp-json\/wp\/v2\/comments?post=36218"}],"version-history":[{"count":2,"href":"https:\/\/archive.displayeurope.eu\/cs\/wp-json\/wp\/v2\/pages\/36218\/revisions"}],"predecessor-version":[{"id":46367,"href":"https:\/\/archive.displayeurope.eu\/cs\/wp-json\/wp\/v2\/pages\/36218\/revisions\/46367"}],"wp:attachment":[{"href":"https:\/\/archive.displayeurope.eu\/cs\/wp-json\/wp\/v2\/media?parent=36218"}],"curies":[{"name":"wp","href":"https:\/\/api.w.org\/{rel}","templated":true}]}}