{"id":44260,"date":"2024-07-31T08:07:03","date_gmt":"2024-07-31T06:07:03","guid":{"rendered":"https:\/\/archive.displayeurope.eu\/vyukove-programy\/"},"modified":"2024-09-25T13:43:21","modified_gmt":"2024-09-25T11:43:21","slug":"vyukove-programy","status":"publish","type":"page","link":"https:\/\/archive.displayeurope.eu\/cs\/vyukove-programy\/","title":{"rendered":"V\u00fdukov\u00e9 programy"},"content":{"rendered":"\n<h1 class=\"wp-block-heading\">V\u00edtejte v sekci V\u00fdukov\u00e9 programy na webu Display Europe<\/h1>\n\n<div style=\"height:50px\" aria-hidden=\"true\" class=\"wp-block-spacer\"><\/div>\n\n<figure class=\"wp-block-image size-large\"><img loading=\"lazy\" decoding=\"async\" width=\"963\" height=\"642\" src=\"https:\/\/archive.displayeurope.eu\/wp-content\/uploads\/2024\/08\/TTP05138-963x642.jpg\" alt=\"\" class=\"wp-image-44166\" srcset=\"https:\/\/archive.displayeurope.eu\/wp-content\/uploads\/2024\/08\/TTP05138-963x642.jpg 963w, https:\/\/archive.displayeurope.eu\/wp-content\/uploads\/2024\/08\/TTP05138-339x226.jpg 339w, https:\/\/archive.displayeurope.eu\/wp-content\/uploads\/2024\/08\/TTP05138-768x512.jpg 768w, https:\/\/archive.displayeurope.eu\/wp-content\/uploads\/2024\/08\/TTP05138.jpg 1200w\" sizes=\"auto, (max-width: 963px) 100vw, 963px\" \/><\/figure>\n\n<div style=\"height:50px\" aria-hidden=\"true\" class=\"wp-block-spacer\"><\/div>\n\n<p>Tato str\u00e1nka je v\u011bnov\u00e1na novin\u00e1\u0159\u016fm, kte\u0159\u00ed zde najdou z\u00e1kladn\u00ed n\u00e1stroje a informace pro zlep\u0161en\u00ed sv\u00e9ho zpravodajstv\u00ed. <br\/>Najdete zde komplexn\u00ed n\u00e1vody, jejich\u017e c\u00edlem je zlep\u0161it p\u0159esnost va\u0161\u00ed pr\u00e1ce a prozkoumat p\u0159eshrani\u010dn\u00ed \u017eurnalistiku jako metodu i zp\u016fsob my\u0161len\u00ed. A\u0165 u\u017e zdokonalujete sv\u00e9 zpravodajsk\u00e9 dovednosti, nebo si chcete osvojit nov\u00e9 p\u0159\u00edstupy ve sv\u00e9 \u017eurnalistice, tyto zdroje v\u00e1m budou vod\u00edtkem. V sou\u010dasn\u00e9 dob\u011b mezi na\u0161e v\u00fdukov\u00e9 materi\u00e1ly &#8211; dostupn\u00e9 v 15 jazyc\u00edch &#8211; pat\u0159\u00ed &#8222;Doporu\u010den\u00ed pro p\u0159esn\u011bj\u0161\u00ed zpravodajstv\u00ed&#8220; a &#8222;P\u0159eshrani\u010dn\u00ed \u017eurnalistika jako metoda a zp\u016fsob my\u0161len\u00ed&#8220;.<br\/><br\/>Zveme v\u00e1s, abyste se k n\u00e1m pravideln\u011b vraceli, proto\u017ee v budoucnu budeme na\u0161i nab\u00eddku nad\u00e1le roz\u0161i\u0159ovat o dal\u0161\u00ed cenn\u00e9 v\u00fdukov\u00e9 materi\u00e1ly.<\/p>\n\n<div style=\"height:50px\" aria-hidden=\"true\" class=\"wp-block-spacer\"><\/div>\n\n<hr class=\"wp-block-separator has-alpha-channel-opacity\"\/>\n\n<div style=\"height:50px\" aria-hidden=\"true\" class=\"wp-block-spacer\"><\/div>\n\n<h4 class=\"wp-block-heading\">P\u0159eshrani\u010dn\u00ed p\u0159\u00edru\u010dka<\/h4>\n\n<div style=\"height:20px\" aria-hidden=\"true\" class=\"wp-block-spacer\"><\/div>\n\n<div class=\"dropdown-button-container\">\n  <select name=\"languages\" id=\"handbook-select\">\n    <option value=\"\">&#8211;Pros\u00edm, vyberte mo\u017enost&#8211;<\/option>\n    <option value=\"https:\/\/archive.displayeurope.eu\/wp-content\/uploads\/2024\/09\/English-crossborderjournalism-mindset-method.pdf\">ANGLI\u010cTINA<\/option>\n    <option value=\"https:\/\/archive.displayeurope.eu\/wp-content\/uploads\/2024\/09\/English-crossborderjournalism-mindset-method.pdf\">FRAN\u00c7AIS<\/option>\n    <option value=\"https:\/\/archive.displayeurope.eu\/wp-content\/uploads\/2024\/09\/English-crossborderjournalism-mindset-method.pdf\">DEUTSCH<\/option>\n    <option value=\"https:\/\/archive.displayeurope.eu\/wp-content\/uploads\/2024\/09\/Spanish-crossborderjournalism-mindset-method.pdf\">ESPA\u00d1OL<\/option>\n    <option value=\"https:\/\/archive.displayeurope.eu\/wp-content\/uploads\/2024\/09\/Italian-crossborderjournalism-mindset-method.pdf\">ITALIANO<\/option>\n    <option value=\"https:\/\/archive.displayeurope.eu\/wp-content\/uploads\/2024\/09\/Greek-crossborderjournalism-mindset-method.pdf\">\u0395\u039b\u039b\u0397\u039d\u0399\u039a\u0386<\/option>\n    <option value=\"https:\/\/archive.displayeurope.eu\/wp-content\/uploads\/2024\/09\/Polish-crossborderjournalism-mindset-method.pdf\">POLSKI<\/option>\n    <option value=\"https:\/\/archive.displayeurope.eu\/wp-content\/uploads\/2024\/09\/Portugese-crossborderjournalism-mindset-method.pdf\">PORTUGU\u00caS<\/option>\n    <option value=\"https:\/\/archive.displayeurope.eu\/wp-content\/uploads\/2024\/09\/Dutch-crossborderjournalism-mindset-method.pdf\">NEDERLANDS<\/option>\n    <option value=\"https:\/\/archive.displayeurope.eu\/wp-content\/uploads\/2024\/09\/Hungarian-crossborderjournalism-mindset-method.pdf\">MAGYAR<\/option>\n    <option value=\"https:\/\/archive.displayeurope.eu\/wp-content\/uploads\/2024\/09\/Czech-crossborderjournalism-mindset-method.pdf\">\u010cE\u0160TINA<\/option>\n    <option value=\"https:\/\/archive.displayeurope.eu\/wp-content\/uploads\/2024\/09\/Russian-crossborderjournalism-mindset-method.pdf\">\u0420\u0423\u0421\u0421\u041a\u0418\u0419<\/option>\n    <option value=\"https:\/\/archive.displayeurope.eu\/wp-content\/uploads\/2024\/09\/Slovenian-crossborderjournalism-mindset-method.pdf\">SLOVEN\u010cINA<\/option>\n    <option value=\"https:\/\/archive.displayeurope.eu\/wp-content\/uploads\/2024\/09\/Turkish-crossborderjournalism-mindset-method.pdf\">T\u00dcRK\u00c7E<\/option>\n    <option value=\"https:\/\/archive.displayeurope.eu\/wp-content\/uploads\/2024\/09\/Ukrainian-crossborderjournalism-mindset-method.pdf\">\u0423\u041a\u0420\u0410\u0407\u041d\u0421\u042c\u041a\u0410<\/option>\n  <\/select>\n\n <button class=\"btn-pdf\" onclick=\"downloadCrossborderPDF()\">Ke sta\u017een\u00ed na<\/button><\/div>\n\n<script>\n  function downloadCrossborderPDF() {\n    var select = document.getElementById(\"handbook-select\");\n    var selectedValue = select.options[select.selectedIndex].value;\n    if (selectedValue) {\n      var a = document.createElement('a');\n      a.href = selectedValue;\n      a.download = selectedValue.split('\/').pop(); \n      document.body.appendChild(a);\n      a.click();\n      document.body.removeChild(a);\n    } else {\n      alert(\"Please choose a language\");\n    }\n  }\n<\/script>\n\n<div style=\"height:50px\" aria-hidden=\"true\" class=\"wp-block-spacer\"><\/div>\n\n<h4 class=\"wp-block-heading\">Doporu\u010den\u00ed pro redakce<\/h4>\n\n<div style=\"height:20px\" aria-hidden=\"true\" class=\"wp-block-spacer\"><\/div>\n\n<div class=\"dropdown-button-container\">\n  <select name=\"languages\" id=\"recommendations-select\">\n    <option value=\"\">&#8211;Pros\u00edm, vyberte mo\u017enost&#8211;<\/option>\n    <option value=\"https:\/\/archive.displayeurope.eu\/wp-content\/uploads\/2024\/09\/English-Recommendations-for-more-accurate-reporting.pdf\">ANGLI\u010cTINA<\/option>\n    <option value=\"https:\/\/archive.displayeurope.eu\/wp-content\/uploads\/2024\/09\/French-Recommendations-for-more-accurate-reporting.pdf\">FRAN\u00c7AIS<\/option>\n    <option value=\"https:\/\/archive.displayeurope.eu\/wp-content\/uploads\/2024\/09\/German-Recommendations-for-more-accurate-reporting.pdf\">DEUTSCH<\/option>\n    <option value=\"https:\/\/archive.displayeurope.eu\/wp-content\/uploads\/2024\/09\/Spanish-Recommendations-for-more-accurate-reporting.pdf\">ESPA\u00d1OL<\/option>\n    <option value=\"https:\/\/archive.displayeurope.eu\/wp-content\/uploads\/2024\/09\/Italian-Recommendations-for-more-accurate-reporting.pdf\">ITALIANO<\/option>\n    <option value=\"https:\/\/archive.displayeurope.eu\/wp-content\/uploads\/2024\/09\/Greek-Recommendations-for-more-accurate-reporting.pdf\">\u0395\u039b\u039b\u0397\u039d\u0399\u039a\u0386<\/option>\n    <option value=\"https:\/\/archive.displayeurope.eu\/wp-content\/uploads\/2024\/09\/Polish-Recommendations-for-more-accurate-reporting.pdf\">POLSKI<\/option>\n    <option value=\"https:\/\/archive.displayeurope.eu\/wp-content\/uploads\/2024\/09\/Portuguese-Recommendations-for-more-accurate-reporting.pdf\">PORTUGU\u00caS<\/option>\n    <option value=\"https:\/\/archive.displayeurope.eu\/wp-content\/uploads\/2024\/09\/Dutch-Recommendations-for-more-accurate-reporting.pdf\">NEDERLANDS<\/option>\n    <option value=\"https:\/\/archive.displayeurope.eu\/wp-content\/uploads\/2024\/09\/Hungarian-Recommendations-for-more-accurate-reporting.pdf\">MAGYAR<\/option>\n    <option value=\"https:\/\/archive.displayeurope.eu\/wp-content\/uploads\/2024\/09\/Czech-Recommendations-for-more-accurate-reporting.pdf\">\u010cE\u0160TINA<\/option>\n    <option value=\"https:\/\/archive.displayeurope.eu\/wp-content\/uploads\/2024\/09\/Russian-Recommendations-for-more-accurate-reporting.pdf\">\u0420\u0423\u0421\u0421\u041a\u0418\u0419<\/option>\n    <option value=\"https:\/\/archive.displayeurope.eu\/wp-content\/uploads\/2024\/09\/Slovenian-Recommendations-for-more-accurate-reporting.pdf\">SLOVEN\u010cINA<\/option>\n    <option value=\"https:\/\/archive.displayeurope.eu\/wp-content\/uploads\/2024\/09\/Turkish-Recommendations-for-more-accurate-reporting.pdf\">T\u00dcRK\u00c7E<\/option>\n    <option value=\"https:\/\/archive.displayeurope.eu\/wp-content\/uploads\/2024\/09\/Ukrainian-Recommendations-for-more-accurate-reporting.pdf\">\u0423\u041a\u0420\u0410\u0407\u041d\u0421\u042c\u041a\u0410<\/option>\n  <\/select>\n\n <button class=\"btn-pdf\" onclick=\"downloadRecommendationsPDF()\">Ke sta\u017een\u00ed na<\/button><\/div>\n\n<script>\n  function downloadRecommendationsPDF() {\n    var select = document.getElementById(\"recommendations-select\");\n    var selectedValue = select.options[select.selectedIndex].value;\n    if (selectedValue) {\n      var a = document.createElement('a');\n      a.href = selectedValue;\n      a.download = selectedValue.split('\/').pop(); \n      document.body.appendChild(a);\n      a.click();\n      document.body.removeChild(a);\n    } else {\n      alert(\"Please choose a language\");\n    }\n  }\n<\/script>\n<style>\n    \/* Container f\u00fcr Dropdown und Button *\/ .dropdown-button-container { display: flex; align-items: center; \/* Vertikale Ausrichtung *\/ gap: 10px; \/* Abstand zwischen Dropdown und Button *\/ } \/* Styling f\u00fcr den Button *\/ .btn-pdf { padding: 10px 20px; background-color: #F26C4F; color: white; cursor: pointer; text-decoration: none; border: .btn-pdf:hover { background-color: transparent; color: transparent; color: 1px solid #F26C4F; border-radius: 5px; } .btn-pdf:hover { background-color: transparent; color: #F26C4F; border: *\/ select { padding: 1px solid #F26C4F; } \/* Entferne Dropdown-Styling *\/ select { padding: 1px solid #F26C4F; } \/* Entferne Dropdown-Styling *\/ select { padding: 10px; border: 1px solid #ddd; border-radius: 5px; font-size: 16px; } select:focus { border-color: #F26C4F; outline: none; }<\/style>\n\n<div style=\"height:50px\" aria-hidden=\"true\" class=\"wp-block-spacer\"><\/div>\n\n<hr class=\"wp-block-separator has-alpha-channel-opacity\"\/>\n\n<div style=\"height:50px\" aria-hidden=\"true\" class=\"wp-block-spacer\"><\/div>\n\n<p>Vydavatel\u00e9, kte\u0159\u00ed jsou sou\u010d\u00e1st\u00ed Display Europe, maj\u00ed exkluzivn\u00ed p\u0159\u00edstup k vyhrazen\u00e9mu intern\u00edmu prostoru na <a href=\"https:\/\/hostwire.org\/g\/display_europe\" data-type=\"link\" data-id=\"https:\/\/hostwire.org\/g\/display_europe\">platform\u011b Hostwriter<\/a>.<\/p>\n\n<p><a href=\"https:\/\/hostwriter.org\/for-publishers\" data-type=\"link\" data-id=\"https:\/\/hostwriter.org\/for-publishers\">Hostwriter pro vydavatele<\/a> posiluje evropskou medi\u00e1ln\u00ed sc\u00e9nu t\u00edm, \u017ee podporuje p\u0159\u00edm\u00e9 spojen\u00ed mezi vydavateli a r\u016fzn\u00fdmi novin\u00e1\u0159i, ov\u011b\u0159ovateli fakt\u016f a report\u00e9ry na m\u00edst\u011b po cel\u00e9m sv\u011bt\u011b. Vydavatel\u00e9 maj\u00ed p\u0159\u00edstup k s\u00edti Hostwriter, kter\u00e1 zahrnuje v\u00edce ne\u017e 6600 schv\u00e1len\u00fdch novin\u00e1\u0159\u016f po cel\u00e9m sv\u011bt\u011b. Vyu\u017eit\u00edm t\u00e9to rozs\u00e1hl\u00e9 skupiny talent\u016f maj\u00ed vydavatel\u00e9 mo\u017enost diverzifikovat svou nab\u00eddku obsahu, pos\u00edlit sv\u016fj glob\u00e1ln\u00ed dosah a zaujmout publikum bohat\u00fdmi a r\u016fznorod\u00fdmi pohledy na nal\u00e9hav\u00e9 probl\u00e9my, co\u017e usnad\u0148uje vytv\u00e1\u0159en\u00ed poutav\u00fdch p\u0159eshrani\u010dn\u00edch p\u0159\u00edb\u011bh\u016f, kter\u00e9 p\u0159ekra\u010duj\u00ed geografick\u00e9 hranice a zvy\u0161uj\u00ed \u00farove\u0148 \u017eurnalistiky v Evrop\u011b i mimo ni.<\/p>\n","protected":false},"excerpt":{"rendered":"<p>V\u00edtejte v sekci V\u00fdukov\u00e9 programy na webu Display Europe Tato str\u00e1nka je v\u011bnov\u00e1na novin\u00e1\u0159\u016fm, kte\u0159\u00ed zde najdou z\u00e1kladn\u00ed n\u00e1stroje a informace pro zlep\u0161en\u00ed sv\u00e9ho zpravodajstv\u00ed. Najdete zde komplexn\u00ed n\u00e1vody, jejich\u017e c\u00edlem je zlep\u0161it p\u0159esnost va\u0161\u00ed pr\u00e1ce a prozkoumat p\u0159eshrani\u010dn\u00ed \u017eurnalistiku jako metodu i zp\u016fsob my\u0161len\u00ed. A\u0165 u\u017e zdokonalujete sv\u00e9 zpravodajsk\u00e9 dovednosti, nebo si chcete osvojit [&hellip;]<\/p>\n","protected":false},"author":1,"featured_media":0,"parent":0,"menu_order":0,"comment_status":"closed","ping_status":"closed","template":"","meta":{"footnotes":""},"class_list":["post-44260","page","type-page","status-publish","hentry"],"_links":{"self":[{"href":"https:\/\/archive.displayeurope.eu\/cs\/wp-json\/wp\/v2\/pages\/44260","targetHints":{"allow":["GET"]}}],"collection":[{"href":"https:\/\/archive.displayeurope.eu\/cs\/wp-json\/wp\/v2\/pages"}],"about":[{"href":"https:\/\/archive.displayeurope.eu\/cs\/wp-json\/wp\/v2\/types\/page"}],"author":[{"embeddable":true,"href":"https:\/\/archive.displayeurope.eu\/cs\/wp-json\/wp\/v2\/users\/1"}],"replies":[{"embeddable":true,"href":"https:\/\/archive.displayeurope.eu\/cs\/wp-json\/wp\/v2\/comments?post=44260"}],"version-history":[{"count":5,"href":"https:\/\/archive.displayeurope.eu\/cs\/wp-json\/wp\/v2\/pages\/44260\/revisions"}],"predecessor-version":[{"id":49859,"href":"https:\/\/archive.displayeurope.eu\/cs\/wp-json\/wp\/v2\/pages\/44260\/revisions\/49859"}],"wp:attachment":[{"href":"https:\/\/archive.displayeurope.eu\/cs\/wp-json\/wp\/v2\/media?parent=44260"}],"curies":[{"name":"wp","href":"https:\/\/api.w.org\/{rel}","templated":true}]}}