{"id":5774,"date":"2023-09-19T09:10:14","date_gmt":"2023-09-19T07:10:14","guid":{"rendered":"https:\/\/archive.displayeurope.eu\/copyleft\/"},"modified":"2024-08-29T01:58:21","modified_gmt":"2024-08-28T23:58:21","slug":"autorska-prava","status":"publish","type":"page","link":"https:\/\/archive.displayeurope.eu\/cs\/autorska-prava\/","title":{"rendered":"Autorsk\u00e1 pr\u00e1va"},"content":{"rendered":"<style>\/*! elementor - v3.18.0 - 08-12-2023 *\/\n.elementor-heading-title{padding:0;margin:0;line-height:1}.elementor-widget-heading .elementor-heading-title[class*=elementor-size-]>a{color:inherit;font-size:inherit;line-height:inherit}.elementor-widget-heading .elementor-heading-title.elementor-size-small{font-size:15px}.elementor-widget-heading .elementor-heading-title.elementor-size-medium{font-size:19px}.elementor-widget-heading .elementor-heading-title.elementor-size-large{font-size:29px}.elementor-widget-heading .elementor-heading-title.elementor-size-xl{font-size:39px}.elementor-widget-heading .elementor-heading-title.elementor-size-xxl{font-size:59px}<\/style>\n<h1>Copyleft<\/h1>\n<p>Sna\u017e\u00edme se b\u00fdt co nejotev\u0159en\u011bj\u0161\u00ed. Hnut\u00ed <a href=\"https:\/\/en.wikipedia.org\/wiki\/Copyleft\">copyleft<\/a> dok\u00e1zalo, \u017ee autorsk\u00e1 pr\u00e1va lze tak\u00e9 dob\u0159e zar\u00e1movat pro prosperuj\u00edc\u00ed kulturu spolupr\u00e1ce a ekonomiku sd\u00edlen\u00ed.<\/p>\n<\/p>\n<h2>Otev\u0159en\u00fd obsah<\/h2>\n<p>Nech\u00e1v\u00e1me ostatn\u00ed, aby n\u00e1\u0161 obsah znovu pou\u017eili. Origin\u00e1ly vytvo\u0159en\u00e9 pro Display Europe jsou dokonce pod licenc\u00ed Creative Commons <a href=\"http:\/\/creativecommons.org\/licenses\/by\/4.0\/?ref=chooser-v1\" target=\"_blank\" rel=\"license noopener noreferrer\"><img loading=\"lazy\" decoding=\"async\" src=\"https:\/\/chooser-beta.creativecommons.org\/img\/cc-logo.f0ab4ebe.svg\" width=\"20\" height=\"20\" data-v-a0d4e8a8=\"\" \/><img loading=\"lazy\" decoding=\"async\" src=\"https:\/\/chooser-beta.creativecommons.org\/img\/cc-by.21b728bb.svg\" width=\"20\" height=\"20\" data-v-a0d4e8a8=\"\" \/><\/a>. Pokud znovu pou\u017eijete n\u00e1\u0161 obsah, mus\u00edte p\u0159idat dob\u0159e viditeln\u00e9: <a href=\"http:\/\/creativecommons.org\/licenses\/by\/4.0\/\">CC-by<\/a> <a href=\"https:\/\/archive.displayeurope.eu\">DisplayEurope<\/a><\/p>\n<\/p>\n<h2>Open Source<\/h2>\n<p>N\u00e1\u0161 technologick\u00fd stack je kompletn\u011b postaven na open source frameworc\u00edch a n\u00e1stroj\u00edch, jako jsou Kubernetes, Minio, Matomo, WordPress, PeerTube, Mastodon, Keycloak a mnoho dal\u0161\u00edch.<\/p>\n<p>Software, kter\u00fd vyv\u00edj\u00edme, je zve\u0159ejn\u011bn pod open source licencemi GPLv3 nebo AGPLv3. Na\u0161e repozit\u00e1\u0159e k\u00f3du najdete na <a href=\"https:\/\/git.fairkom.net\/emb\/displ.eu\">git.fairkom.net<\/a>.<\/p>\n<\/p>\n<h2>Otev\u0159en\u00e9 standardy<\/h2>\n<p>Pou\u017e\u00edv\u00e1me <a href=\"https:\/\/en.wikipedia.org\/wiki\/ActivityPub\">ActivityPub<\/a> jako de-facto standard pro interaktivn\u00ed m\u00e9dia a nasadili jsme ho pro syndikaci WordPressu, federaci PeerTube a distribuovan\u00e1 soci\u00e1ln\u00ed m\u00e9dia Mastodon. Od obsahov\u00fdch partner\u016f, kte\u0159\u00ed zat\u00edm nejsou schopni federace s ActivityPubem, odeb\u00edr\u00e1me jejich RSS kan\u00e1ly.<\/p>\n<h2>Otev\u0159en\u00e1 um\u011bl\u00e1 inteligence<\/h2>\n<p>P\u0159i vyu\u017e\u00edv\u00e1n\u00ed n\u00e1stroj\u016f um\u011bl\u00e9 inteligence budeme v\u017edy preferovat modely s otev\u0159en\u00fdmi zdroji. <\/p>\n<\/p>\n<h2>Open Governance<\/h2>\n<p>Display Europe je vlastn\u011bn neziskov\u00fdm dru\u017estvem. Nejen obsahov\u00ed partne\u0159i, ale i na\u0161i u\u017eivatel\u00e9 se mohou st\u00e1t \u010dleny a pod\u00edlet se tak na rozhodovac\u00edch procesech. <\/p>\n","protected":false},"excerpt":{"rendered":"<p>Copyleft Sna\u017e\u00edme se b\u00fdt co nejotev\u0159en\u011bj\u0161\u00ed. Hnut\u00ed copyleft dok\u00e1zalo, \u017ee autorsk\u00e1 pr\u00e1va lze tak\u00e9 dob\u0159e zar\u00e1movat pro prosperuj\u00edc\u00ed kulturu spolupr\u00e1ce a ekonomiku sd\u00edlen\u00ed. Otev\u0159en\u00fd obsah Nech\u00e1v\u00e1me ostatn\u00ed, aby n\u00e1\u0161 obsah znovu pou\u017eili. Origin\u00e1ly vytvo\u0159en\u00e9 pro Display Europe jsou dokonce pod licenc\u00ed Creative Commons . Pokud znovu pou\u017eijete n\u00e1\u0161 obsah, mus\u00edte p\u0159idat dob\u0159e viditeln\u00e9: CC-by DisplayEurope [&hellip;]<\/p>\n","protected":false},"author":1,"featured_media":0,"parent":0,"menu_order":0,"comment_status":"closed","ping_status":"closed","template":"","meta":{"footnotes":""},"class_list":["post-5774","page","type-page","status-publish","hentry"],"_links":{"self":[{"href":"https:\/\/archive.displayeurope.eu\/cs\/wp-json\/wp\/v2\/pages\/5774","targetHints":{"allow":["GET"]}}],"collection":[{"href":"https:\/\/archive.displayeurope.eu\/cs\/wp-json\/wp\/v2\/pages"}],"about":[{"href":"https:\/\/archive.displayeurope.eu\/cs\/wp-json\/wp\/v2\/types\/page"}],"author":[{"embeddable":true,"href":"https:\/\/archive.displayeurope.eu\/cs\/wp-json\/wp\/v2\/users\/1"}],"replies":[{"embeddable":true,"href":"https:\/\/archive.displayeurope.eu\/cs\/wp-json\/wp\/v2\/comments?post=5774"}],"version-history":[{"count":2,"href":"https:\/\/archive.displayeurope.eu\/cs\/wp-json\/wp\/v2\/pages\/5774\/revisions"}],"predecessor-version":[{"id":47114,"href":"https:\/\/archive.displayeurope.eu\/cs\/wp-json\/wp\/v2\/pages\/5774\/revisions\/47114"}],"wp:attachment":[{"href":"https:\/\/archive.displayeurope.eu\/cs\/wp-json\/wp\/v2\/media?parent=5774"}],"curies":[{"name":"wp","href":"https:\/\/api.w.org\/{rel}","templated":true}]}}