{"id":5780,"date":"2023-09-19T08:58:43","date_gmt":"2023-09-19T06:58:43","guid":{"rendered":"https:\/\/archive.displayeurope.eu\/granty\/"},"modified":"2023-12-11T22:30:20","modified_gmt":"2023-12-11T21:30:20","slug":"granty","status":"publish","type":"page","link":"https:\/\/archive.displayeurope.eu\/cs\/granty\/","title":{"rendered":"Granty"},"content":{"rendered":"<h1>Granty<\/h1>\n<p>V r\u00e1mci projektu Display Europe byly vyhl\u00e1\u0161eny dv\u011b grantov\u00e9 v\u00fdzvy &#8211; <a href=\"https:\/\/culturalfoundation.eu\/programmes\/display-europe\/\"><br \/>\n  <u><br \/>\n    <em>Grantov\u00e1 v\u00fdzvaDisplay Europe <\/em><br \/>\n  <\/u><br \/>\n<\/a> a <em>v\u00fdzva k p\u0159edkl\u00e1d\u00e1n\u00ed mikrogrant\u016fDisplay Europe <\/em>v koordinaci s Evropskou kulturn\u00ed nadac\u00ed (jedn\u00edm z partner\u016f konsorcia Display Europe ).<em> <\/em>vyzval \u010dleny medi\u00e1ln\u00ed komunity, aby pod\u00e1vali n\u00e1vrhy, kter\u00e9 by se v p\u0159\u00edpad\u011b v\u00fdb\u011bru staly origin\u00e1ln\u00edm obsahem vytvo\u0159en\u00fdm pro platformu displayeurope.eu a dostupn\u00fdm na n\u00ed. Tato suver\u00e9nn\u00ed digit\u00e1ln\u00ed platforma s otev\u0159en\u00fdm zdrojov\u00fdm k\u00f3dem podporuje demokracii a poskytuje ob\u010dan\u016fm autentick\u00e9 zobrazen\u00ed mnohostrann\u00e9 evropsk\u00e9 reality. P\u0159eshrani\u010dn\u00ed spolupr\u00e1ce, oddanost novin\u00e1\u0159sk\u00e9 dokonalosti a zaj\u00edmav\u00fd p\u0159\u00edstup k celoevropsk\u00fdm t\u00e9mat\u016fm pat\u0159ily mezi krit\u00e9ria pro ocen\u011bn\u00e9 p\u0159ihl\u00e1\u0161ky, kter\u00e9 hodnotila nez\u00e1visl\u00e1 porota.<\/p>\n<p>Proto\u017ee Display zastupuje nez\u00e1visl\u00e1 m\u00e9dia, kter\u00e1 d\u00e1vaj\u00ed hlas a tv\u00e1\u0159 diskriminovan\u00fdm a utla\u010dovan\u00fdm men\u0161in\u00e1m, je\u017e se zasazuj\u00ed o z\u00e1kladn\u00ed pr\u00e1va a ob\u010dansk\u00e9 svobody, bylo v r\u00e1mci grantov\u00e9 v\u00fdzvy Display Europe vybr\u00e1no sedm iniciativ, kter\u00e9 maj\u00ed utv\u00e1\u0159et budoucnost evropsk\u00e9ho medi\u00e1ln\u00edho narativu. Tyto projekty z It\u00e1lie, Nizozemska, Slovinska, Portugalska a Francie byly vybr\u00e1ny pro svou neochv\u011bjnou oddanost p\u0159etv\u00e1\u0159en\u00ed evropsk\u00e9ho p\u0159\u00edb\u011bhu.<\/p>\n<h2>Vybran\u00e9 n\u00e1vrhy jsou:<\/h2>\n<p>\t\t\t\t<a href=\"https:\/\/spheranetwork.com\/\" tabindex=\"-1\"><br \/>\n\t\t\t\t\t\t\t\t<\/a><\/p>\n<h4>\n\t\t\t\t\t<a href=\"https:\/\/spheranetwork.com\/\" ><br \/>\n\t\t\t\t\t\tToto je nadpis\t\t\t\t\t<\/a><br \/>\n\t\t\t\t<\/h4>\n<p>\n\t\t\t\t\t\t&#8222;Evropsk\u00e1 ml\u00e1de\u017e a klimatick\u00e1 krize&#8220; je poutav\u00e1 s\u00e9rie vide\u00ed, kter\u00e1 je k dispozici v sedmi jazyc\u00edch EU a kter\u00e1 se zab\u00fdv\u00e1 klimatickou kriz\u00ed v Evrop\u011b a poukazuje na odolnost a odhodl\u00e1n\u00ed mlad\u00fdch Evropan\u016f.\t\t\t\t\t<\/p>\n<p>\t\t\t\t<a href=\"https:\/\/www.heretosupport.nl\/cityrightsradio\" tabindex=\"-1\"><br \/>\n\t\t\t\t\t\t\t\t<\/a><\/p>\n<h4>\n\t\t\t\t\t<a href=\"https:\/\/www.heretosupport.nl\/cityrightsradio\" ><br \/>\n\t\t\t\t\t\tToto je nadpis\t\t\t\t\t<\/a><br \/>\n\t\t\t\t<\/h4>\n<p>\n\t\t\t\t\t\tTento podcast, kter\u00fd vytvo\u0159ili ob\u010dan\u00e9 bez doklad\u016f v Amsterdamu, posiluje hlasy marginalizovan\u00fdch osob a klade d\u016fraz na jejich \u017eivotn\u00ed zku\u0161enosti, politick\u00e9 anal\u00fdzy a komunitn\u00ed spojenectv\u00ed.\t\t\t\t\t<\/p>\n<h4>\n\t\t\t\t\t\tToto je nadpis<br \/>\n\t\t\t\t<\/h4>\n<p>\n\t\t\t\t\t\t&#8222;Migration IRL&#8220; zpochyb\u0148uje p\u0159evl\u00e1daj\u00edc\u00ed vypr\u00e1v\u011bn\u00ed o migrantech t\u00edm, \u017ee zkoum\u00e1 skute\u010dn\u00e9 p\u0159\u00edb\u011bhy a ukazuje \u017eiv\u00fd p\u0159\u00ednos migrant\u016f ve Slovinsku, Bosn\u011b a Hercegovin\u011b, Srbsku a Polsku a jejich zastoupen\u00ed a za\u010dlen\u011bn\u00ed do spole\u010dnosti.\t\t\t\t\t<\/p>\n<p>\t\t\t\t<a href=\"https:\/\/divergente.pt\/abstencao-de-voto\/?lang=en\" tabindex=\"-1\"><br \/>\n\t\t\t\t\t\t\t\t<\/a><\/p>\n<h4>\n\t\t\t\t\t<a href=\"https:\/\/divergente.pt\/abstencao-de-voto\/?lang=en\" ><br \/>\n\t\t\t\t\t\t\u010casovan\u00e1 bomba pro nevoli\u010de (Portugalsko)\t\t\t\t\t<\/a><br \/>\n\t\t\t\t<\/h4>\n<p>\n\t\t\t\t\t\tTato iniciativa zkoum\u00e1 n\u00e1r\u016fst po\u010dtu nevoli\u010d\u016f, zlid\u0161\u0165uje statistiky, zab\u00fdv\u00e1 se osobn\u00edmi p\u0159\u00edb\u011bhy a spole\u010densk\u00fdmi faktory, aby porozum\u011bla ob\u010dansk\u00e9 ne\u00fa\u010dasti a jej\u00edm d\u016fsledk\u016fm pro demokracii.\t\t\t\t\t<\/p>\n<h4>\n\t\t\t\t\t\tTransgenderov\u00e9 osoby ve v\u011bzen\u00ed (Francie)<br \/>\n\t\t\t\t<\/h4>\n<p>\n\t\t\t\t\t\tTato s\u00e9rie podcast\u016f osv\u011btluje probl\u00e9my, kter\u00fdm \u010del\u00ed transsexu\u00e1lov\u00e9 v evropsk\u00fdch v\u011bznic\u00edch, a zasazuje se o zviditeln\u011bn\u00ed, inkluzi a lidsk\u00e1 pr\u00e1va.\t\t\t\t\t<\/p>\n<h4>\n\t\t\t\t\t\tInclusive Ondes (Francie)<br \/>\n\t\t\t\t<\/h4>\n<p>\n\t\t\t\t\t\tProst\u0159ednictv\u00edm podcast\u016f a vide\u00ed v baski\u010dtin\u011b p\u0159eklenuje projekt &#8222;Inclusive Ondes&#8220; kulturn\u00ed rozd\u00edly t\u00edm, \u017ee krom\u011b glob\u00e1ln\u00edch migra\u010dn\u00edch souvislost\u00ed diskutuje o ot\u00e1zk\u00e1ch m\u00edstn\u00edch migra\u010dn\u00edch vln p\u0159es historickou \u0159eku Bidasoa a p\u0159edstavuje vedouc\u00ed p\u0159edstavitele instituc\u00ed, ob\u010dansk\u00e9 s\u00edt\u011b a p\u0159ist\u011bhovalce.\t\t\t\t\t<\/p>\n<h4>\n\t\t\t\t\t\t&#8222;Making It&#8220; v z\u00e1padn\u00ed Evrop\u011b: Zku\u0161enosti mlad\u00fdch v\u00fdchodoevropsk\u00fdch \u017een (Francie)<br \/>\n\t\t\t\t<\/h4>\n<p>\n\t\t\t\t\t\tTato iniciativa p\u0159edstavuje v\u00fdzvy a zku\u0161enosti mlad\u00fdch v\u00fdchodoevropsk\u00fdch \u017een v z\u00e1padn\u00ed Evrop\u011b, podporuje porozum\u011bn\u00ed a empatii a z\u00e1rove\u0148 p\u0159ekon\u00e1v\u00e1 kulturn\u00ed rozd\u00edly.\t\t\t\t\t<\/p>\n<p>V r\u00e1mci sv\u00e9ho z\u00e1m\u011bru zm\u011bnit medi\u00e1ln\u00ed prost\u0159ed\u00ed t\u00edm, \u017ee bude Evropan\u016fm poskytovat rozmanit\u00e9 a spolehliv\u00e9 informace mimo hlavn\u00ed proud, zve\u0159ejn\u00ed Display Europe v listopadu tak\u00e9 <em>v\u00fdzvu k p\u0159edkl\u00e1d\u00e1n\u00ed mikrogrant\u016fDisplay Europe<\/em>, kter\u00e1 vyz\u00fdv\u00e1 mal\u00e9 medi\u00e1ln\u00ed organizace a novin\u00e1\u0159e, kte\u0159\u00ed maj\u00ed z\u00e1jem o p\u0159eshrani\u010dn\u00ed spolupr\u00e1ci. V\u00edce informac\u00ed o v\u00fdzv\u011b zde (TBC). <\/p>\n<p>M\u00e1te-li jak\u00e9koli dotazy ohledn\u011b procesu pod\u00e1v\u00e1n\u00ed \u017e\u00e1dost\u00ed nebo jin\u00e9 dotazy, kontaktujte pros\u00edm <a href=\"mailto:grants@displayeurope.eu\"><br \/>\n  <u>grants@displayeurope.eu<\/u><br \/>\n<\/a>.<\/p>\n<p>Jedn\u00edm z krit\u00e9ri\u00ed pro ud\u011blen\u00ed ceny, kterou hodnotila nez\u00e1visl\u00e1 porota, byla snaha o dosa\u017een\u00ed vynikaj\u00edc\u00ed novin\u00e1\u0159sk\u00e9 kvality a zaj\u00edmav\u00fd p\u0159\u00edstup k celoevropsk\u00fdm t\u00e9mat\u016fm.<\/p>\n","protected":false},"excerpt":{"rendered":"<p>Granty V r\u00e1mci projektu Display Europe byly vyhl\u00e1\u0161eny dv\u011b grantov\u00e9 v\u00fdzvy &#8211; Grantov\u00e1 v\u00fdzvaDisplay Europe a v\u00fdzva k p\u0159edkl\u00e1d\u00e1n\u00ed mikrogrant\u016fDisplay Europe v koordinaci s Evropskou kulturn\u00ed nadac\u00ed (jedn\u00edm z partner\u016f konsorcia Display Europe ). vyzval \u010dleny medi\u00e1ln\u00ed komunity, aby pod\u00e1vali n\u00e1vrhy, kter\u00e9 by se v p\u0159\u00edpad\u011b v\u00fdb\u011bru staly origin\u00e1ln\u00edm obsahem vytvo\u0159en\u00fdm pro platformu displayeurope.eu a [&hellip;]<\/p>\n","protected":false},"author":1,"featured_media":0,"parent":0,"menu_order":0,"comment_status":"closed","ping_status":"closed","template":"","meta":{"footnotes":""},"class_list":["post-5780","page","type-page","status-publish","hentry"],"_links":{"self":[{"href":"https:\/\/archive.displayeurope.eu\/cs\/wp-json\/wp\/v2\/pages\/5780","targetHints":{"allow":["GET"]}}],"collection":[{"href":"https:\/\/archive.displayeurope.eu\/cs\/wp-json\/wp\/v2\/pages"}],"about":[{"href":"https:\/\/archive.displayeurope.eu\/cs\/wp-json\/wp\/v2\/types\/page"}],"author":[{"embeddable":true,"href":"https:\/\/archive.displayeurope.eu\/cs\/wp-json\/wp\/v2\/users\/1"}],"replies":[{"embeddable":true,"href":"https:\/\/archive.displayeurope.eu\/cs\/wp-json\/wp\/v2\/comments?post=5780"}],"version-history":[{"count":0,"href":"https:\/\/archive.displayeurope.eu\/cs\/wp-json\/wp\/v2\/pages\/5780\/revisions"}],"wp:attachment":[{"href":"https:\/\/archive.displayeurope.eu\/cs\/wp-json\/wp\/v2\/media?parent=5780"}],"curies":[{"name":"wp","href":"https:\/\/api.w.org\/{rel}","templated":true}]}}