{"id":5781,"date":"2023-05-18T09:40:46","date_gmt":"2023-05-18T07:40:46","guid":{"rendered":"https:\/\/archive.displayeurope.eu\/start\/"},"modified":"2024-08-28T15:04:27","modified_gmt":"2024-08-28T13:04:27","slug":"home","status":"publish","type":"page","link":"https:\/\/archive.displayeurope.eu\/cs\/","title":{"rendered":"Home"},"content":{"rendered":"\r\n\t<div class=\"post-list\">\r\n\r\n\t\t\r\n\r\n\t\t\r\n\t\t\t<div class=\"post-item post-item-eayxfvdhdab4ari457n5iy4nnhm\">\r\n\t\t\t\t<div class=\"thumbnail-wrapper\">\r\n\t\t\t\t\t<a href=\"https:\/\/archive.displayeurope.eu\/cs\/preview\/eayxfvdhdab4ari457n5iy4nnhm-s-blizicim-se-dnem-voleb-se-nemecky-krajne-pravicovy-firewall-chveje-ale-drzi-se-pevne\/\">\r\n\t\t\t\t\t\t<img decoding=\"async\" class=\"thumbnail-image\" src=\"https:\/\/voxeurop.eu\/wp-content\/uploads\/2025\/02\/voxeurop-germany-Rahma.png\">\r\n\t\t\t\t\t<\/a>\r\n\t\t\t\t<\/div>\r\n\t\t\t\t<div class=\"post-content\">\r\n\t\t\t\t\t<div class=\"author-meta\">\r\n\t\t\t\t\t\t\r\n\t\t\t\t\t\t\t\t\t\t\t\t\t\t<a target=\"_blank\" href=\"https:\/\/archive.displayeurope.eu\/cs\/authors\/voxeurop\/\">\r\n\t\t\t\t\t\t\t\r\n\t\t\t\t\t\t\t\t\t\t\t\t\t\t\t<img decoding=\"async\" class=\"author-image-in-list\" src=\"https:\/\/archive.displayeurope.eu\/wp-content\/uploads\/2023\/12\/Logo_actuel_de_Voxeurop.png\" alt=\"Voxeurop\">\r\n\t\t\t\t\t\t\t\r\n\t\t\t\t\t\t\t\t\t\t\t\t\t\t<\/a>\r\n\t\t\t\t\t\t\t\r\n\t\t\t\t\t\t\r\n\t\t\t\t\t\t\t\t\t\t\t\t\t<span class=\"origin-badge origin-badge-federated\">Federovan\u00fd obsah<\/span>\r\n\t\t\t\t\t\t\t\t\t\t\t<\/div>\r\n\t\t\t\t\t<h2 class=\"post-title\"><a href=\"https:\/\/archive.displayeurope.eu\/cs\/preview\/eayxfvdhdab4ari457n5iy4nnhm-s-blizicim-se-dnem-voleb-se-nemecky-krajne-pravicovy-firewall-chveje-ale-drzi-se-pevne\/\">S bl\u00ed\u017e\u00edc\u00edm se dnem voleb se n\u011bmeck\u00fd krajn\u011b pravicov\u00fd firewall chv\u011bje, ale dr\u017e\u00ed se pevn\u011b<\/a><\/h2>\r\n\t\t\t\t\t<div class=\"post-excerpt\">\r\n\t\t\t\t\t\t\"Pokud se to bude jmenovat remigrace, pak to bude znamenat re-mi-graci,\"prohl\u00e1silaAlice Weidelov\u00e1 na stranick\u00e9 konferenci AfD v \u0158ezn\u011b za\u010d\u00e1tkem ledna za nad\u0161en\u00e9ho potlesku - pouh\u00fd rok pot\u00e9, co stejn\u00fd term\u00edn vyvolal ot\u0159esy vN\u011bmecku. Weidel je prvn\u00edm kandid\u00e1tem AfD na kancl\u00e9\u0159e od jej\u00edho zalo\u017een\u00ed v roce 2013; vzhledem k tomu, \u017ee strana m\u00e1 v sou\u010dasn\u00e9 dob\u011b&hellip;\t\t\t\t\t<\/div>\r\n\t\t\t\t\t<div class=\"post-meta\">\r\n\t\t\t\t\t\t<span class=\"post-date\">\r\n\t\t\t\t\t\t\t17 February, 2025\t\t\t\t\t\t<\/span>\r\n\r\n\t\t\t\t\t\t<div class=\"post-icons\">\r\n\t\t\t\t\t\t\t\t\t\t\t\t\t\t\t\t\t\t\t\t<\/div>\r\n\t\t\t\t\t<\/div>\r\n\t\t\t\t<\/div>\r\n\t\t\t<\/div>\r\n\r\n\t\t\r\n\t\t\t<div class=\"post-item post-item-eayxdeagmuyyqrpfqvxmcupvsso\">\r\n\t\t\t\t<div class=\"thumbnail-wrapper\">\r\n\t\t\t\t\t<a href=\"https:\/\/archive.displayeurope.eu\/cs\/preview\/eayxdeagmuyyqrpfqvxmcupvsso-dokaze-se-evropa-postavit-americkemu-technologickemu-imperiu\/\">\r\n\t\t\t\t\t\t<img decoding=\"async\" class=\"thumbnail-image\" src=\"https:\/\/voxeurop.eu\/wp-content\/uploads\/2025\/02\/Nardi-Maga-Europe.png\">\r\n\t\t\t\t\t<\/a>\r\n\t\t\t\t<\/div>\r\n\t\t\t\t<div class=\"post-content\">\r\n\t\t\t\t\t<div class=\"author-meta\">\r\n\t\t\t\t\t\t\r\n\t\t\t\t\t\t\t\t\t\t\t\t\t\t<a target=\"_blank\" href=\"https:\/\/archive.displayeurope.eu\/cs\/authors\/voxeurop\/\">\r\n\t\t\t\t\t\t\t\r\n\t\t\t\t\t\t\t\t\t\t\t\t\t\t\t<img decoding=\"async\" class=\"author-image-in-list\" src=\"https:\/\/archive.displayeurope.eu\/wp-content\/uploads\/2023\/12\/Logo_actuel_de_Voxeurop.png\" alt=\"Voxeurop\">\r\n\t\t\t\t\t\t\t\r\n\t\t\t\t\t\t\t\t\t\t\t\t\t\t<\/a>\r\n\t\t\t\t\t\t\t\r\n\t\t\t\t\t\t\r\n\t\t\t\t\t\t\t\t\t\t\t\t\t<span class=\"origin-badge origin-badge-federated\">Federovan\u00fd obsah<\/span>\r\n\t\t\t\t\t\t\t\t\t\t\t<\/div>\r\n\t\t\t\t\t<h2 class=\"post-title\"><a href=\"https:\/\/archive.displayeurope.eu\/cs\/preview\/eayxdeagmuyyqrpfqvxmcupvsso-dokaze-se-evropa-postavit-americkemu-technologickemu-imperiu\/\">Dok\u00e1\u017ee se Evropa postavit americk\u00e9mu technologick\u00e9mu imp\u00e9riu?<\/a><\/h2>\r\n\t\t\t\t\t<div class=\"post-excerpt\">\r\n\t\t\t\t\t\tPak opakovan\u00e9 z\u00e1sahy Elona Muska, \u0161\u00e9fa soci\u00e1ln\u00ed s\u00edt\u011b X (a tak\u00e9 spole\u010dnost\u00ed Tesla a SpaceX), vyvol\u00e1vaj\u00ed t\u011b\u017ek\u00e9 ot\u00e1zky. Mohou se evropsk\u00e9 ve\u0159ejn\u00e9 debaty a volby n\u011bkdy zbavit pohromy zahrani\u010dn\u00edch dezinformac\u00ed? A nyn\u00ed se k Muskovi p\u0159idaly i TikTok, platforma vlastn\u011bn\u00e1 \u010c\u00ed\u0148any, a Meta, spole\u010dnost ovl\u00e1dan\u00e1 Markem Zuckerbergem, kter\u00e1 zahrnuje Facebook, Instagram, WhatsApp a Threads. Americk\u00e1&hellip;\t\t\t\t\t<\/div>\r\n\t\t\t\t\t<div class=\"post-meta\">\r\n\t\t\t\t\t\t<span class=\"post-date\">\r\n\t\t\t\t\t\t\t15 February, 2025\t\t\t\t\t\t<\/span>\r\n\r\n\t\t\t\t\t\t<div class=\"post-icons\">\r\n\t\t\t\t\t\t\t\t\t\t\t\t\t\t\t\t\t\t\t\t<\/div>\r\n\t\t\t\t\t<\/div>\r\n\t\t\t\t<\/div>\r\n\t\t\t<\/div>\r\n\r\n\t\t\r\n\t\t\t<div class=\"post-item post-item-eayw6dsd66slarnibq2iytafyzi\">\r\n\t\t\t\t<div class=\"thumbnail-wrapper\">\r\n\t\t\t\t\t<a href=\"https:\/\/archive.displayeurope.eu\/cs\/preview\/eayw6dsd66slarnibq2iytafyzi-hanna-perekhoda-boj-za-svobodu-na-ukrajine-je-uzce-spjat-s-celosvetovym-bojem-proti-fasistickym-silam\/\">\r\n\t\t\t\t\t\t<img decoding=\"async\" class=\"thumbnail-image\" src=\"https:\/\/voxeurop.eu\/wp-content\/uploads\/2025\/02\/Hanna-Perekhoda-4.png\">\r\n\t\t\t\t\t<\/a>\r\n\t\t\t\t<\/div>\r\n\t\t\t\t<div class=\"post-content\">\r\n\t\t\t\t\t<div class=\"author-meta\">\r\n\t\t\t\t\t\t\r\n\t\t\t\t\t\t\t\t\t\t\t\t\t\t<a target=\"_blank\" href=\"https:\/\/archive.displayeurope.eu\/cs\/authors\/voxeurop\/\">\r\n\t\t\t\t\t\t\t\r\n\t\t\t\t\t\t\t\t\t\t\t\t\t\t\t<img decoding=\"async\" class=\"author-image-in-list\" src=\"https:\/\/archive.displayeurope.eu\/wp-content\/uploads\/2023\/12\/Logo_actuel_de_Voxeurop.png\" alt=\"Voxeurop\">\r\n\t\t\t\t\t\t\t\r\n\t\t\t\t\t\t\t\t\t\t\t\t\t\t<\/a>\r\n\t\t\t\t\t\t\t\r\n\t\t\t\t\t\t\r\n\t\t\t\t\t\t\t\t\t\t\t\t\t<span class=\"origin-badge origin-badge-federated\">Federovan\u00fd obsah<\/span>\r\n\t\t\t\t\t\t\t\t\t\t\t<\/div>\r\n\t\t\t\t\t<h2 class=\"post-title\"><a href=\"https:\/\/archive.displayeurope.eu\/cs\/preview\/eayw6dsd66slarnibq2iytafyzi-hanna-perekhoda-boj-za-svobodu-na-ukrajine-je-uzce-spjat-s-celosvetovym-bojem-proti-fasistickym-silam\/\">Hanna Perekhoda: \"Boj za svobodu na Ukrajin\u011b je \u00fazce spjat s celosv\u011btov\u00fdm bojem proti fa\u0161istick\u00fdm sil\u00e1m<\/a><\/h2>\r\n\t\t\t\t\t<div class=\"post-excerpt\">\r\n\t\t\t\t\t\tHanna Perekhoda je histori\u010dka a v\u011bdeck\u00e1 pracovnice na Univerzit\u011b v Lausanne - \u00dastavu politick\u00fdch studi\u00ed aCentru pro mezin\u00e1rodn\u00ed d\u011bjiny a politick\u00e1 studia globalizace, specializuje se na nacionalismus v kontextu Rusk\u00e9ho imp\u00e9ria a Sov\u011btsk\u00e9ho svazu. Jej\u00ed doktorandsk\u00fd v\u00fdzkum se zab\u00fdv\u00e1 politick\u00fdmi strategiemi bol\u0161evik\u016f na Ukrajin\u011b mezi lety 1917 a 1920. Perekhoda tak\u00e9 studuje historick\u00fd v\u00fdvoj rusk\u00fdch&hellip;\t\t\t\t\t<\/div>\r\n\t\t\t\t\t<div class=\"post-meta\">\r\n\t\t\t\t\t\t<span class=\"post-date\">\r\n\t\t\t\t\t\t\t11 February, 2025\t\t\t\t\t\t<\/span>\r\n\r\n\t\t\t\t\t\t<div class=\"post-icons\">\r\n\t\t\t\t\t\t\t\t\t\t\t\t\t\t\t\t\t\t\t\t<\/div>\r\n\t\t\t\t\t<\/div>\r\n\t\t\t\t<\/div>\r\n\t\t\t<\/div>\r\n\r\n\t\t\r\n\t\t\t<div class=\"post-item post-item-eayw43fil2nzqrmzlqo435k24ha\">\r\n\t\t\t\t<div class=\"thumbnail-wrapper\">\r\n\t\t\t\t\t<a href=\"https:\/\/archive.displayeurope.eu\/cs\/preview\/eayw43fil2nzqrmzlqo435k24ha-ti-kteri-bojuji-a-ti-kteri-ne-ukrajinci-povolani-na-frontu-a-generace-putin-v-rusku\/\">\r\n\t\t\t\t\t\t<img decoding=\"async\" class=\"thumbnail-image\" src=\"https:\/\/voxeurop.eu\/wp-content\/uploads\/2025\/02\/RUSSIA-UKRAINE-MOV-1-4.jpg\">\r\n\t\t\t\t\t<\/a>\r\n\t\t\t\t<\/div>\r\n\t\t\t\t<div class=\"post-content\">\r\n\t\t\t\t\t<div class=\"author-meta\">\r\n\t\t\t\t\t\t\r\n\t\t\t\t\t\t\t\t\t\t\t\t\t\t<a target=\"_blank\" href=\"https:\/\/archive.displayeurope.eu\/cs\/authors\/voxeurop\/\">\r\n\t\t\t\t\t\t\t\r\n\t\t\t\t\t\t\t\t\t\t\t\t\t\t\t<img decoding=\"async\" class=\"author-image-in-list\" src=\"https:\/\/archive.displayeurope.eu\/wp-content\/uploads\/2023\/12\/Logo_actuel_de_Voxeurop.png\" alt=\"Voxeurop\">\r\n\t\t\t\t\t\t\t\r\n\t\t\t\t\t\t\t\t\t\t\t\t\t\t<\/a>\r\n\t\t\t\t\t\t\t\r\n\t\t\t\t\t\t\r\n\t\t\t\t\t\t\t\t\t\t\t\t\t<span class=\"origin-badge origin-badge-federated\">Federovan\u00fd obsah<\/span>\r\n\t\t\t\t\t\t\t\t\t\t\t<\/div>\r\n\t\t\t\t\t<h2 class=\"post-title\"><a href=\"https:\/\/archive.displayeurope.eu\/cs\/preview\/eayw43fil2nzqrmzlqo435k24ha-ti-kteri-bojuji-a-ti-kteri-ne-ukrajinci-povolani-na-frontu-a-generace-putin-v-rusku\/\">Ti, kte\u0159\u00ed bojuj\u00ed, a ti, kte\u0159\u00ed ne: Ukrajinci povolan\u00ed na frontu a \"generace Putin\" v Rusku<\/a><\/h2>\r\n\t\t\t\t\t<div class=\"post-excerpt\">\r\n\t\t\t\t\t\tNez\u00e1visl\u00e9 rusk\u00e9 exilov\u00e9 noviny Meduza v\u011bnuj\u00ed rozs\u00e1hl\u00fd \u010dl\u00e1nek (p\u016fvodn\u011b vy\u0161el v Sign\u00e1lu, ruskojazy\u010dn\u00e9m zpravodaji) \"lid\u00e9 dos\u00e1hli plnoletosti a nyn\u00ed tvo\u0159\u00ed kohortu mlad\u00fdch dosp\u011bl\u00fdch, kte\u0159\u00ed zd\u011bd\u00ed v Rusku cokoli, co bude n\u00e1sledovat Vladim\u00edra Putina\". Tuto skupinu tisk nazval \"generac\u00ed Putin\", co\u017e je mo\u017en\u00e1 nevhodn\u00e9 vzhledem k tomu, \u017ee rusk\u00fd v\u016fdce je u moci od roku 1999,&hellip;\t\t\t\t\t<\/div>\r\n\t\t\t\t\t<div class=\"post-meta\">\r\n\t\t\t\t\t\t<span class=\"post-date\">\r\n\t\t\t\t\t\t\t10 February, 2025\t\t\t\t\t\t<\/span>\r\n\r\n\t\t\t\t\t\t<div class=\"post-icons\">\r\n\t\t\t\t\t\t\t\t\t\t\t\t\t\t\t\t\t\t\t\t<\/div>\r\n\t\t\t\t\t<\/div>\r\n\t\t\t\t<\/div>\r\n\t\t\t<\/div>\r\n\r\n\t\t\r\n\t\t\t<div class=\"post-item post-item-eayw42hwmynzarwlsnjj6rxd4uo\">\r\n\t\t\t\t<div class=\"thumbnail-wrapper\">\r\n\t\t\t\t\t<a href=\"https:\/\/archive.displayeurope.eu\/cs\/preview\/eayw42hwmynzarwlsnjj6rxd4uo-andrej-kurkov-potrebovali-jsme-valku-abychom-ukazali-ze-ukrajina-je-jina-nez-rusko\/\">\r\n\t\t\t\t\t\t<img decoding=\"async\" class=\"thumbnail-image\" src=\"https:\/\/voxeurop.eu\/wp-content\/uploads\/2025\/02\/Kurkov-Ferrara-3.jpg\">\r\n\t\t\t\t\t<\/a>\r\n\t\t\t\t<\/div>\r\n\t\t\t\t<div class=\"post-content\">\r\n\t\t\t\t\t<div class=\"author-meta\">\r\n\t\t\t\t\t\t\r\n\t\t\t\t\t\t\t\t\t\t\t\t\t\t<a target=\"_blank\" href=\"https:\/\/archive.displayeurope.eu\/cs\/authors\/voxeurop\/\">\r\n\t\t\t\t\t\t\t\r\n\t\t\t\t\t\t\t\t\t\t\t\t\t\t\t<img decoding=\"async\" class=\"author-image-in-list\" src=\"https:\/\/archive.displayeurope.eu\/wp-content\/uploads\/2023\/12\/Logo_actuel_de_Voxeurop.png\" alt=\"Voxeurop\">\r\n\t\t\t\t\t\t\t\r\n\t\t\t\t\t\t\t\t\t\t\t\t\t\t<\/a>\r\n\t\t\t\t\t\t\t\r\n\t\t\t\t\t\t\r\n\t\t\t\t\t\t\t\t\t\t\t\t\t<span class=\"origin-badge origin-badge-federated\">Federovan\u00fd obsah<\/span>\r\n\t\t\t\t\t\t\t\t\t\t\t<\/div>\r\n\t\t\t\t\t<h2 class=\"post-title\"><a href=\"https:\/\/archive.displayeurope.eu\/cs\/preview\/eayw42hwmynzarwlsnjj6rxd4uo-andrej-kurkov-potrebovali-jsme-valku-abychom-ukazali-ze-ukrajina-je-jina-nez-rusko\/\">Andrej Kurkov: \"Pot\u0159ebovali jsme v\u00e1lku, abychom uk\u00e1zali, \u017ee Ukrajina je jin\u00e1 ne\u017e Rusko<\/a><\/h2>\r\n\t\t\t\t\t<div class=\"post-excerpt\">\r\n\t\t\t\t\t\tAndrej Kurkov (nar. 1961) je jedn\u00edm z nejplodn\u011bj\u0161\u00edch a nejeklekti\u010dt\u011bj\u0161\u00edch ukrajinsk\u00fdch spisovatel\u016f. V\u011bnuje se n\u011bkolika t\u00e9mat\u016fm spojen\u00fdm s ned\u00e1vnou histori\u00ed Ukrajiny -&nbsp;zejm\u00e9na po oran\u017eov\u00e9 revoluci v roce 2004, a tak\u00e9 n\u011bkolika thriller\u016fm, z nich\u017e n\u011bkter\u00e9 jsou t\u00e9m\u011b\u0159 surrealistick\u00e9 a odehr\u00e1vaj\u00ed se v letech po rozpadu Sov\u011btsk\u00e9ho svazu. jeho nejzn\u00e1m\u011bj\u0161\u00edm rom\u00e1nem je Smrt a tu\u010d\u0148\u00e1k (Vintage&hellip;\t\t\t\t\t<\/div>\r\n\t\t\t\t\t<div class=\"post-meta\">\r\n\t\t\t\t\t\t<span class=\"post-date\">\r\n\t\t\t\t\t\t\t10 February, 2025\t\t\t\t\t\t<\/span>\r\n\r\n\t\t\t\t\t\t<div class=\"post-icons\">\r\n\t\t\t\t\t\t\t\t\t\t\t\t\t\t\t\t\t\t\t\t<\/div>\r\n\t\t\t\t\t<\/div>\r\n\t\t\t\t<\/div>\r\n\t\t\t<\/div>\r\n\r\n\t\t\t<\/div>\r\n\r\n\t\t\t<div class=\"autload-on-scroll\">\r\n\t\t\t<div class=\"text-center loading\" style=\"display: none;\">\r\n\t\t\t\t<div class=\"lds-ellipsis\"><div><\/div><div><\/div><div><\/div><div><\/div><\/div>\r\n\t\t\t<\/div>\r\n\t\t\t<form action=\"https:\/\/archive.displayeurope.eu\/wp-admin\/admin-ajax.php\" method=\"POST\" class=\"form-autoload\">\r\n\t\t\t\t<input type=\"hidden\" name=\"action\" value=\"dispeu_load_more\">\r\n\t\t\t\t\t\t\t\t\t<input type=\"hidden\" name=\"dispeu_group_id\" value=\"42976\">\r\n\t\t\t\t\t\t\t\t\t<input type=\"hidden\" name=\"dispeu_group_page\" value=\"2\">\r\n\t\t\t\t\t\t\t<\/form>\r\n\t\t<\/div>\r\n\t\r\n\n","protected":false},"excerpt":{"rendered":"","protected":false},"author":1,"featured_media":0,"parent":0,"menu_order":0,"comment_status":"closed","ping_status":"closed","template":"","meta":{"footnotes":""},"class_list":["post-5781","page","type-page","status-publish","hentry"],"_links":{"self":[{"href":"https:\/\/archive.displayeurope.eu\/cs\/wp-json\/wp\/v2\/pages\/5781","targetHints":{"allow":["GET"]}}],"collection":[{"href":"https:\/\/archive.displayeurope.eu\/cs\/wp-json\/wp\/v2\/pages"}],"about":[{"href":"https:\/\/archive.displayeurope.eu\/cs\/wp-json\/wp\/v2\/types\/page"}],"author":[{"embeddable":true,"href":"https:\/\/archive.displayeurope.eu\/cs\/wp-json\/wp\/v2\/users\/1"}],"replies":[{"embeddable":true,"href":"https:\/\/archive.displayeurope.eu\/cs\/wp-json\/wp\/v2\/comments?post=5781"}],"version-history":[{"count":1,"href":"https:\/\/archive.displayeurope.eu\/cs\/wp-json\/wp\/v2\/pages\/5781\/revisions"}],"predecessor-version":[{"id":44610,"href":"https:\/\/archive.displayeurope.eu\/cs\/wp-json\/wp\/v2\/pages\/5781\/revisions\/44610"}],"wp:attachment":[{"href":"https:\/\/archive.displayeurope.eu\/cs\/wp-json\/wp\/v2\/media?parent=5781"}],"curies":[{"name":"wp","href":"https:\/\/api.w.org\/{rel}","templated":true}]}}