{"id":5784,"date":"2023-09-19T09:10:34","date_gmt":"2023-09-19T07:10:34","guid":{"rendered":"https:\/\/archive.displayeurope.eu\/?page_id=5784"},"modified":"2024-09-05T07:49:22","modified_gmt":"2024-09-05T05:49:22","slug":"rozliseni-otisku-a-konfliktu","status":"publish","type":"page","link":"https:\/\/archive.displayeurope.eu\/cs\/rozliseni-otisku-a-konfliktu\/","title":{"rendered":"Otisk a \u0159e\u0161en\u00ed konflikt\u016f"},"content":{"rendered":"\n<h1 class=\"wp-block-heading\">Otisk<\/h1>\n\n<p>Povinnost zve\u0159ejn\u011bn\u00ed podle \u00a7 25 odst. 5 z\u00e1kona o sd\u011blovac\u00edch prost\u0159edc\u00edch (\u00d6sterreichisches Mediengesetz)<\/p>\n\n<h2 class=\"wp-block-heading\">Provozovatel platformy \/ vlastn\u00edk m\u00e9di\u00ed<\/h2>\n\n<p>Display Europe<br\/>c\/o OKTO.TV<br\/>Missindorfstra\u00dfe 19<br\/>1140 V\u00edde\u0148<br\/>Rakousko<\/p>\n\n<p>E-mail: <a href=\"mailto:coop@displayeurope.eu\">coop@displayeurope.eu<\/a><\/p>\n\n<h2 class=\"wp-block-heading\">Podrobnosti o organizaci<\/h2>\n\n<p>Zakl\u00e1daj\u00edc\u00ed shrom\u00e1\u017ed\u011bn\u00ed se konalo 16. \u0159\u00edjna 2023. Do obchodn\u00edho rejst\u0159\u00edku byla zaps\u00e1na 8. \u00fanora 2024.<\/p>\n\n<p>V\u00fdkonn\u00fd \u0159editel: Alexander Baratsits<\/p>\n\n<p>\u010clenov\u00e9 dozor\u010d\u00ed rady: Menno Weijs (Evropsk\u00e1 kulturn\u00ed nadace), Vladimir Radinovi\u0107 (EMCF), Paul Salvan\u00e8s (Voxeurop), Roland Alton-Scheidl (fairkom).<\/p>\n\n<p>Registra\u010dn\u00ed \u010d\u00edslo spole\u010dnosti: FN619589k (Handelsgericht Wien)<\/p>\n\n<p>UID: ATU80768689<\/p>\n\n<h2 class=\"wp-block-heading\">Pr\u00e1vn\u00ed informace<\/h2>\n\n<p>Platn\u00e9 pr\u00e1vn\u00ed p\u0159edpisy: Z\u00e1kon o audiovizu\u00e1ln\u00edch medi\u00e1ln\u00edch slu\u017eb\u00e1ch (AMD-G), z\u00e1kon o m\u00e9di\u00edch.<\/p>\n\n<p>Regula\u010dn\u00ed org\u00e1n: Mariahilfer Strasse 77-79, 1060 V\u00edde\u0148.<\/p>\n\n<h2 class=\"wp-block-heading\">P\u0159edm\u011bt organizace a prohl\u00e1\u0161en\u00ed o zam\u011b\u0159en\u00ed<\/h2>\n\n<p>Display Europe provozuje medi\u00e1ln\u00ed platformu, kter\u00e1 i) zve\u0159ej\u0148uje celoevropsk\u00fd medi\u00e1ln\u00ed obsah, je zam\u011b\u0159ena na z\u00e1kladn\u00ed pr\u00e1va a sna\u017e\u00ed se dodr\u017eovat r\u00e1mec iniciativy Journalism Trust Initiative. (ii) host\u00ed medi\u00e1ln\u00ed obsah, zejm\u00e9na od iniciativ ob\u010dansk\u00e9 spole\u010dnosti, a poskytuje otev\u0159en\u00fd p\u0159\u00edstup ke zve\u0159ej\u0148ov\u00e1n\u00ed tohoto obsahu.<\/p>\n\n<h2 class=\"wp-block-heading\">displayeurope.eu<\/h2>\n\n<p>displayeurope.eu je pr\u016fkopnick\u00e1 medi\u00e1ln\u00ed platforma zalo\u017een\u00e1 na ve\u0159ejn\u00fdch hodnot\u00e1ch. Tato platforma poskytuje ob\u010dan\u016fm na cel\u00e9m kontinentu p\u0159\u00edstup k d\u016fv\u011bryhodn\u00fdm informac\u00edm a k obrazu Evropy, kter\u00fd b\u011b\u017en\u011b nezprost\u0159edkov\u00e1vaj\u00ed mainstreamov\u00e1 nebo n\u00e1rodn\u00ed m\u00e9dia. Prost\u0159ednictv\u00edm p\u0159eklad\u016f, syndikace a p\u016fvodn\u011b vytvo\u0159en\u00e9ho obsahu displayeurope.eu shroma\u017e\u010fuje a \u0161\u00ed\u0159\u00ed d\u016fv\u011bryhodn\u00e1 m\u00e9dia z cel\u00e9 Evropy. Displayeurope.eu je postaven na suver\u00e9nn\u00ed, samospr\u00e1vn\u00e9 digit\u00e1ln\u00ed infrastruktu\u0159e s otev\u0159en\u00fdm zdrojov\u00fdm k\u00f3dem, kter\u00e1 se vyman\u00ed z vlivu velk\u00fdch technologick\u00fdch soci\u00e1ln\u00edch m\u00e9di\u00ed a streamovac\u00edch platforem, je\u017e v sou\u010dasnosti filtruj\u00ed a r\u00e1muj\u00ed medi\u00e1ln\u00ed produkci. V tomto demokrati\u010dt\u011bj\u0161\u00edm zobrazen\u00ed Evropy bude displayeurope.eu silou pro demokracii na cel\u00e9m kontinentu.<\/p>\n\n<hr class=\"wp-block-separator has-alpha-channel-opacity\"\/>\n\n<h1 class=\"wp-block-heading\">\u0158e\u0161en\u00ed konflikt\u016f<\/h1>\n\n<p>Pokud se setk\u00e1te s poru\u0161en\u00edm pr\u00e1vn\u00edch p\u0159edpis\u016f, za\u0161lete n\u00e1m sv\u016fj po\u017eadavek formou e-mailu. Je d\u016fle\u017eit\u00e9, abyste byli co nejp\u0159esn\u011bj\u0161\u00ed (sn\u00edmek obrazovky, odkaz atd.), abychom p\u0159esn\u011b v\u011bd\u011bli, \u010deho se probl\u00e9m t\u00fdk\u00e1.<br\/>Po odesl\u00e1n\u00ed obdr\u017e\u00edte potvrzen\u00ed o p\u0159ijet\u00ed e-mailu.<\/p>\n\n<p>Po\u0161lete pros\u00edm tento e-mail na adresu <a href=\"mailto:support@displayeurope.eu\">support@displayeurope.eu<\/a> nebo napi\u0161te l\u00edstek s touto informac\u00ed. <\/p>\n\n<button id=\"zammad-feedback-form\">Formul\u00e1\u0159 zp\u011btn\u00e9 vazby<\/button><script id=\"zammad_form_script\" src=\"https:\/\/helpdesk.displayeurope.eu\/assets\/form\/form.js\"><\/script><script>\njQuery(document).ready(function($) {\n$(function() {\n  $('#zammad-feedback-form').ZammadForm({\n    messageTitle: 'Feedback-Formular',\n    messageSubmit: 'Send',\n    messageThankYou: 'Ticket #%s.',\n    modal: true\n  });\n});\n});\n<\/script>\n\n<hr class=\"wp-block-separator has-alpha-channel-opacity\"\/>\n\n<script src=\"https:\/\/helpdesk.displayeurope.eu\/assets\/chat\/chat.min.js\"><\/script>\n<script>\njQuery(document).ready(function($) {\n$(function() {\n  new ZammadChat({\n    fontSize: '12px',\n    chatId: 1\n  });\n});\n});\n<\/script>\n\n<p>Posledn\u00ed aktualizace: z\u00e1\u0159\u00ed 03 2024<\/p>\n\n<p><\/p>\n\n<figure class=\"wp-block-image size-full\"><img loading=\"lazy\" decoding=\"async\" width=\"611\" height=\"204\" src=\"https:\/\/archive.displayeurope.eu\/wp-content\/uploads\/2023\/06\/DisplayLogo_Tag.png\" alt=\"\" class=\"wp-image-7674\" srcset=\"https:\/\/archive.displayeurope.eu\/wp-content\/uploads\/2023\/06\/DisplayLogo_Tag.png 611w, https:\/\/archive.displayeurope.eu\/wp-content\/uploads\/2023\/06\/DisplayLogo_Tag-360x120.png 360w\" sizes=\"auto, (max-width: 611px) 100vw, 611px\" \/><\/figure>\n","protected":false},"excerpt":{"rendered":"<p>Otisk Povinnost zve\u0159ejn\u011bn\u00ed podle \u00a7 25 odst. 5 z\u00e1kona o sd\u011blovac\u00edch prost\u0159edc\u00edch (\u00d6sterreichisches Mediengesetz) Provozovatel platformy \/ vlastn\u00edk m\u00e9di\u00ed Display Europec\/o OKTO.TVMissindorfstra\u00dfe 191140 V\u00edde\u0148Rakousko E-mail: coop@displayeurope.eu Podrobnosti o organizaci Zakl\u00e1daj\u00edc\u00ed shrom\u00e1\u017ed\u011bn\u00ed se konalo 16. \u0159\u00edjna 2023. Do obchodn\u00edho rejst\u0159\u00edku byla zaps\u00e1na 8. \u00fanora 2024. V\u00fdkonn\u00fd \u0159editel: Alexander Baratsits \u010clenov\u00e9 dozor\u010d\u00ed rady: Menno Weijs (Evropsk\u00e1 kulturn\u00ed [&hellip;]<\/p>\n","protected":false},"author":1,"featured_media":0,"parent":0,"menu_order":0,"comment_status":"closed","ping_status":"closed","template":"","meta":{"footnotes":""},"class_list":["post-5784","page","type-page","status-publish","hentry"],"_links":{"self":[{"href":"https:\/\/archive.displayeurope.eu\/cs\/wp-json\/wp\/v2\/pages\/5784","targetHints":{"allow":["GET"]}}],"collection":[{"href":"https:\/\/archive.displayeurope.eu\/cs\/wp-json\/wp\/v2\/pages"}],"about":[{"href":"https:\/\/archive.displayeurope.eu\/cs\/wp-json\/wp\/v2\/types\/page"}],"author":[{"embeddable":true,"href":"https:\/\/archive.displayeurope.eu\/cs\/wp-json\/wp\/v2\/users\/1"}],"replies":[{"embeddable":true,"href":"https:\/\/archive.displayeurope.eu\/cs\/wp-json\/wp\/v2\/comments?post=5784"}],"version-history":[{"count":8,"href":"https:\/\/archive.displayeurope.eu\/cs\/wp-json\/wp\/v2\/pages\/5784\/revisions"}],"predecessor-version":[{"id":49152,"href":"https:\/\/archive.displayeurope.eu\/cs\/wp-json\/wp\/v2\/pages\/5784\/revisions\/49152"}],"wp:attachment":[{"href":"https:\/\/archive.displayeurope.eu\/cs\/wp-json\/wp\/v2\/media?parent=5784"}],"curies":[{"name":"wp","href":"https:\/\/api.w.org\/{rel}","templated":true}]}}