{"id":6678,"date":"2023-09-19T09:07:57","date_gmt":"2023-09-19T07:07:57","guid":{"rendered":"https:\/\/archive.displayeurope.eu\/predplatne\/"},"modified":"2025-01-13T21:46:09","modified_gmt":"2025-01-13T20:46:09","slug":"coop-membership-donations","status":"publish","type":"page","link":"https:\/\/archive.displayeurope.eu\/cs\/coop-membership-donations\/","title":{"rendered":"COOP &#8211; \u010dlenstv\u00ed a dary"},"content":{"rendered":"<p><style>\/*! elementor - v3.18.0 - 04-12-2023 *\/<br \/>\n.elementor-heading-title{padding:0;margin:0;line-height:1}.elementor-widget-heading .elementor-heading-title[class*=elementor-size-]&gt;a{color:inherit;font-size:inherit;line-height:inherit}.elementor-widget-heading .elementor-heading-title.elementor-size-small{font-size:15px}.elementor-widget-heading .elementor-heading-title.elementor-size-medium{font-size:19px}.elementor-widget-heading .elementor-heading-title.elementor-size-large{font-size:29px}.elementor-widget-heading .elementor-heading-title.elementor-size-xl{font-size:39px}.elementor-widget-heading .elementor-heading-title.elementor-size-xxl{font-size:59px}.<\/style>\n<\/p>\n<h1>Valn\u00e9 shrom\u00e1\u017ed\u011bn\u00ed<\/h1>\n<h2> <\/h2>\n<h2>Dru\u017estvo Display Europe<\/h2>\n<p><img loading=\"lazy\" decoding=\"async\" src=\"https:\/\/archive.displayeurope.eu\/wp-content\/uploads\/2023\/12\/de-logo-inside.png\" alt=\"\" width=\"260\" height=\"90\" \/><\/p>\n<h2> <\/h2>\n<h2>3. mimo\u0159\u00e1dn\u00e9 valn\u00e9 shrom\u00e1\u017ed\u011bn\u00ed<\/h2>\n<p><em>28. ledna 2025, 13.00 hodin st\u0159edoevropsk\u00e9ho \u010dasu<\/em><br \/><em>Hybridn\u00ed:<\/em><br \/><em>@ Jasna 10\/3, Var\u0161ava<\/em><br \/><em>@ https:\/\/pro.fairteaching.net\/r\/ECF<\/em><\/p>\n<ol>\n<li>Konstatov\u00e1n\u00ed, \u017ee valn\u00e1 hromada byla \u0159\u00e1dn\u011b svol\u00e1na, ur\u010den\u00ed usn\u00e1\u0161en\u00edschopnosti<\/li>\n<li>Zpr\u00e1va p\u0159edstavenstva a p\u0159edsedy dozor\u010d\u00ed rady<\/li>\n<li>Schv\u00e1len\u00ed jednac\u00edho \u0159\u00e1du spr\u00e1vn\u00ed rady<\/li>\n<li>Volba \u010dlen\u016f p\u0159edstavenstva<\/li>\n<li>Volba \u010dlen\u016f dozor\u010d\u00ed rady<\/li>\n<li>Zm\u011bna stanov<br \/>\n<h3 style=\"padding-left: 40px;\">\u00a7 18. Zastupov\u00e1n\u00ed dru\u017estva<\/h3>\n<ol>\n<li style=\"list-style-type: none;\">\n<ol>\n<li>P\u0159edstavenstvo zastupuje dru\u017estvo p\u0159ed soudem i mimo n\u011bj.<\/li>\n<li>K zastupov\u00e1n\u00ed dru\u017estva jsou opr\u00e1vn\u011bni spole\u010dn\u011b dva \u010dlenov\u00e9 p\u0159edstavenstva, z nich\u017e jeden mus\u00ed b\u00fdt p\u0159edseda nebo m\u00edstop\u0159edseda, a to p\u0159edseda nebo m\u00edstop\u0159edseda spole\u010dn\u011b s pov\u011b\u0159en\u00fdm podpisem.<\/li>\n<li>Podepisov\u00e1n\u00ed za dru\u017estvo se d\u011bje tak, \u017ee k obchodn\u00edmu jm\u00e9nu spole\u010dnosti p\u0159ipoj\u00ed sv\u016fj podpis p\u0159edseda a m\u00edstop\u0159edseda nebo jeden z nich s dal\u0161\u00edm \u010dlenem p\u0159edstavenstva nebo s pov\u011b\u0159en\u00fdm podepisuj\u00edc\u00edm.<\/li>\n<\/ol>\n<\/li>\n<\/ol>\n<h3 style=\"padding-left: 40px;\">\u00a7 35. Po\u017eadavky na v\u011bt\u0161inu<\/h3>\n<ol>\n<li style=\"list-style-type: none;\">\n<ol>\n<li>Usnesen\u00ed valn\u00e9 hromady se p\u0159ij\u00edmaj\u00ed prostou v\u011bt\u0161inou hlas\u016f. T\u0159\u00ed\u010dtvrtinov\u00e1 v\u011bt\u0161ina odevzdan\u00fdch platn\u00fdch hlas\u016f je nutn\u00e1 pro usnesen\u00ed k bod\u016fm uveden\u00fdm v \u00a7 34 odst. 2. P\u0159i zji\u0161\u0165ov\u00e1n\u00ed v\u00fdsledku hlasov\u00e1n\u00ed se nep\u0159ihl\u00ed\u017e\u00ed ke zdr\u017een\u00ed se hlasov\u00e1n\u00ed.<\/li>\n<\/ol>\n<\/li>\n<\/ol>\n<h3 style=\"padding-left: 40px;\">VIII. Z\u00e1pis do obchodn\u00edho rejst\u0159\u00edku<\/h3>\n<h4 style=\"padding-left: 40px;\">\u00a7 45.<\/h4>\n<p style=\"padding-left: 40px;\">O z\u00e1pis stanov do obchodn\u00edho rejst\u0159\u00edku mus\u00ed b\u00fdt po\u017e\u00e1d\u00e1no. Z\u00e1pisem jsou pov\u011b\u0159eni tito \u010dlenov\u00e9 p\u0159edstavenstva: Ingo Leindecker<br \/>Pokud soud podm\u00edn\u00ed z\u00e1pis zm\u011bnou n\u011bkter\u00fdch ustanoven\u00ed t\u011bchto stanov &#8211; zejm\u00e9na tak\u00e9 n\u00e1zvu spole\u010dnosti &#8211; jsou v\u00fd\u0161e uveden\u00ed \u010dlenov\u00e9 opr\u00e1vn\u011bni prov\u00e9st pot\u0159ebn\u00e9 zm\u011bny.<\/p>\n<\/li>\n<li>R\u016fzn\u00e9<\/li>\n<\/ol>\n<p><strong>V p\u0159\u00edpad\u011b, \u017ee valn\u00e1 hromada nen\u00ed usn\u00e1\u0161en\u00edschopn\u00e1, je opr\u00e1vn\u011bna rozhodnout o v\u0161ech bodech programu bez ohledu na po\u010det p\u0159\u00edtomn\u00fdch nebo zastoupen\u00fdch spole\u010dn\u00edk\u016f po p\u016flhodinov\u00e9m \u010dek\u00e1n\u00ed (\u00a7 34 odst. 4).<\/strong><\/p>\n<h1> <\/h1>\n<hr \/>\n<h1> <\/h1>\n<h1>\u010clenstv\u00ed v COOP a dary<\/h1>\n<h1> <\/h1>\n<h2>Dru\u017estvo Display Europe<\/h2>\n<p><img loading=\"lazy\" decoding=\"async\" src=\"https:\/\/archive.displayeurope.eu\/wp-content\/uploads\/2023\/12\/de-logo-inside.png\" alt=\"\" width=\"260\" height=\"90\" \/><\/p>\n<h2> <\/h2>\n<p><em>Zveme jednotlivce a organizace, kter\u00e9 se shoduj\u00ed s na\u0161\u00ed viz\u00ed, aby se spojili, spojili sv\u00e9 s\u00edly a vytvo\u0159ili transforma\u010dn\u00ed dru\u017estvo, kter\u00e9 nov\u011b definuje evropskou medi\u00e1ln\u00ed krajinu. Poj\u010fme spole\u010dn\u011b vybudovat platformu, kter\u00e1 zt\u011bles\u0148uje spolupr\u00e1ci, inovace a spole\u010dn\u00e9 \u00fasil\u00ed o digit\u00e1ln\u00ed ve\u0159ejn\u00fd prostor pro v\u0161echny.<\/em><\/p>\n<h2>Kl\u00ed\u010dov\u00e9 c\u00edle:<\/h2>\n<ul>\n<li>Podpora evropsk\u00e9ho digit\u00e1ln\u00edho ve\u0159ejn\u00e9ho prostoru: Zam\u011b\u0159ujeme se na ob\u010danskou spole\u010dnost a usilujeme o kultivaci platformy v\u011bnovan\u00e9 spole\u010dn\u00e9mu dobru.<\/li>\n<li>Rozvoj komunikace a \u017eurnalistiky: Podpora iniciativ, kter\u00e9 up\u0159ednost\u0148uj\u00ed spole\u010dn\u00fd z\u00e1jem a podporuj\u00ed otev\u0159en\u00fd dialog.<\/li>\n<\/ul>\n<h2> <\/h2>\n<h2>Strategie:<\/h2>\n<ul>\n<li>Vytvo\u0159en\u00ed a provozov\u00e1n\u00ed evropsk\u00e9ho v\u00edcejazy\u010dn\u00e9ho medi\u00e1ln\u00edho port\u00e1lu\/platformy zam\u011b\u0159en\u00e9 na celoevropsk\u00fd obsah pro ob\u010danskou spole\u010dnost.<\/li>\n<li>Podpora vytvo\u0159en\u00ed evropsk\u00e9 s\u00edt\u011b medi\u00e1ln\u00edch platforem.<\/li>\n<li>Podpora udr\u017eiteln\u00e9ho technologick\u00e9ho v\u00fdvoje a \u00fadr\u017eby otev\u0159en\u00fdch zdroj\u016f.<\/li>\n<li>Vytv\u00e1\u0159en\u00ed prost\u0159ed\u00ed pro v\u00fdvoj\u00e1\u0159e a novin\u00e1\u0159e.<\/li>\n<li>Rozvoj udr\u017eiteln\u00fdch model\u016f financov\u00e1n\u00ed, v\u010detn\u011b mo\u017enost\u00ed p\u0159edplatn\u00e9ho a syndikace.<\/li>\n<\/ul>\n<h2> <\/h2>\n<h2>Motivace:<\/h2>\n<ul>\n<li>Udr\u017eitelnost: Zaji\u0161t\u011bn\u00ed dlouhodob\u00e9 \u017eivotaschopnosti a stability.<\/li>\n<li>Omezen\u00ed odpov\u011bdnosti a sd\u00edlen\u00ed rizik: Ochrana z\u00e1jm\u016f z\u00fa\u010dastn\u011bn\u00fdch stran.<\/li>\n<li>Vytv\u00e1\u0159en\u00ed vlastn\u00edho kapit\u00e1lu: Podpora finan\u010dn\u00ed podpory ze strany \u010dlen\u016f.<\/li>\n<li>R\u016fznorod\u00e9 sponzorstv\u00ed ob\u010dansk\u00e9 spole\u010dnosti: Umo\u017en\u011bn\u00ed \u0161irok\u00e9ho spektra podpory.<\/li>\n<li>Demokratick\u00e9 \u0159\u00edzen\u00ed platformy: Zapojen\u00ed \u010dlen\u016f do rozhodovac\u00edch proces\u016f.<\/li>\n<li>Dlouhodob\u00e1 perspektiva rozvoje: Zapojen\u00ed z\u00fa\u010dastn\u011bn\u00fdch stran pro trval\u00fd r\u016fst.<\/li>\n<\/ul>\n<h2> <\/h2>\n<h2>Miln\u00edky:<\/h2>\n<ul>\n<li>Zakl\u00e1daj\u00edc\u00ed shrom\u00e1\u017ed\u011bn\u00ed se konalo 9. \u0159\u00edjna 2023; s\u00eddlo je ve V\u00eddni\/Rakousku.<\/li>\n<li>\u010clenov\u00e9 zakl\u00e1daj\u00edc\u00edho subjektu: Evropsk\u00e1 kulturn\u00ed nadace, CMFE &#8211; Community Media Forum Europe, Cultural Broadcasting Archive, Eurozine, fairkom, Krytyka Polityczna, Voxeurop.<\/li>\n<li>N\u00e1stup nov\u00fdch \u010dlen\u016f: O\u010dek\u00e1v\u00e1 se na ja\u0159e 2024<\/li>\n<\/ul>\n<h2>Pro\u010d p\u0159isp\u011bt?<\/h2>\n<h4>V\u00fdhody<\/h4>\n<ul>\n<li>Skv\u011bl\u00e9 p\u0159\u00edb\u011bhy z n\u011bkolika kout\u016f kontinentu, p\u0159elo\u017een\u00e9 do 15 jazyk\u016f<\/li>\n<li>Slu\u017eba zas\u00edl\u00e1n\u00ed novinek (opt-in)<\/li>\n<li>Bezplatn\u00fd \u00fa\u010det <a href=\"https:\/\/displayeurope.social\">Mastodon<\/a> (zaregistrujte se a z\u00edskejte p\u0159ihla\u0161ovac\u00ed kl\u00ed\u010d Display Europe)<\/li>\n<\/ul>\n<p>M\u00e1me n\u011bkolik n\u00e1pad\u016f na roz\u0161\u00ed\u0159en\u00ed platformy a p\u0159id\u00e1n\u00ed dal\u0161\u00edch u\u017eite\u010dn\u00fdch online slu\u017eeb, aby se Display Europe stal va\u0161\u00ed digit\u00e1ln\u00ed z\u00e1kladnou. Ka\u017ed\u00fd p\u0159\u00edsp\u011bvek pom\u016f\u017ee d\u00e1le rozv\u00edjet nez\u00e1visl\u00e9 medi\u00e1ln\u00ed centrum!<\/p>\n\n<p>\n<a href=\"https:\/\/kulturspenden.at\/donations\/spende-an-display-europe\" target=\"_blank\" rel=\"noopener\">\n\t<div class=\"donation-logo\" style=\"position:relative;max-width:10rem;padding:0;margin:0;\">\n\t\t<svg viewbox=\"0 0 205.9 39.69\" style=\"position: absolute; top: 0px; left: 0px; width: 100%; height: 100%;\"><path d=\"m34.56,11.36l1.82-1.82c.17-.17.22-.33.22-.55v-.17c0-4.85-3.8-8.82-8.82-8.82-2.26,0-4.57.94-6.23,2.59l-3.64,3.64v-3.36c0-.5-.39-.88-.88-.88H.88c-.5,0-.88.39-.88.88v33.95c0,.5.39.88.88.88h16.15c.5,0,.88-.39.88-.88v-3.36l5.95,5.95c.22.22.44.28.66.28s.44-.06.66-.28l13.34-13.34c1.65-1.65,2.59-3.86,2.59-6.23,0-3.91-2.65-7.39-6.56-8.49h0Zm-11.35-7.11c1.21-1.21,2.87-1.93,4.57-1.93,3.42,0,6.23,2.59,6.45,6.06l-8.99,8.99c-1.23-4.52-5.52-6.35-8.31-6.35h-.5l6.78-6.78h0Zm-7.61,31.14H2.32V4.3h13.28v4.24l-5.07,5.07c-1.65,1.65-2.59,3.86-2.59,6.23s.94,4.57,2.59,6.23l5.07,5.07v4.24h0Zm21.28-10.97l-12.35,12.35-12.35-12.35c-1.27-1.27-1.93-2.92-1.93-4.57,0-3.69,2.92-6.5,6.5-6.5s6.5,2.81,6.5,6.5c0,.66.5,1.16,1.16,1.16.5,0,.83-.33,1.27-.77l6.89-6.89c3.47.17,6.23,2.92,6.23,6.5,0,1.65-.66,3.31-1.93,4.57h0Z\" stroke-width=\"0\" fill=\"#1a171b\"><\/path><path d=\"m205.69,23.89c-.07-.22-.26-.22-.43-.14-.19.07-.43.17-.82.17-.58,0-.89-.29-.89-1.18v-5.25h2.35c.14,0,.31-.12.31-.31v-1.39c0-.19-.17-.31-.31-.31h-2.35v-1.87c0-.12-.1-.34-.34-.31l-1.65.12-.29,2.06h-1.15c-.12,0-.29.12-.29.31v1.39c0,.19.17.31.31.31h1.03v5.18c0,2.83,1.68,3.41,3,3.41,1.39,0,2.11-.58,1.99-.91l-.48-1.27h0Zm-10.22-.43c-.62.55-1.22.77-1.8.77-.72,0-1.22-.41-1.22-1.1,0-.6.36-1.03,1.03-1.29l1.65-.62.34.1v2.16-.02Zm3.43.89c-.02-.19-.12-.26-.31-.26-.65,0-.86-.14-.86-.89v-4.03c0-2.59-1.46-3.91-3.79-3.91-1.92,0-3.31,1.1-3.74,2.71-.07.26.02.38.22.46l1.37.46c.17.05.36.02.46-.26.26-.86.74-1.34,1.65-1.34.79,0,1.56.34,1.56,1.53v.31l-.24.34-2.37.79c-1.68.55-2.76,1.51-2.76,2.95,0,1.75,1.46,2.88,3,2.88,1.08,0,1.75-.36,2.33-.86h.82c.17.31.7.79,1.53.79.62,0,1.25-.14,1.22-.58l-.07-1.08h-.02Zm-10.86,1.58c.22,0,.41-.19.41-.41v-2.16c0-.22-.19-.41-.41-.41h-1.92c-.22,0-.41.19-.41.41v2.16c0,.22.19.41.41.41h1.92Zm-4.53,0c.19,0,.31-.17.31-.31v-6.59c0-2.81-1.97-3.72-3.17-3.72-.98,0-1.77.34-2.4.91h-.89l-.1-.46c-.02-.14-.1-.34-.36-.34h-1.32c-.17,0-.31.14-.31.31v9.88c0,.14.12.31.31.31h1.75c.19,0,.31-.17.31-.31v-6.45c0-1.27,1.15-1.77,2.06-1.77,1.06,0,1.73.65,1.73,1.63v6.59c0,.14.12.31.31.31h1.77Zm-11.27-4.75c.7,0,.84-.34.84-1.29,0-2.66-1.85-4.63-4.51-4.63-3,0-4.94,2.54-4.94,5.4s1.75,5.42,4.94,5.42c2.54,0,3.86-1.65,4.36-2.95.05-.14.05-.31-.17-.41l-1.41-.6c-.19-.07-.36,0-.46.22-.34.84-.86,1.73-2.33,1.73s-2.35-1.13-2.52-2.42l.36-.46h5.84Zm-6.09-1.77c.24-1.2,1.22-2.13,2.42-2.13s2.11.84,2.11,2.13h-4.53Zm-6.79,1.89c0,1.44-.82,2.71-2.45,2.71-1.82,0-2.59-1.58-2.59-3.36s.77-3.33,2.59-3.33c1.63,0,2.45,1.22,2.45,2.69v1.29Zm-3.09-6.04c-2.3,0-4.36,2.21-4.36,5.37,0,2.9,1.7,5.44,4.36,5.44,1.03,0,1.82-.36,2.42-.94h.84l.1.48c.02.14.12.31.31.31h1.37c.19,0,.31-.17.31-.31v-15.16c0-.14-.12-.31-.31-.31h-1.75c-.19,0-.31.17-.31.31v5.54l-.58.19c-.6-.58-1.41-.94-2.4-.94m-6.64,10.67c.19,0,.31-.17.31-.31v-6.59c0-2.81-1.97-3.72-3.17-3.72-.98,0-1.77.34-2.4.91h-.89l-.1-.46c-.02-.14-.1-.34-.36-.34h-1.32c-.17,0-.31.14-.31.31v9.88c0,.14.12.31.31.31h1.75c.19,0,.31-.17.31-.31v-6.45c0-1.27,1.15-1.77,2.06-1.77,1.06,0,1.73.65,1.73,1.63v6.59c0,.14.12.31.31.31h1.77Zm-11.15-4.75c.7,0,.84-.34.84-1.29,0-2.66-1.85-4.63-4.51-4.63-3,0-4.94,2.54-4.94,5.4s1.75,5.42,4.94,5.42c2.54,0,3.86-1.65,4.36-2.95.05-.14.05-.31-.17-.41l-1.41-.6c-.19-.07-.36,0-.46.22-.34.84-.86,1.73-2.33,1.73s-2.35-1.13-2.52-2.42l.36-.46h5.84Zm-6.09-1.77c.24-1.2,1.22-2.13,2.42-2.13s2.11.84,2.11,2.13h-4.53Zm-11.44.65c0-1.44.82-2.73,2.45-2.73,1.82,0,2.59,1.58,2.59,3.36s-.77,3.33-2.59,3.33c-1.63,0-2.45-1.2-2.45-2.66v-1.29h0Zm3.09,6.02c2.3,0,4.36-2.18,4.36-5.37,0-2.88-1.73-5.44-4.36-5.44-1.03,0-1.82.38-2.42.96h-.84l-.1-.48c-.02-.14-.12-.31-.31-.31h-1.37c-.19,0-.31.17-.31.31v14.65c0,.14.12.31.31.31h1.75c.19,0,.31-.17.31-.31v-5.04l.58-.19c.6.58,1.41.91,2.4.91m-11.25-6.81c-.7-.31-1.08-.55-1.08-1.13s.7-.94,1.37-.94c.94,0,1.25.53,1.46,1.22.07.26.26.29.43.24l1.41-.5c.19-.07.26-.14.19-.43-.41-1.39-1.56-2.47-3.5-2.47-2.16,0-3.62,1.39-3.62,2.88,0,1.22.72,2.18,2.04,2.85.77.38,1.1.5,1.99.94.74.36,1.01.62,1.01,1.1,0,.58-.53,1.1-1.61,1.1-1.22,0-1.68-.91-1.8-1.77-.02-.24-.17-.31-.41-.24l-1.51.5c-.14.05-.22.17-.19.36.29,1.89,1.97,3.12,3.86,3.12,2.16,0,3.91-1.29,3.91-3.17,0-1.32-.82-2.21-2.3-2.93-.6-.29-1.18-.53-1.65-.74m-8.92,6.67c.19,0,.31-.17.31-.31v-5.37c0-1.68.72-2.76,1.73-2.76.55,0,.91.19,1.27.43.19.12.38,0,.46-.17l.72-1.56c.05-.12,0-.26-.14-.41-.19-.19-.72-.53-1.39-.53-.79,0-1.39.31-2.04,1.08h-.89l-.1-.58c-.02-.14-.1-.34-.36-.34h-1.32c-.17,0-.31.14-.31.31v9.88c0,.14.12.31.31.31h1.75v.02Zm-4.99,0c.17,0,.31-.14.31-.31v-9.88c0-.14-.12-.31-.31-.31h-1.75c-.19,0-.31.17-.31.31v6.45c0,1.27-1.15,1.77-2.06,1.77-1.06,0-1.73-.65-1.73-1.63v-6.59c0-.14-.12-.31-.31-.31h-1.75c-.19,0-.31.17-.31.31v6.59c0,2.81,1.97,3.72,3.17,3.72.98,0,1.77-.34,2.4-.91h.89l.1.46c.02.14.1.34.36.34h1.32-.02Zm-10.62-2.04c-.07-.22-.26-.22-.43-.14-.19.07-.43.17-.82.17-.58,0-.89-.29-.89-1.18v-5.25h2.35c.14,0,.31-.12.31-.31v-1.39c0-.19-.17-.31-.31-.31h-2.35v-1.87c0-.12-.1-.34-.34-.31l-1.65.12-.29,2.06h-1.15c-.12,0-.29.12-.29.31v1.39c0,.19.17.31.31.31h1.03v5.18c0,2.83,1.68,3.41,3,3.41,1.39,0,2.11-.58,1.99-.91l-.48-1.27h.01Zm-7.99,2.04c.19,0,.31-.17.31-.31v-15.16c0-.14-.12-.31-.31-.31h-1.75c-.19,0-.31.17-.31.31v15.16c0,.14.12.31.31.31h1.75Zm-4.99,0c.17,0,.31-.14.31-.31v-9.88c0-.14-.12-.31-.31-.31h-1.75c-.19,0-.31.17-.31.31v6.45c0,1.27-1.15,1.77-2.06,1.77-1.06,0-1.73-.65-1.73-1.63v-6.59c0-.14-.12-.31-.31-.31h-1.75c-.19,0-.31.17-.31.31v6.59c0,2.81,1.97,3.72,3.17,3.72.98,0,1.77-.34,2.4-.91h.89l.1.46c.02.14.1.34.36.34h1.32-.02Zm-9.81,0c.26,0,.41-.26.24-.5l-4.08-5.68,3.6-3.81c.14-.17.07-.5-.24-.5h-2.09c-.12,0-.19.05-.26.12l-3.62,4.03v-9.11c0-.14-.12-.31-.31-.31h-1.75c-.19,0-.31.17-.31.31v15.16c0,.14.12.31.31.31h1.75c.19,0,.31-.17.31-.31v-3.14l.67-.72h.62l2.81,4c.1.12.14.17.26.17h2.09v-.02Z\" stroke-width=\"0\" fill=\"#1a171b\"><\/path><\/svg><div class=\"css-175oi2r\" style=\"opacity: 0;\"><svg viewbox=\"0 0 205.9 39.69\"><path d=\"m24.53,36.77l-12.35-12.35c-1.27-1.27-1.93-2.92-1.93-4.57,0-3.69,2.92-6.5,6.5-6.5s6.5,2.81,6.5,6.5c0,.66.5,1.16,1.16,1.16.5,0,.83-.33,1.27-.77l6.89-6.89c3.47.17,6.23,2.92,6.23,6.5,0,1.65-.66,3.31-1.93,4.57l-12.35,12.35h.01Z\" stroke-width=\"0\" fill=\"#d51130\"><\/path><path d=\"m12.93,25.16c-1.05-1.05-1.6-2.43-1.6-3.81,0-3.04,2.49-5.41,5.41-5.41s5.41,2.36,5.41,5.32c0,.99.84,1.81,1.84,1.81.77,0,1.24-.39,1.9-1.05l8.39-8.39c-.49-.14-1.18-.26-1.71-.28l-6.89,6.89c-.44.44-.77.77-1.27.77-.66,0-1.16-.5-1.16-1.16,0-3.69-2.87-6.5-6.5-6.5s-6.5,2.81-6.5,6.5c0,1.65.66,3.31,1.93,4.57l.75.75h0Z\" stroke-width=\"0\" fill=\"#8d191d\"><\/path><\/svg><\/div>\n\t<\/div>\n<\/a>\n<\/p>\n","protected":false},"excerpt":{"rendered":"<p>Valn\u00e9 shrom\u00e1\u017ed\u011bn\u00ed Dru\u017estvo Display Europe 3. mimo\u0159\u00e1dn\u00e9 valn\u00e9 shrom\u00e1\u017ed\u011bn\u00ed 28. ledna 2025, 13.00 hodin st\u0159edoevropsk\u00e9ho \u010dasuHybridn\u00ed:@ Jasna 10\/3, Var\u0161ava@ https:\/\/pro.fairteaching.net\/r\/ECF Konstatov\u00e1n\u00ed, \u017ee valn\u00e1 hromada byla \u0159\u00e1dn\u011b svol\u00e1na, ur\u010den\u00ed usn\u00e1\u0161en\u00edschopnosti Zpr\u00e1va p\u0159edstavenstva a p\u0159edsedy dozor\u010d\u00ed rady Schv\u00e1len\u00ed jednac\u00edho \u0159\u00e1du spr\u00e1vn\u00ed rady Volba \u010dlen\u016f p\u0159edstavenstva Volba \u010dlen\u016f dozor\u010d\u00ed rady Zm\u011bna stanov \u00a7 18. Zastupov\u00e1n\u00ed dru\u017estva P\u0159edstavenstvo zastupuje [&hellip;]<\/p>\n","protected":false},"author":1,"featured_media":0,"parent":0,"menu_order":0,"comment_status":"closed","ping_status":"closed","template":"","meta":{"footnotes":""},"class_list":["post-6678","page","type-page","status-publish","hentry"],"_links":{"self":[{"href":"https:\/\/archive.displayeurope.eu\/cs\/wp-json\/wp\/v2\/pages\/6678","targetHints":{"allow":["GET"]}}],"collection":[{"href":"https:\/\/archive.displayeurope.eu\/cs\/wp-json\/wp\/v2\/pages"}],"about":[{"href":"https:\/\/archive.displayeurope.eu\/cs\/wp-json\/wp\/v2\/types\/page"}],"author":[{"embeddable":true,"href":"https:\/\/archive.displayeurope.eu\/cs\/wp-json\/wp\/v2\/users\/1"}],"replies":[{"embeddable":true,"href":"https:\/\/archive.displayeurope.eu\/cs\/wp-json\/wp\/v2\/comments?post=6678"}],"version-history":[{"count":6,"href":"https:\/\/archive.displayeurope.eu\/cs\/wp-json\/wp\/v2\/pages\/6678\/revisions"}],"predecessor-version":[{"id":50242,"href":"https:\/\/archive.displayeurope.eu\/cs\/wp-json\/wp\/v2\/pages\/6678\/revisions\/50242"}],"wp:attachment":[{"href":"https:\/\/archive.displayeurope.eu\/cs\/wp-json\/wp\/v2\/media?parent=6678"}],"curies":[{"name":"wp","href":"https:\/\/api.w.org\/{rel}","templated":true}]}}