{"id":15197,"date":"2023-06-27T14:23:20","date_gmt":"2023-06-27T12:23:20","guid":{"rendered":"https:\/\/archive.displayeurope.eu\/unsere-vision\/"},"modified":"2024-10-09T13:47:09","modified_gmt":"2024-10-09T11:47:09","slug":"unsere-vision-faq","status":"publish","type":"page","link":"https:\/\/archive.displayeurope.eu\/de\/unsere-vision-faq\/","title":{"rendered":"Unsere Vision &amp; FAQ"},"content":{"rendered":"\n<h1 class=\"wp-block-heading\">Unsere Vision &amp; FAQ<\/h1>\n\n<h2 class=\"wp-block-heading\">\u00a0<\/h2>\n\n<h2 class=\"wp-block-heading\">Unser Leitbild<\/h2>\n\n<p><strong>Die Architekten von Display glauben an europ\u00e4ische Medien, die auf \u00f6ffentlichen Werten und Inklusivit\u00e4t beruhen. <\/strong><\/p>\n\n<p>Sie tragen zu einer gemeinsamen europ\u00e4ischen Medienlandschaft bei, denn Kr\u00e4fte, die sich nicht an Grenzen halten, pr\u00e4gen das Leben der Europ\u00e4er. Sie schaffen einen von Regierungen und kommerziellen Einfl\u00fcssen unabh\u00e4ngigen Raum, in dem die Europ\u00e4er &#8211; unabh\u00e4ngig von ihrem Hintergrund &#8211; Kontakte kn\u00fcpfen, Ideen austauschen, Meinungen diskutieren und zuverl\u00e4ssige Informationen finden k\u00f6nnen, um die M\u00e4chtigen zur Rechenschaft zu ziehen.<\/p>\n\n<h2 class=\"wp-block-heading\">\u00a0<\/h2>\n\n<h3 class=\"wp-block-heading\">Kostenlos und vertrauensw\u00fcrdig<\/h3>\n\n<p>Display Europe hat sich zum Ziel gesetzt, den B\u00fcrgern des gesamten Kontinents vertrauensw\u00fcrdige Informationen und Perspektiven zu bieten, die von den Mainstream- und nationalen Medien oft \u00fcbersehen werden. Durch die Konzentration auf \u00dcbersetzung, Syndizierung und selbst erstellte Inhalte will Display Europe einen umfassenden Blick auf Europa bieten, vom Kap Roca bis zur Wasserscheide im Ural. Zu den Originalinhalten geh\u00f6ren monatliche regionale und thematische Presseschauen, grenz\u00fcberschreitende Multimedia-Projekte zu Themen von europ\u00e4ischer Relevanz und eine w\u00f6chentliche europ\u00e4ische Talkshow. Es wird als kostenloses, zentrales Portal f\u00fcr kuratierte Inhalte dienen, das durchsuchbar und in 15 europ\u00e4ische Sprachen \u00fcbersetzbar ist.<\/p>\n\n<h2 class=\"wp-block-heading\">\u00a0<\/h2>\n\n<h3 class=\"wp-block-heading\">Mitmachen und teilen<\/h3>\n\n<p>Die Plattform setzt sich f\u00fcr eine aktive Beteiligung der \u00d6ffentlichkeit ein und wird die europ\u00e4ischen B\u00fcrger dazu ermutigen, die Medien und ihre Werte aktiv mitzugestalten. Funktionen wie der Artikel-Club werden Leser mit Journalisten zusammenbringen und den Gemeinschaftsgedanken in der Medienproduktion f\u00f6rdern. Dar\u00fcber hinaus wird ein dynamisches Modell f\u00fcr nutzergenerierte Inhalte die Nutzer ermutigen, ihre einzigartige europ\u00e4ische Perspektive zu teilen, unterst\u00fctzt durch soziale Medien und Partnerschaften mit gleichgesinnten Champions und Organisationen.<\/p>\n\n<h2 class=\"wp-block-heading\">\u00a0<\/h2>\n\n<h3 class=\"wp-block-heading\">Sicher und ethisch<\/h3>\n\n<p>Als Verbundnetz bestehender Plattformen nutzt Display Europe Open-Source-Software und offene Protokolle, die auf datenschutzfreundlichen Verfahren basieren. Die Plattform basiert auf einer souver\u00e4nen, selbstverwalteten, quelloffenen digitalen Infrastruktur, die die Unabh\u00e4ngigkeit von Big-Tech-Plattformen f\u00fcr soziale Medien und Streaming gew\u00e4hrleistet. Im Gegensatz zu anderen Plattformen f\u00fchren die Empfehlungsalgorithmen von Display die Nutzer auf eine gemischte und ausgewogene Inhaltsreise. Display sammelt personenbezogene Daten nur dann, wenn es gr\u00fcnes Licht gibt, und die Nutzer k\u00f6nnen der Datenerfassung vollst\u00e4ndig widersprechen.<\/p>\n\n<h2 class=\"wp-block-heading\">H\u00e4ufig gestellte Fragen<\/h2>\n\n<h3 class=\"wp-block-heading\">Was ist Display Europe?<\/h3>\n\n<p>Display Europe ist eine Medienplattform, die eine europ\u00e4ische Perspektive in 15 Sprachen bietet. Sie bietet Display Originals und f\u00f6derierte Medieninhalte, die von einem Netzwerk unabh\u00e4ngiger Medienorganisationen aus dem ganzen Kontinent bereitgestellt werden. Display Europe, das auf \u00f6ffentlichen Werten und Inklusivit\u00e4t basiert, wird mit Open-Source-Software erstellt und l\u00f6st sich von den unethischen Datenerfassungspraktiken der Big Tech. Seine Algorithmen f\u00fchren die Nutzer zu einem gemischten und ausgewogenen Inhaltserlebnis.<\/p>\n\n<p>Displayeurope.eu ist eine einzigartige Plattform, die Zugang zu einer breiten Palette von Inhalten europ\u00e4ischer Medien bietet. Ziel ist es, Filterblasen zu durchbrechen und den B\u00fcrgern in ganz Europa Zugang zu zuverl\u00e4ssigen Informationen zu verschaffen. Die Plattform deckt verschiedene Aspekte Europas ab, die traditionell nicht von den Mainstream- oder nationalen Medien abgedeckt werden. Display Europe revolutioniert die europ\u00e4ische Medienlandschaft, indem es sich auf die \u00dcbersetzung, die Syndizierung und die Produktion von Originalinhalten konzentriert. <\/p>\n\n<p>Die Entwicklung von displayeurope.eu wird von einem Konsortium mit siebzehn Mitgliedern aus dem Bereich der unabh\u00e4ngigen Medien und der ethischen Technologie unter dem Titel Display Europe &#8211; Democracy Runs on Screens geleitet. Das Projekt wurde mit einem Zuschuss der Europ\u00e4ischen Union kofinanziert.<\/p>\n\n<p>Dar\u00fcber hinaus verwaltet Display Europe &#8211; Democracy Runs on Screens auch zwei Zuschussprogramme &#8211; die Aufforderung zur Einreichung von Vorschl\u00e4gen f\u00fcr Display Europe-Zusch\u00fcsse (geschlossen) und die Aufforderung zur Einreichung von Vorschl\u00e4gen f\u00fcr Display Europe-Mikrozusch\u00fcsse (monatlich fortlaufend bis zum 31. M\u00e4rz 2023 ge\u00f6ffnet). Weitere Informationen \u00fcber die Aufforderung zur Einreichung von Kleinstzusch\u00fcssen finden Sie <a href=\"https:\/\/culturalfoundation.eu\/programmes\/display-europe\/\"><u>hier<\/u><\/a>. Die Stipendiaten, die diese Zusch\u00fcsse erhalten, werden Inhalte erstellen, die auf Display Europe pr\u00e4sentiert werden. <\/p>\n\n<h3 class=\"wp-block-heading\">Wie funktioniert Display Europe?<\/h3>\n\n<p>Display Europe ist ein entscheidender Bestandteil der digitalen Infrastruktur, der eine v\u00f6llig neue Ebene von Inhalten \u00fcber Medienkan\u00e4le, Ver\u00f6ffentlichungs- und Sendeformate, Regionen und Sprachen hinweg verbindet und zug\u00e4nglich macht. Es funktioniert als Verbundnetz bestehender Plattformen, das mit Open-Source-Software und offenen Protokollen auf der Grundlage datenschutzfreundlicher Verfahren arbeitet. Es bietet eine Plattform f\u00fcr Medien, die nicht in der Lage sind, kostspielige und teure digitale Infrastrukturen aufzubauen und zu unterhalten, aber dennoch relevante Inhalte f\u00fcr ein internationales Publikum anbieten k\u00f6nnen. Das Konsortium bindet Community-Medien sowie kleine und mittlere Inhaltsersteller ein und f\u00f6rdert sie als expandierende internationale Berufsgemeinschaft.<\/p>\n\n<h3 class=\"wp-block-heading\">Wer verwaltet Display Europe?<\/h3>\n\n<p><a href=\"https:\/\/culturalfoundation.eu\/programmes\/display-europe\/\"><u>Display Europa<\/u><\/a> wird betrieben von einem Konsortium aus <a href=\"https:\/\/culturalfoundation.eu\/\"><u>Europ\u00e4ischen Kulturstiftung<\/u><\/a> (ECF), <a href=\"https:\/\/cba.media\/what-is-the-cba\"><u>Archiv f\u00fcr kulturelle Sendungen<\/u><\/a> (CBA), <a href=\"https:\/\/www.fairkom.eu\/\" data-type=\"link\" data-id=\"https:\/\/www.fairkom.eu\/\">fairkom<\/a>, Eurozine, Voxeurop, Hostwriter, Krytyka Polityczna, <a href=\"https:\/\/www.eldiario.es\/\"><u>El Diario<\/u><\/a>Gute Gespr\u00e4che, <a href=\"https:\/\/publicspaces.net\/\"><u>\u00d6ffentliche R\u00e4ume<\/u><\/a>, <a href=\"https:\/\/www.cmfe.eu\/\"><u>Gemeinschaftliches Medienforum Europa<\/u><\/a> (CMFE), <a href=\"https:\/\/www.human.nl\/\"><u>Menschlich<\/u><\/a>, <a href=\"https:\/\/www.vpro.nl\/\"><u>VPRO<\/u><\/a>, <a href=\"https:\/\/www.soundandvision.com\/\"><u>Ton &amp; Bild<\/u><\/a>, <a href=\"https:\/\/yepp.it\/ita\"><u>YEPP Italia<\/u><\/a>, Fanzingo und <a href=\"https:\/\/www.schumanshow.eu\/\"><u>Schuman-Schau<\/u><\/a>.<\/p>\n\n<h3 class=\"wp-block-heading\">Ist displayeurope.eu kostenlos?<\/h3>\n\n<p>Die Inhalte des Portals sind quelloffen und ohne Bezahlschranke frei zug\u00e4nglich. Empfehlungen werden es jedoch erm\u00f6glichen, auf Qualit\u00e4tsinhalte hinter Bezahlschranken auf den eigenen Webseiten der Partner zu verweisen. Dies erm\u00f6glicht es <strong>den Partnern<\/strong> auch, ihre Inhalte \u00fcber die Plattform zu bewerben. Die Plattform basiert auf einem Open-Source-Modell und erm\u00f6glicht es den Partnern, ihre Inhalte \u00fcber verschiedene Kan\u00e4le zu verbreiten, darunter soziale Medien, Fernsehen, Radio und Zeitungen. Dieser Ansatz legt den Schwerpunkt auf Zusammenarbeit und origin\u00e4re Inhalte, nicht auf exklusives Material.<\/p>\n\n<h3 class=\"wp-block-heading\">Woher kommen die Mittel f\u00fcr Display Europe?<\/h3>\n\n<p>Display Europe &#8211; Democracy Runs on Screens wird von der Generaldirektion Kommunikationsnetze, Inhalte und Technologie im Rahmen des Aufrufs zum Pilotprojekt &#8222;Europ\u00e4ische Medienplattformen&#8220; kofinanziert. Zus\u00e4tzliche Mittel kommen von der Europ\u00e4ischen Kulturstiftung und anderen Partnern im Konsortium. L\u00e4ngerfristig wird Display Europe durch eine Mischung aus \u00f6ffentlichen (europ\u00e4ischen) Mitteln, philanthropischen Mitteln und Mitgliedschaften, Spenden und Abonnements finanziert.<\/p>\n\n<h3 class=\"wp-block-heading\">Kann ich an displayeurope.eu teilnehmen?<\/h3>\n\n<p><strong>Ja<\/strong><strong>, Sie k\u00f6nnen. <\/strong>Display Europe bietet ein aktives \u00f6ffentliches Forum, in dem die europ\u00e4ischen B\u00fcrger ermutigt werden, Informationen auszutauschen und zu erfahren.<\/p>\n\n<p><strong>EUROPE TALKS<\/strong><\/p>\n\n<p>Display Europe wird die M\u00f6glichkeiten zur aktiven Beteiligung auf der Plattform schrittweise erweitern. Ab dem Fr\u00fchjahr 2024 k\u00f6nnen die Leser auch ihre Meinung \u00e4u\u00dfern und mit anderen Lesern \u00fcber breitere politische Themen diskutieren. In jedem Artikel auf Display werden Frageb\u00f6gen eingebettet sein, um die Ansichten der Leser zu Artikelthemen und zur europ\u00e4ischen Politik zu erfahren. Ein Matching-Algorithmus wird einzelne Teilnehmer mit jemandem zusammenbringen, der ganz anders denkt als sie, wenn m\u00f6glich in einem anderen europ\u00e4ischen Land.<\/p>\n\n<p><strong>ARTIKEL-CLUB<\/strong><\/p>\n\n<p>Originalinhalte, die f\u00fcr Display Europe erstellt wurden, werden in einem monatlichen Article Club vorgestellt, in dem die beteiligten Journalisten ein \u00f6ffentliches Forum f\u00fcr Diskussionen mit den Nutzern er\u00f6ffnen. Ziel des Artikelclubs ist es, die Leser mit den Journalisten hinter der Plattform in Kontakt zu bringen und die Journalisten zu ermutigen, bei der Erstellung und Bewertung ihrer Artikel einen Gemeinschaftsgedanken zu verfolgen. Das Format wird es den Journalisten auch erm\u00f6glichen, sich an das Publikum zu wenden, um Fachwissen und Anregungen f\u00fcr das Schreiben k\u00fcnftiger Artikel zu erhalten.<\/p>\n\n<p><strong>SOZIALE MEDIEN<\/strong><\/p>\n\n<p>L\u00e4ngerfristig wird sich das Engagement von Display Europe auf ein dynamisches Inhaltsmodell st\u00fctzen, das die Nutzer dazu ermutigt, ihre Sichtweise auf Europa zu teilen. Die Plattform wird Open-Source-Social-Media-Strategien (insbesondere Mastodon) einbinden, um Gespr\u00e4che zu f\u00f6rdern, Inhalte zu verbreiten und Kernbotschaften zu verst\u00e4rken. Partnerschaften mit Multiplikatoren und Organisationen, die mit den Werten von Display Europe \u00fcbereinstimmen, sind ebenfalls ein wichtiger Bestandteil der Strategie.<\/p>\n\n<h3 class=\"wp-block-heading\">Was ist anders an Display Europe im Vergleich zu anderen europ\u00e4ischen Medienplattformen?<\/h3>\n\n<ul class=\"wp-block-list\">\n<li>Display Europe richtet sich direkt an die B\u00fcrgerinnen und B\u00fcrger, im Gegensatz zu Dienstleistungsplattformen f\u00fcr andere Medien.<\/li>\n\n\n\n<li>Display Europe wird alle EU-Mitgliedstaaten und mehrere Nachbarl\u00e4nder, einschlie\u00dflich der westlichen Balkanl\u00e4nder und der Ukraine, abdecken.<\/li>\n\n\n\n<li>Display Europe wird von der Zivilgesellschaft aufgebaut und hat kein anderes Interesse, als die europ\u00e4ische Demokratie zu st\u00e4rken.<\/li>\n\n\n\n<li>Display Europe basiert auf Open-Source-Technologie, die auch von anderen genutzt werden kann.<\/li>\n\n\n\n<li>Display Europe l\u00f6st sich von den unethischen Datenerfassungspraktiken von Big Tech.<\/li>\n\n\n\n<li>Display Europe ist in 15 Sprachen verf\u00fcgbar.<\/li>\n<\/ul>\n\n<h3 class=\"wp-block-heading\">In welchen Sprachen ist Display Europe verf\u00fcgbar?<\/h3>\n\n<p>In der Anfangsphase ist Display Europe in den folgenden Sprachen verf\u00fcgbar<\/p>\n\n<ol class=\"wp-block-list\">\n<li>Englisch<\/li>\n\n\n\n<li>Deutsch<\/li>\n\n\n\n<li>Kroatisch \/ Bosnisch \/ Serbisch<\/li>\n\n\n\n<li>Tschechisch<\/li>\n\n\n\n<li>Slowakisch<\/li>\n\n\n\n<li>Franz\u00f6sisch<\/li>\n\n\n\n<li>Ungarisch<\/li>\n\n\n\n<li>Italienisch<\/li>\n\n\n\n<li>Polnisch<\/li>\n\n\n\n<li>Spanisch<\/li>\n\n\n\n<li>Niederl\u00e4ndisch<\/li>\n\n\n\n<li>Portugiesisch<\/li>\n\n\n\n<li>Ukrainisch<\/li>\n\n\n\n<li>Russisch<\/li>\n\n\n\n<li>T\u00fcrkisch<\/li>\n<\/ol>\n\n<p>In sp\u00e4teren Phasen werden weitere Sprachen wie Arabisch, Rum\u00e4nisch und Schwedisch hinzukommen.<\/p>\n\n<h3 class=\"wp-block-heading\">Werden origin\u00e4re Inhalte erstellt?<\/h3>\n\n<p>Die Redaktionspartner Eurozine (AUT), Voxeurop (FR), Krytyka Polityczna (PL), ElDiario (ESP) und HUMAN (NL) sind f\u00fcr die Erstellung der Display Originals verantwortlich. Zu den Originalinhalten geh\u00f6ren eine w\u00f6chentliche europ\u00e4ische Talkshow, monatliche regionale und thematische Pressespiegel und multimediale grenz\u00fcberschreitende Projekte zu dringenden Themen von europ\u00e4ischer Bedeutung.<\/p>\n\n<h3 class=\"wp-block-heading\">Was ist die Hintergrundgeschichte von Display?<\/h3>\n\n<p>Als Reaktion auf das wachsende Bed\u00fcrfnis nach einem \u00f6ffentlichen Raum, der \u00fcber wirtschaftliche, soziale, kulturelle oder nationale Hintergr\u00fcnde hinausgeht, f\u00fchrte die Europ\u00e4ische Kulturstiftung 2020 und 2021 eine Reihe von Online- und Offline-Workshops durch. Diese Workshops brachten Journalisten, Forscher und B\u00fcrger zusammen, um sich ein vernetztes europ\u00e4isches Medienmodell vorzustellen, das frei von Markt- und Regierungseinfl\u00fcssen ist. Nach einem offenen Aufruf im Jahr 2021 vergibt die Europ\u00e4ische Kulturstiftung mehrere Zusch\u00fcsse, um die grenz\u00fcberschreitende journalistische Zusammenarbeit und die Entwicklung einer auf \u00f6ffentlichen Werten basierenden digitalen Infrastruktur zu f\u00f6rdern.<\/p>\n\n<p>Parallel dazu bildete eine Gruppe von Medienaktivisten, Forschern und Initiativen 2020 die Koalition Shared Digital European Public Sphere (SDEPS.eu). Der Diskurs innerhalb der Koalition und ein Ausblick auf eine m\u00f6gliche Architektur wurden in der Ver\u00f6ffentlichung &#8222;<a href=\"http:\/\/www.baratsits.at\/building-a-european-digital-public-space\/\">Building a European Digital Public Space<\/a>&#8222;, Strategies for taking back control from Big Tech platforms (2021) <a href=\"https:\/\/www.irights-lab.de\/publikationen\/dps\">https:\/\/www.irights-lab.de\/publikationen\/dps<\/a> zusammengefasst <a href=\"https:\/\/www.irights-lab.de\/publikationen\/dps\">.<\/a> Aufbauend auf diesen Diskussionen fand 2022 ein Hackathon in Linz statt <a href=\"https:\/\/cba.media\/building-a-european-cultural-backbone\">https:\/\/cba.media\/building-a-european-cultural-backbone.<\/a><\/p>\n\n<p>Die Zusammenarbeit zwischen den Zuschussempf\u00e4ngern der ECF und dem beim Hackathon entstandenen Netzwerk gipfelte in der Gr\u00fcndung von Display Europe.<\/p>\n\n<p>Die Plattform will eine gesamteurop\u00e4ische Perspektive bieten und einen Raum schaffen, in dem gemeinsame europ\u00e4ische Interessen diskutiert werden k\u00f6nnen. Sie will dem Vertrauensverlust in \u00f6ffentliche Diskussionen und Medien entgegenwirken und sich gegen faktenfreies populistisches Gedankengut und die Ausgrenzung bestimmter Gruppen in traditionellen Medien stellen.<\/p>\n\n<p>Display Europe hat das Potenzial, zu einer entscheidenden digitalen Infrastruktur f\u00fcr Europa beizutragen, indem es die Wettbewerbsbedingungen f\u00fcr Medienunternehmen und Inhaltsproduzenten anpasst. Sein Start bedeutet nicht nur die Einf\u00fchrung einer neuen Medienplattform, sondern auch eine neue \u00c4ra in den europ\u00e4ischen Medien, in der Vielfalt, Inklusivit\u00e4t und \u00f6ffentliche Werte im Mittelpunkt stehen.<\/p>\n\n<h3 class=\"wp-block-heading\">Muss ich bezahlen, um displayeurope.eu nutzen zu k\u00f6nnen?<\/h3>\n\n<p>Der Inhalt ist kostenlos, aber Sie k\u00f6nnen ihn mit einem kleinen Betrag unterst\u00fctzen, um weniger abh\u00e4ngig von EU-F\u00f6rdermitteln zu sein.<\/p>\n\n<p>Im Jahr 2024 werden wir einen Abonnementdienst anbieten, um die Wartung der Plattform, die Produktion von Inhalten und die Bereitstellung des Mastodon und weiterer k\u00fcnftiger Dienste zu unterst\u00fctzen.<\/p>\n\n<p>In der Zwischenzeit k\u00f6nnen Sie f\u00fcr die Europ\u00e4ische Kulturstiftung spenden unter <a href=\"https:\/\/culturalfoundation.iraiser.eu\/support\/~my-donation\"><u>https:\/\/culturalfoundation.iraiser.eu\/support\/~my-donation<\/u><\/a>. Die ECF als Gr\u00fcndungsmitglied wird diese Spenden an Display Europe weiterleiten.<\/p>\n\n<h3 class=\"wp-block-heading\">Ich bin ein Mitglied der Community-Medien. Wie kann ich mitmachen und Inhalte mit Ihnen austauschen?<\/h3>\n\n<p>Unser Netzwerk l\u00e4dt Einzelpersonen und Organisationen herzlich dazu ein, sich als Partner in einem kooperativen Verband zusammenzuschlie\u00dfen, der gemeinsame Werte und kontinent\u00fcbergreifende Einsichten zelebriert. Bitte finden Sie den <a href=\"https:\/\/archive.displayeurope.eu\/de\/mitmachen\/\" data-type=\"page\" data-id=\"10996\"><u>Link<\/u><\/a> zur Fu\u00dfzeile der Website &#8220;Werden Sie medie-Partner&#8220;, wo Sie weitere Einzelheiten \u00fcber den Einf\u00fchrungsprozess finden. <\/p>\n\n<h3 class=\"wp-block-heading\">Wie ist die F\u00fchrungsstruktur von Display Europe?<\/h3>\n\n<p>Display Europe ist dabei, sich in eine Genossenschaft umzuwandeln und ein Genossenschaftsmodell zu \u00fcbernehmen, das f\u00fcr sein Engagement f\u00fcr die Mitglieder und die nachhaltige Wertsch\u00f6pfung innerhalb der Plattform bekannt ist. Im Gegensatz zu traditionellen, mit Risikokapital finanzierten Plattformen stellen Genossenschaften die Interessen ihrer Mitglieder in den Vordergrund und reinvestieren den gemeinsam geschaffenen Wert in die Plattform, wodurch eine Gesch\u00e4ftsstrategie gef\u00f6rdert wird, die die Servicequalit\u00e4t der Plattform ohne \u00fcberm\u00e4\u00dfige Kommerzialisierung aufrechterh\u00e4lt.<\/p>\n\n<p>Wir laden Einzelpersonen und Organisationen ein, die mit unserer Vision \u00fcbereinstimmen, zusammenzukommen und eine transformative Genossenschaft zu gr\u00fcnden, die die europ\u00e4ische Medienlandschaft neu definiert. Gemeinsam wollen wir eine Plattform aufbauen, die Zusammenarbeit, Innovation und das gemeinsame Streben nach einem digitalen \u00f6ffentlichen Raum f\u00fcr alle verk\u00f6rpert.<\/p>\n\n<p>Wenn Sie unsere Vision teilen und sich an diesem spannenden Projekt beteiligen m\u00f6chten, laden wir Sie ein, sich an folgende Adresse zu wenden <a href=\"mailto:coop@displayeurope.eu\"><u>coop@displayeurope.eu<\/u><\/a>.<\/p>\n\n<p>Um mehr \u00fcber die Ziele, Strategien, Motivation und den Meilenstein der Coop zu erfahren, lesen Sie bitte den Text der Display Europe Cooperative in der Fu\u00dfzeile der Website<a href=\"https:\/\/archive.displayeurope.eu\/de\/?page_id=5825\" data-type=\"page\" data-id=\"4986\">(Link<\/a>).<\/p>\n\n<h3 class=\"wp-block-heading\">Sie sind ein Open-Source-Unternehmen, aber ich sehe LinkedIn und Instagram auf Ihrer Website?<\/h3>\n\n<p>Ja, wir sind eine Open-Source-Plattform und f\u00f6rdern die Nutzung von Open-Source-Social-Media-Praktiken wie PeerTube und Mastodon, aber f\u00fcr die anf\u00e4ngliche Werbung f\u00fcr das Projekt nutzen wir Social-Media-Konten wie Instagram, Facebook und LinkdIn. Wir zeigen dort meist nicht unsere Inhalte, sondern nur Teaser. Wir bef\u00fcrworten jedoch die Nutzung von Open-Source-Konten in sozialen Medien mit ethischen Standards anstelle der Mainstream-Medien.<\/p>\n\n<h3 class=\"wp-block-heading\">Welche Open-Source-Technologien verwenden wir?<\/h3>\n\n<p>Wir bevorzugen die Verwendung von Frameworks, die ActivityPub sprechen, das Protokoll f\u00fcr das <a href=\"https:\/\/archive.displayeurope.eu\/de\/?page_id=14945#\/media\/Datei:A_view_into_the_Fediverse.png\"><u>Fediverse<\/u><\/a>. Damit k\u00f6nnen wir Inhalte sehr einfach in jede Richtung austauschen.<\/p>\n\n<ul class=\"wp-block-list\">\n<li><a href=\"https:\/\/displayeurope.video\/\"><u>PeerTube<\/u><\/a> f\u00fcr den Videovertrieb<\/li>\n\n\n\n<li><a href=\"https:\/\/displayeurope.social\/explore\"><u>Mastodon<\/u><\/a> f\u00fcr Mikroblogging<\/li>\n\n\n\n<li><a href=\"https:\/\/cba.media\/\"><u>CBA<\/u><\/a> f\u00fcr Audio<\/li>\n\n\n\n<li><a href=\"https:\/\/www.discourse.org\/\" data-type=\"link\" data-id=\"https:\/\/www.discourse.org\/\"><u>Diskurs<\/u><\/a> f\u00fcr Diskussionen (soll 2024 integriert werden)<\/li>\n<\/ul>\n\n<p>F\u00fcr andere Teile der Infrastruktur verwenden wir ausschlie\u00dflich Open Source Tools wie z.B.<\/p>\n\n<ul class=\"wp-block-list\">\n<li>Keycloak (Einzelanmeldung) <a href=\"https:\/\/key.displayeurope.eu\"><u>https:\/\/key.displayeurope.eu<\/u><\/a> <\/li>\n\n\n\n<li>Minio (Speicherung &amp; CDN)<\/li>\n\n\n\n<li>kubernetes (Cloud Computing)<\/li>\n\n\n\n<li>Matomo (Statistik)<\/li>\n\n\n\n<li><a href=\"https:\/\/newsletter.displ.eu\/lists\/?p=subscribe&amp;id=1\"><u>phplist<\/u><\/a> f\u00fcr Newsletters<\/li>\n\n\n\n<li>WordPress<\/li>\n\n\n\n<li>Nextcloud<\/li>\n<\/ul>\n","protected":false},"excerpt":{"rendered":"<p>Unsere Vision &amp; FAQ \u00a0 Unser Leitbild Die Architekten von Display glauben an europ\u00e4ische Medien, die auf \u00f6ffentlichen Werten und Inklusivit\u00e4t beruhen. Sie tragen zu einer gemeinsamen europ\u00e4ischen Medienlandschaft bei, denn Kr\u00e4fte, die sich nicht an Grenzen halten, pr\u00e4gen das Leben der Europ\u00e4er. Sie schaffen einen von Regierungen und kommerziellen Einfl\u00fcssen unabh\u00e4ngigen Raum, in dem [&hellip;]<\/p>\n","protected":false},"author":1,"featured_media":0,"parent":0,"menu_order":0,"comment_status":"closed","ping_status":"closed","template":"","meta":{"footnotes":""},"class_list":["post-15197","page","type-page","status-publish","hentry"],"_links":{"self":[{"href":"https:\/\/archive.displayeurope.eu\/de\/wp-json\/wp\/v2\/pages\/15197","targetHints":{"allow":["GET"]}}],"collection":[{"href":"https:\/\/archive.displayeurope.eu\/de\/wp-json\/wp\/v2\/pages"}],"about":[{"href":"https:\/\/archive.displayeurope.eu\/de\/wp-json\/wp\/v2\/types\/page"}],"author":[{"embeddable":true,"href":"https:\/\/archive.displayeurope.eu\/de\/wp-json\/wp\/v2\/users\/1"}],"replies":[{"embeddable":true,"href":"https:\/\/archive.displayeurope.eu\/de\/wp-json\/wp\/v2\/comments?post=15197"}],"version-history":[{"count":14,"href":"https:\/\/archive.displayeurope.eu\/de\/wp-json\/wp\/v2\/pages\/15197\/revisions"}],"predecessor-version":[{"id":50016,"href":"https:\/\/archive.displayeurope.eu\/de\/wp-json\/wp\/v2\/pages\/15197\/revisions\/50016"}],"wp:attachment":[{"href":"https:\/\/archive.displayeurope.eu\/de\/wp-json\/wp\/v2\/media?parent=15197"}],"curies":[{"name":"wp","href":"https:\/\/api.w.org\/{rel}","templated":true}]}}