{"id":15399,"date":"2023-12-07T17:22:07","date_gmt":"2023-12-07T16:22:07","guid":{"rendered":"https:\/\/archive.displayeurope.eu\/werden-sie-medienpartner\/"},"modified":"2024-09-25T08:01:01","modified_gmt":"2024-09-25T06:01:01","slug":"mitmachen","status":"publish","type":"page","link":"https:\/\/archive.displayeurope.eu\/de\/mitmachen\/","title":{"rendered":"Mitmachen"},"content":{"rendered":"\n<h1 class=\"wp-block-heading\">Treten Sie dem Display Europe Netzwerk bei!<\/h1>\n\n<p>Wenn Sie ein unabh\u00e4ngiges Medienunternehmen oder eine Community-Medienorganisation sind und Ihre Artikel und Sendungen sich auf Europa und die Europ\u00e4er konzentrieren, sind Sie herzlich eingeladen, unserem Netzwerk beizutreten! Bitte f\u00fcllen Sie das untenstehende Formular aus und teilen Sie uns den RSS-Feed zu Ihren Inhalten mit. Ihre Artikel, Podcasts und Videos werden dann auf der Display Europe-Plattform zu finden sein.<\/p>\n\n<p>Wenn Sie weitere Fragen zu unserem Netz haben, schreiben Sie uns bitte an <a href=\"mailto:partner@displayeurope.eu\">partner@displayeurope.eu.<\/a><\/p>\n\n<h2 class=\"wp-block-heading\">\u00a0<\/h2>\n\n<h2 class=\"wp-block-heading\"><strong>Wie w\u00e4hlen wir aus, welche Artikel in das Portal aufgenommen werden?<\/strong><\/h2>\n\n<p>Unser Redaktionsteam besteht aus Community-Redakteuren, deren Aufgabe es ist, die von den Partnern eingereichten Artikel zur \u00dcberpr\u00fcfung und Ver\u00f6ffentlichung auszuw\u00e4hlen. Sie behandeln alle eingereichten Artikel mit dem gleichen Respekt. Die Auswahl der Artikel erfolgt anhand von vordefinierten redaktionellen Richtlinien f\u00fcr die Community-Redakteure. Sie k\u00f6nnen diese Richtlinien hier nachlesen:<\/p>\n\n<ul class=\"wp-block-list\">\n<li><a href=\"https:\/\/archive.displayeurope.eu\/wp-content\/uploads\/2024\/05\/Guidelines-for-Community-Editors-of-the-Display-Europe.pdf\">Leitlinien f\u00fcr die Gemeinschaftsredaktion von Display Europe<\/a><\/li>\n<\/ul>\n\n<p>Wenn Sie einen Artikel einreichen m\u00f6chten, der auf dem Portal erscheinen soll, schreiben Sie bitte an unsere Redaktion unter <a href=\"mailto:contact@displayeurope.eu\">contact@displayeurope.eu.<\/a><\/p>\n\n<h2 class=\"wp-block-heading\">\u00a0<\/h2>\n\n<h2 class=\"wp-block-heading\"><strong>Werden Sie Mitglied der Display Europe Co-op<\/strong><\/h2>\n\n<p>Wenn Sie sich dem Display Europe-Team anschlie\u00dfen und die Zukunft der Display Europe-Plattform mitgestalten m\u00f6chten, k\u00f6nnen Sie Mitglied unserer Genossenschaft werden. Die Display Europe Genossenschaft ist eine in \u00d6sterreich gegr\u00fcndete, gemeinn\u00fctzige Mediengenossenschaft. Wenn Sie mehr erfahren m\u00f6chten, kontaktieren Sie uns bitte unter <a href=\"mailto:coop@displayeurope.eu\">coop@displayeurope.eu.<\/a><\/p>\n\n<div style=\"height:100px\" aria-hidden=\"true\" class=\"wp-block-spacer\"><\/div>\n   <form method=\"post\" class=\"customform\">\n    <h3>Apply with your Organization<\/h3>\n    <div class=\"input-field\">\n        <label for=\"medianame\">* Organization:<\/label>\n        <input\n            type=\"text\"\n            id=\"medianame\"\n            name=\"medianame\"\n            placeholder=\"Organization Name\"\n            value=\"\"\n            required\n        >\n    <\/div>\n    <div class=\"input-field\">\n        <label for=\"contact_person\">* Contact person:<\/label>\n        <input\n            type=\"text\"\n            id=\"contact_person\"\n            name=\"contact_person\"\n            placeholder=\"Contact Name\"\n            value=\"\"\n            required\n        >\n    <\/div>\n    <div class=\"input-field\">\n        <label for=\"contact_email\">* Contact Email:<\/label>\n        <input\n            type=\"email\"\n            id=\"contact_email\"\n            name=\"contact_email\"\n            placeholder=\"you@yourcompany.org\"\n            value=\"\"\n            required\n        >\n    <\/div>\n    <div class=\"input-field\">\n        <label for=\"country\">* Country:<\/label>\n        <select\n            id=\"country\"\n            name=\"country\"\n            required\n        >\n            <option value=\"\">Please select<\/option>\n                            <option value=\"AL\">Albania<\/option>\n                            <option value=\"AD\">Andorra<\/option>\n                            <option value=\"AT\">Austria<\/option>\n                            <option value=\"BY\">Belarus<\/option>\n                            <option value=\"BE\">Belgium<\/option>\n                            <option value=\"BA\">Bosnia and Herzegovina<\/option>\n                            <option value=\"BG\">Bulgaria<\/option>\n                            <option value=\"HR\">Croatia<\/option>\n                            <option value=\"CY\">Cyprus<\/option>\n                            <option value=\"CZ\">Czech Republic<\/option>\n                            <option value=\"DK\">Denmark<\/option>\n                            <option value=\"EE\">Estonia<\/option>\n                            <option value=\"FI\">Finland<\/option>\n                            <option value=\"FR\">France<\/option>\n                            <option value=\"DE\">Germany<\/option>\n                            <option value=\"GR\">Greece<\/option>\n                            <option value=\"HU\">Hungary<\/option>\n                            <option value=\"IS\">Iceland<\/option>\n                            <option value=\"IE\">Ireland<\/option>\n                            <option value=\"IT\">Italy<\/option>\n                            <option value=\"XK\">Kosovo<\/option>\n                            <option value=\"LV\">Latvia<\/option>\n                            <option value=\"LI\">Liechtenstein<\/option>\n                            <option value=\"LT\">Lithuania<\/option>\n                            <option value=\"LU\">Luxembourg<\/option>\n                            <option value=\"MT\">Malta<\/option>\n                            <option value=\"MD\">Moldova<\/option>\n                            <option value=\"MC\">Monaco<\/option>\n                            <option value=\"ME\">Montenegro<\/option>\n                            <option value=\"NL\">Netherlands<\/option>\n                            <option value=\"MK\">North Macedonia<\/option>\n                            <option value=\"NO\">Norway<\/option>\n                            <option value=\"PL\">Poland<\/option>\n                            <option value=\"PT\">Portugal<\/option>\n                            <option value=\"RO\">Romania<\/option>\n                            <option value=\"RU\">Russia<\/option>\n                            <option value=\"SM\">San Marino<\/option>\n                            <option value=\"RS\">Serbia<\/option>\n                            <option value=\"SK\">Slovakia<\/option>\n                            <option value=\"SI\">Slovenia<\/option>\n                            <option value=\"ES\">Spain<\/option>\n                            <option value=\"SE\">Sweden<\/option>\n                            <option value=\"CH\">Switzerland<\/option>\n                            <option value=\"UA\">Ukraine<\/option>\n                            <option value=\"GB\">United Kingdom<\/option>\n                            <option value=\"VA\">Vatican City<\/option>\n                    <\/select>\n    <\/div>\n    <div class=\"input-field\">\n        <label for=\"link\">* Link:<\/label>\n        <input\n            type=\"text\"\n            id=\"link\"\n            name=\"link\"\n            placeholder=\"Your Site-URL \/ RSS-Feed\"\n            value=\"\"\n            required\n        >\n    <\/div>\n    <div class=\"input-field\">\n        <div class=\"checkbox-group\">\n            <label>* Media Type:<\/label>\n            <label><input type=\"checkbox\" name=\"choices[]\" value=\"Audio\"> Audio<\/label>\n            <label><input type=\"checkbox\" name=\"choices[]\" value=\"Video\"> Video<\/label>\n            <label><input type=\"checkbox\" name=\"choices[]\" value=\"Text\"> Text<\/label>\n        <\/div>\n        <small>\n            The types of media you plan to publish with Display Europe        <\/small>\n    <\/div>\n    <div class=\"input-field\">\n        <label for=\"comments\">Comments &amp; Questions:<\/label>\n        <textarea\n            id=\"comments\"\n            name=\"comments\"\n            rows=\"8\"\n        ><\/textarea>\n    <\/div>\n    <div class=\"input-field\">\n        <label>\n            <input\n                type=\"checkbox\"\n                name=\"accept\"\n                value=\"1\"\n                required\n            >\n            I accept the            <a\n                href=\"https:\/\/displayeurope.eu\/wp-content\/uploads\/2024\/04\/DisplayEurope_UserAgreementPartners_EN.pdf\"\n                target=\"_blank\">\n                terms & conditions.            <\/a>\n        <\/label>\n    <\/div>\n\n    <div class=\"input-group\">\n        <div class=\"input-field\">\n            <input\n                type=\"submit\"\n                name=\"custom_form_submit\"\n                value=Send            >\n        <\/div>\n        <div class=\"input-field\">\n            <div class=\"frc-captcha\" data-sitekey=\"FCMQUN6I5B87NIU7\"><\/div>\n        <\/div>\n    <\/div>\n    <small>* Required<\/small>\n\n    <script\n        type=\"module\"\n        src=\"https:\/\/archive.displayeurope.eu\/wp-content\/plugins\/customforms\/public\/js\/widget.module.min.js\"\n        async defer\n    ><\/script>\n    <script nomodule src=\"https:\/\/archive.displayeurope.eu\/wp-content\/plugins\/customforms\/public\/js\/widget.min.js\" async defer><\/script>\n<\/form>\n\n    \n","protected":false},"excerpt":{"rendered":"<p>Treten Sie dem Display Europe Netzwerk bei! Wenn Sie ein unabh\u00e4ngiges Medienunternehmen oder eine Community-Medienorganisation sind und Ihre Artikel und Sendungen sich auf Europa und die Europ\u00e4er konzentrieren, sind Sie herzlich eingeladen, unserem Netzwerk beizutreten! Bitte f\u00fcllen Sie das untenstehende Formular aus und teilen Sie uns den RSS-Feed zu Ihren Inhalten mit. Ihre Artikel, Podcasts [&hellip;]<\/p>\n","protected":false},"author":35,"featured_media":0,"parent":0,"menu_order":0,"comment_status":"closed","ping_status":"closed","template":"","meta":{"footnotes":""},"class_list":["post-15399","page","type-page","status-publish","hentry"],"_links":{"self":[{"href":"https:\/\/archive.displayeurope.eu\/de\/wp-json\/wp\/v2\/pages\/15399","targetHints":{"allow":["GET"]}}],"collection":[{"href":"https:\/\/archive.displayeurope.eu\/de\/wp-json\/wp\/v2\/pages"}],"about":[{"href":"https:\/\/archive.displayeurope.eu\/de\/wp-json\/wp\/v2\/types\/page"}],"author":[{"embeddable":true,"href":"https:\/\/archive.displayeurope.eu\/de\/wp-json\/wp\/v2\/users\/35"}],"replies":[{"embeddable":true,"href":"https:\/\/archive.displayeurope.eu\/de\/wp-json\/wp\/v2\/comments?post=15399"}],"version-history":[{"count":3,"href":"https:\/\/archive.displayeurope.eu\/de\/wp-json\/wp\/v2\/pages\/15399\/revisions"}],"predecessor-version":[{"id":49814,"href":"https:\/\/archive.displayeurope.eu\/de\/wp-json\/wp\/v2\/pages\/15399\/revisions\/49814"}],"wp:attachment":[{"href":"https:\/\/archive.displayeurope.eu\/de\/wp-json\/wp\/v2\/media?parent=15399"}],"curies":[{"name":"wp","href":"https:\/\/api.w.org\/{rel}","templated":true}]}}