{"id":3567,"date":"2023-05-18T09:40:46","date_gmt":"2023-05-18T07:40:46","guid":{"rendered":"https:\/\/archive.displayeurope.eu\/startseite\/"},"modified":"2024-08-28T15:04:22","modified_gmt":"2024-08-28T13:04:22","slug":"startseite","status":"publish","type":"page","link":"https:\/\/archive.displayeurope.eu\/de\/","title":{"rendered":"Startseite"},"content":{"rendered":"\r\n\t<div class=\"post-list\">\r\n\r\n\t\t\r\n\r\n\t\t\r\n\t\t\t<div class=\"post-item post-item-eayxfu7bdqsgqr3a7od7lntx2vk\">\r\n\t\t\t\t<div class=\"thumbnail-wrapper\">\r\n\t\t\t\t\t<a href=\"https:\/\/archive.displayeurope.eu\/de\/preview\/eayxfu7bdqsgqr3a7od7lntx2vk-das-volk-der-rechtsradikalen\/\">\r\n\t\t\t\t\t\t<img decoding=\"async\" class=\"thumbnail-image\" src=\"https:\/\/voxeurop.eu\/wp-content\/uploads\/2025\/02\/voxeurop-afd-.png\">\r\n\t\t\t\t\t<\/a>\r\n\t\t\t\t<\/div>\r\n\t\t\t\t<div class=\"post-content\">\r\n\t\t\t\t\t<div class=\"author-meta\">\r\n\t\t\t\t\t\t\r\n\t\t\t\t\t\t\t\t\t\t\t\t\t\t<a target=\"_blank\" href=\"https:\/\/archive.displayeurope.eu\/de\/authors\/voxeurop\/\">\r\n\t\t\t\t\t\t\t\r\n\t\t\t\t\t\t\t\t\t\t\t\t\t\t\t<img decoding=\"async\" class=\"author-image-in-list\" src=\"https:\/\/archive.displayeurope.eu\/wp-content\/uploads\/2023\/12\/Logo_actuel_de_Voxeurop.png\" alt=\"Voxeurop\">\r\n\t\t\t\t\t\t\t\r\n\t\t\t\t\t\t\t\t\t\t\t\t\t\t<\/a>\r\n\t\t\t\t\t\t\t\r\n\t\t\t\t\t\t\r\n\t\t\t\t\t\t\t\t\t\t\t\t\t<span class=\"origin-badge origin-badge-federated\">F\u00f6derierter Inhalt<\/span>\r\n\t\t\t\t\t\t\t\t\t\t\t<\/div>\r\n\t\t\t\t\t<h2 class=\"post-title\"><a href=\"https:\/\/archive.displayeurope.eu\/de\/preview\/eayxfu7bdqsgqr3a7od7lntx2vk-das-volk-der-rechtsradikalen\/\">Das \u201eVolk\u201c der Rechtsradikalen<\/a><\/h2>\r\n\t\t\t\t\t<div class=\"post-excerpt\">\r\n\t\t\t\t\t\tDas von Correctiv aufgedeckte Treffen von Rechtsradikalen in Potsdam vor einem Jahr hat gezeigt, welche Brisanz das v\u00f6lkische Konzept der \u201eRemigration\u201c hat. Und es ist aktueller denn je. Denn trotz der Diskussionen hat die AfD gerade erst auf dem Parteitag in Riesa den Begriff \u201eRemigration\u201c in ihr Wahlprogramm gehievt. Was genau mit diesem Begriff gemeint&hellip;\t\t\t\t\t<\/div>\r\n\t\t\t\t\t<div class=\"post-meta\">\r\n\t\t\t\t\t\t<span class=\"post-date\">\r\n\t\t\t\t\t\t\t17 February, 2025\t\t\t\t\t\t<\/span>\r\n\r\n\t\t\t\t\t\t<div class=\"post-icons\">\r\n\t\t\t\t\t\t\t\t\t\t\t\t\t\t\t\t\t\t\t\t<\/div>\r\n\t\t\t\t\t<\/div>\r\n\t\t\t\t<\/div>\r\n\t\t\t<\/div>\r\n\r\n\t\t\r\n\t\t\t<div class=\"post-item post-item-eayxfvdhdab4ari457n5iy4nnhm\">\r\n\t\t\t\t<div class=\"thumbnail-wrapper\">\r\n\t\t\t\t\t<a href=\"https:\/\/archive.displayeurope.eu\/de\/preview\/eayxfvdhdab4ari457n5iy4nnhm-vor-dem-wahltag-zittert-deutschlands-rechtsextreme-brandmauer-aber-sie-halt-stand\/\">\r\n\t\t\t\t\t\t<img decoding=\"async\" class=\"thumbnail-image\" src=\"https:\/\/voxeurop.eu\/wp-content\/uploads\/2025\/02\/voxeurop-germany-Rahma.png\">\r\n\t\t\t\t\t<\/a>\r\n\t\t\t\t<\/div>\r\n\t\t\t\t<div class=\"post-content\">\r\n\t\t\t\t\t<div class=\"author-meta\">\r\n\t\t\t\t\t\t\r\n\t\t\t\t\t\t\t\t\t\t\t\t\t\t<a target=\"_blank\" href=\"https:\/\/archive.displayeurope.eu\/de\/authors\/voxeurop\/\">\r\n\t\t\t\t\t\t\t\r\n\t\t\t\t\t\t\t\t\t\t\t\t\t\t\t<img decoding=\"async\" class=\"author-image-in-list\" src=\"https:\/\/archive.displayeurope.eu\/wp-content\/uploads\/2023\/12\/Logo_actuel_de_Voxeurop.png\" alt=\"Voxeurop\">\r\n\t\t\t\t\t\t\t\r\n\t\t\t\t\t\t\t\t\t\t\t\t\t\t<\/a>\r\n\t\t\t\t\t\t\t\r\n\t\t\t\t\t\t\r\n\t\t\t\t\t\t\t\t\t\t\t\t\t<span class=\"origin-badge origin-badge-federated\">F\u00f6derierter Inhalt<\/span>\r\n\t\t\t\t\t\t\t\t\t\t\t<\/div>\r\n\t\t\t\t\t<h2 class=\"post-title\"><a href=\"https:\/\/archive.displayeurope.eu\/de\/preview\/eayxfvdhdab4ari457n5iy4nnhm-vor-dem-wahltag-zittert-deutschlands-rechtsextreme-brandmauer-aber-sie-halt-stand\/\">Vor dem Wahltag zittert Deutschlands rechtsextreme Brandmauer, aber sie h\u00e4lt stand<\/a><\/h2>\r\n\t\t\t\t\t<div class=\"post-excerpt\">\r\n\t\t\t\t\t\t\"Wenn es Remigration hei\u00dft, dann hei\u00dft es Remigration\", verk\u00fcndete Alice Weidelauf demParteitag der AfD Anfang Januar in Riesa unter tosendem Beifall - nur ein Jahr, nachdem der gleiche Begriff Schockwellen durchDeutschland geschickt hatte. Weidel ist die erste Kanzlerkandidatin der AfD seit ihrer Gr\u00fcndung im Jahr 2013; bei einem aktuellen Wahlergebnis von 20,8 Prozent scheint der&hellip;\t\t\t\t\t<\/div>\r\n\t\t\t\t\t<div class=\"post-meta\">\r\n\t\t\t\t\t\t<span class=\"post-date\">\r\n\t\t\t\t\t\t\t17 February, 2025\t\t\t\t\t\t<\/span>\r\n\r\n\t\t\t\t\t\t<div class=\"post-icons\">\r\n\t\t\t\t\t\t\t\t\t\t\t\t\t\t\t\t\t\t\t\t<\/div>\r\n\t\t\t\t\t<\/div>\r\n\t\t\t\t<\/div>\r\n\t\t\t<\/div>\r\n\r\n\t\t\r\n\t\t\t<div class=\"post-item post-item-eayxdeagmuyyqrpfqvxmcupvsso\">\r\n\t\t\t\t<div class=\"thumbnail-wrapper\">\r\n\t\t\t\t\t<a href=\"https:\/\/archive.displayeurope.eu\/de\/preview\/eayxdeagmuyyqrpfqvxmcupvsso-kann-europa-dem-big-tech-moloch-usa-die-stirn-bieten\/\">\r\n\t\t\t\t\t\t<img decoding=\"async\" class=\"thumbnail-image\" src=\"https:\/\/voxeurop.eu\/wp-content\/uploads\/2025\/02\/Nardi-Maga-Europe.png\">\r\n\t\t\t\t\t<\/a>\r\n\t\t\t\t<\/div>\r\n\t\t\t\t<div class=\"post-content\">\r\n\t\t\t\t\t<div class=\"author-meta\">\r\n\t\t\t\t\t\t\r\n\t\t\t\t\t\t\t\t\t\t\t\t\t\t<a target=\"_blank\" href=\"https:\/\/archive.displayeurope.eu\/de\/authors\/voxeurop\/\">\r\n\t\t\t\t\t\t\t\r\n\t\t\t\t\t\t\t\t\t\t\t\t\t\t\t<img decoding=\"async\" class=\"author-image-in-list\" src=\"https:\/\/archive.displayeurope.eu\/wp-content\/uploads\/2023\/12\/Logo_actuel_de_Voxeurop.png\" alt=\"Voxeurop\">\r\n\t\t\t\t\t\t\t\r\n\t\t\t\t\t\t\t\t\t\t\t\t\t\t<\/a>\r\n\t\t\t\t\t\t\t\r\n\t\t\t\t\t\t\r\n\t\t\t\t\t\t\t\t\t\t\t\t\t<span class=\"origin-badge origin-badge-federated\">F\u00f6derierter Inhalt<\/span>\r\n\t\t\t\t\t\t\t\t\t\t\t<\/div>\r\n\t\t\t\t\t<h2 class=\"post-title\"><a href=\"https:\/\/archive.displayeurope.eu\/de\/preview\/eayxdeagmuyyqrpfqvxmcupvsso-kann-europa-dem-big-tech-moloch-usa-die-stirn-bieten\/\">Kann Europa dem Big-Tech-Moloch USA die Stirn bieten?<\/a><\/h2>\r\n\t\t\t\t\t<div class=\"post-excerpt\">\r\n\t\t\t\t\t\tDie wiederholten Interventionen von Elon Musk, dem Chef des sozialen Netzwerks X (sowie von Tesla und SpaceX), werfen schwierige Fragen auf. K\u00f6nnen die \u00f6ffentliche Debatte und die Wahlen in Europa jemals frei von der Gei\u00dfel der ausl\u00e4ndischen Desinformation sein? Zu Musk gesellen sich nun auch die chinesische Plattform TikTok und das von Mark Zuckerberg kontrollierte&hellip;\t\t\t\t\t<\/div>\r\n\t\t\t\t\t<div class=\"post-meta\">\r\n\t\t\t\t\t\t<span class=\"post-date\">\r\n\t\t\t\t\t\t\t15 February, 2025\t\t\t\t\t\t<\/span>\r\n\r\n\t\t\t\t\t\t<div class=\"post-icons\">\r\n\t\t\t\t\t\t\t\t\t\t\t\t\t\t\t\t\t\t\t\t<\/div>\r\n\t\t\t\t\t<\/div>\r\n\t\t\t\t<\/div>\r\n\t\t\t<\/div>\r\n\r\n\t\t\r\n\t\t\t<div class=\"post-item post-item-eayw6dsd66slarnibq2iytafyzi\">\r\n\t\t\t\t<div class=\"thumbnail-wrapper\">\r\n\t\t\t\t\t<a href=\"https:\/\/archive.displayeurope.eu\/de\/preview\/eayw6dsd66slarnibq2iytafyzi-hanna-perekhoda-der-kampf-fur-die-freiheit-in-der-ukraine-ist-eng-mit-dem-weltweiten-kampf-gegen-faschistische-krafte-verbunden\/\">\r\n\t\t\t\t\t\t<img decoding=\"async\" class=\"thumbnail-image\" src=\"https:\/\/voxeurop.eu\/wp-content\/uploads\/2025\/02\/Hanna-Perekhoda-4.png\">\r\n\t\t\t\t\t<\/a>\r\n\t\t\t\t<\/div>\r\n\t\t\t\t<div class=\"post-content\">\r\n\t\t\t\t\t<div class=\"author-meta\">\r\n\t\t\t\t\t\t\r\n\t\t\t\t\t\t\t\t\t\t\t\t\t\t<a target=\"_blank\" href=\"https:\/\/archive.displayeurope.eu\/de\/authors\/voxeurop\/\">\r\n\t\t\t\t\t\t\t\r\n\t\t\t\t\t\t\t\t\t\t\t\t\t\t\t<img decoding=\"async\" class=\"author-image-in-list\" src=\"https:\/\/archive.displayeurope.eu\/wp-content\/uploads\/2023\/12\/Logo_actuel_de_Voxeurop.png\" alt=\"Voxeurop\">\r\n\t\t\t\t\t\t\t\r\n\t\t\t\t\t\t\t\t\t\t\t\t\t\t<\/a>\r\n\t\t\t\t\t\t\t\r\n\t\t\t\t\t\t\r\n\t\t\t\t\t\t\t\t\t\t\t\t\t<span class=\"origin-badge origin-badge-federated\">F\u00f6derierter Inhalt<\/span>\r\n\t\t\t\t\t\t\t\t\t\t\t<\/div>\r\n\t\t\t\t\t<h2 class=\"post-title\"><a href=\"https:\/\/archive.displayeurope.eu\/de\/preview\/eayw6dsd66slarnibq2iytafyzi-hanna-perekhoda-der-kampf-fur-die-freiheit-in-der-ukraine-ist-eng-mit-dem-weltweiten-kampf-gegen-faschistische-krafte-verbunden\/\">Hanna Perekhoda: \"Der Kampf f\u00fcr die Freiheit in der Ukraine ist eng mit dem weltweiten Kampf gegen faschistische Kr\u00e4fte verbunden\".<\/a><\/h2>\r\n\t\t\t\t\t<div class=\"post-excerpt\">\r\n\t\t\t\t\t\tHanna Perekhoda ist Historikerin und Forscherin an der Universit\u00e4t Lausanne - Institut f\u00fcr politische Studien undZentrum f\u00fcr internationale Geschichte und politische Studien der Globalisierung, spezialisiert auf Nationalismus im Kontext des Russischen Reiches und der Sowjetunion. In ihrer Doktorarbeit untersucht sie die politischen Strategien der Bolschewiki in der Ukraine zwischen 1917 und den 1920er Jahren. Perekhoda&hellip;\t\t\t\t\t<\/div>\r\n\t\t\t\t\t<div class=\"post-meta\">\r\n\t\t\t\t\t\t<span class=\"post-date\">\r\n\t\t\t\t\t\t\t11 February, 2025\t\t\t\t\t\t<\/span>\r\n\r\n\t\t\t\t\t\t<div class=\"post-icons\">\r\n\t\t\t\t\t\t\t\t\t\t\t\t\t\t\t\t\t\t\t\t<\/div>\r\n\t\t\t\t\t<\/div>\r\n\t\t\t\t<\/div>\r\n\t\t\t<\/div>\r\n\r\n\t\t\r\n\t\t\t<div class=\"post-item post-item-eayw43fil2nzqrmzlqo435k24ha\">\r\n\t\t\t\t<div class=\"thumbnail-wrapper\">\r\n\t\t\t\t\t<a href=\"https:\/\/archive.displayeurope.eu\/de\/preview\/eayw43fil2nzqrmzlqo435k24ha-diejenigen-die-kampfen-und-diejenigen-die-es-nicht-tun-die-an-die-front-gerufenen-ukrainer-und-die-generation-putin-in-russland\/\">\r\n\t\t\t\t\t\t<img decoding=\"async\" class=\"thumbnail-image\" src=\"https:\/\/voxeurop.eu\/wp-content\/uploads\/2025\/02\/RUSSIA-UKRAINE-MOV-1-4.jpg\">\r\n\t\t\t\t\t<\/a>\r\n\t\t\t\t<\/div>\r\n\t\t\t\t<div class=\"post-content\">\r\n\t\t\t\t\t<div class=\"author-meta\">\r\n\t\t\t\t\t\t\r\n\t\t\t\t\t\t\t\t\t\t\t\t\t\t<a target=\"_blank\" href=\"https:\/\/archive.displayeurope.eu\/de\/authors\/voxeurop\/\">\r\n\t\t\t\t\t\t\t\r\n\t\t\t\t\t\t\t\t\t\t\t\t\t\t\t<img decoding=\"async\" class=\"author-image-in-list\" src=\"https:\/\/archive.displayeurope.eu\/wp-content\/uploads\/2023\/12\/Logo_actuel_de_Voxeurop.png\" alt=\"Voxeurop\">\r\n\t\t\t\t\t\t\t\r\n\t\t\t\t\t\t\t\t\t\t\t\t\t\t<\/a>\r\n\t\t\t\t\t\t\t\r\n\t\t\t\t\t\t\r\n\t\t\t\t\t\t\t\t\t\t\t\t\t<span class=\"origin-badge origin-badge-federated\">F\u00f6derierter Inhalt<\/span>\r\n\t\t\t\t\t\t\t\t\t\t\t<\/div>\r\n\t\t\t\t\t<h2 class=\"post-title\"><a href=\"https:\/\/archive.displayeurope.eu\/de\/preview\/eayw43fil2nzqrmzlqo435k24ha-diejenigen-die-kampfen-und-diejenigen-die-es-nicht-tun-die-an-die-front-gerufenen-ukrainer-und-die-generation-putin-in-russland\/\">Diejenigen, die k\u00e4mpfen, und diejenigen, die es nicht tun: die an die Front gerufenen Ukrainer und die \"Generation Putin\" in Russland<\/a><\/h2>\r\n\t\t\t\t\t<div class=\"post-excerpt\">\r\n\t\t\t\t\t\tDie unabh\u00e4ngige russische Exilzeitung Meduza gibt einen ausf\u00fchrlichen Artikel (urspr\u00fcnglich ver\u00f6ffentlicht in Signal, einem russischsprachigen Newsletter) den \"Menschen, die erwachsen geworden sind und nun die Kohorte junger Erwachsener bilden, die das Erbe von Vladimir Putin in Russland antreten werden\". Diese Gruppe wird von der Presse als \"Generation Putin\" bezeichnet, was vielleicht unpassend ist, wenn man&hellip;\t\t\t\t\t<\/div>\r\n\t\t\t\t\t<div class=\"post-meta\">\r\n\t\t\t\t\t\t<span class=\"post-date\">\r\n\t\t\t\t\t\t\t10 February, 2025\t\t\t\t\t\t<\/span>\r\n\r\n\t\t\t\t\t\t<div class=\"post-icons\">\r\n\t\t\t\t\t\t\t\t\t\t\t\t\t\t\t\t\t\t\t\t<\/div>\r\n\t\t\t\t\t<\/div>\r\n\t\t\t\t<\/div>\r\n\t\t\t<\/div>\r\n\r\n\t\t\r\n\t\t\t<div class=\"post-item post-item-eayw42hwmynzarwlsnjj6rxd4uo\">\r\n\t\t\t\t<div class=\"thumbnail-wrapper\">\r\n\t\t\t\t\t<a href=\"https:\/\/archive.displayeurope.eu\/de\/preview\/eayw42hwmynzarwlsnjj6rxd4uo-andrej-kurkow-wir-brauchten-einen-krieg-um-zu-zeigen-dass-die-ukraine-anders-ist-als-russland\/\">\r\n\t\t\t\t\t\t<img decoding=\"async\" class=\"thumbnail-image\" src=\"https:\/\/voxeurop.eu\/wp-content\/uploads\/2025\/02\/Kurkov-Ferrara-3.jpg\">\r\n\t\t\t\t\t<\/a>\r\n\t\t\t\t<\/div>\r\n\t\t\t\t<div class=\"post-content\">\r\n\t\t\t\t\t<div class=\"author-meta\">\r\n\t\t\t\t\t\t\r\n\t\t\t\t\t\t\t\t\t\t\t\t\t\t<a target=\"_blank\" href=\"https:\/\/archive.displayeurope.eu\/de\/authors\/voxeurop\/\">\r\n\t\t\t\t\t\t\t\r\n\t\t\t\t\t\t\t\t\t\t\t\t\t\t\t<img decoding=\"async\" class=\"author-image-in-list\" src=\"https:\/\/archive.displayeurope.eu\/wp-content\/uploads\/2023\/12\/Logo_actuel_de_Voxeurop.png\" alt=\"Voxeurop\">\r\n\t\t\t\t\t\t\t\r\n\t\t\t\t\t\t\t\t\t\t\t\t\t\t<\/a>\r\n\t\t\t\t\t\t\t\r\n\t\t\t\t\t\t\r\n\t\t\t\t\t\t\t\t\t\t\t\t\t<span class=\"origin-badge origin-badge-federated\">F\u00f6derierter Inhalt<\/span>\r\n\t\t\t\t\t\t\t\t\t\t\t<\/div>\r\n\t\t\t\t\t<h2 class=\"post-title\"><a href=\"https:\/\/archive.displayeurope.eu\/de\/preview\/eayw42hwmynzarwlsnjj6rxd4uo-andrej-kurkow-wir-brauchten-einen-krieg-um-zu-zeigen-dass-die-ukraine-anders-ist-als-russland\/\">Andrej Kurkow: \"Wir brauchten einen Krieg, um zu zeigen, dass die Ukraine anders ist als Russland\".<\/a><\/h2>\r\n\t\t\t\t\t<div class=\"post-excerpt\">\r\n\t\t\t\t\t\tAndrei Kurkov (geb. 1961) ist einer der produktivsten und vielseitigsten Schriftsteller der Ukraine. Er hat mehrere Themen im Zusammenhang mit der j\u00fcngeren Geschichte der Ukraine behandelt - insbesondere nach der Orangenen Revolution von 2004 - sowie mehrere, teilweise fast surrealistische Krimis, die in den Jahren nach dem Zusammenbruch der Sowjetunion spielen. Sein bekanntester Roman ist&hellip;\t\t\t\t\t<\/div>\r\n\t\t\t\t\t<div class=\"post-meta\">\r\n\t\t\t\t\t\t<span class=\"post-date\">\r\n\t\t\t\t\t\t\t10 February, 2025\t\t\t\t\t\t<\/span>\r\n\r\n\t\t\t\t\t\t<div class=\"post-icons\">\r\n\t\t\t\t\t\t\t\t\t\t\t\t\t\t\t\t\t\t\t\t<\/div>\r\n\t\t\t\t\t<\/div>\r\n\t\t\t\t<\/div>\r\n\t\t\t<\/div>\r\n\r\n\t\t\t<\/div>\r\n\r\n\t\t\t<div class=\"autload-on-scroll\">\r\n\t\t\t<div class=\"text-center loading\" style=\"display: none;\">\r\n\t\t\t\t<div class=\"lds-ellipsis\"><div><\/div><div><\/div><div><\/div><div><\/div><\/div>\r\n\t\t\t<\/div>\r\n\t\t\t<form action=\"https:\/\/archive.displayeurope.eu\/wp-admin\/admin-ajax.php\" method=\"POST\" class=\"form-autoload\">\r\n\t\t\t\t<input type=\"hidden\" name=\"action\" value=\"dispeu_load_more\">\r\n\t\t\t\t\t\t\t\t\t<input type=\"hidden\" name=\"dispeu_group_id\" value=\"42976\">\r\n\t\t\t\t\t\t\t\t\t<input type=\"hidden\" name=\"dispeu_group_page\" value=\"2\">\r\n\t\t\t\t\t\t\t<\/form>\r\n\t\t<\/div>\r\n\t\r\n\n","protected":false},"excerpt":{"rendered":"","protected":false},"author":1,"featured_media":0,"parent":0,"menu_order":0,"comment_status":"closed","ping_status":"closed","template":"","meta":{"footnotes":""},"class_list":["post-3567","page","type-page","status-publish","hentry"],"_links":{"self":[{"href":"https:\/\/archive.displayeurope.eu\/de\/wp-json\/wp\/v2\/pages\/3567","targetHints":{"allow":["GET"]}}],"collection":[{"href":"https:\/\/archive.displayeurope.eu\/de\/wp-json\/wp\/v2\/pages"}],"about":[{"href":"https:\/\/archive.displayeurope.eu\/de\/wp-json\/wp\/v2\/types\/page"}],"author":[{"embeddable":true,"href":"https:\/\/archive.displayeurope.eu\/de\/wp-json\/wp\/v2\/users\/1"}],"replies":[{"embeddable":true,"href":"https:\/\/archive.displayeurope.eu\/de\/wp-json\/wp\/v2\/comments?post=3567"}],"version-history":[{"count":1,"href":"https:\/\/archive.displayeurope.eu\/de\/wp-json\/wp\/v2\/pages\/3567\/revisions"}],"predecessor-version":[{"id":44624,"href":"https:\/\/archive.displayeurope.eu\/de\/wp-json\/wp\/v2\/pages\/3567\/revisions\/44624"}],"wp:attachment":[{"href":"https:\/\/archive.displayeurope.eu\/de\/wp-json\/wp\/v2\/media?parent=3567"}],"curies":[{"name":"wp","href":"https:\/\/api.w.org\/{rel}","templated":true}]}}