{"id":36212,"date":"2024-04-17T11:55:28","date_gmt":"2024-04-17T09:55:28","guid":{"rendered":"https:\/\/archive.displayeurope.eu\/europa-gespraeche\/"},"modified":"2024-08-28T15:05:39","modified_gmt":"2024-08-28T13:05:39","slug":"europa-gespraeche","status":"publish","type":"page","link":"https:\/\/archive.displayeurope.eu\/de\/europa-gespraeche\/","title":{"rendered":"Europa-Gespr\u00e4che"},"content":{"rendered":"<style>\/*! elementor - v3.20.0 - 26-03-2024 *\/\n.elementor-heading-title{padding:0;margin:0;line-height:1}.elementor-widget-heading .elementor-heading-title[class*=elementor-size-]>a{color:inherit;font-size:inherit;line-height:inherit}.elementor-widget-heading .elementor-heading-title.elementor-size-small{font-size:15px}.elementor-widget-heading .elementor-heading-title.elementor-size-medium{font-size:19px}.elementor-widget-heading .elementor-heading-title.elementor-size-large{font-size:29px}.elementor-widget-heading .elementor-heading-title.elementor-size-xl{font-size:39px}.elementor-widget-heading .elementor-heading-title.elementor-size-xxl{font-size:59px}<\/style>\n<h2>Anmeldung f\u00fcr Europe Talks 2024<\/h2>\n<h4>Machen Sie mit bei den Europe Talks f\u00fcr Erstw\u00e4hler in Berlin!<\/h4>\n<p>Sind Sie ein EU-B\u00fcrger zwischen 18-22 Jahren? Nimm an unserem eint\u00e4gigen Programm vor der kommenden EU-Parlamentswahl teil. Reisekosten werden \u00fcbernommen!<\/p>\n<p>\t\t\t<a href=\"https:\/\/www.mycountrytalks.org\/events\/europe-talks\/first-voters-event-berlin\" target=\"_blank\" rel=\"noopener\"><br \/>\n\t\t\t\t\t\tMehr Informationen<br \/>\n\t\t\t\t\t<\/a><\/p>\n","protected":false},"excerpt":{"rendered":"<p>Anmeldung f\u00fcr Europe Talks 2024 Machen Sie mit bei den Europe Talks f\u00fcr Erstw\u00e4hler in Berlin! Sind Sie ein EU-B\u00fcrger zwischen 18-22 Jahren? Nimm an unserem eint\u00e4gigen Programm vor der kommenden EU-Parlamentswahl teil. Reisekosten werden \u00fcbernommen! Mehr Informationen<\/p>\n","protected":false},"author":35,"featured_media":0,"parent":0,"menu_order":0,"comment_status":"closed","ping_status":"closed","template":"","meta":{"footnotes":""},"class_list":["post-36212","page","type-page","status-publish","hentry"],"_links":{"self":[{"href":"https:\/\/archive.displayeurope.eu\/de\/wp-json\/wp\/v2\/pages\/36212","targetHints":{"allow":["GET"]}}],"collection":[{"href":"https:\/\/archive.displayeurope.eu\/de\/wp-json\/wp\/v2\/pages"}],"about":[{"href":"https:\/\/archive.displayeurope.eu\/de\/wp-json\/wp\/v2\/types\/page"}],"author":[{"embeddable":true,"href":"https:\/\/archive.displayeurope.eu\/de\/wp-json\/wp\/v2\/users\/35"}],"replies":[{"embeddable":true,"href":"https:\/\/archive.displayeurope.eu\/de\/wp-json\/wp\/v2\/comments?post=36212"}],"version-history":[{"count":1,"href":"https:\/\/archive.displayeurope.eu\/de\/wp-json\/wp\/v2\/pages\/36212\/revisions"}],"predecessor-version":[{"id":45956,"href":"https:\/\/archive.displayeurope.eu\/de\/wp-json\/wp\/v2\/pages\/36212\/revisions\/45956"}],"wp:attachment":[{"href":"https:\/\/archive.displayeurope.eu\/de\/wp-json\/wp\/v2\/media?parent=36212"}],"curies":[{"name":"wp","href":"https:\/\/api.w.org\/{rel}","templated":true}]}}