{"id":44278,"date":"2024-07-31T08:07:03","date_gmt":"2024-07-31T06:07:03","guid":{"rendered":"https:\/\/archive.displayeurope.eu\/tutorials\/"},"modified":"2024-09-25T13:43:22","modified_gmt":"2024-09-25T11:43:22","slug":"tutorials","status":"publish","type":"page","link":"https:\/\/archive.displayeurope.eu\/de\/tutorials\/","title":{"rendered":"Anleitungen"},"content":{"rendered":"\n<h1 class=\"wp-block-heading\">Willkommen im Bereich Tutorials von Display Europe<\/h1>\n\n<div style=\"height:50px\" aria-hidden=\"true\" class=\"wp-block-spacer\"><\/div>\n\n<figure class=\"wp-block-image size-large\"><img loading=\"lazy\" decoding=\"async\" width=\"963\" height=\"642\" src=\"https:\/\/archive.displayeurope.eu\/wp-content\/uploads\/2024\/08\/TTP05138-963x642.jpg\" alt=\"\" class=\"wp-image-44166\" srcset=\"https:\/\/archive.displayeurope.eu\/wp-content\/uploads\/2024\/08\/TTP05138-963x642.jpg 963w, https:\/\/archive.displayeurope.eu\/wp-content\/uploads\/2024\/08\/TTP05138-339x226.jpg 339w, https:\/\/archive.displayeurope.eu\/wp-content\/uploads\/2024\/08\/TTP05138-768x512.jpg 768w, https:\/\/archive.displayeurope.eu\/wp-content\/uploads\/2024\/08\/TTP05138.jpg 1200w\" sizes=\"auto, (max-width: 963px) 100vw, 963px\" \/><\/figure>\n\n<div style=\"height:50px\" aria-hidden=\"true\" class=\"wp-block-spacer\"><\/div>\n\n<p>Diese Seite ist darauf ausgerichtet, Journalisten mit wichtigen Werkzeugen und Erkenntnissen zu versorgen, um ihre Berichterstattung zu verbessern. <br\/>Hier finden Sie umfassende Anleitungen, um die Genauigkeit Ihrer Arbeit zu verbessern und grenz\u00fcberschreitenden Journalismus als Methode und Denkweise zu erkunden. Ganz gleich, ob Sie Ihre Berichterstattungsf\u00e4higkeiten verfeinern oder neue journalistische Ans\u00e4tze anwenden m\u00f6chten, diese Ressourcen werden Sie anleiten. Zu unseren Tutorials, die in 15 Sprachen verf\u00fcgbar sind, geh\u00f6ren derzeit &#8222;Empfehlungen f\u00fcr eine genauere Berichterstattung&#8220; und &#8222;Grenz\u00fcberschreitender Journalismus als Methode und Denkweise&#8220;.<br\/><br\/>Wir laden Sie ein, regelm\u00e4\u00dfig bei uns vorbeizuschauen, da wir unser Angebot auch in Zukunft um weitere wertvolle Tutorials erweitern werden.<\/p>\n\n<div style=\"height:50px\" aria-hidden=\"true\" class=\"wp-block-spacer\"><\/div>\n\n<hr class=\"wp-block-separator has-alpha-channel-opacity\"\/>\n\n<div style=\"height:50px\" aria-hidden=\"true\" class=\"wp-block-spacer\"><\/div>\n\n<h4 class=\"wp-block-heading\">Grenz\u00fcberschreitendes Handbuch<\/h4>\n\n<div style=\"height:20px\" aria-hidden=\"true\" class=\"wp-block-spacer\"><\/div>\n\n<div class=\"dropdown-button-container\">\n  <select name=\"languages\" id=\"handbook-select\">\n    <option value=\"\">&#8211;Bitte w\u00e4hlen Sie eine Option&#8211;<\/option>\n    <option value=\"https:\/\/archive.displayeurope.eu\/wp-content\/uploads\/2024\/09\/English-crossborderjournalism-mindset-method.pdf\">ENGLISCH<\/option>\n    <option value=\"https:\/\/archive.displayeurope.eu\/wp-content\/uploads\/2024\/09\/English-crossborderjournalism-mindset-method.pdf\">FRAN\u00c7AIS<\/option>\n    <option value=\"https:\/\/archive.displayeurope.eu\/wp-content\/uploads\/2024\/09\/English-crossborderjournalism-mindset-method.pdf\">DEUTSCH<\/option>\n    <option value=\"https:\/\/archive.displayeurope.eu\/wp-content\/uploads\/2024\/09\/Spanish-crossborderjournalism-mindset-method.pdf\">ESPA\u00d1OL<\/option>\n    <option value=\"https:\/\/archive.displayeurope.eu\/wp-content\/uploads\/2024\/09\/Italian-crossborderjournalism-mindset-method.pdf\">ITALIANO<\/option>\n    <option value=\"https:\/\/archive.displayeurope.eu\/wp-content\/uploads\/2024\/09\/Greek-crossborderjournalism-mindset-method.pdf\">\u0395\u039b\u039b\u0397\u039d\u0399\u039a\u0386<\/option>\n    <option value=\"https:\/\/archive.displayeurope.eu\/wp-content\/uploads\/2024\/09\/Polish-crossborderjournalism-mindset-method.pdf\">POLSKI<\/option>\n    <option value=\"https:\/\/archive.displayeurope.eu\/wp-content\/uploads\/2024\/09\/Portugese-crossborderjournalism-mindset-method.pdf\">PORTUGU\u00caS<\/option>\n    <option value=\"https:\/\/archive.displayeurope.eu\/wp-content\/uploads\/2024\/09\/Dutch-crossborderjournalism-mindset-method.pdf\">NEDERLANDE<\/option>\n    <option value=\"https:\/\/archive.displayeurope.eu\/wp-content\/uploads\/2024\/09\/Hungarian-crossborderjournalism-mindset-method.pdf\">MAGYAR<\/option>\n    <option value=\"https:\/\/archive.displayeurope.eu\/wp-content\/uploads\/2024\/09\/Czech-crossborderjournalism-mindset-method.pdf\">\u010cE\u0160TINA<\/option>\n    <option value=\"https:\/\/archive.displayeurope.eu\/wp-content\/uploads\/2024\/09\/Russian-crossborderjournalism-mindset-method.pdf\">\u0420\u0423\u0421\u0421\u041a\u0418\u0419<\/option>\n    <option value=\"https:\/\/archive.displayeurope.eu\/wp-content\/uploads\/2024\/09\/Slovenian-crossborderjournalism-mindset-method.pdf\">SLOVEN\u010cINA<\/option>\n    <option value=\"https:\/\/archive.displayeurope.eu\/wp-content\/uploads\/2024\/09\/Turkish-crossborderjournalism-mindset-method.pdf\">T\u00dcRK\u00c7E<\/option>\n    <option value=\"https:\/\/archive.displayeurope.eu\/wp-content\/uploads\/2024\/09\/Ukrainian-crossborderjournalism-mindset-method.pdf\">\u0423\u041a\u0420\u0410\u0407\u041d\u0421\u042c\u041a\u0410<\/option>\n  <\/select>\n\n <button class=\"btn-pdf\" onclick=\"downloadCrossborderPDF()\">Herunterladen<\/button><\/div>\n\n<script>\n  function downloadCrossborderPDF() {\n    var select = document.getElementById(\"handbook-select\");\n    var selectedValue = select.options[select.selectedIndex].value;\n    if (selectedValue) {\n      var a = document.createElement('a');\n      a.href = selectedValue;\n      a.download = selectedValue.split('\/').pop(); \n      document.body.appendChild(a);\n      a.click();\n      document.body.removeChild(a);\n    } else {\n      alert(\"Please choose a language\");\n    }\n  }\n<\/script>\n\n<div style=\"height:50px\" aria-hidden=\"true\" class=\"wp-block-spacer\"><\/div>\n\n<h4 class=\"wp-block-heading\">Empfehlungen f\u00fcr Redaktionen<\/h4>\n\n<div style=\"height:20px\" aria-hidden=\"true\" class=\"wp-block-spacer\"><\/div>\n\n<div class=\"dropdown-button-container\">\n  <select name=\"languages\" id=\"recommendations-select\">\n    <option value=\"\">&#8211;Bitte w\u00e4hlen Sie eine Option&#8211;<\/option>\n    <option value=\"https:\/\/archive.displayeurope.eu\/wp-content\/uploads\/2024\/09\/English-Recommendations-for-more-accurate-reporting.pdf\">ENGLISCH<\/option>\n    <option value=\"https:\/\/archive.displayeurope.eu\/wp-content\/uploads\/2024\/09\/French-Recommendations-for-more-accurate-reporting.pdf\">FRAN\u00c7AIS<\/option>\n    <option value=\"https:\/\/archive.displayeurope.eu\/wp-content\/uploads\/2024\/09\/German-Recommendations-for-more-accurate-reporting.pdf\">DEUTSCH<\/option>\n    <option value=\"https:\/\/archive.displayeurope.eu\/wp-content\/uploads\/2024\/09\/Spanish-Recommendations-for-more-accurate-reporting.pdf\">ESPA\u00d1OL<\/option>\n    <option value=\"https:\/\/archive.displayeurope.eu\/wp-content\/uploads\/2024\/09\/Italian-Recommendations-for-more-accurate-reporting.pdf\">ITALIANO<\/option>\n    <option value=\"https:\/\/archive.displayeurope.eu\/wp-content\/uploads\/2024\/09\/Greek-Recommendations-for-more-accurate-reporting.pdf\">\u0395\u039b\u039b\u0397\u039d\u0399\u039a\u0386<\/option>\n    <option value=\"https:\/\/archive.displayeurope.eu\/wp-content\/uploads\/2024\/09\/Polish-Recommendations-for-more-accurate-reporting.pdf\">POLSKI<\/option>\n    <option value=\"https:\/\/archive.displayeurope.eu\/wp-content\/uploads\/2024\/09\/Portuguese-Recommendations-for-more-accurate-reporting.pdf\">PORTUGU\u00caS<\/option>\n    <option value=\"https:\/\/archive.displayeurope.eu\/wp-content\/uploads\/2024\/09\/Dutch-Recommendations-for-more-accurate-reporting.pdf\">NEDERLANDE<\/option>\n    <option value=\"https:\/\/archive.displayeurope.eu\/wp-content\/uploads\/2024\/09\/Hungarian-Recommendations-for-more-accurate-reporting.pdf\">MAGYAR<\/option>\n    <option value=\"https:\/\/archive.displayeurope.eu\/wp-content\/uploads\/2024\/09\/Czech-Recommendations-for-more-accurate-reporting.pdf\">\u010cE\u0160TINA<\/option>\n    <option value=\"https:\/\/archive.displayeurope.eu\/wp-content\/uploads\/2024\/09\/Russian-Recommendations-for-more-accurate-reporting.pdf\">\u0420\u0423\u0421\u0421\u041a\u0418\u0419<\/option>\n    <option value=\"https:\/\/archive.displayeurope.eu\/wp-content\/uploads\/2024\/09\/Slovenian-Recommendations-for-more-accurate-reporting.pdf\">SLOVEN\u010cINA<\/option>\n    <option value=\"https:\/\/archive.displayeurope.eu\/wp-content\/uploads\/2024\/09\/Turkish-Recommendations-for-more-accurate-reporting.pdf\">T\u00dcRK\u00c7E<\/option>\n    <option value=\"https:\/\/archive.displayeurope.eu\/wp-content\/uploads\/2024\/09\/Ukrainian-Recommendations-for-more-accurate-reporting.pdf\">\u0423\u041a\u0420\u0410\u0407\u041d\u0421\u042c\u041a\u0410<\/option>\n  <\/select>\n\n <button class=\"btn-pdf\" onclick=\"downloadRecommendationsPDF()\">Herunterladen<\/button><\/div>\n\n<script>\n  function downloadRecommendationsPDF() {\n    var select = document.getElementById(\"recommendations-select\");\n    var selectedValue = select.options[select.selectedIndex].value;\n    if (selectedValue) {\n      var a = document.createElement('a');\n      a.href = selectedValue;\n      a.download = selectedValue.split('\/').pop(); \n      document.body.appendChild(a);\n      a.click();\n      document.body.removeChild(a);\n    } else {\n      alert(\"Please choose a language\");\n    }\n  }\n<\/script>\n<style>\n    \/* Container f\u00fcr Dropdown und Button *\/ .dropdown-button-container { display: flex; align-items: center; \/* Vertikale Ausrichtung *\/ gap: 10px; \/* Abstand zwischen Dropdown und Button *\/ } \/* Styling f\u00fcr den Button *\/ .btn-pdf { padding: 10px 20px; background-color: #F26C4F; color: white; cursor: pointer; text-decoration: none; border: 1px solid #F26C4F; border-radius: 5px; } .btn-pdf:hover { background-color: transparent; color: #F26C4F; border: 1px solid #F26C4F; } \/* Entferne Dropdown-Styling *\/ select { padding: 10px; border: 1px solid #ddd; border-radius: 5px; font-size: 16px; } select:focus { border-color: #F26C4F; outline: none; }<\/style>\n\n<div style=\"height:50px\" aria-hidden=\"true\" class=\"wp-block-spacer\"><\/div>\n\n<hr class=\"wp-block-separator has-alpha-channel-opacity\"\/>\n\n<div style=\"height:50px\" aria-hidden=\"true\" class=\"wp-block-spacer\"><\/div>\n\n<p>Publisher, die Teil von Display Europe sind, haben exklusiven Zugang zu einem eigenen internen Bereich auf der <a href=\"https:\/\/hostwire.org\/g\/display_europe\" data-type=\"link\" data-id=\"https:\/\/hostwire.org\/g\/display_europe\">Hostwriter-Plattform<\/a>.<\/p>\n\n<p><a href=\"https:\/\/hostwriter.org\/for-publishers\" data-type=\"link\" data-id=\"https:\/\/hostwriter.org\/for-publishers\">Hostwriter for Publishers<\/a> st\u00e4rkt die europ\u00e4ische Medienlandschaft durch die F\u00f6rderung direkter Verbindungen zwischen Verlegern und einem vielf\u00e4ltigen Pool von Journalisten, Faktenpr\u00fcfern und Reportern vor Ort auf der ganzen Welt. Verlage haben Zugang zum Netzwerk von Hostwriter, das aus \u00fcber 6600 zugelassenen Journalisten weltweit besteht. Durch die Nutzung dieses riesigen Pools an Talenten haben Verlage die M\u00f6glichkeit, ihr Angebot an Inhalten zu diversifizieren, ihre globale Reichweite zu vergr\u00f6\u00dfern und ihr Publikum mit reichhaltigen, vielf\u00e4ltigen Perspektiven zu dringenden Themen anzusprechen. Dies erleichtert die Erstellung von fesselnden, grenz\u00fcberschreitenden Geschichten, die geografische Grenzen \u00fcberschreiten und den Standard des Journalismus in Europa und dar\u00fcber hinaus anheben.<\/p>\n","protected":false},"excerpt":{"rendered":"<p>Willkommen im Bereich Tutorials von Display Europe Diese Seite ist darauf ausgerichtet, Journalisten mit wichtigen Werkzeugen und Erkenntnissen zu versorgen, um ihre Berichterstattung zu verbessern. Hier finden Sie umfassende Anleitungen, um die Genauigkeit Ihrer Arbeit zu verbessern und grenz\u00fcberschreitenden Journalismus als Methode und Denkweise zu erkunden. Ganz gleich, ob Sie Ihre Berichterstattungsf\u00e4higkeiten verfeinern oder neue [&hellip;]<\/p>\n","protected":false},"author":1,"featured_media":0,"parent":0,"menu_order":0,"comment_status":"closed","ping_status":"closed","template":"","meta":{"footnotes":""},"class_list":["post-44278","page","type-page","status-publish","hentry"],"_links":{"self":[{"href":"https:\/\/archive.displayeurope.eu\/de\/wp-json\/wp\/v2\/pages\/44278","targetHints":{"allow":["GET"]}}],"collection":[{"href":"https:\/\/archive.displayeurope.eu\/de\/wp-json\/wp\/v2\/pages"}],"about":[{"href":"https:\/\/archive.displayeurope.eu\/de\/wp-json\/wp\/v2\/types\/page"}],"author":[{"embeddable":true,"href":"https:\/\/archive.displayeurope.eu\/de\/wp-json\/wp\/v2\/users\/1"}],"replies":[{"embeddable":true,"href":"https:\/\/archive.displayeurope.eu\/de\/wp-json\/wp\/v2\/comments?post=44278"}],"version-history":[{"count":5,"href":"https:\/\/archive.displayeurope.eu\/de\/wp-json\/wp\/v2\/pages\/44278\/revisions"}],"predecessor-version":[{"id":49869,"href":"https:\/\/archive.displayeurope.eu\/de\/wp-json\/wp\/v2\/pages\/44278\/revisions\/49869"}],"wp:attachment":[{"href":"https:\/\/archive.displayeurope.eu\/de\/wp-json\/wp\/v2\/media?parent=44278"}],"curies":[{"name":"wp","href":"https:\/\/api.w.org\/{rel}","templated":true}]}}