{"id":5817,"date":"2023-09-19T09:10:14","date_gmt":"2023-09-19T07:10:14","guid":{"rendered":"https:\/\/archive.displayeurope.eu\/copyleft\/"},"modified":"2024-08-29T02:00:08","modified_gmt":"2024-08-29T00:00:08","slug":"urheberrecht","status":"publish","type":"page","link":"https:\/\/archive.displayeurope.eu\/de\/urheberrecht\/","title":{"rendered":"Urheberrecht"},"content":{"rendered":"<style>\/*! elementor - v3.18.0 - 08-12-2023 *\/\n.elementor-heading-title{padding:0;margin:0;line-height:1}.elementor-widget-heading .elementor-heading-title[class*=elementor-size-]>a{color:inherit;font-size:inherit;line-height:inherit}.elementor-widget-heading .elementor-heading-title.elementor-size-small{font-size:15px}.elementor-widget-heading .elementor-heading-title.elementor-size-medium{font-size:19px}.elementor-widget-heading .elementor-heading-title.elementor-size-large{font-size:29px}.elementor-widget-heading .elementor-heading-title.elementor-size-xl{font-size:39px}.elementor-widget-heading .elementor-heading-title.elementor-size-xxl{font-size:59px}<\/style>\n<h1>Copyleft<\/h1>\n<p>Wir versuchen, so offen wie m\u00f6glich zu sein. Die <a href=\"https:\/\/en.wikipedia.org\/wiki\/Copyleft\">Copyleft<\/a>-Bewegung hat bewiesen, dass Urheberrechte auch gut f\u00fcr eine florierende Kultur der Zusammenarbeit und der Sharing Economy genutzt werden k\u00f6nnen.<\/p>\n<\/p>\n<h2>Open Content<\/h2>\n<p>Wir lassen andere unsere Inhalte weiterverwenden. Die f\u00fcr Display Europe erstellten Originale sind sogar noch freiz\u00fcgiger unter Creative Commons lizenziert <a href=\"http:\/\/creativecommons.org\/licenses\/by\/4.0\/?ref=chooser-v1\" target=\"_blank\" rel=\"license noopener noreferrer\"><img loading=\"lazy\" decoding=\"async\" src=\"https:\/\/chooser-beta.creativecommons.org\/img\/cc-logo.f0ab4ebe.svg\" width=\"20\" height=\"20\" data-v-a0d4e8a8=\"\" \/><img loading=\"lazy\" decoding=\"async\" src=\"https:\/\/chooser-beta.creativecommons.org\/img\/cc-by.21b728bb.svg\" width=\"20\" height=\"20\" data-v-a0d4e8a8=\"\" \/><\/a>. Wenn Sie unsere Inhalte wiederverwenden, m\u00fcssen Sie sie gut sichtbar hinzuf\u00fcgen: <a href=\"http:\/\/creativecommons.org\/licenses\/by\/4.0\/\">CC-by<\/a> <a href=\"https:\/\/archive.displayeurope.eu\">DisplayEurope<\/a><\/p>\n<\/p>\n<h2>Open Source<\/h2>\n<p>Unser Tech-Stack basiert vollst\u00e4ndig auf Open-Source-Frameworks und -Tools wie Kubernetes, Minio, Matomo, WordPress, PeerTube, Mastodon, Keycloak und vielen mehr.<\/p>\n<p>Die Software, die wir entwickeln, ist unter den Open-Source-Lizenzen GPLv3 oder AGPLv3 ver\u00f6ffentlicht. Unsere Code-Repositories finden Sie unter <a href=\"https:\/\/git.fairkom.net\/emb\/displ.eu\">git.fairkom.net<\/a>.<\/p>\n<\/p>\n<h2>Offene Standards<\/h2>\n<p>Wir verwenden <a href=\"https:\/\/en.wikipedia.org\/wiki\/ActivityPub\">ActivityPub<\/a> als De-facto-Standard f\u00fcr interaktive Medien und setzen es f\u00fcr WordPress Syndication, PeerTube Federation und Mastodon Distributed Social Media ein. Von Content-Partnern, die noch nicht in der Lage sind, mit ActivityPub zu f\u00f6derieren, abonnieren wir ihre RSS-Feeds.<\/p>\n<h2>Open AI<\/h2>\n<p>Wenn wir Tools der K\u00fcnstlichen Intelligenz einsetzen, werden wir immer Open-Source-Modelle bevorzugen. <\/p>\n<\/p>\n<h2>Open Governance<\/h2>\n<p>Display Europe ist im Besitz einer gemeinn\u00fctzigen Genossenschaft. Nicht nur Content-Partner, sondern auch unsere Nutzer k\u00f6nnen Mitglied werden und so an Entscheidungsprozessen teilnehmen. <\/p>\n","protected":false},"excerpt":{"rendered":"<p>Copyleft Wir versuchen, so offen wie m\u00f6glich zu sein. Die Copyleft-Bewegung hat bewiesen, dass Urheberrechte auch gut f\u00fcr eine florierende Kultur der Zusammenarbeit und der Sharing Economy genutzt werden k\u00f6nnen. Open Content Wir lassen andere unsere Inhalte weiterverwenden. Die f\u00fcr Display Europe erstellten Originale sind sogar noch freiz\u00fcgiger unter Creative Commons lizenziert . Wenn Sie [&hellip;]<\/p>\n","protected":false},"author":1,"featured_media":0,"parent":0,"menu_order":0,"comment_status":"closed","ping_status":"closed","template":"","meta":{"footnotes":""},"class_list":["post-5817","page","type-page","status-publish","hentry"],"_links":{"self":[{"href":"https:\/\/archive.displayeurope.eu\/de\/wp-json\/wp\/v2\/pages\/5817","targetHints":{"allow":["GET"]}}],"collection":[{"href":"https:\/\/archive.displayeurope.eu\/de\/wp-json\/wp\/v2\/pages"}],"about":[{"href":"https:\/\/archive.displayeurope.eu\/de\/wp-json\/wp\/v2\/types\/page"}],"author":[{"embeddable":true,"href":"https:\/\/archive.displayeurope.eu\/de\/wp-json\/wp\/v2\/users\/1"}],"replies":[{"embeddable":true,"href":"https:\/\/archive.displayeurope.eu\/de\/wp-json\/wp\/v2\/comments?post=5817"}],"version-history":[{"count":2,"href":"https:\/\/archive.displayeurope.eu\/de\/wp-json\/wp\/v2\/pages\/5817\/revisions"}],"predecessor-version":[{"id":47117,"href":"https:\/\/archive.displayeurope.eu\/de\/wp-json\/wp\/v2\/pages\/5817\/revisions\/47117"}],"wp:attachment":[{"href":"https:\/\/archive.displayeurope.eu\/de\/wp-json\/wp\/v2\/media?parent=5817"}],"curies":[{"name":"wp","href":"https:\/\/api.w.org\/{rel}","templated":true}]}}