{"id":5821,"date":"2023-09-19T08:58:43","date_gmt":"2023-09-19T06:58:43","guid":{"rendered":"https:\/\/archive.displayeurope.eu\/fa%c2%b6rderungen\/"},"modified":"2024-08-21T15:14:49","modified_gmt":"2024-08-21T13:14:49","slug":"foerderungen","status":"publish","type":"page","link":"https:\/\/archive.displayeurope.eu\/de\/foerderungen\/","title":{"rendered":"F\u00f6rderungen"},"content":{"rendered":"<h1>F\u00f6rderungen<\/h1>\n<p>Im Rahmen des Projekts Display Europe wurden zwei Aufforderungen zur Einreichung von Zusch\u00fcssen &#8211; <a href=\"https:\/\/culturalfoundation.eu\/programmes\/display-europe\/\"><br \/>\n  <u><br \/>\n    <em>Display Europe Aufforderung zur Gew\u00e4hrung von Zusch\u00fcssen<\/em><br \/>\n  <\/u><br \/>\n<\/a> und <em>Display Europe Micro Grant Call, <\/em>in Koordination mit der Europ\u00e4ischen Kulturstiftung (einer der Display Europe Konsortialpartner)<em> <\/em>forderte die Mitglieder der Mediengemeinschaft auf, Vorschl\u00e4ge einzureichen, die, wenn sie ausgew\u00e4hlt werden, zu Originalinhalten werden, die f\u00fcr die Plattform displayeurope.eu erstellt werden und dort verf\u00fcgbar sind. Diese souver\u00e4ne, quelloffene digitale Plattform f\u00f6rdert die Demokratie, indem sie den B\u00fcrgerinnen und B\u00fcrgern ein authentisches Bild der vielf\u00e4ltigen Realit\u00e4ten in Europa vermittelt. Grenz\u00fcberschreitende Zusammenarbeit, Engagement f\u00fcr journalistische Exzellenz und ein interessanter Ansatz f\u00fcr paneurop\u00e4ische Themen geh\u00f6rten zu den Kriterien f\u00fcr die ausgezeichneten Bewerbungen, die von einer unabh\u00e4ngigen Jury bewertet wurden.<\/p>\n<p>Da Display Europe unabh\u00e4ngige Medien vertritt, die diskriminierten und unterdr\u00fcckten Minderheiten eine Stimme und ein Gesicht geben und sich f\u00fcr Grundrechte und b\u00fcrgerliche Freiheiten einsetzen, wurden im Rahmen der Aufforderung zur Einreichung von Vorschl\u00e4gen f\u00fcr Display Europe-F\u00f6rdermittel sieben Initiativen zur Gestaltung der Zukunft der europ\u00e4ischen Medienlandschaft vorgeschlagen. Diese Projekte aus Italien, den Niederlanden, Slowenien, Portugal und Frankreich wurden aufgrund ihres unerm\u00fcdlichen Einsatzes f\u00fcr die Neugestaltung der europ\u00e4ischen Geschichte ausgew\u00e4hlt.<\/p>\n<h2>Die ausgew\u00e4hlten Vorschl\u00e4ge sind:<\/h2>\n<p>\t\t\t\t<a href=\"https:\/\/spheranetwork.com\/\" tabindex=\"-1\"><br \/>\n\t\t\t\t\t\t\t\t<\/a><\/p>\n<h4>\n\t\t\t\t\t<a href=\"https:\/\/spheranetwork.com\/\" ><br \/>\n\t\t\t\t\t\tDies ist die \u00dcberschrift\t\t\t\t\t<\/a><br \/>\n\t\t\t\t<\/h4>\n<p>\n\t\t\t\t\t\t&#8222;European Youth and the Climate Emergency&#8220; ist eine fesselnde Videoreihe, die in sieben EU-Sprachen verf\u00fcgbar ist und sich mit der Klimakrise in Europa befasst und die Widerstandsf\u00e4higkeit und Entschlossenheit der jungen Europ\u00e4er hervorhebt.\t\t\t\t\t<\/p>\n<p>\t\t\t\t<a href=\"https:\/\/www.heretosupport.nl\/cityrightsradio\" tabindex=\"-1\"><br \/>\n\t\t\t\t\t\t\t\t<\/a><\/p>\n<h4>\n\t\t\t\t\t<a href=\"https:\/\/www.heretosupport.nl\/cityrightsradio\" ><br \/>\n\t\t\t\t\t\tDies ist die \u00dcberschrift\t\t\t\t\t<\/a><br \/>\n\t\t\t\t<\/h4>\n<p>\n\t\t\t\t\t\tDieser Podcast, der von B\u00fcrgern ohne Papiere in Amsterdam erstellt wurde, bringt die Stimmen der Ausgegrenzten zur Geltung, indem er gelebte Erfahrungen, politische Analysen und Gemeinschaftsb\u00fcndnisse in den Vordergrund stellt.\t\t\t\t\t<\/p>\n<h4>\n\t\t\t\t\t\tDies ist die \u00dcberschrift<br \/>\n\t\t\t\t<\/h4>\n<p>\n\t\t\t\t\t\t&#8222;Migration IRL&#8220; hinterfragt die vorherrschenden Erz\u00e4hlungen \u00fcber Migranten, indem es Geschichten aus dem wirklichen Leben erforscht und die lebendigen Beitr\u00e4ge von Migranten in Slowenien, Bosnien und Herzegowina, Serbien und Polen sowie ihre Vertretung und Eingliederung in die Gesellschaft aufzeigt.\t\t\t\t\t<\/p>\n<p>\t\t\t\t<a href=\"https:\/\/divergente.pt\/abstencao-de-voto\/?lang=en\" tabindex=\"-1\"><br \/>\n\t\t\t\t\t\t\t\t<\/a><\/p>\n<h4>\n\t\t\t\t\t<a href=\"https:\/\/divergente.pt\/abstencao-de-voto\/?lang=en\" ><br \/>\n\t\t\t\t\t\tDie Zeitbombe der Nichtw\u00e4hler (Portugal)\t\t\t\t\t<\/a><br \/>\n\t\t\t\t<\/h4>\n<p>\n\t\t\t\t\t\tDiese Initiative, die den Anstieg der Nichtw\u00e4hler untersucht, vermenschlicht die Statistiken, indem sie sich mit pers\u00f6nlichen Geschichten und gesellschaftlichen Faktoren befasst, um das b\u00fcrgerliche Desinteresse und seine Auswirkungen auf die Demokratie zu verstehen.\t\t\t\t\t<\/p>\n<h4>\n\t\t\t\t\t\tTransgender-Personen im Gef\u00e4ngnis (Frankreich)<br \/>\n\t\t\t\t<\/h4>\n<p>\n\t\t\t\t\t\tDiese Podcast-Serie beleuchtet die Herausforderungen, mit denen Transgender-Personen in europ\u00e4ischen Gef\u00e4ngnissen konfrontiert sind, und setzt sich f\u00fcr Sichtbarkeit, Inklusion und Menschenrechte ein.\t\t\t\t\t<\/p>\n<h4>\n\t\t\t\t\t\tInklusive Ondes (Frankreich)<br \/>\n\t\t\t\t<\/h4>\n<p>\n\t\t\t\t\t\tDurch Podcasts und Videos in baskischer Sprache \u00fcberbr\u00fcckt &#8222;Inclusive Ondes&#8220; kulturelle Unterschiede, indem es Themen rund um lokale Migrationswellen \u00fcber den historischen Fluss Bidasoa sowie globale Migrationszusammenh\u00e4nge er\u00f6rtert und dabei f\u00fchrende Vertreter von Institutionen, B\u00fcrgernetzwerken und Einwanderer zu Wort kommen l\u00e4sst.\t\t\t\t\t<\/p>\n<h4>\n\t\t\t\t\t\tErfolgreich sein in Westeuropa: Die Erfahrungen junger osteurop\u00e4ischer Frauen (Frankreich)<br \/>\n\t\t\t\t<\/h4>\n<p>\n\t\t\t\t\t\tDiese Initiative zeigt die Herausforderungen und Erfahrungen junger osteurop\u00e4ischer Frauen in Westeuropa auf, um Verst\u00e4ndnis und Empathie zu f\u00f6rdern und gleichzeitig kulturelle Unterschiede zu \u00fcberbr\u00fccken.\t\t\t\t\t<\/p>\n<p>In seinem Bestreben, die Medienlandschaft zu revolutionieren, indem es die Europ\u00e4er mit vielf\u00e4ltigen, zuverl\u00e4ssigen Informationen jenseits der Mainstream-Narrative versorgt, ver\u00f6ffentlicht Display Europe im November auch einen <em>Aufruf zur Vergabe von Mikro-Finanzhilfen<\/em>, der kleine Medienorganisationen und Journalisten einl\u00e4dt, die an einer grenz\u00fcberschreitenden Zusammenarbeit interessiert sind. Mehr \u00fcber den Aufruf hier (TBC). <\/p>\n<p>Wenn Sie Fragen zum Bewerbungsverfahren oder andere Fragen haben, wenden Sie sich bitte an <a href=\"mailto:grants@displayeurope.eu\"><br \/>\n  <u>grants@displayeurope.eu<\/u><br \/>\n<\/a>.<\/p>\n<p>Das Engagement f\u00fcr journalistische Spitzenleistungen und ein interessanter Ansatz f\u00fcr paneurop\u00e4ische Themen geh\u00f6rten zu den Kriterien f\u00fcr die ausgezeichneten Bewerbungen, die von einer unabh\u00e4ngigen Jury bewertet wurden.<\/p>\n","protected":false},"excerpt":{"rendered":"<p>F\u00f6rderungen Im Rahmen des Projekts Display Europe wurden zwei Aufforderungen zur Einreichung von Zusch\u00fcssen &#8211; Display Europe Aufforderung zur Gew\u00e4hrung von Zusch\u00fcssen und Display Europe Micro Grant Call, in Koordination mit der Europ\u00e4ischen Kulturstiftung (einer der Display Europe Konsortialpartner) forderte die Mitglieder der Mediengemeinschaft auf, Vorschl\u00e4ge einzureichen, die, wenn sie ausgew\u00e4hlt werden, zu Originalinhalten werden, [&hellip;]<\/p>\n","protected":false},"author":1,"featured_media":0,"parent":0,"menu_order":0,"comment_status":"closed","ping_status":"closed","template":"","meta":{"footnotes":""},"class_list":["post-5821","page","type-page","status-publish","hentry"],"_links":{"self":[{"href":"https:\/\/archive.displayeurope.eu\/de\/wp-json\/wp\/v2\/pages\/5821","targetHints":{"allow":["GET"]}}],"collection":[{"href":"https:\/\/archive.displayeurope.eu\/de\/wp-json\/wp\/v2\/pages"}],"about":[{"href":"https:\/\/archive.displayeurope.eu\/de\/wp-json\/wp\/v2\/types\/page"}],"author":[{"embeddable":true,"href":"https:\/\/archive.displayeurope.eu\/de\/wp-json\/wp\/v2\/users\/1"}],"replies":[{"embeddable":true,"href":"https:\/\/archive.displayeurope.eu\/de\/wp-json\/wp\/v2\/comments?post=5821"}],"version-history":[{"count":1,"href":"https:\/\/archive.displayeurope.eu\/de\/wp-json\/wp\/v2\/pages\/5821\/revisions"}],"predecessor-version":[{"id":44759,"href":"https:\/\/archive.displayeurope.eu\/de\/wp-json\/wp\/v2\/pages\/5821\/revisions\/44759"}],"wp:attachment":[{"href":"https:\/\/archive.displayeurope.eu\/de\/wp-json\/wp\/v2\/media?parent=5821"}],"curies":[{"name":"wp","href":"https:\/\/api.w.org\/{rel}","templated":true}]}}