{"id":5822,"date":"2023-09-19T09:10:34","date_gmt":"2023-09-19T07:10:34","guid":{"rendered":"https:\/\/archive.displayeurope.eu\/?page_id=5822"},"modified":"2024-09-05T07:49:22","modified_gmt":"2024-09-05T05:49:22","slug":"impressum-konflikt-aufloesung","status":"publish","type":"page","link":"https:\/\/archive.displayeurope.eu\/de\/impressum-konflikt-aufloesung\/","title":{"rendered":"Impressum &amp; Konfliktl\u00f6sung"},"content":{"rendered":"\n<h1 class=\"wp-block-heading\">Impressum<\/h1>\n\n<p>Bekanntmachungspflicht gem\u00e4\u00df \u00a7 25 (5) \u00d6sterreichisches Mediengesetz<\/p>\n\n<h2 class=\"wp-block-heading\">Plattformbetreiber \/ Medieninhaber<\/h2>\n\n<p>Display Europe<br\/>c\/o OKTO.TV<br\/>Missindorfstra\u00dfe 19<br\/>1140 Wien<br\/>\u00d6sterreich<\/p>\n\n<p>E-Mail: <a href=\"mailto:coop@displayeurope.eu\">coop@displayeurope.eu<\/a><\/p>\n\n<h2 class=\"wp-block-heading\">Angaben zur Organisation<\/h2>\n\n<p>Die Gr\u00fcndungsversammlung fand am 16. Oktober 2023 statt. Sie wurde am 8. Februar 2024 ins Handelsregister eingetragen.<\/p>\n\n<p>Gesch\u00e4ftsf\u00fchrender Direktor: Alexander Baratsits<\/p>\n\n<p>Mitglieder des Aufsichtsrates: Menno Weijs (Europ\u00e4ische Kulturstiftung), Vladimir Radinovi\u0107 (EMCF), Paul Salvan\u00e8s (Voxeurop), Roland Alton-Scheidl (fairkom)<\/p>\n\n<p>Firmenbuchnummer: FN619589k (Handelsgericht Wien)<\/p>\n\n<p>UID: ATU80768689<\/p>\n\n<h2 class=\"wp-block-heading\">Rechtliche Details<\/h2>\n\n<p>Anwendbare gesetzliche Bestimmungen: Audiovisuelles Mediendienstegesetz (AMD-G), Mediengesetz<\/p>\n\n<p>Aufsichtsbeh\u00f6rde: KommAustria, Mariahilfer Stra\u00dfe 77-79, 1060 Wien<\/p>\n\n<h2 class=\"wp-block-heading\">Ziel der Organisation und Erkl\u00e4rung zur Ausrichtung<\/h2>\n\n<p>Display Europe betreibt eine Medienplattform, die (i) paneurop\u00e4ische Medieninhalte ver\u00f6ffentlicht, sich an den Grundrechten orientiert und sich um die Einhaltung des Rahmens der Journalism Trust Initiative bem\u00fcht. (ii) Medieninhalte, insbesondere von Initiativen der Zivilgesellschaft, beherbergt und einen offenen Zugang zur Ver\u00f6ffentlichung dieser Inhalte bietet.<\/p>\n\n<h2 class=\"wp-block-heading\">displayeurope.eu<\/h2>\n\n<p>displayeurope.eu ist eine bahnbrechende Medienplattform, die sich auf \u00f6ffentliche Werte st\u00fctzt. Die Plattform bietet den B\u00fcrgern auf dem gesamten Kontinent Zugang zu vertrauensw\u00fcrdigen Informationen und zu einem Bild von Europa, das normalerweise nicht von den Mainstream- oder nationalen Medien vermittelt wird. Durch \u00dcbersetzung, Syndizierung und origin\u00e4r erstellte Inhalte sammelt und verbreitet displayeurope.eu vertrauensw\u00fcrdige Medien aus ganz Europa. Aufbauend auf einer souver\u00e4nen, selbstverwalteten und quelloffenen digitalen Infrastruktur wird Displayeurope.eu sich von den Big-Tech-Plattformen f\u00fcr soziale Medien und Streaming befreien, die derzeit die Medienproduktion filtern und gestalten. In dieser demokratischeren Darstellung Europas wird displayeurope.eu eine Kraft f\u00fcr die Demokratie auf dem gesamten Kontinent sein.<\/p>\n\n<hr class=\"wp-block-separator has-alpha-channel-opacity\"\/>\n\n<h1 class=\"wp-block-heading\">L\u00f6sung von Konflikten<\/h1>\n\n<p>Sollten Sie auf Rechtsverst\u00f6\u00dfe sto\u00dfen, senden Sie uns bitte Ihr Anliegen in Form einer E-Mail. Es ist wichtig, dass Sie so pr\u00e4zise wie m\u00f6glich sind (Screenshot, Link usw.), damit wir genau wissen, worum es geht.<br\/>Nach dem Absenden erhalten Sie eine Empfangsbest\u00e4tigung f\u00fcr die E-Mail.<\/p>\n\n<p>Bitte senden Sie diese E-Mail an <a href=\"mailto:support@displayeurope.eu\">support@displayeurope.eu<\/a> oder schreiben Sie ein Ticket mit diesem <\/p>\n\n<button id=\"zammad-feedback-form\">Feedback-Formular<\/button><script id=\"zammad_form_script\" src=\"https:\/\/helpdesk.displayeurope.eu\/assets\/form\/form.js\"><\/script><script>\njQuery(document).ready(function($) {\n$(function() {\n  $('#zammad-feedback-form').ZammadForm({\n    messageTitle: 'Feedback-Formular',\n    messageSubmit: 'Send',\n    messageThankYou: 'Ticket #%s.',\n    modal: true\n  });\n});\n});\n<\/script>\n\n<hr class=\"wp-block-separator has-alpha-channel-opacity\"\/>\n\n<script src=\"https:\/\/helpdesk.displayeurope.eu\/assets\/chat\/chat.min.js\"><\/script>\n<script>\njQuery(document).ready(function($) {\n$(function() {\n  new ZammadChat({\n    fontSize: '12px',\n    chatId: 1\n  });\n});\n});\n<\/script>\n\n<p>Letzte Aktualisierung: September 03 2024<\/p>\n\n<p><\/p>\n\n<figure class=\"wp-block-image size-full\"><img loading=\"lazy\" decoding=\"async\" width=\"611\" height=\"204\" src=\"https:\/\/archive.displayeurope.eu\/wp-content\/uploads\/2023\/06\/DisplayLogo_Tag.png\" alt=\"\" class=\"wp-image-7674\" srcset=\"https:\/\/archive.displayeurope.eu\/wp-content\/uploads\/2023\/06\/DisplayLogo_Tag.png 611w, https:\/\/archive.displayeurope.eu\/wp-content\/uploads\/2023\/06\/DisplayLogo_Tag-360x120.png 360w\" sizes=\"auto, (max-width: 611px) 100vw, 611px\" \/><\/figure>\n","protected":false},"excerpt":{"rendered":"<p>Impressum Bekanntmachungspflicht gem\u00e4\u00df \u00a7 25 (5) \u00d6sterreichisches Mediengesetz Plattformbetreiber \/ Medieninhaber Display Europec\/o OKTO.TVMissindorfstra\u00dfe 191140 Wien\u00d6sterreich E-Mail: coop@displayeurope.eu Angaben zur Organisation Die Gr\u00fcndungsversammlung fand am 16. Oktober 2023 statt. Sie wurde am 8. Februar 2024 ins Handelsregister eingetragen. Gesch\u00e4ftsf\u00fchrender Direktor: Alexander Baratsits Mitglieder des Aufsichtsrates: Menno Weijs (Europ\u00e4ische Kulturstiftung), Vladimir Radinovi\u0107 (EMCF), Paul Salvan\u00e8s (Voxeurop), [&hellip;]<\/p>\n","protected":false},"author":1,"featured_media":0,"parent":0,"menu_order":0,"comment_status":"closed","ping_status":"closed","template":"","meta":{"footnotes":""},"class_list":["post-5822","page","type-page","status-publish","hentry"],"_links":{"self":[{"href":"https:\/\/archive.displayeurope.eu\/de\/wp-json\/wp\/v2\/pages\/5822","targetHints":{"allow":["GET"]}}],"collection":[{"href":"https:\/\/archive.displayeurope.eu\/de\/wp-json\/wp\/v2\/pages"}],"about":[{"href":"https:\/\/archive.displayeurope.eu\/de\/wp-json\/wp\/v2\/types\/page"}],"author":[{"embeddable":true,"href":"https:\/\/archive.displayeurope.eu\/de\/wp-json\/wp\/v2\/users\/1"}],"replies":[{"embeddable":true,"href":"https:\/\/archive.displayeurope.eu\/de\/wp-json\/wp\/v2\/comments?post=5822"}],"version-history":[{"count":12,"href":"https:\/\/archive.displayeurope.eu\/de\/wp-json\/wp\/v2\/pages\/5822\/revisions"}],"predecessor-version":[{"id":49154,"href":"https:\/\/archive.displayeurope.eu\/de\/wp-json\/wp\/v2\/pages\/5822\/revisions\/49154"}],"wp:attachment":[{"href":"https:\/\/archive.displayeurope.eu\/de\/wp-json\/wp\/v2\/media?parent=5822"}],"curies":[{"name":"wp","href":"https:\/\/api.w.org\/{rel}","templated":true}]}}