{"id":5836,"date":"2023-09-19T09:07:57","date_gmt":"2023-09-19T07:07:57","guid":{"rendered":"https:\/\/archive.displayeurope.eu\/abonnement\/"},"modified":"2025-01-13T21:46:09","modified_gmt":"2025-01-13T20:46:09","slug":"coop-membership-donations","status":"publish","type":"page","link":"https:\/\/archive.displayeurope.eu\/de\/coop-membership-donations\/","title":{"rendered":"COOP-Mitgliedschaft und Spenden"},"content":{"rendered":"<p><style>\/*! elementor - v3.18.0 - 04-12-2023 *\/<br \/>\n.elementor-heading-title{padding:0;margin:0;line-height:1}.elementor-widget-heading .elementor-heading-title[class*=elementor-size-]&gt;a{color:inherit;font-size:inherit;line-height:inherit}.elementor-widget-heading .elementor-heading-title.elementor-size-small{font-size:15px}.elementor-widget-heading .elementor-heading-title.elementor-size-medium{font-size:19px}.elementor-widget-heading .elementor-heading-title.elementor-size-large{font-size:29px}.elementor-widget-heading .elementor-heading-title.elementor-size-xl{font-size:39px}.elementor-widget-heading .elementor-heading-title.elementor-size-xxl{font-size:59px}<\/style>\n<\/p>\n<h1>Generalversammlung<\/h1>\n<h2> <\/h2>\n<h2>Die Display Europe Genossenschaft<\/h2>\n<p><img loading=\"lazy\" decoding=\"async\" src=\"https:\/\/archive.displayeurope.eu\/wp-content\/uploads\/2023\/12\/de-logo-inside.png\" alt=\"\" width=\"260\" height=\"90\" \/><\/p>\n<h2> <\/h2>\n<h2>3. au\u00dferordentliche Generalversammlung<\/h2>\n<p><em>28. Januar 2025, 13.00 Uhr MEZ<\/em><br \/><em>Hybride:<\/em><br \/><em>@ Jasna 10\/3, Warschau<\/em><br \/><em>@ https:\/\/pro.fairteaching.net\/r\/ECF<\/em><\/p>\n<ol>\n<li>Feststellung der ordnungsgem\u00e4\u00dfen Einberufung der Versammlung, Feststellung der Beschlussf\u00e4higkeit<\/li>\n<li>Bericht des Vorstandes und des Vorsitzenden des Aufsichtsrates<\/li>\n<li>Verabschiedung der Gesch\u00e4ftsordnung des Verwaltungsrats<\/li>\n<li>Wahl der Mitglieder des Verwaltungsrats<\/li>\n<li>Wahl der Mitglieder des Aufsichtsrates<\/li>\n<li>\u00c4nderung der Satzung<br \/>\n<h3 style=\"padding-left: 40px;\">\u00a7 18. die Vertretung der Genossenschaft<\/h3>\n<ol>\n<li style=\"list-style-type: none;\">\n<ol>\n<li>Der Vorstand vertritt die Genossenschaft gerichtlich und au\u00dfergerichtlich.<\/li>\n<li>Zur Vertretung der Genossenschaft sind zwei Vorstandsmitglieder gemeinsam befugt, von denen eines der Vorsitzende oder der stellvertretende Vorsitzende sein muss, und der Vorsitzende oder der stellvertretende Vorsitzende gemeinsam mit einem Prokuristen.<\/li>\n<li>Die Unterzeichnung im Namen der Genossenschaft erfolgt in der Weise, dass der Vorsitzende und ein stellvertretender Vorsitzender oder einer von ihnen zusammen mit einem anderen Mitglied des Verwaltungsrats oder einem Prokuristen ihre Unterschrift unter den Firmennamen setzen.<\/li>\n<\/ol>\n<\/li>\n<\/ol>\n<h3 style=\"padding-left: 40px;\">\u00a7 35 Mehrheitserfordernisse<\/h3>\n<ol>\n<li style=\"list-style-type: none;\">\n<ol>\n<li>Die Beschl\u00fcsse der Generalversammlung werden mit einfacher Mehrheit gefasst. F\u00fcr Beschl\u00fcsse zu den in \u00a7 34 Abs. 2 genannten Punkten ist eine Mehrheit von drei Vierteln der abgegebenen g\u00fcltigen Stimmen erforderlich. Stimmenthaltungen werden bei der Ermittlung des Abstimmungsergebnisses nicht ber\u00fccksichtigt.<\/li>\n<\/ol>\n<\/li>\n<\/ol>\n<h3 style=\"padding-left: 40px;\">VIII. Eintragung in das Handelsregister<\/h3>\n<h4 style=\"padding-left: 40px;\">\u00a7 45.<\/h4>\n<p style=\"padding-left: 40px;\">Die Satzung ist zur Eintragung in das Handelsregister anzumelden. Folgende Vorstandsmitglieder sind mit der Eintragung beauftragt: Ingo Leindecker<br \/>Stellt das Gericht die Eintragung unter die Bedingung, dass bestimmte Bestimmungen dieser Satzung &#8211; insbesondere auch die Firma &#8211; ge\u00e4ndert werden, so sind die vorgenannten Mitglieder erm\u00e4chtigt, die erforderlichen \u00c4nderungen vorzunehmen.<\/p>\n<\/li>\n<li>Sonstiges<\/li>\n<\/ol>\n<p><strong>Ist die Generalversammlung nicht beschlussf\u00e4hig, so kann sie nach Ablauf einer halben Stunde ohne R\u00fccksicht auf die Zahl der anwesenden oder vertretenen Mitglieder \u00fcber alle Punkte der Tagesordnung beschlie\u00dfen (\u00a7 34 Abs. 4).<\/strong><\/p>\n<h1> <\/h1>\n<hr \/>\n<h1> <\/h1>\n<h1>COOP-Mitgliedschaft &amp; Spenden<\/h1>\n<h1> <\/h1>\n<h2>Die Display Europe Genossenschaft<\/h2>\n<p><img loading=\"lazy\" decoding=\"async\" src=\"https:\/\/archive.displayeurope.eu\/wp-content\/uploads\/2023\/12\/de-logo-inside.png\" alt=\"\" width=\"260\" height=\"90\" \/><\/p>\n<h2> <\/h2>\n<p><em>Wir laden Einzelpersonen und Organisationen, die mit unserer Vision \u00fcbereinstimmen, ein, zusammenzukommen, sich die H\u00e4nde zu reichen und eine transformative Genossenschaft zu gr\u00fcnden, die die europ\u00e4ische Medienlandschaft neu definiert. Lassen Sie uns gemeinsam eine Plattform aufbauen, die Zusammenarbeit, Innovation und das gemeinsame Streben nach einem digitalen \u00f6ffentlichen Raum f\u00fcr alle verk\u00f6rpert.<\/em><\/p>\n<h2>Zentrale Ziele:<\/h2>\n<ul>\n<li>F\u00f6rderung eines europ\u00e4ischen digitalen \u00f6ffentlichen Raums: Mit der Zivilgesellschaft im Mittelpunkt wollen wir eine Plattform schaffen, die dem Gemeinwohl dient.<\/li>\n<li>F\u00f6rderung von Kommunikation und Journalismus: Unterst\u00fctzung von Initiativen, die das kollektive Interesse in den Vordergrund stellen und den offenen Dialog f\u00f6rdern.<\/li>\n<\/ul>\n<h2> <\/h2>\n<h2>Strategien:<\/h2>\n<ul>\n<li>Einrichtung und Betrieb eines europ\u00e4ischen mehrsprachigen Medienportals\/einer europ\u00e4ischen Medienplattform mit Schwerpunkt auf paneurop\u00e4ischen, zivilgesellschaftlichen Inhalten.<\/li>\n<li>Unterst\u00fctzung des Aufbaus eines europ\u00e4ischen Netzwerks von Medienplattformen.<\/li>\n<li>F\u00f6rderung der nachhaltigen technologischen Open-Source-Entwicklung und -Wartung.<\/li>\n<li>Schaffung eines f\u00f6rderlichen Umfelds f\u00fcr Entwickler und Journalisten.<\/li>\n<li>Entwicklung von nachhaltigen Finanzierungsmodellen, einschlie\u00dflich Abonnement-Optionen und Syndizierung.<\/li>\n<\/ul>\n<h2> <\/h2>\n<h2>Motivation:<\/h2>\n<ul>\n<li>Nachhaltigkeit: Sicherstellung der langfristigen Lebensf\u00e4higkeit und Stabilit\u00e4t.<\/li>\n<li>Begrenzung der Haftung und Risikoverteilung: Wahrung der Interessen der Stakeholder.<\/li>\n<li>Schaffung von Eigenkapital: Ermutigung zur finanziellen Unterst\u00fctzung durch die Mitglieder.<\/li>\n<li>Vielf\u00e4ltiges Sponsoring durch die Zivilgesellschaft: Erm\u00f6glichung eines breiten Spektrums an Unterst\u00fctzung.<\/li>\n<li>Demokratische Plattform-Governance: Einbindung der Mitglieder in die Entscheidungsprozesse.<\/li>\n<li>Langfristige Entwicklungsperspektive: Einbindung von Interessengruppen f\u00fcr nachhaltiges Wachstum.<\/li>\n<\/ul>\n<h2> <\/h2>\n<h2>Meilensteine:<\/h2>\n<ul>\n<li>Die Gr\u00fcndungsversammlung fand am 9. Oktober 2023 statt; der Sitz ist in Wien\/\u00d6sterreich.<\/li>\n<li>Gr\u00fcndungsmitglieder: Europ\u00e4ische Kulturstiftung, CMFE &#8211; Community Media Forum Europe, Cultural Broadcasting Archive, Eurozine, fairkom, Krytyka Polityczna, Voxeurop<\/li>\n<li>Neue Mitglieder werden aufgenommen: Voraussichtlich im Fr\u00fchjahr 2024<\/li>\n<\/ul>\n<h2>Warum spenden?<\/h2>\n<h4>Vorteile<\/h4>\n<ul>\n<li>Tolle Geschichten aus verschiedenen Ecken des Kontinents, \u00fcbersetzt in 15 Sprachen<\/li>\n<li>Newsletter-Service (Opt-in)<\/li>\n<li>Kostenloses <a href=\"https:\/\/displayeurope.social\">Mastodon-Konto<\/a> (bitte registrieren Sie sich f\u00fcr einen Display Europe Login Key)<\/li>\n<\/ul>\n<p>Wir haben verschiedene Ideen, um die Plattform zu erweitern und zus\u00e4tzliche, n\u00fctzliche Online-Dienste hinzuzuf\u00fcgen, um Display Europe zu Ihrer digitalen Heimat zu machen. Jeder Beitrag wird uns helfen, ein unabh\u00e4ngiges Medienzentrum weiterzuentwickeln!<\/p>\n\n<p>\n<a href=\"https:\/\/kulturspenden.at\/donations\/spende-an-display-europe\" target=\"_blank\" rel=\"noopener\">\n\t<div class=\"donation-logo\" style=\"position:relative;max-width:10rem;padding:0;margin:0;\">\n\t\t<svg viewbox=\"0 0 205.9 39.69\" style=\"position: absolute; top: 0px; left: 0px; width: 100%; height: 100%;\"><path d=\"m34.56,11.36l1.82-1.82c.17-.17.22-.33.22-.55v-.17c0-4.85-3.8-8.82-8.82-8.82-2.26,0-4.57.94-6.23,2.59l-3.64,3.64v-3.36c0-.5-.39-.88-.88-.88H.88c-.5,0-.88.39-.88.88v33.95c0,.5.39.88.88.88h16.15c.5,0,.88-.39.88-.88v-3.36l5.95,5.95c.22.22.44.28.66.28s.44-.06.66-.28l13.34-13.34c1.65-1.65,2.59-3.86,2.59-6.23,0-3.91-2.65-7.39-6.56-8.49h0Zm-11.35-7.11c1.21-1.21,2.87-1.93,4.57-1.93,3.42,0,6.23,2.59,6.45,6.06l-8.99,8.99c-1.23-4.52-5.52-6.35-8.31-6.35h-.5l6.78-6.78h0Zm-7.61,31.14H2.32V4.3h13.28v4.24l-5.07,5.07c-1.65,1.65-2.59,3.86-2.59,6.23s.94,4.57,2.59,6.23l5.07,5.07v4.24h0Zm21.28-10.97l-12.35,12.35-12.35-12.35c-1.27-1.27-1.93-2.92-1.93-4.57,0-3.69,2.92-6.5,6.5-6.5s6.5,2.81,6.5,6.5c0,.66.5,1.16,1.16,1.16.5,0,.83-.33,1.27-.77l6.89-6.89c3.47.17,6.23,2.92,6.23,6.5,0,1.65-.66,3.31-1.93,4.57h0Z\" stroke-width=\"0\" fill=\"#1a171b\"><\/path><path d=\"m205.69,23.89c-.07-.22-.26-.22-.43-.14-.19.07-.43.17-.82.17-.58,0-.89-.29-.89-1.18v-5.25h2.35c.14,0,.31-.12.31-.31v-1.39c0-.19-.17-.31-.31-.31h-2.35v-1.87c0-.12-.1-.34-.34-.31l-1.65.12-.29,2.06h-1.15c-.12,0-.29.12-.29.31v1.39c0,.19.17.31.31.31h1.03v5.18c0,2.83,1.68,3.41,3,3.41,1.39,0,2.11-.58,1.99-.91l-.48-1.27h0Zm-10.22-.43c-.62.55-1.22.77-1.8.77-.72,0-1.22-.41-1.22-1.1,0-.6.36-1.03,1.03-1.29l1.65-.62.34.1v2.16-.02Zm3.43.89c-.02-.19-.12-.26-.31-.26-.65,0-.86-.14-.86-.89v-4.03c0-2.59-1.46-3.91-3.79-3.91-1.92,0-3.31,1.1-3.74,2.71-.07.26.02.38.22.46l1.37.46c.17.05.36.02.46-.26.26-.86.74-1.34,1.65-1.34.79,0,1.56.34,1.56,1.53v.31l-.24.34-2.37.79c-1.68.55-2.76,1.51-2.76,2.95,0,1.75,1.46,2.88,3,2.88,1.08,0,1.75-.36,2.33-.86h.82c.17.31.7.79,1.53.79.62,0,1.25-.14,1.22-.58l-.07-1.08h-.02Zm-10.86,1.58c.22,0,.41-.19.41-.41v-2.16c0-.22-.19-.41-.41-.41h-1.92c-.22,0-.41.19-.41.41v2.16c0,.22.19.41.41.41h1.92Zm-4.53,0c.19,0,.31-.17.31-.31v-6.59c0-2.81-1.97-3.72-3.17-3.72-.98,0-1.77.34-2.4.91h-.89l-.1-.46c-.02-.14-.1-.34-.36-.34h-1.32c-.17,0-.31.14-.31.31v9.88c0,.14.12.31.31.31h1.75c.19,0,.31-.17.31-.31v-6.45c0-1.27,1.15-1.77,2.06-1.77,1.06,0,1.73.65,1.73,1.63v6.59c0,.14.12.31.31.31h1.77Zm-11.27-4.75c.7,0,.84-.34.84-1.29,0-2.66-1.85-4.63-4.51-4.63-3,0-4.94,2.54-4.94,5.4s1.75,5.42,4.94,5.42c2.54,0,3.86-1.65,4.36-2.95.05-.14.05-.31-.17-.41l-1.41-.6c-.19-.07-.36,0-.46.22-.34.84-.86,1.73-2.33,1.73s-2.35-1.13-2.52-2.42l.36-.46h5.84Zm-6.09-1.77c.24-1.2,1.22-2.13,2.42-2.13s2.11.84,2.11,2.13h-4.53Zm-6.79,1.89c0,1.44-.82,2.71-2.45,2.71-1.82,0-2.59-1.58-2.59-3.36s.77-3.33,2.59-3.33c1.63,0,2.45,1.22,2.45,2.69v1.29Zm-3.09-6.04c-2.3,0-4.36,2.21-4.36,5.37,0,2.9,1.7,5.44,4.36,5.44,1.03,0,1.82-.36,2.42-.94h.84l.1.48c.02.14.12.31.31.31h1.37c.19,0,.31-.17.31-.31v-15.16c0-.14-.12-.31-.31-.31h-1.75c-.19,0-.31.17-.31.31v5.54l-.58.19c-.6-.58-1.41-.94-2.4-.94m-6.64,10.67c.19,0,.31-.17.31-.31v-6.59c0-2.81-1.97-3.72-3.17-3.72-.98,0-1.77.34-2.4.91h-.89l-.1-.46c-.02-.14-.1-.34-.36-.34h-1.32c-.17,0-.31.14-.31.31v9.88c0,.14.12.31.31.31h1.75c.19,0,.31-.17.31-.31v-6.45c0-1.27,1.15-1.77,2.06-1.77,1.06,0,1.73.65,1.73,1.63v6.59c0,.14.12.31.31.31h1.77Zm-11.15-4.75c.7,0,.84-.34.84-1.29,0-2.66-1.85-4.63-4.51-4.63-3,0-4.94,2.54-4.94,5.4s1.75,5.42,4.94,5.42c2.54,0,3.86-1.65,4.36-2.95.05-.14.05-.31-.17-.41l-1.41-.6c-.19-.07-.36,0-.46.22-.34.84-.86,1.73-2.33,1.73s-2.35-1.13-2.52-2.42l.36-.46h5.84Zm-6.09-1.77c.24-1.2,1.22-2.13,2.42-2.13s2.11.84,2.11,2.13h-4.53Zm-11.44.65c0-1.44.82-2.73,2.45-2.73,1.82,0,2.59,1.58,2.59,3.36s-.77,3.33-2.59,3.33c-1.63,0-2.45-1.2-2.45-2.66v-1.29h0Zm3.09,6.02c2.3,0,4.36-2.18,4.36-5.37,0-2.88-1.73-5.44-4.36-5.44-1.03,0-1.82.38-2.42.96h-.84l-.1-.48c-.02-.14-.12-.31-.31-.31h-1.37c-.19,0-.31.17-.31.31v14.65c0,.14.12.31.31.31h1.75c.19,0,.31-.17.31-.31v-5.04l.58-.19c.6.58,1.41.91,2.4.91m-11.25-6.81c-.7-.31-1.08-.55-1.08-1.13s.7-.94,1.37-.94c.94,0,1.25.53,1.46,1.22.07.26.26.29.43.24l1.41-.5c.19-.07.26-.14.19-.43-.41-1.39-1.56-2.47-3.5-2.47-2.16,0-3.62,1.39-3.62,2.88,0,1.22.72,2.18,2.04,2.85.77.38,1.1.5,1.99.94.74.36,1.01.62,1.01,1.1,0,.58-.53,1.1-1.61,1.1-1.22,0-1.68-.91-1.8-1.77-.02-.24-.17-.31-.41-.24l-1.51.5c-.14.05-.22.17-.19.36.29,1.89,1.97,3.12,3.86,3.12,2.16,0,3.91-1.29,3.91-3.17,0-1.32-.82-2.21-2.3-2.93-.6-.29-1.18-.53-1.65-.74m-8.92,6.67c.19,0,.31-.17.31-.31v-5.37c0-1.68.72-2.76,1.73-2.76.55,0,.91.19,1.27.43.19.12.38,0,.46-.17l.72-1.56c.05-.12,0-.26-.14-.41-.19-.19-.72-.53-1.39-.53-.79,0-1.39.31-2.04,1.08h-.89l-.1-.58c-.02-.14-.1-.34-.36-.34h-1.32c-.17,0-.31.14-.31.31v9.88c0,.14.12.31.31.31h1.75v.02Zm-4.99,0c.17,0,.31-.14.31-.31v-9.88c0-.14-.12-.31-.31-.31h-1.75c-.19,0-.31.17-.31.31v6.45c0,1.27-1.15,1.77-2.06,1.77-1.06,0-1.73-.65-1.73-1.63v-6.59c0-.14-.12-.31-.31-.31h-1.75c-.19,0-.31.17-.31.31v6.59c0,2.81,1.97,3.72,3.17,3.72.98,0,1.77-.34,2.4-.91h.89l.1.46c.02.14.1.34.36.34h1.32-.02Zm-10.62-2.04c-.07-.22-.26-.22-.43-.14-.19.07-.43.17-.82.17-.58,0-.89-.29-.89-1.18v-5.25h2.35c.14,0,.31-.12.31-.31v-1.39c0-.19-.17-.31-.31-.31h-2.35v-1.87c0-.12-.1-.34-.34-.31l-1.65.12-.29,2.06h-1.15c-.12,0-.29.12-.29.31v1.39c0,.19.17.31.31.31h1.03v5.18c0,2.83,1.68,3.41,3,3.41,1.39,0,2.11-.58,1.99-.91l-.48-1.27h.01Zm-7.99,2.04c.19,0,.31-.17.31-.31v-15.16c0-.14-.12-.31-.31-.31h-1.75c-.19,0-.31.17-.31.31v15.16c0,.14.12.31.31.31h1.75Zm-4.99,0c.17,0,.31-.14.31-.31v-9.88c0-.14-.12-.31-.31-.31h-1.75c-.19,0-.31.17-.31.31v6.45c0,1.27-1.15,1.77-2.06,1.77-1.06,0-1.73-.65-1.73-1.63v-6.59c0-.14-.12-.31-.31-.31h-1.75c-.19,0-.31.17-.31.31v6.59c0,2.81,1.97,3.72,3.17,3.72.98,0,1.77-.34,2.4-.91h.89l.1.46c.02.14.1.34.36.34h1.32-.02Zm-9.81,0c.26,0,.41-.26.24-.5l-4.08-5.68,3.6-3.81c.14-.17.07-.5-.24-.5h-2.09c-.12,0-.19.05-.26.12l-3.62,4.03v-9.11c0-.14-.12-.31-.31-.31h-1.75c-.19,0-.31.17-.31.31v15.16c0,.14.12.31.31.31h1.75c.19,0,.31-.17.31-.31v-3.14l.67-.72h.62l2.81,4c.1.12.14.17.26.17h2.09v-.02Z\" stroke-width=\"0\" fill=\"#1a171b\"><\/path><\/svg><div class=\"css-175oi2r\" style=\"opacity: 0;\"><svg viewbox=\"0 0 205.9 39.69\"><path d=\"m24.53,36.77l-12.35-12.35c-1.27-1.27-1.93-2.92-1.93-4.57,0-3.69,2.92-6.5,6.5-6.5s6.5,2.81,6.5,6.5c0,.66.5,1.16,1.16,1.16.5,0,.83-.33,1.27-.77l6.89-6.89c3.47.17,6.23,2.92,6.23,6.5,0,1.65-.66,3.31-1.93,4.57l-12.35,12.35h.01Z\" stroke-width=\"0\" fill=\"#d51130\"><\/path><path d=\"m12.93,25.16c-1.05-1.05-1.6-2.43-1.6-3.81,0-3.04,2.49-5.41,5.41-5.41s5.41,2.36,5.41,5.32c0,.99.84,1.81,1.84,1.81.77,0,1.24-.39,1.9-1.05l8.39-8.39c-.49-.14-1.18-.26-1.71-.28l-6.89,6.89c-.44.44-.77.77-1.27.77-.66,0-1.16-.5-1.16-1.16,0-3.69-2.87-6.5-6.5-6.5s-6.5,2.81-6.5,6.5c0,1.65.66,3.31,1.93,4.57l.75.75h0Z\" stroke-width=\"0\" fill=\"#8d191d\"><\/path><\/svg><\/div>\n\t<\/div>\n<\/a>\n<\/p>\n","protected":false},"excerpt":{"rendered":"<p>Generalversammlung Die Display Europe Genossenschaft 3. au\u00dferordentliche Generalversammlung 28. Januar 2025, 13.00 Uhr MEZHybride:@ Jasna 10\/3, Warschau@ https:\/\/pro.fairteaching.net\/r\/ECF Feststellung der ordnungsgem\u00e4\u00dfen Einberufung der Versammlung, Feststellung der Beschlussf\u00e4higkeit Bericht des Vorstandes und des Vorsitzenden des Aufsichtsrates Verabschiedung der Gesch\u00e4ftsordnung des Verwaltungsrats Wahl der Mitglieder des Verwaltungsrats Wahl der Mitglieder des Aufsichtsrates \u00c4nderung der Satzung \u00a7 18. [&hellip;]<\/p>\n","protected":false},"author":1,"featured_media":0,"parent":0,"menu_order":0,"comment_status":"closed","ping_status":"closed","template":"","meta":{"footnotes":""},"class_list":["post-5836","page","type-page","status-publish","hentry"],"_links":{"self":[{"href":"https:\/\/archive.displayeurope.eu\/de\/wp-json\/wp\/v2\/pages\/5836","targetHints":{"allow":["GET"]}}],"collection":[{"href":"https:\/\/archive.displayeurope.eu\/de\/wp-json\/wp\/v2\/pages"}],"about":[{"href":"https:\/\/archive.displayeurope.eu\/de\/wp-json\/wp\/v2\/types\/page"}],"author":[{"embeddable":true,"href":"https:\/\/archive.displayeurope.eu\/de\/wp-json\/wp\/v2\/users\/1"}],"replies":[{"embeddable":true,"href":"https:\/\/archive.displayeurope.eu\/de\/wp-json\/wp\/v2\/comments?post=5836"}],"version-history":[{"count":7,"href":"https:\/\/archive.displayeurope.eu\/de\/wp-json\/wp\/v2\/pages\/5836\/revisions"}],"predecessor-version":[{"id":50243,"href":"https:\/\/archive.displayeurope.eu\/de\/wp-json\/wp\/v2\/pages\/5836\/revisions\/50243"}],"wp:attachment":[{"href":"https:\/\/archive.displayeurope.eu\/de\/wp-json\/wp\/v2\/media?parent=5836"}],"curies":[{"name":"wp","href":"https:\/\/api.w.org\/{rel}","templated":true}]}}