{"id":10912,"date":"2023-11-23T16:46:19","date_gmt":"2023-11-23T15:46:19","guid":{"rendered":"https:\/\/archive.displayeurope.eu\/newsletter\/"},"modified":"2024-08-28T15:05:07","modified_gmt":"2024-08-28T13:05:07","slug":"boletin","status":"publish","type":"page","link":"https:\/\/archive.displayeurope.eu\/es\/boletin\/","title":{"rendered":"Bolet\u00edn"},"content":{"rendered":"<style>\/*! elementor - v3.20.0 - 26-03-2024 *\/<br \/>\n.elementor-heading-title{padding:0;margin:0;line-height:1}.elementor-widget-heading .elementor-heading-title[class*=elementor-size-]>a{color:heredado;font-size:heredado;line-height:heredado}.elementor-widget-heading .elementor-heading-title.elementor-size-small{font-size:15px}.elementor-widget-heading .elementor-heading-title.elementor-size-medium{font-size:19px}.elementor-widget-heading .elementor-heading-title.elementor-size-large{font-size:29px}.elementor-widget-heading .elementor-heading-title.elementor-size-xl{font-size:39px}.elementor-widget-heading .elementor-heading-title.elementor-size-xxl{font-size:59px}<\/style>\n<p>.<\/p>\n<h1>Suscr\u00edbete al bolet\u00edn de Display Europe<\/h1>\n<p>Tu actualizaci\u00f3n personal sobre los intereses europeos.<br \/>\n\u00a1Todas las noticias relevantes y contenidos exclusivos directamente a tu bandeja de entrada!<\/p>\n<div class=\"tnp tnp-subscription \">\n<form method=\"post\" action=\"https:\/\/archive.displayeurope.eu\/wp-admin\/admin-ajax.php?action=tnp&amp;na=s\">\n<input type=\"hidden\" name=\"nlang\" value=\"es\">\n<div class=\"tnp-field tnp-field-firstname\"><label for=\"tnp-1\">Nombre<\/label>\n<input class=\"tnp-name\" type=\"text\" name=\"nn\" id=\"tnp-1\" value=\"\" placeholder=\"\" required><\/div>\n<div class=\"tnp-field tnp-field-surname\"><label for=\"tnp-2\">Apellidos<\/label>\n<input class=\"tnp-surname\" type=\"text\" name=\"ns\" id=\"tnp-2\" value=\"\" placeholder=\"\"><\/div><div class=\"tnp-field tnp-field-email\"><label for=\"tnp-3\">Correo electr\u00f3nico<\/label>\n<input class=\"tnp-email\" type=\"email\" name=\"ne\" id=\"tnp-3\" value=\"\" placeholder=\"\" required><\/div>\n<div class=\"tnp-field tnp-privacy-field\"><label><input type=\"checkbox\" name=\"ny\" required class=\"tnp-privacy\"> <a target=\"_blank\" href=\"https:\/\/archive.displayeurope.eu\/privacy\/\">I have read and agree to Display Europe Privacy Policy.<\/a><\/label><\/div><div class=\"tnp-field tnp-field-button\" style=\"text-align: left\"><input class=\"tnp-submit\" type=\"submit\" value=\"Suscribirse\" style=\"\">\n<\/div>\n<\/form>\n<\/div>\n\n","protected":false},"excerpt":{"rendered":"<p>. Suscr\u00edbete al bolet\u00edn de Display Europe Tu actualizaci\u00f3n personal sobre los intereses europeos. \u00a1Todas las noticias relevantes y contenidos exclusivos directamente a tu bandeja de entrada!<\/p>\n","protected":false},"author":35,"featured_media":0,"parent":0,"menu_order":0,"comment_status":"closed","ping_status":"closed","template":"","meta":{"footnotes":""},"class_list":["post-10912","page","type-page","status-publish","hentry"],"_links":{"self":[{"href":"https:\/\/archive.displayeurope.eu\/es\/wp-json\/wp\/v2\/pages\/10912","targetHints":{"allow":["GET"]}}],"collection":[{"href":"https:\/\/archive.displayeurope.eu\/es\/wp-json\/wp\/v2\/pages"}],"about":[{"href":"https:\/\/archive.displayeurope.eu\/es\/wp-json\/wp\/v2\/types\/page"}],"author":[{"embeddable":true,"href":"https:\/\/archive.displayeurope.eu\/es\/wp-json\/wp\/v2\/users\/35"}],"replies":[{"embeddable":true,"href":"https:\/\/archive.displayeurope.eu\/es\/wp-json\/wp\/v2\/comments?post=10912"}],"version-history":[{"count":1,"href":"https:\/\/archive.displayeurope.eu\/es\/wp-json\/wp\/v2\/pages\/10912\/revisions"}],"predecessor-version":[{"id":45806,"href":"https:\/\/archive.displayeurope.eu\/es\/wp-json\/wp\/v2\/pages\/10912\/revisions\/45806"}],"wp:attachment":[{"href":"https:\/\/archive.displayeurope.eu\/es\/wp-json\/wp\/v2\/media?parent=10912"}],"curies":[{"name":"wp","href":"https:\/\/api.w.org\/{rel}","templated":true}]}}