{"id":15128,"date":"2023-06-27T14:23:20","date_gmt":"2023-06-27T12:23:20","guid":{"rendered":"https:\/\/archive.displayeurope.eu\/nuestra-vision\/"},"modified":"2024-09-25T08:01:21","modified_gmt":"2024-09-25T06:01:21","slug":"nuestra-vision-faq","status":"publish","type":"page","link":"https:\/\/archive.displayeurope.eu\/es\/nuestra-vision-faq\/","title":{"rendered":"Nuestra visi\u00f3n y FAQ"},"content":{"rendered":"\n<h1 class=\"wp-block-heading\">Nuestra visi\u00f3n y FAQ<\/h1>\n\n<h2 class=\"wp-block-heading\">\u00a0<\/h2>\n\n<h2 class=\"wp-block-heading\">Nuestra visi\u00f3n<\/h2>\n\n<p><strong>Los arquitectos de Display creen en unos medios de comunicaci\u00f3n europeos, basados en los valores p\u00fablicos y la inclusi\u00f3n. <\/strong><\/p>\n\n<p>Contribuyen a crear unos medios de comunicaci\u00f3n europeos compartidos, porque las fuerzas que no tienen en cuenta las fronteras condicionan la vida de los europeos. Construyen un espacio, independiente tanto de gobiernos como de influencias comerciales, donde los europeos -independientemente de su procedencia- pueden conectarse, compartir ideas, debatir opiniones y encontrar informaci\u00f3n fiable para pedir cuentas a los poderosos.<\/p>\n\n<h2 class=\"wp-block-heading\">\u00a0<\/h2>\n\n<h3 class=\"wp-block-heading\">Gratis y de confianza<\/h3>\n\n<p>El objetivo de Display Europe es ofrecer a los ciudadanos de todo el continente informaci\u00f3n fidedigna y perspectivas que a menudo pasan por alto los principales medios de comunicaci\u00f3n nacionales. Al centrarse en la traducci\u00f3n, la sindicaci\u00f3n y los contenidos creados originalmente, Display Europe pretende ofrecer una visi\u00f3n completa de Europa, desde el Cabo de Roca hasta la cuenca de los Urales. Los contenidos originales incluir\u00e1n revistas de prensa mensuales regionales y tem\u00e1ticas, as\u00ed como proyectos multimedia transfronterizos sobre temas de relevancia europea y un programa semanal de tertulias europeas. Ser\u00e1 un portal gratuito y centralizado de contenidos, que podr\u00e1 buscarse y traducirse a 15 lenguas europeas.<\/p>\n\n<h2 class=\"wp-block-heading\">\u00a0<\/h2>\n\n<h3 class=\"wp-block-heading\">Participar y compartir<\/h3>\n\n<p>Comprometida con la participaci\u00f3n activa del p\u00fablico, la plataforma animar\u00e1 a los ciudadanos europeos a moldear activamente los medios de comunicaci\u00f3n y sus valores. Caracter\u00edsticas como el Club del Art\u00edculo pondr\u00e1n en contacto a lectores y periodistas, fomentando una mentalidad comunitaria en la producci\u00f3n de medios. Adem\u00e1s, un modelo din\u00e1mico de contenidos generados por los usuarios les animar\u00e1 a compartir sus puntos de vista europeos \u00fanicos, con el apoyo de las redes sociales y la colaboraci\u00f3n con organizaciones y defensores afines.<\/p>\n\n<h2 class=\"wp-block-heading\">\u00a0<\/h2>\n\n<h3 class=\"wp-block-heading\">Seguro y \u00e9tico<\/h3>\n\n<p>Como red federada de plataformas existentes, Display Europe utiliza software de c\u00f3digo abierto y protocolos abiertos basados en procesos respetuosos con la privacidad. La plataforma se basa en una infraestructura digital soberana, autogestionada y de c\u00f3digo abierto, lo que garantiza su independencia de las redes sociales y plataformas de streaming de Big Tech. A diferencia de otras plataformas, los algoritmos de recomendaci\u00f3n de contenidos de Display gu\u00edan a los usuarios en un viaje de contenidos mixtos y equilibrados. Display s\u00f3lo recopila datos personales cuando se le da luz verde, y los usuarios pueden optar por no hacerlo.<\/p>\n\n<h2 class=\"wp-block-heading\">Preguntas m\u00e1s frecuentes<\/h2>\n\n<h3 class=\"wp-block-heading\">\u00bfQu\u00e9 es Display Europe?<\/h3>\n\n<p>Display Europe es una plataforma de medios que ofrece una perspectiva europea en 15 idiomas. Ofrece contenidos originales y federados proporcionados por una red de medios independientes de todo el continente. Basada en los valores p\u00fablicos y la inclusi\u00f3n, Display Europe se basa en software de c\u00f3digo abierto y se aleja de las pr\u00e1cticas poco \u00e9ticas de recopilaci\u00f3n de datos de las grandes empresas tecnol\u00f3gicas. Sus algoritmos gu\u00edan a los usuarios en una experiencia de contenidos mixtos y equilibrados.<\/p>\n\n<p>Displayeurope.eu es una plataforma \u00fanica que da acceso a una amplia gama de contenidos de los medios de comunicaci\u00f3n europeos. Su objetivo es romper las burbujas de filtros y dar a los ciudadanos de toda Europa acceso a informaci\u00f3n fiable. La plataforma cubre diversos aspectos de Europa que tradicionalmente no han sido cubiertos por los medios de comunicaci\u00f3n convencionales o nacionales. Display Europe est\u00e1 revolucionando el panorama medi\u00e1tico europeo al centrarse en la traducci\u00f3n, la sindicaci\u00f3n y la producci\u00f3n de contenidos originales. <\/p>\n\n<p>El desarrollo de displayeurope.eu est\u00e1 gestionado por un consorcio con diecisiete miembros de medios de comunicaci\u00f3n independientes y del sector de la tecnolog\u00eda \u00e9tica, bajo el t\u00edtulo Display Europe &#8211; Democracy Runs on Screens. El proyecto ha sido cofinanciado con una subvenci\u00f3n de la Uni\u00f3n Europea.<\/p>\n\n<p>Adem\u00e1s, Display Europe &#8211; Democracy Runs on Screens tambi\u00e9n gestiona dos programas de subvenciones: la convocatoria de subvenciones Display Europe (cerrada) y la convocatoria de microbecas Display Europe (abierta mensualmente hasta el 31 de marzo de 2023). Para m\u00e1s informaci\u00f3n sobre la convocatoria de micro-subvenciones, consulte <a href=\"https:\/\/culturalfoundation.eu\/programmes\/display-europe\/\"><u>aqu\u00ed<\/u><\/a>. Los beneficiarios de estas subvenciones crear\u00e1n contenidos que se exhibir\u00e1n en Display Europe. <\/p>\n\n<h3 class=\"wp-block-heading\">\u00bfC\u00f3mo funciona Display Europe?<\/h3>\n\n<p>Display Europe es una pieza crucial de la infraestructura digital que conecta y proporciona acceso a toda una nueva capa de contenidos a trav\u00e9s de medios de comunicaci\u00f3n, formatos de publicaci\u00f3n y difusi\u00f3n, regiones y lenguas. Funciona como una red federada de plataformas existentes que trabaja con software de c\u00f3digo abierto y protocolos abiertos basados en procesos respetuosos con la privacidad. Proporcionar\u00e1 una tabla de nivelaci\u00f3n para los medios de comunicaci\u00f3n que no puedan construir y mantener infraestructuras digitales costosas y caras, pero que tengan contenidos relevantes que ofrecer a audiencias internacionales. El consorcio compromete a los medios comunitarios y a los peque\u00f1os y medianos creadores de contenidos, y los facilita como comunidad profesional internacional en expansi\u00f3n.<\/p>\n\n<h3 class=\"wp-block-heading\">\u00bfQui\u00e9n gestiona Display Europe?<\/h3>\n\n<p><a href=\"https:\/\/culturalfoundation.eu\/programmes\/display-europe\/\"><u>Display Europe<\/u><\/a> est\u00e1 gestionada por un consorcio de <a href=\"https:\/\/culturalfoundation.eu\/\"><u>Fundaci\u00f3n Cultural Europea<\/u><\/a> (ECF), <a href=\"https:\/\/cba.media\/what-is-the-cba\"><u>Archivo Cultural de Radiodifusi\u00f3n<\/u><\/a> (CBA), fairkom, Eurozine, Voxeurop, Hostwriter, Krytyka Polityczna, <a href=\"https:\/\/www.eldiario.es\/\"><u>El <\/u><u>Diario<\/u><\/a>Buenas conversaciones, <a href=\"https:\/\/publicspaces.net\/\"><u>Espacios P\u00fablicos<\/u><\/a>, <a href=\"https:\/\/www.cmfe.eu\/\"><u>Foro Europeo de Medios Comunitarios<\/u><\/a> (CMFE), <a href=\"https:\/\/www.human.nl\/\"><u>Humano<\/u><\/a>, <a href=\"https:\/\/www.vpro.nl\/\"><u>VPRO<\/u><\/a>, <a href=\"https:\/\/www.soundandvision.com\/\"><u>Sonido y Visi\u00f3n<\/u><\/a>, <a href=\"https:\/\/yepp.it\/ita\"><u>YEPP Italia<\/u><\/a>Fanzingo y <a href=\"https:\/\/www.schumanshow.eu\/\"><u>Schuman Show<\/u><\/a>.<\/p>\n\n<h3 class=\"wp-block-heading\">\u00bfEs gratis displayeurope.eu?<\/h3>\n\n<p>El contenido del portal es de c\u00f3digo abierto y de libre acceso, sin cortafuegos de pago. Sin embargo, las recomendaciones permitir\u00e1n dirigir a contenidos de calidad detr\u00e1s de cortafuegos en las propias p\u00e1ginas web de los socios. Esto tambi\u00e9n permitir\u00e1 a <strong>los socios<\/strong> promocionar sus contenidos a trav\u00e9s de la plataforma. La plataforma funciona con un modelo de c\u00f3digo abierto y permite a los socios promocionar sus contenidos a trav\u00e9s de diversos canales, como las redes sociales, la televisi\u00f3n, la radio y la prensa. Este planteamiento hace hincapi\u00e9 en la colaboraci\u00f3n y los contenidos originales, m\u00e1s que en el material exclusivo.<\/p>\n\n<h3 class=\"wp-block-heading\">\u00bfDe d\u00f3nde procede la financiaci\u00f3n de Display Europe?<\/h3>\n\n<p>Display Europe &#8211; Democracy Runs on Screens est\u00e1 cofinanciado por la Direcci\u00f3n General de Redes de Comunicaci\u00f3n, Contenidos y Tecnolog\u00eda en el marco de la convocatoria de proyectos piloto \u00bbEuropean Media Platforms\u00bb. La Fundaci\u00f3n Europea de la Cultura y otros socios del consorcio aportan financiaci\u00f3n adicional. A largo plazo, Display Europe se financiar\u00e1 mediante una combinaci\u00f3n de fondos p\u00fablicos (europeos), fondos filantr\u00f3picos y afiliaciones, donaciones y suscripciones.<\/p>\n\n<h3 class=\"wp-block-heading\">\u00bfPuedo participar en displayeurope.eu?<\/h3>\n\n<p><strong>S\u00ed<\/strong><strong> se puede. <\/strong>Display Europe ofrece una funci\u00f3n de foro p\u00fablico activo en el que se anima a los ciudadanos europeos a compartir y experimentar informaci\u00f3n.<\/p>\n\n<p><strong>CHARLAS SOBRE EUROPA<\/strong><\/p>\n\n<p>Display Europe aumentar\u00e1 gradualmente las oportunidades de participaci\u00f3n activa en la plataforma. A partir de la primavera de 2024, los lectores tambi\u00e9n podr\u00e1n expresar sus opiniones y debatir temas pol\u00edticos m\u00e1s amplios con otros lectores. En cada uno de los art\u00edculos de Display habr\u00e1 cuestionarios para conocer los puntos de vista de los lectores sobre los temas de los art\u00edculos y la pol\u00edtica europea. Un algoritmo de emparejamiento emparejar\u00e1 a participantes individuales con alguien que piense de forma muy diferente a ellos, en otro pa\u00eds europeo siempre que sea posible.<\/p>\n\n<p><strong>CLUB DE ART\u00cdCULOS<\/strong><\/p>\n\n<p>Los contenidos originales, elaborados para Display Europe, se presentar\u00e1n en un Club de Art\u00edculos mensual, en el que los periodistas participantes abrir\u00e1n un foro p\u00fablico de debate con los usuarios. El objetivo del Club de Art\u00edculos es conectar a los lectores con los periodistas que est\u00e1n detr\u00e1s de la plataforma y animarles a adoptar una mentalidad comunitaria en la producci\u00f3n y evaluaci\u00f3n de sus art\u00edculos. El formato tambi\u00e9n permitir\u00e1 a los periodistas recurrir a la audiencia en busca de experiencia y aportaciones para la redacci\u00f3n de futuros art\u00edculos.<\/p>\n\n<p><strong>MEDIOS DE COMUNICACI\u00d3N SOCIAL<\/strong><\/p>\n\n<p>A largo plazo, la participaci\u00f3n de la comunidad de Display Europe evolucionar\u00e1 en torno a un modelo de contenido din\u00e1mico que anime a los usuarios a compartir sus puntos de vista sobre Europa. La plataforma integrar\u00e1 estrategias de medios sociales de c\u00f3digo abierto (en particular Mastodon) para fomentar conversaciones, promover contenidos y amplificar los mensajes principales. Las asociaciones con personas influyentes y organizaciones afines a los valores de Display Europe son tambi\u00e9n un elemento clave de su estrategia.<\/p>\n\n<h3 class=\"wp-block-heading\">\u00bfQu\u00e9 diferencia a Display Europe de otras plataformas europeas de medios de comunicaci\u00f3n?<\/h3>\n\n<ul class=\"wp-block-list\">\n<li>Display Europe se dirige directamente a los ciudadanos, a diferencia de las plataformas de servicios para otros medios de comunicaci\u00f3n.<\/li>\n\n\n\n<li>Display Europe cubrir\u00e1 todos los Estados miembros de la UE y varios pa\u00edses vecinos, incluidos los Balcanes Occidentales y Ucrania.<\/li>\n\n\n\n<li>Display Europe est\u00e1 construida por la sociedad civil y no tiene otro inter\u00e9s que potenciar la democracia europea.<\/li>\n\n\n\n<li>Display Europe se basa en tecnolog\u00eda de c\u00f3digo abierto que puede ser utilizada por otros.<\/li>\n\n\n\n<li>Display Europe se desmarca de las pr\u00e1cticas poco \u00e9ticas de recopilaci\u00f3n de datos de las grandes tecnol\u00f3gicas.<\/li>\n\n\n\n<li>Display Europe est\u00e1 disponible en 15 idiomas.<\/li>\n<\/ul>\n\n<h3 class=\"wp-block-heading\">\u00bfEn qu\u00e9 idiomas est\u00e1 disponible Display Europe?<\/h3>\n\n<p>En su fase inicial, Display Europe est\u00e1 disponible en los siguientes idiomas<\/p>\n\n<ol class=\"wp-block-list\">\n<li>Ingl\u00e9s<\/li>\n\n\n\n<li>Alem\u00e1n<\/li>\n\n\n\n<li>Croata \/ Bosnio \/ Serbio<\/li>\n\n\n\n<li>Checa<\/li>\n\n\n\n<li>Eslovaco<\/li>\n\n\n\n<li>Franc\u00e9s<\/li>\n\n\n\n<li>H\u00fangaro<\/li>\n\n\n\n<li>Italiano<\/li>\n\n\n\n<li>Polaco<\/li>\n\n\n\n<li>Espa\u00f1ol<\/li>\n\n\n\n<li>Holand\u00e9s<\/li>\n\n\n\n<li>Portugu\u00e9s<\/li>\n\n\n\n<li>Ucraniano<\/li>\n\n\n\n<li>Ruso<\/li>\n\n\n\n<li>Turco<\/li>\n<\/ol>\n\n<p>En fases posteriores se a\u00f1adir\u00e1n m\u00e1s lenguas, como el \u00e1rabe, el rumano y el sueco.<\/p>\n\n<h3 class=\"wp-block-heading\">\u00bfSe crear\u00e1n contenidos originales?<\/h3>\n\n<p>Los socios editoriales Eurozine (AUT), Voxeurop (FR), Krytyka Polityczna (PL), ElDiario (ESP) y HUMAN (NL) son los responsables de la creaci\u00f3n de Display Originals. Los contenidos originales incluyen un talkshow europeo semanal, revistas de prensa regionales y tem\u00e1ticas mensuales y proyectos multimedia transfronterizos sobre temas urgentes de relevancia europea.<\/p>\n\n<h3 class=\"wp-block-heading\">\u00bfCu\u00e1l es la historia de Display?<\/h3>\n\n<p>En respuesta a la creciente necesidad de una esfera p\u00fablica que trascienda los contextos econ\u00f3micos, sociales, culturales o nacionales, la Fundaci\u00f3n Europea de la Cultura organiz\u00f3 una serie de talleres en l\u00ednea y fuera de l\u00ednea en 2020 y 2021. Estos talleres reunieron a periodistas, investigadores y ciudadanos para imaginar un modelo europeo de medios de comunicaci\u00f3n en red, libre de las influencias del mercado y de los gobiernos. Tras una convocatoria abierta en 2021, la Fundaci\u00f3n Europea de la Cultura concede varias subvenciones destinadas a fomentar la colaboraci\u00f3n period\u00edstica transfronteriza y el desarrollo de una infraestructura digital basada en valores p\u00fablicos.<\/p>\n\n<p>Paralelamente, un grupo de activistas de los medios de comunicaci\u00f3n, investigadores e iniciativas formaron en 2020 la coalici\u00f3n Esfera P\u00fablica Digital Europea Compartida (SDEPS.eu). El discurso de la coalici\u00f3n y las perspectivas de una posible arquitectura se resumieron en la publicaci\u00f3n \u00ab<a href=\"http:\/\/www.baratsits.at\/building-a-european-digital-public-space\/\">Building a European Digital Public Space<\/a>\u00ab, Strategies for taking back control from Big Tech platforms (2021) <a href=\"https:\/\/www.irights-lab.de\/publikationen\/dps\">https:\/\/www.irights-lab.de\/publikationen\/dps.<\/a> Sobre la base de estos debates, en 2022 se celebr\u00f3 un hackathon en Linz <a href=\"https:\/\/cba.media\/building-a-european-cultural-backbone\">https:\/\/cba.media\/building-a-european-cultural-backbone.<\/a><\/p>\n\n<p>La colaboraci\u00f3n entre los beneficiarios de la ECF y la red establecida en el hackathon culmin\u00f3 en la creaci\u00f3n de Display Europe.<\/p>\n\n<p>El objetivo de la plataforma es ofrecer una perspectiva paneuropea y un espacio en el que puedan debatirse los intereses europeos compartidos. Quiere contrarrestar la p\u00e9rdida de confianza en los debates p\u00fablicos y los medios de comunicaci\u00f3n, y oponerse a las ideas populistas libres de hechos y a la exclusi\u00f3n de ciertos grupos en los medios tradicionales.<\/p>\n\n<p>Display Europe tiene el potencial de contribuir a una infraestructura digital crucial para Europa, allanando el terreno de juego para los medios de comunicaci\u00f3n y los creadores de contenidos. Su lanzamiento significa no solo la introducci\u00f3n de una nueva plataforma medi\u00e1tica, sino tambi\u00e9n una nueva era en los medios de comunicaci\u00f3n europeos en la que la diversidad, la inclusi\u00f3n y los valores p\u00fablicos ocupan un lugar central.<\/p>\n\n<h3 class=\"wp-block-heading\">\u00bfTengo que pagar para poder utilizar displayeurope.eu?<\/h3>\n\n<p>El contenido es gratuito, pero puede colaborar con una peque\u00f1a cantidad para depender menos de la financiaci\u00f3n de la UE.<\/p>\n\n<p>En 2024 ofreceremos un servicio de suscripci\u00f3n para sufragar el mantenimiento de la plataforma, la producci\u00f3n de contenidos y la prestaci\u00f3n del Mastodonte y otros servicios venideros.<\/p>\n\n<p>Mientras tanto, puede hacer un donativo a la Fundaci\u00f3n Cultural Europea en <a href=\"https:\/\/culturalfoundation.iraiser.eu\/support\/~my-donation\"><u>https:\/\/culturalfoundation.iraiser.eu\/support\/~my-donation<\/u><\/a>. La ECF, como miembro fundador, transmitir\u00e1 esas donaciones a Display Europe.<\/p>\n\n<h3 class=\"wp-block-heading\">Soy miembro de un medio de comunicaci\u00f3n comunitario, \u00bfc\u00f3mo puedo unirme y compartir contenidos con ustedes?<\/h3>\n\n<p>Nuestra red invita cordialmente a personas y organizaciones a unirse como socios en una federaci\u00f3n de colaboraci\u00f3n que celebra los valores compartidos y las perspectivas intercontinentales. Encontrar\u00e1 el <a href=\"https:\/\/archive.displayeurope.eu\/es\/unase-a-nosotros\/\" data-type=\"page\" data-id=\"10996\"><u>enlace<\/u><\/a> al pie de p\u00e1gina del sitio web \u00bbConvi\u00e9rtase en socio de medie\u00bb, donde encontrar\u00e1 m\u00e1s informaci\u00f3n sobre el proceso de incorporaci\u00f3n. <\/p>\n\n<h3 class=\"wp-block-heading\">\u00bfCu\u00e1l es la estructura de gobierno de Display Europe?<\/h3>\n\n<p>Display Europe est\u00e1 en proceso de transformarse en cooperativa, adoptando un modelo cooperativo reconocido por su dedicaci\u00f3n a los miembros y la creaci\u00f3n de valor sostenible dentro de la plataforma. A diferencia de las plataformas tradicionales financiadas con capital riesgo, las cooperativas dan prioridad a los intereses de sus miembros y reinvierten en la plataforma el valor creado conjuntamente, fomentando una estrategia empresarial que mantiene la calidad del servicio de la plataforma sin una comercializaci\u00f3n excesiva.<\/p>\n\n<p>Invitamos a las personas y organizaciones que compartan nuestra visi\u00f3n a unirse y crear una cooperativa transformadora que redefina el panorama europeo de los medios de comunicaci\u00f3n. Juntos aspiramos a construir una plataforma que encarne la colaboraci\u00f3n, la innovaci\u00f3n y la b\u00fasqueda colectiva de un espacio p\u00fablico digital para todos.<\/p>\n\n<p>Si comparte nuestra visi\u00f3n y desea formar parte de esta apasionante empresa, le invitamos a ponerse en contacto con <a href=\"mailto:coop@displayeurope.eu\"><u>coop@displayeurope.eu<\/u><\/a>.<\/p>\n\n<p>Para saber m\u00e1s sobre los objetivos, estrategias, motivaciones e hitos de la Coop, consulte el texto de la Cooperativa Display Europe en el pie de p\u00e1gina del sitio<a href=\"https:\/\/archive.displayeurope.eu\/es\/?page_id=5959\" data-type=\"page\" data-id=\"4986\">(enlace<\/a>).<\/p>\n\n<h3 class=\"wp-block-heading\">Usted es de c\u00f3digo abierto, sin embargo veo LinkedIn e Instagram en su sitio?<\/h3>\n\n<p>S\u00ed, somos una plataforma de c\u00f3digo abierto y promovemos el uso de pr\u00e1cticas de medios sociales de c\u00f3digo abierto como PeerTube y Mastodon, sin embargo, para la promoci\u00f3n inicial del proyecto estamos utilizando cuentas de medios sociales como Instagram, Facebook y LinkdIn. La mayor\u00eda de las veces no mostramos all\u00ed nuestro contenido, sino s\u00f3lo teasers. Sin embargo, abogamos por el uso de las cuentas de medios sociales de c\u00f3digo abierto con un est\u00e1ndar \u00e9tico en lugar de los medios de comunicaci\u00f3n convencionales.<\/p>\n\n<h3 class=\"wp-block-heading\">\u00bfQu\u00e9 tecnolog\u00edas de c\u00f3digo abierto utilizamos?<\/h3>\n\n<p>Preferimos utilizar frameworks que hablen ActivityPub, que es el protocolo para el <a href=\"https:\/\/archive.displayeurope.eu\/es\/?page_id=15081#\/media\/Datei:A_view_into_the_Fediverse.png\"><u>Fediverse<\/u><\/a>. Eso nos permite intercambiar contenido muy f\u00e1cilmente en cualquier direcci\u00f3n.<\/p>\n\n<ul class=\"wp-block-list\">\n<li><a href=\"https:\/\/displayeurope.video\/\"><u>PeerTube<\/u><\/a> para la distribuci\u00f3n de v\u00eddeo<\/li>\n\n\n\n<li><a href=\"https:\/\/displayeurope.social\/explore\"><u>Mastodonte<\/u><\/a> para microblogging<\/li>\n\n\n\n<li><a href=\"https:\/\/cba.media\/\"><u>CBA<\/u><\/a> para audio<\/li>\n\n\n\n<li><a href=\"https:\/\/codeberg.org\/Kbin\/kbin-core\"><u>Kbin<\/u><\/a> para debates (se integrar\u00e1 en 2024)<\/li>\n<\/ul>\n\n<p>Para otras partes de la infraestructura utilizamos exclusivamente herramientas de c\u00f3digo abierto como<\/p>\n\n<ul class=\"wp-block-list\">\n<li>Keycloak (inicio de sesi\u00f3n \u00fanico) <a href=\"https:\/\/key.displayeurope.eu\"><u>https:\/\/key.displayeurope.eu<\/u><\/a> <\/li>\n\n\n\n<li>Minio (almacenamiento y CDN)<\/li>\n\n\n\n<li>kubernetes (computaci\u00f3n en nube)<\/li>\n\n\n\n<li>Matomo (Estad\u00edsticas)<\/li>\n\n\n\n<li><a href=\"https:\/\/newsletter.displ.eu\/lists\/?p=subscribe&amp;id=1\"><u>phplist<\/u><\/a> para boletines<\/li>\n<\/ul>\n","protected":false},"excerpt":{"rendered":"<p>Nuestra visi\u00f3n y FAQ \u00a0 Nuestra visi\u00f3n Los arquitectos de Display creen en unos medios de comunicaci\u00f3n europeos, basados en los valores p\u00fablicos y la inclusi\u00f3n. Contribuyen a crear unos medios de comunicaci\u00f3n europeos compartidos, porque las fuerzas que no tienen en cuenta las fronteras condicionan la vida de los europeos. Construyen un espacio, independiente [&hellip;]<\/p>\n","protected":false},"author":1,"featured_media":0,"parent":0,"menu_order":0,"comment_status":"closed","ping_status":"closed","template":"","meta":{"footnotes":""},"class_list":["post-15128","page","type-page","status-publish","hentry"],"_links":{"self":[{"href":"https:\/\/archive.displayeurope.eu\/es\/wp-json\/wp\/v2\/pages\/15128","targetHints":{"allow":["GET"]}}],"collection":[{"href":"https:\/\/archive.displayeurope.eu\/es\/wp-json\/wp\/v2\/pages"}],"about":[{"href":"https:\/\/archive.displayeurope.eu\/es\/wp-json\/wp\/v2\/types\/page"}],"author":[{"embeddable":true,"href":"https:\/\/archive.displayeurope.eu\/es\/wp-json\/wp\/v2\/users\/1"}],"replies":[{"embeddable":true,"href":"https:\/\/archive.displayeurope.eu\/es\/wp-json\/wp\/v2\/comments?post=15128"}],"version-history":[{"count":11,"href":"https:\/\/archive.displayeurope.eu\/es\/wp-json\/wp\/v2\/pages\/15128\/revisions"}],"predecessor-version":[{"id":49856,"href":"https:\/\/archive.displayeurope.eu\/es\/wp-json\/wp\/v2\/pages\/15128\/revisions\/49856"}],"wp:attachment":[{"href":"https:\/\/archive.displayeurope.eu\/es\/wp-json\/wp\/v2\/media?parent=15128"}],"curies":[{"name":"wp","href":"https:\/\/api.w.org\/{rel}","templated":true}]}}