{"id":36219,"date":"2024-04-17T11:55:28","date_gmt":"2024-04-17T09:55:28","guid":{"rendered":"https:\/\/archive.displayeurope.eu\/conversaciones-en-europa\/"},"modified":"2024-08-28T15:05:40","modified_gmt":"2024-08-28T13:05:40","slug":"europe-talks","status":"publish","type":"page","link":"https:\/\/archive.displayeurope.eu\/es\/europe-talks\/","title":{"rendered":"Conversaciones en Europa"},"content":{"rendered":"<style>\/*! elementor - v3.20.0 - 26-03-2024 *\/\n.elementor-heading-title{padding:0;margin:0;line-height:1}.elementor-widget-heading .elementor-heading-title[class*=elementor-size-]>a{color:heredado;font-size:heredado;line-height:heredado}.elementor-widget-heading .elementor-heading-title.elementor-size-small{font-size:15px}.elementor-widget-heading .elementor-heading-title.elementor-size-medium{font-size:19px}.elementor-widget-heading .elementor-heading-title.elementor-size-large{font-size:29px}.elementor-widget-heading .elementor-heading-title.elementor-size-xl{font-size:39px}.elementor-widget-heading .elementor-heading-title.elementor-size-xxl{font-size:59px}<\/style>\n<h2>Inscr\u00edbete en Europe Talks 2024<\/h2>\n<h4>\u00a1\u00danete al programa Europe Talks para votantes primerizos en Berl\u00edn!<\/h4>\n<p>\u00bfEres ciudadano de la UE y tienes entre 18 y 22 a\u00f1os? \u00danete a nuestro programa de un d\u00eda antes de las pr\u00f3ximas elecciones al Parlamento de la UE. Financiaci\u00f3n de viaje disponible!<\/p>\n<p>\t\t\t<a href=\"https:\/\/www.mycountrytalks.org\/events\/europe-talks\/first-voters-event-berlin\" target=\"_blank\" rel=\"noopener\"><br \/>\n\t\t\t\t\t\tM\u00e1s informaci\u00f3n<br \/>\n\t\t\t\t\t<\/a><\/p>\n","protected":false},"excerpt":{"rendered":"<p>Inscr\u00edbete en Europe Talks 2024 \u00a1\u00danete al programa Europe Talks para votantes primerizos en Berl\u00edn! \u00bfEres ciudadano de la UE y tienes entre 18 y 22 a\u00f1os? \u00danete a nuestro programa de un d\u00eda antes de las pr\u00f3ximas elecciones al Parlamento de la UE. Financiaci\u00f3n de viaje disponible! M\u00e1s informaci\u00f3n<\/p>\n","protected":false},"author":35,"featured_media":0,"parent":0,"menu_order":0,"comment_status":"closed","ping_status":"closed","template":"","meta":{"footnotes":""},"class_list":["post-36219","page","type-page","status-publish","hentry"],"_links":{"self":[{"href":"https:\/\/archive.displayeurope.eu\/es\/wp-json\/wp\/v2\/pages\/36219","targetHints":{"allow":["GET"]}}],"collection":[{"href":"https:\/\/archive.displayeurope.eu\/es\/wp-json\/wp\/v2\/pages"}],"about":[{"href":"https:\/\/archive.displayeurope.eu\/es\/wp-json\/wp\/v2\/types\/page"}],"author":[{"embeddable":true,"href":"https:\/\/archive.displayeurope.eu\/es\/wp-json\/wp\/v2\/users\/35"}],"replies":[{"embeddable":true,"href":"https:\/\/archive.displayeurope.eu\/es\/wp-json\/wp\/v2\/comments?post=36219"}],"version-history":[{"count":1,"href":"https:\/\/archive.displayeurope.eu\/es\/wp-json\/wp\/v2\/pages\/36219\/revisions"}],"predecessor-version":[{"id":45958,"href":"https:\/\/archive.displayeurope.eu\/es\/wp-json\/wp\/v2\/pages\/36219\/revisions\/45958"}],"wp:attachment":[{"href":"https:\/\/archive.displayeurope.eu\/es\/wp-json\/wp\/v2\/media?parent=36219"}],"curies":[{"name":"wp","href":"https:\/\/api.w.org\/{rel}","templated":true}]}}