{"id":44268,"date":"2024-07-31T08:07:03","date_gmt":"2024-07-31T06:07:03","guid":{"rendered":"https:\/\/archive.displayeurope.eu\/tutoriales\/"},"modified":"2024-09-25T13:43:16","modified_gmt":"2024-09-25T11:43:16","slug":"tutoriales","status":"publish","type":"page","link":"https:\/\/archive.displayeurope.eu\/es\/tutoriales\/","title":{"rendered":"Tutoriales"},"content":{"rendered":"\n<h1 class=\"wp-block-heading\">Bienvenido a la secci\u00f3n de tutoriales de Display Europe<\/h1>\n\n<div style=\"height:50px\" aria-hidden=\"true\" class=\"wp-block-spacer\"><\/div>\n\n<figure class=\"wp-block-image size-large\"><img loading=\"lazy\" decoding=\"async\" width=\"963\" height=\"642\" src=\"https:\/\/archive.displayeurope.eu\/wp-content\/uploads\/2024\/08\/TTP05138-963x642.jpg\" alt=\"\" class=\"wp-image-44166\" srcset=\"https:\/\/archive.displayeurope.eu\/wp-content\/uploads\/2024\/08\/TTP05138-963x642.jpg 963w, https:\/\/archive.displayeurope.eu\/wp-content\/uploads\/2024\/08\/TTP05138-339x226.jpg 339w, https:\/\/archive.displayeurope.eu\/wp-content\/uploads\/2024\/08\/TTP05138-768x512.jpg 768w, https:\/\/archive.displayeurope.eu\/wp-content\/uploads\/2024\/08\/TTP05138.jpg 1200w\" sizes=\"auto, (max-width: 963px) 100vw, 963px\" \/><\/figure>\n\n<div style=\"height:50px\" aria-hidden=\"true\" class=\"wp-block-spacer\"><\/div>\n\n<p>Esta p\u00e1gina est\u00e1 dedicada a proporcionar a los periodistas herramientas y conocimientos esenciales para mejorar sus reportajes. <br\/>Aqu\u00ed encontrar\u00e1 completos tutoriales dise\u00f1ados para mejorar la precisi\u00f3n de su trabajo y explorar el periodismo transfronterizo como m\u00e9todo y como mentalidad. Tanto si est\u00e1 perfeccionando sus habilidades informativas como si desea adoptar nuevos enfoques en su periodismo, estos recursos le servir\u00e1n de gu\u00eda. Actualmente, nuestros tutoriales -disponibles en 15 idiomas- incluyen \u00abRecomendaciones para un periodismo m\u00e1s preciso\u00bb y \u00abEl periodismo transfronterizo como m\u00e9todo y mentalidad\u00bb.<br\/><br\/>Le invitamos a que vuelva a visitarnos con regularidad, ya que seguiremos ampliando nuestra oferta con m\u00e1s tutoriales valiosos en el futuro.<\/p>\n\n<div style=\"height:50px\" aria-hidden=\"true\" class=\"wp-block-spacer\"><\/div>\n\n<hr class=\"wp-block-separator has-alpha-channel-opacity\"\/>\n\n<div style=\"height:50px\" aria-hidden=\"true\" class=\"wp-block-spacer\"><\/div>\n\n<h4 class=\"wp-block-heading\">Manual transfronterizo<\/h4>\n\n<div style=\"height:20px\" aria-hidden=\"true\" class=\"wp-block-spacer\"><\/div>\n\n<div class=\"dropdown-button-container\">\n  <select name=\"languages\" id=\"handbook-select\">\n    <option value=\"\">&#8211;Por favor, elija una opci\u00f3n&#8211;<\/option>\n    <option value=\"https:\/\/archive.displayeurope.eu\/wp-content\/uploads\/2024\/09\/English-crossborderjournalism-mindset-method.pdf\">INGL\u00c9S<\/option>\n    <option value=\"https:\/\/archive.displayeurope.eu\/wp-content\/uploads\/2024\/09\/English-crossborderjournalism-mindset-method.pdf\">FRAN\u00c7AIS<\/option>\n    <option value=\"https:\/\/archive.displayeurope.eu\/wp-content\/uploads\/2024\/09\/English-crossborderjournalism-mindset-method.pdf\">DEUTSCH<\/option>\n    <option value=\"https:\/\/archive.displayeurope.eu\/wp-content\/uploads\/2024\/09\/Spanish-crossborderjournalism-mindset-method.pdf\">ESPA\u00d1OL<\/option>\n    <option value=\"https:\/\/archive.displayeurope.eu\/wp-content\/uploads\/2024\/09\/Italian-crossborderjournalism-mindset-method.pdf\">ITALIANO<\/option>\n    <option value=\"https:\/\/archive.displayeurope.eu\/wp-content\/uploads\/2024\/09\/Greek-crossborderjournalism-mindset-method.pdf\">\u0395\u039b\u039b\u0397\u039d\u0399\u039a\u0386<\/option>\n    <option value=\"https:\/\/archive.displayeurope.eu\/wp-content\/uploads\/2024\/09\/Polish-crossborderjournalism-mindset-method.pdf\">POLSKI<\/option>\n    <option value=\"https:\/\/archive.displayeurope.eu\/wp-content\/uploads\/2024\/09\/Portugese-crossborderjournalism-mindset-method.pdf\">PORTUGU\u00caS<\/option>\n    <option value=\"https:\/\/archive.displayeurope.eu\/wp-content\/uploads\/2024\/09\/Dutch-crossborderjournalism-mindset-method.pdf\">NEDERLANDS<\/option>\n    <option value=\"https:\/\/archive.displayeurope.eu\/wp-content\/uploads\/2024\/09\/Hungarian-crossborderjournalism-mindset-method.pdf\">MAGYAR<\/option>\n    <option value=\"https:\/\/archive.displayeurope.eu\/wp-content\/uploads\/2024\/09\/Czech-crossborderjournalism-mindset-method.pdf\">\u010cE\u0160TINA<\/option>\n    <option value=\"https:\/\/archive.displayeurope.eu\/wp-content\/uploads\/2024\/09\/Russian-crossborderjournalism-mindset-method.pdf\">\u0420\u0423\u0421\u0421\u041a\u0418\u0419<\/option>\n    <option value=\"https:\/\/archive.displayeurope.eu\/wp-content\/uploads\/2024\/09\/Slovenian-crossborderjournalism-mindset-method.pdf\">SLOVEN\u010cINA<\/option>\n    <option value=\"https:\/\/archive.displayeurope.eu\/wp-content\/uploads\/2024\/09\/Turkish-crossborderjournalism-mindset-method.pdf\">T\u00dcRK\u00c7E<\/option>\n    <option value=\"https:\/\/archive.displayeurope.eu\/wp-content\/uploads\/2024\/09\/Ukrainian-crossborderjournalism-mindset-method.pdf\">\u0423\u041a\u0420\u0410\u0407\u041d\u0421\u042c\u041a\u0410<\/option>\n  <\/select>\n\n <button class=\"btn-pdf\" onclick=\"downloadCrossborderPDF()\">Descargar<\/button><\/div>\n\n<script>\n  function downloadCrossborderPDF() {\n    var select = document.getElementById(\"handbook-select\");\n    var selectedValue = select.options[select.selectedIndex].value;\n    if (selectedValue) {\n      var a = document.createElement('a');\n      a.href = selectedValue;\n      a.download = selectedValue.split('\/').pop(); \n      document.body.appendChild(a);\n      a.click();\n      document.body.removeChild(a);\n    } else {\n      alert(\"Please choose a language\");\n    }\n  }\n<\/script>\n\n<div style=\"height:50px\" aria-hidden=\"true\" class=\"wp-block-spacer\"><\/div>\n\n<h4 class=\"wp-block-heading\">Recomendaciones para las redacciones<\/h4>\n\n<div style=\"height:20px\" aria-hidden=\"true\" class=\"wp-block-spacer\"><\/div>\n\n<div class=\"dropdown-button-container\">\n  <select name=\"languages\" id=\"recommendations-select\">\n    <option value=\"\">&#8211;Por favor, elija una opci\u00f3n&#8211;<\/option>\n    <option value=\"https:\/\/archive.displayeurope.eu\/wp-content\/uploads\/2024\/09\/English-Recommendations-for-more-accurate-reporting.pdf\">INGL\u00c9S<\/option>\n    <option value=\"https:\/\/archive.displayeurope.eu\/wp-content\/uploads\/2024\/09\/French-Recommendations-for-more-accurate-reporting.pdf\">FRAN\u00c7AIS<\/option>\n    <option value=\"https:\/\/archive.displayeurope.eu\/wp-content\/uploads\/2024\/09\/German-Recommendations-for-more-accurate-reporting.pdf\">DEUTSCH<\/option>\n    <option value=\"https:\/\/archive.displayeurope.eu\/wp-content\/uploads\/2024\/09\/Spanish-Recommendations-for-more-accurate-reporting.pdf\">ESPA\u00d1OL<\/option>\n    <option value=\"https:\/\/archive.displayeurope.eu\/wp-content\/uploads\/2024\/09\/Italian-Recommendations-for-more-accurate-reporting.pdf\">ITALIANO<\/option>\n    <option value=\"https:\/\/archive.displayeurope.eu\/wp-content\/uploads\/2024\/09\/Greek-Recommendations-for-more-accurate-reporting.pdf\">\u0395\u039b\u039b\u0397\u039d\u0399\u039a\u0386<\/option>\n    <option value=\"https:\/\/archive.displayeurope.eu\/wp-content\/uploads\/2024\/09\/Polish-Recommendations-for-more-accurate-reporting.pdf\">POLSKI<\/option>\n    <option value=\"https:\/\/archive.displayeurope.eu\/wp-content\/uploads\/2024\/09\/Portuguese-Recommendations-for-more-accurate-reporting.pdf\">PORTUGU\u00caS<\/option>\n    <option value=\"https:\/\/archive.displayeurope.eu\/wp-content\/uploads\/2024\/09\/Dutch-Recommendations-for-more-accurate-reporting.pdf\">NEDERLANDS<\/option>\n    <option value=\"https:\/\/archive.displayeurope.eu\/wp-content\/uploads\/2024\/09\/Hungarian-Recommendations-for-more-accurate-reporting.pdf\">MAGYAR<\/option>\n    <option value=\"https:\/\/archive.displayeurope.eu\/wp-content\/uploads\/2024\/09\/Czech-Recommendations-for-more-accurate-reporting.pdf\">\u010cE\u0160TINA<\/option>\n    <option value=\"https:\/\/archive.displayeurope.eu\/wp-content\/uploads\/2024\/09\/Russian-Recommendations-for-more-accurate-reporting.pdf\">\u0420\u0423\u0421\u0421\u041a\u0418\u0419<\/option>\n    <option value=\"https:\/\/archive.displayeurope.eu\/wp-content\/uploads\/2024\/09\/Slovenian-Recommendations-for-more-accurate-reporting.pdf\">SLOVEN\u010cINA<\/option>\n    <option value=\"https:\/\/archive.displayeurope.eu\/wp-content\/uploads\/2024\/09\/Turkish-Recommendations-for-more-accurate-reporting.pdf\">T\u00dcRK\u00c7E<\/option>\n    <option value=\"https:\/\/archive.displayeurope.eu\/wp-content\/uploads\/2024\/09\/Ukrainian-Recommendations-for-more-accurate-reporting.pdf\">\u0423\u041a\u0420\u0410\u0407\u041d\u0421\u042c\u041a\u0410<\/option>\n  <\/select>\n\n <button class=\"btn-pdf\" onclick=\"downloadRecommendationsPDF()\">Descargar<\/button><\/div>\n\n<script>\n  function downloadRecommendationsPDF() {\n    var select = document.getElementById(\"recommendations-select\");\n    var selectedValue = select.options[select.selectedIndex].value;\n    if (selectedValue) {\n      var a = document.createElement('a');\n      a.href = selectedValue;\n      a.download = selectedValue.split('\/').pop(); \n      document.body.appendChild(a);\n      a.click();\n      document.body.removeChild(a);\n    } else {\n      alert(\"Please choose a language\");\n    }\n  }\n<\/script>\n<style>\n    \/* Container f\u00fcr Dropdown und Button *\/ .dropdown-button-container { display: flex; align-items: center; \/* Vertikale Ausrichtung *\/ gap: 10px; \/* Abstand zwischen Dropdown und Button *\/ } \/* Styling f\u00fcr den Button *\/ .btn-pdf { padding: 10px 20px; background-color: #F26C4F; color: blanco; cursor: puntero; text-decoration: none; border: 1px solid #F26C4F; border-radius: 5px; } .btn-pdf:hover { background-color: transparent; color: #F26C4F; border: 1px solid #F26C4F; } \/* Entferne Dropdown-Styling *\/ select { padding: 10px; border: 1px solid #ddd; border-radius: 5px; font-size: 16px; } select:focus { border-color: #F26C4F; outline: none; }<\/style>\n\n<div style=\"height:50px\" aria-hidden=\"true\" class=\"wp-block-spacer\"><\/div>\n\n<hr class=\"wp-block-separator has-alpha-channel-opacity\"\/>\n\n<div style=\"height:50px\" aria-hidden=\"true\" class=\"wp-block-spacer\"><\/div>\n\n<p>Los editores que forman parte de Display Europe tienen acceso exclusivo a un espacio interno dedicado en la <a href=\"https:\/\/hostwire.org\/g\/display_europe\" data-type=\"link\" data-id=\"https:\/\/hostwire.org\/g\/display_europe\">plataforma Hostwriter<\/a>.<\/p>\n\n<p><a href=\"https:\/\/hostwriter.org\/for-publishers\" data-type=\"link\" data-id=\"https:\/\/hostwriter.org\/for-publishers\">Hostwriter for Publishers<\/a> refuerza el panorama medi\u00e1tico europeo fomentando las conexiones directas entre los editores y un variado grupo de periodistas, verificadores de hechos y reporteros sobre el terreno de todo el mundo. Los editores tienen acceso a la red de Hostwriter, que cuenta con m\u00e1s de 6.600 periodistas autorizados en todo el mundo. Aprovechando esta vasta reserva de talento, los editores tienen la oportunidad de diversificar su oferta de contenidos, ampliar su alcance global y atraer al p\u00fablico con perspectivas ricas y diversas sobre temas urgentes, facilitando la creaci\u00f3n de historias transfronterizas convincentes que trascienden las fronteras geogr\u00e1ficas y elevan el nivel del periodismo en Europa y m\u00e1s all\u00e1.<\/p>\n","protected":false},"excerpt":{"rendered":"<p>Bienvenido a la secci\u00f3n de tutoriales de Display Europe Esta p\u00e1gina est\u00e1 dedicada a proporcionar a los periodistas herramientas y conocimientos esenciales para mejorar sus reportajes. Aqu\u00ed encontrar\u00e1 completos tutoriales dise\u00f1ados para mejorar la precisi\u00f3n de su trabajo y explorar el periodismo transfronterizo como m\u00e9todo y como mentalidad. Tanto si est\u00e1 perfeccionando sus habilidades informativas [&hellip;]<\/p>\n","protected":false},"author":1,"featured_media":0,"parent":0,"menu_order":0,"comment_status":"closed","ping_status":"closed","template":"","meta":{"footnotes":""},"class_list":["post-44268","page","type-page","status-publish","hentry"],"_links":{"self":[{"href":"https:\/\/archive.displayeurope.eu\/es\/wp-json\/wp\/v2\/pages\/44268","targetHints":{"allow":["GET"]}}],"collection":[{"href":"https:\/\/archive.displayeurope.eu\/es\/wp-json\/wp\/v2\/pages"}],"about":[{"href":"https:\/\/archive.displayeurope.eu\/es\/wp-json\/wp\/v2\/types\/page"}],"author":[{"embeddable":true,"href":"https:\/\/archive.displayeurope.eu\/es\/wp-json\/wp\/v2\/users\/1"}],"replies":[{"embeddable":true,"href":"https:\/\/archive.displayeurope.eu\/es\/wp-json\/wp\/v2\/comments?post=44268"}],"version-history":[{"count":5,"href":"https:\/\/archive.displayeurope.eu\/es\/wp-json\/wp\/v2\/pages\/44268\/revisions"}],"predecessor-version":[{"id":49860,"href":"https:\/\/archive.displayeurope.eu\/es\/wp-json\/wp\/v2\/pages\/44268\/revisions\/49860"}],"wp:attachment":[{"href":"https:\/\/archive.displayeurope.eu\/es\/wp-json\/wp\/v2\/media?parent=44268"}],"curies":[{"name":"wp","href":"https:\/\/api.w.org\/{rel}","templated":true}]}}