{"id":5920,"date":"2023-09-19T08:58:43","date_gmt":"2023-09-19T06:58:43","guid":{"rendered":"https:\/\/archive.displayeurope.eu\/subvenciones\/"},"modified":"2023-12-11T22:30:29","modified_gmt":"2023-12-11T21:30:29","slug":"subvenciones","status":"publish","type":"page","link":"https:\/\/archive.displayeurope.eu\/es\/subvenciones\/","title":{"rendered":"Subvenciones"},"content":{"rendered":"<h1>Subvenciones<\/h1>\n<p>En el marco del proyecto Display Europe, dos convocatorias de subvenciones &#8211; <a href=\"https:\/\/culturalfoundation.eu\/programmes\/display-europe\/\"><br \/>\n  <u><br \/>\n    <em>Convocatoria de subvenciones Display Europe<\/em><br \/>\n  <\/u><br \/>\n<\/a> y la <em>convocatoria de microcr\u00e9ditos Display Europe, <\/em>en coordinaci\u00f3n con la Fundaci\u00f3n Europea de la Cultura (uno de los socios del consorcio Display Europe).<em> <\/em>invit\u00f3 a los miembros de la comunidad de medios de comunicaci\u00f3n a presentar propuestas que, de ser seleccionadas, se convertir\u00edan en contenidos originales creados para la plataforma displayeurope.eu y disponibles en ella. Esta plataforma digital soberana y de c\u00f3digo abierto promueve la democracia, empoderando a los ciudadanos con retratos aut\u00e9nticos de las realidades polifac\u00e9ticas de Europa. La colaboraci\u00f3n transfronteriza, la dedicaci\u00f3n a la excelencia period\u00edstica y el enfoque interesante de los temas paneuropeos fueron algunos de los criterios de las candidaturas premiadas, evaluadas por un jurado independiente.<\/p>\n<p>Dado que Display representa a los medios de comunicaci\u00f3n independientes que dan voz y rostro a las minor\u00edas discriminadas y oprimidas que defienden los derechos fundamentales y las libertades civiles, la convocatoria de subvenciones Display Europe ha presentado una selecci\u00f3n de siete iniciativas para configurar el futuro de la narrativa medi\u00e1tica europea. Estos proyectos, procedentes de Italia, Pa\u00edses Bajos, Eslovenia, Portugal y Francia, fueron elegidos por su inquebrantable dedicaci\u00f3n a remodelar la historia europea.<\/p>\n<h2>Las propuestas seleccionadas son:<\/h2>\n<p>\t\t\t\t<a href=\"https:\/\/spheranetwork.com\/\" tabindex=\"-1\"><br \/>\n\t\t\t\t\t\t\t\t<\/a><\/p>\n<h4>\n\t\t\t\t\t<a href=\"https:\/\/spheranetwork.com\/\" ><br \/>\n\t\t\t\t\t\tEsta es la r\u00fabrica\t\t\t\t\t<\/a><br \/>\n\t\t\t\t<\/h4>\n<p>\n\t\t\t\t\t\t\u00abLa juventud europea y la emergencia clim\u00e1tica\u00bb es una cautivadora serie de v\u00eddeos, disponible en siete lenguas de la UE, que profundiza en la crisis clim\u00e1tica de Europa y pone de relieve la resistencia y determinaci\u00f3n de los j\u00f3venes europeos.\t\t\t\t\t<\/p>\n<p>\t\t\t\t<a href=\"https:\/\/www.heretosupport.nl\/cityrightsradio\" tabindex=\"-1\"><br \/>\n\t\t\t\t\t\t\t\t<\/a><\/p>\n<h4>\n\t\t\t\t\t<a href=\"https:\/\/www.heretosupport.nl\/cityrightsradio\" ><br \/>\n\t\t\t\t\t\tEsta es la r\u00fabrica\t\t\t\t\t<\/a><br \/>\n\t\t\t\t<\/h4>\n<p>\n\t\t\t\t\t\tEste podcast, elaborado por ciudadanos indocumentados de \u00c1msterdam, amplifica las voces de los marginados, haciendo hincapi\u00e9 en las experiencias vividas, los an\u00e1lisis pol\u00edticos y las alianzas comunitarias.\t\t\t\t\t<\/p>\n<h4>\n\t\t\t\t\t\tEsta es la r\u00fabrica<br \/>\n\t\t\t\t<\/h4>\n<p>\n\t\t\t\t\t\t\u00abMigration IRL\u00bb desaf\u00eda las narrativas predominantes sobre los migrantes explorando historias de la vida real, mostrando las vibrantes contribuciones de los migrantes en Eslovenia, Bosnia y Herzegovina, Serbia y Polonia, y su representaci\u00f3n e inclusi\u00f3n en la sociedad.\t\t\t\t\t<\/p>\n<p>\t\t\t\t<a href=\"https:\/\/divergente.pt\/abstencao-de-voto\/?lang=en\" tabindex=\"-1\"><br \/>\n\t\t\t\t\t\t\t\t<\/a><\/p>\n<h4>\n\t\t\t\t\t<a href=\"https:\/\/divergente.pt\/abstencao-de-voto\/?lang=en\" ><br \/>\n\t\t\t\t\t\tLa bomba de relojer\u00eda de los no votantes (Portugal)\t\t\t\t\t<\/a><br \/>\n\t\t\t\t<\/h4>\n<p>\n\t\t\t\t\t\tAl investigar el aumento de los no votantes, esta iniciativa humaniza las estad\u00edsticas, ahondando en las historias personales y los factores sociales para comprender la falta de compromiso c\u00edvico y sus implicaciones para la democracia.\t\t\t\t\t<\/p>\n<h4>\n\t\t\t\t\t\tTransexuales en prisi\u00f3n (Francia)<br \/>\n\t\t\t\t<\/h4>\n<p>\n\t\t\t\t\t\tEsta serie de podcasts arroja luz sobre los retos a los que se enfrentan las personas transg\u00e9nero en las c\u00e1rceles europeas, abogando por la visibilidad, la inclusi\u00f3n y los derechos humanos.\t\t\t\t\t<\/p>\n<h4>\n\t\t\t\t\t\tInclusive Ondes (Francia)<br \/>\n\t\t\t\t<\/h4>\n<p>\n\t\t\t\t\t\tA trav\u00e9s de podcasts y v\u00eddeos en euskera, \u00abOndas inclusivas\u00bb tiende puentes culturales al debatir cuestiones relacionadas con las oleadas migratorias locales a trav\u00e9s del hist\u00f3rico r\u00edo Bidasoa, adem\u00e1s de contextos migratorios globales, con la participaci\u00f3n de l\u00edderes institucionales, redes ciudadanas e inmigrantes.\t\t\t\t\t<\/p>\n<h4>\n\t\t\t\t\t\tTriunfar en Europa Occidental: Experiencias de mujeres j\u00f3venes de Europa del Este (Francia)<br \/>\n\t\t\t\t<\/h4>\n<p>\n\t\t\t\t\t\tEsta iniciativa muestra los retos y experiencias de las j\u00f3venes de Europa Oriental en Europa Occidental, fomentando la comprensi\u00f3n y la empat\u00eda al tiempo que se salvan las distancias culturales.\t\t\t\t\t<\/p>\n<p>En su objetivo de revolucionar el panorama de los medios de comunicaci\u00f3n proporcionando a los europeos informaci\u00f3n diversa y fiable al margen de las narrativas dominantes, Display Europe publica tambi\u00e9n, en noviembre, la <em>convocatoria de microcr\u00e9ditos Display Europe<\/em>, que invita a peque\u00f1as organizaciones de medios de comunicaci\u00f3n y periodistas interesados en la colaboraci\u00f3n transfronteriza. M\u00e1s informaci\u00f3n sobre la convocatoria aqu\u00ed (TBC). <\/p>\n<p>Si tiene alguna pregunta sobre el proceso de solicitud o cualquier otra consulta, p\u00f3ngase en contacto con <a href=\"mailto:grants@displayeurope.eu\"><br \/>\n  <u>grants@displayeurope.eu<\/u><br \/>\n<\/a>.<\/p>\n<p>La dedicaci\u00f3n a la excelencia period\u00edstica y el enfoque interesante de los temas paneuropeos fueron algunos de los criterios de las candidaturas premiadas, evaluadas por un jurado independiente.<\/p>\n","protected":false},"excerpt":{"rendered":"<p>Subvenciones En el marco del proyecto Display Europe, dos convocatorias de subvenciones &#8211; Convocatoria de subvenciones Display Europe y la convocatoria de microcr\u00e9ditos Display Europe, en coordinaci\u00f3n con la Fundaci\u00f3n Europea de la Cultura (uno de los socios del consorcio Display Europe). invit\u00f3 a los miembros de la comunidad de medios de comunicaci\u00f3n a presentar [&hellip;]<\/p>\n","protected":false},"author":1,"featured_media":0,"parent":0,"menu_order":0,"comment_status":"closed","ping_status":"closed","template":"","meta":{"footnotes":""},"class_list":["post-5920","page","type-page","status-publish","hentry"],"_links":{"self":[{"href":"https:\/\/archive.displayeurope.eu\/es\/wp-json\/wp\/v2\/pages\/5920","targetHints":{"allow":["GET"]}}],"collection":[{"href":"https:\/\/archive.displayeurope.eu\/es\/wp-json\/wp\/v2\/pages"}],"about":[{"href":"https:\/\/archive.displayeurope.eu\/es\/wp-json\/wp\/v2\/types\/page"}],"author":[{"embeddable":true,"href":"https:\/\/archive.displayeurope.eu\/es\/wp-json\/wp\/v2\/users\/1"}],"replies":[{"embeddable":true,"href":"https:\/\/archive.displayeurope.eu\/es\/wp-json\/wp\/v2\/comments?post=5920"}],"version-history":[{"count":0,"href":"https:\/\/archive.displayeurope.eu\/es\/wp-json\/wp\/v2\/pages\/5920\/revisions"}],"wp:attachment":[{"href":"https:\/\/archive.displayeurope.eu\/es\/wp-json\/wp\/v2\/media?parent=5920"}],"curies":[{"name":"wp","href":"https:\/\/api.w.org\/{rel}","templated":true}]}}