{"id":6632,"date":"2023-09-19T09:10:14","date_gmt":"2023-09-19T07:10:14","guid":{"rendered":"https:\/\/archive.displayeurope.eu\/copyleft\/"},"modified":"2024-08-29T02:06:31","modified_gmt":"2024-08-29T00:06:31","slug":"derechos-de-autor","status":"publish","type":"page","link":"https:\/\/archive.displayeurope.eu\/es\/derechos-de-autor\/","title":{"rendered":"Derechos de autor"},"content":{"rendered":"\n<p>Intentamos ser lo m\u00e1s abiertos posible. El movimiento <a href=\"https:\/\/en.wikipedia.org\/wiki\/Copyleft\">copyleft<\/a> ha demostrado que los derechos de autor tambi\u00e9n pueden enmarcarse bien en una cultura de colaboraci\u00f3n pr\u00f3spera y en la econom\u00eda colaborativa.<\/p>\n\n\n\n<h2 class=\"wp-block-heading\">Contenido abierto<\/h2>\n\n\n\n<p>Permitimos que otros reutilicen nuestros contenidos. Los originales creados para Display Europe tienen incluso una licencia m\u00e1s permisiva bajo Creative Commons <a href=\"http:\/\/creativecommons.org\/licenses\/by\/4.0\/?ref=chooser-v1\" target=\"_blank\" rel=\"license noopener noreferrer\"><img loading=\"lazy\" decoding=\"async\" src=\"https:\/\/chooser-beta.creativecommons.org\/img\/cc-logo.f0ab4ebe.svg\" width=\"20\" height=\"20\" data-v-a0d4e8a8=\"\"><img loading=\"lazy\" decoding=\"async\" src=\"https:\/\/chooser-beta.creativecommons.org\/img\/cc-by.21b728bb.svg\" width=\"20\" height=\"20\" data-v-a0d4e8a8=\"\"><\/a>. Si reutiliza nuestro contenido, es necesario a\u00f1adir bien visible: <a href=\"http:\/\/creativecommons.org\/licenses\/by\/4.0\/\">CC-by<\/a> <a href=\"https:\/\/archive.displayeurope.eu\">DisplayEurope<\/a><\/p>\n\n\n\n<h2 class=\"wp-block-heading\">Open Source<\/h2>\n\n\n\n<p>Nuestra pila tecnol\u00f3gica est\u00e1 completamente construida sobre frameworks y herramientas de c\u00f3digo abierto como Kubernetes, Minio, Matomo, WordPress, PeerTube, Mastodon, Keycloak y muchos m\u00e1s.<\/p>\n\n\n\n<p>El software que estamos desarrollando est\u00e1 publicado bajo las licencias de c\u00f3digo abierto GPLv3 o AGPLv3. Nuestros repositorios de c\u00f3digo se pueden encontrar en <a href=\"https:\/\/git.fairkom.net\/emb\/displ.eu\">git.fairkom.net<\/a>.<\/p>\n\n\n\n<h2 class=\"wp-block-heading\">Est\u00e1ndares abiertos<\/h2>\n\n\n\n<p>Utilizamos <a href=\"https:\/\/en.wikipedia.org\/wiki\/ActivityPub\">ActivityPub<\/a> como el est\u00e1ndar de facto para medios interactivos y lo desplegamos para la sindicaci\u00f3n de WordPress, la federaci\u00f3n PeerTube y los medios sociales distribuidos Mastodon. Para los socios de contenido que a\u00fan no pueden federarse con ActivityPub, suscribimos sus canales RSS.<\/p>\n\n\n\n<h2 class=\"wp-block-heading\">AI abierta<\/h2>\n\n\n\n<p>Cuando utilicemos herramientas de Inteligencia Artificial, siempre preferiremos modelos de c\u00f3digo abierto.<\/p>\n\n\n\n<h2 class=\"wp-block-heading\">Gobernanza abierta<\/h2>\n\n\n\n<p>Display Europe es propiedad de una cooperativa sin \u00e1nimo de lucro. No s\u00f3lo los socios de contenidos, sino incluso nuestros usuarios pueden convertirse en miembros y participar as\u00ed en los procesos de toma de decisiones.<\/p>\n","protected":false},"excerpt":{"rendered":"<p>Intentamos ser lo m\u00e1s abiertos posible. El movimiento copyleft ha demostrado que los derechos de autor tambi\u00e9n pueden enmarcarse bien en una cultura de colaboraci\u00f3n pr\u00f3spera y en la econom\u00eda colaborativa. Contenido abierto Permitimos que otros reutilicen nuestros contenidos. Los originales creados para Display Europe tienen incluso una licencia m\u00e1s permisiva bajo Creative Commons . [&hellip;]<\/p>\n","protected":false},"author":1,"featured_media":0,"parent":0,"menu_order":0,"comment_status":"closed","ping_status":"closed","template":"","meta":{"footnotes":""},"class_list":["post-6632","page","type-page","status-publish","hentry"],"_links":{"self":[{"href":"https:\/\/archive.displayeurope.eu\/es\/wp-json\/wp\/v2\/pages\/6632","targetHints":{"allow":["GET"]}}],"collection":[{"href":"https:\/\/archive.displayeurope.eu\/es\/wp-json\/wp\/v2\/pages"}],"about":[{"href":"https:\/\/archive.displayeurope.eu\/es\/wp-json\/wp\/v2\/types\/page"}],"author":[{"embeddable":true,"href":"https:\/\/archive.displayeurope.eu\/es\/wp-json\/wp\/v2\/users\/1"}],"replies":[{"embeddable":true,"href":"https:\/\/archive.displayeurope.eu\/es\/wp-json\/wp\/v2\/comments?post=6632"}],"version-history":[{"count":2,"href":"https:\/\/archive.displayeurope.eu\/es\/wp-json\/wp\/v2\/pages\/6632\/revisions"}],"predecessor-version":[{"id":47125,"href":"https:\/\/archive.displayeurope.eu\/es\/wp-json\/wp\/v2\/pages\/6632\/revisions\/47125"}],"wp:attachment":[{"href":"https:\/\/archive.displayeurope.eu\/es\/wp-json\/wp\/v2\/media?parent=6632"}],"curies":[{"name":"wp","href":"https:\/\/api.w.org\/{rel}","templated":true}]}}