{"id":9242,"date":"2023-09-19T09:10:34","date_gmt":"2023-09-19T07:10:34","guid":{"rendered":"https:\/\/archive.displayeurope.eu\/pie-de-imprenta\/"},"modified":"2024-09-05T07:49:22","modified_gmt":"2024-09-05T05:49:22","slug":"impresion-conflicto-resolucion","status":"publish","type":"page","link":"https:\/\/archive.displayeurope.eu\/es\/impresion-conflicto-resolucion\/","title":{"rendered":"Pie de imprenta y resoluci\u00f3n de conflictos"},"content":{"rendered":"\n<h1 class=\"wp-block-heading\">Pie de imprenta<\/h1>\n\n<p>Obligaci\u00f3n de informaci\u00f3n con arreglo al art\u00edculo 25 (5) de la Ley de Medios de Comunicaci\u00f3n (\u00d6sterreichisches Mediengesetz)<\/p>\n\n<h2 class=\"wp-block-heading\">Operador de plataforma \/ Propietario de medios<\/h2>\n\n<p>Display Europe<br\/>c\/o OKTO.TV<br\/>Missindorfstra\u00dfe 19<br\/>1140 Viena<br\/>Austria<\/p>\n\n<p>Correo electr\u00f3nico: <a href=\"mailto:coop@displayeurope.eu\">coop@displayeurope.eu<\/a><\/p>\n\n<h2 class=\"wp-block-heading\">Detalles de la organizaci\u00f3n<\/h2>\n\n<p>La asamblea fundacional se celebr\u00f3 el 16 de octubre de 2023. Se inscribi\u00f3 en el registro mercantil el 8 de febrero de 2024.<\/p>\n\n<p>Director General: Alexander Baratsits<\/p>\n\n<p>Miembros del Consejo de Supervisi\u00f3n: Menno Weijs (Fundaci\u00f3n Europea de la Cultura), Vladimir Radinovi\u0107 (EMCF), Paul Salvan\u00e8s (Voxeurop), Roland Alton-Scheidl (fairkom).<\/p>\n\n<p>N\u00famero de registro de la empresa FN619589k (Handelsgericht Wien)<\/p>\n\n<p>UID: ATU80768689<\/p>\n\n<h2 class=\"wp-block-heading\">Menciones legales<\/h2>\n\n<p>Disposiciones legales aplicables: Ley de servicios de comunicaci\u00f3n audiovisual (AMD-G), Ley de medios de comunicaci\u00f3n<\/p>\n\n<p>Autoridad reguladora: KommAustria, Mariahilfer Strasse 77-79, 1060 Viena<\/p>\n\n<h2 class=\"wp-block-heading\">Objeto de la organizaci\u00f3n y declaraci\u00f3n sobre la orientaci\u00f3n<\/h2>\n\n<p>Display Europe gestiona una plataforma medi\u00e1tica que (i) publica contenidos medi\u00e1ticos paneuropeos, est\u00e1 orientada a los derechos fundamentales y se esfuerza por cumplir el marco de la Journalism Trust Initiative. (ii) aloja contenidos de medios de comunicaci\u00f3n, en particular de iniciativas de la sociedad civil, y proporciona acceso abierto a la publicaci\u00f3n de dichos contenidos.<\/p>\n\n<h2 class=\"wp-block-heading\">displayeurope.eu<\/h2>\n\n<p>displayeurope.eu es una innovadora plataforma medi\u00e1tica anclada en los valores p\u00fablicos. La plataforma ofrece a los ciudadanos de todo el continente acceso a informaci\u00f3n fiable y a una imagen de Europa que no suelen transmitir los medios de comunicaci\u00f3n convencionales o nacionales. A trav\u00e9s de la traducci\u00f3n, la sindicaci\u00f3n y la creaci\u00f3n de contenidos originales, displayeurope.eu re\u00fane y difunde medios fiables de toda Europa. Construida a partir de una infraestructura digital soberana, autogestionada y de c\u00f3digo abierto, Displayeurope.eu se desmarcar\u00e1 de las redes sociales y plataformas de streaming de Big Tech que actualmente filtran y enmarcan la producci\u00f3n medi\u00e1tica. En este despliegue m\u00e1s democr\u00e1tico de Europa, Displayeurope.eu ser\u00e1 una fuerza para la democracia en todo el continente.<\/p>\n\n<hr class=\"wp-block-separator has-alpha-channel-opacity\"\/>\n\n<h1 class=\"wp-block-heading\">Resoluci\u00f3n de conflictos<\/h1>\n\n<p>Si encuentra alguna infracci\u00f3n legal, env\u00edenos su solicitud en forma de correo electr\u00f3nico. Es importante que sea lo m\u00e1s preciso posible (captura de pantalla, enlace, etc.) para que sepamos exactamente de qu\u00e9 se trata.<br\/>Tras el env\u00edo, recibir\u00e1 un acuse de recibo del correo electr\u00f3nico.<\/p>\n\n<p>Por favor, env\u00ede este e-mail a <a href=\"mailto:support@displayeurope.eu\">support@displayeurope.eu<\/a> o escriba un ticket con esto <\/p>\n\n<button id=\"zammad-feedback-form\">Formulario de opini\u00f3n<\/button><script id=\"zammad_form_script\" src=\"https:\/\/helpdesk.displayeurope.eu\/assets\/form\/form.js\"><\/script><script>\njQuery(document).ready(function($) {\n$(function() {\n  $('#zammad-feedback-form').ZammadForm({\n    messageTitle: 'Feedback-Formular',\n    messageSubmit: 'Send',\n    messageThankYou: 'Ticket #%s.',\n    modal: true\n  });\n});\n});\n<\/script>\n\n<hr class=\"wp-block-separator has-alpha-channel-opacity\"\/>\n\n<script src=\"https:\/\/helpdesk.displayeurope.eu\/assets\/chat\/chat.min.js\"><\/script>\n<script>\njQuery(document).ready(function($) {\n$(function() {\n  new ZammadChat({\n    fontSize: '12px',\n    chatId: 1\n  });\n});\n});\n<\/script>\n\n<p>\u00daltima actualizaci\u00f3n: 03 septiembre 2024<\/p>\n\n<p><\/p>\n\n<figure class=\"wp-block-image size-full\"><img loading=\"lazy\" decoding=\"async\" width=\"611\" height=\"204\" src=\"https:\/\/archive.displayeurope.eu\/wp-content\/uploads\/2023\/06\/DisplayLogo_Tag.png\" alt=\"\" class=\"wp-image-7674\" srcset=\"https:\/\/archive.displayeurope.eu\/wp-content\/uploads\/2023\/06\/DisplayLogo_Tag.png 611w, https:\/\/archive.displayeurope.eu\/wp-content\/uploads\/2023\/06\/DisplayLogo_Tag-360x120.png 360w\" sizes=\"auto, (max-width: 611px) 100vw, 611px\" \/><\/figure>\n","protected":false},"excerpt":{"rendered":"<p>Pie de imprenta Obligaci\u00f3n de informaci\u00f3n con arreglo al art\u00edculo 25 (5) de la Ley de Medios de Comunicaci\u00f3n (\u00d6sterreichisches Mediengesetz) Operador de plataforma \/ Propietario de medios Display Europec\/o OKTO.TVMissindorfstra\u00dfe 191140 VienaAustria Correo electr\u00f3nico: coop@displayeurope.eu Detalles de la organizaci\u00f3n La asamblea fundacional se celebr\u00f3 el 16 de octubre de 2023. Se inscribi\u00f3 en el [&hellip;]<\/p>\n","protected":false},"author":1,"featured_media":0,"parent":0,"menu_order":0,"comment_status":"closed","ping_status":"closed","template":"","meta":{"footnotes":""},"class_list":["post-9242","page","type-page","status-publish","hentry"],"_links":{"self":[{"href":"https:\/\/archive.displayeurope.eu\/es\/wp-json\/wp\/v2\/pages\/9242","targetHints":{"allow":["GET"]}}],"collection":[{"href":"https:\/\/archive.displayeurope.eu\/es\/wp-json\/wp\/v2\/pages"}],"about":[{"href":"https:\/\/archive.displayeurope.eu\/es\/wp-json\/wp\/v2\/types\/page"}],"author":[{"embeddable":true,"href":"https:\/\/archive.displayeurope.eu\/es\/wp-json\/wp\/v2\/users\/1"}],"replies":[{"embeddable":true,"href":"https:\/\/archive.displayeurope.eu\/es\/wp-json\/wp\/v2\/comments?post=9242"}],"version-history":[{"count":15,"href":"https:\/\/archive.displayeurope.eu\/es\/wp-json\/wp\/v2\/pages\/9242\/revisions"}],"predecessor-version":[{"id":49156,"href":"https:\/\/archive.displayeurope.eu\/es\/wp-json\/wp\/v2\/pages\/9242\/revisions\/49156"}],"wp:attachment":[{"href":"https:\/\/archive.displayeurope.eu\/es\/wp-json\/wp\/v2\/media?parent=9242"}],"curies":[{"name":"wp","href":"https:\/\/api.w.org\/{rel}","templated":true}]}}