{"id":15392,"date":"2023-12-07T17:22:07","date_gmt":"2023-12-07T16:22:07","guid":{"rendered":"https:\/\/archive.displayeurope.eu\/devenir-partenaire-media\/"},"modified":"2024-09-25T08:01:11","modified_gmt":"2024-09-25T06:01:11","slug":"nous-rejoindre","status":"publish","type":"page","link":"https:\/\/archive.displayeurope.eu\/fr\/nous-rejoindre\/","title":{"rendered":"Rejoignez-nous"},"content":{"rendered":"\n<h1 class=\"wp-block-heading\">Rejoignez le r\u00e9seau Display Europe !<\/h1>\n\n<p>Si vous \u00eates un m\u00e9dia ind\u00e9pendant ou un m\u00e9dia communautaire et que vos articles et \u00e9missions portent sur l&rsquo;Europe et les Europ\u00e9ens, vous \u00eates invit\u00e9s \u00e0 rejoindre notre r\u00e9seau ! Remplissez le formulaire ci-dessous et fournissez-nous le flux RSS de votre contenu. Vos articles, podcasts et \u00e9missions vid\u00e9o pourront alors \u00eatre d\u00e9couverts sur la plateforme Display Europe.<\/p>\n\n<p>Si vous avez d&rsquo;autres questions sur notre r\u00e9seau, \u00e9crivez-nous \u00e0 <a href=\"mailto:partner@displayeurope.eu\">partner@displayeurope.eu.<\/a><\/p>\n\n<h2 class=\"wp-block-heading\">\u00a0<\/h2>\n\n<h2 class=\"wp-block-heading\"><strong>Comment choisissons-nous les articles \u00e0 publier sur le portail ?<\/strong><\/h2>\n\n<p>Notre \u00e9quipe \u00e9ditoriale est compos\u00e9e de r\u00e9dacteurs communautaires dont la t\u00e2che est de s\u00e9lectionner les articles soumis par les partenaires pour examen et publication. Ils traitent tous les articles soumis avec le m\u00eame respect. Les articles sont s\u00e9lectionn\u00e9s sur la base d&rsquo;un ensemble pr\u00e9d\u00e9fini de lignes directrices \u00e9ditoriales \u00e0 l&rsquo;intention des r\u00e9dacteurs communautaires. Vous pouvez lire ces lignes directrices ici :<\/p>\n\n<ul class=\"wp-block-list\">\n<li><a href=\"https:\/\/archive.displayeurope.eu\/wp-content\/uploads\/2024\/05\/Guidelines-for-Community-Editors-of-the-Display-Europe.pdf\">Lignes directrices pour les \u00e9diteurs communautaires de Display Europe<\/a><\/li>\n<\/ul>\n\n<p>Si vous souhaitez soumettre un article \u00e0 publier sur le portail, veuillez \u00e9crire \u00e0 notre \u00e9quipe \u00e9ditoriale \u00e0 l&rsquo;adresse <a href=\"mailto:contact@displayeurope.eu\">suivante : contact@displayeurope.eu.<\/a><\/p>\n\n<h2 class=\"wp-block-heading\">\u00a0<\/h2>\n\n<h2 class=\"wp-block-heading\"><strong>Rejoignez la coop\u00e9rative Display Europe<\/strong><\/h2>\n\n<p>Si vous souhaitez rejoindre l&rsquo;\u00e9quipe Display Europe et fa\u00e7onner l&rsquo;avenir de la plateforme Display Europe, vous pouvez le faire en devenant membre de notre coop\u00e9rative. La coop\u00e9rative Display Europe a \u00e9t\u00e9 fond\u00e9e en Autriche en tant que coop\u00e9rative de m\u00e9dias \u00e0 but non lucratif. Si vous souhaitez en savoir plus, n&rsquo;h\u00e9sitez pas \u00e0 nous contacter \u00e0 l&rsquo;adresse <a href=\"mailto:coop@displayeurope.eu\">coop@displayeurope.eu.<\/a><\/p>\n\n<div style=\"height:100px\" aria-hidden=\"true\" class=\"wp-block-spacer\"><\/div>\n   <form method=\"post\" class=\"customform\">\n    <h3>Apply with your Organization<\/h3>\n    <div class=\"input-field\">\n        <label for=\"medianame\">* Organization:<\/label>\n        <input\n            type=\"text\"\n            id=\"medianame\"\n            name=\"medianame\"\n            placeholder=\"Organization Name\"\n            value=\"\"\n            required\n        >\n    <\/div>\n    <div class=\"input-field\">\n        <label for=\"contact_person\">* Contact person:<\/label>\n        <input\n            type=\"text\"\n            id=\"contact_person\"\n            name=\"contact_person\"\n            placeholder=\"Contact Name\"\n            value=\"\"\n            required\n        >\n    <\/div>\n    <div class=\"input-field\">\n        <label for=\"contact_email\">* Contact Email:<\/label>\n        <input\n            type=\"email\"\n            id=\"contact_email\"\n            name=\"contact_email\"\n            placeholder=\"you@yourcompany.org\"\n            value=\"\"\n            required\n        >\n    <\/div>\n    <div class=\"input-field\">\n        <label for=\"country\">* Country:<\/label>\n        <select\n            id=\"country\"\n            name=\"country\"\n            required\n        >\n            <option value=\"\">Please select<\/option>\n                            <option value=\"AL\">Albania<\/option>\n                            <option value=\"AD\">Andorra<\/option>\n                            <option value=\"AT\">Austria<\/option>\n                            <option value=\"BY\">Belarus<\/option>\n                            <option value=\"BE\">Belgium<\/option>\n                            <option value=\"BA\">Bosnia and Herzegovina<\/option>\n                            <option value=\"BG\">Bulgaria<\/option>\n                            <option value=\"HR\">Croatia<\/option>\n                            <option value=\"CY\">Cyprus<\/option>\n                            <option value=\"CZ\">Czech Republic<\/option>\n                            <option value=\"DK\">Denmark<\/option>\n                            <option value=\"EE\">Estonia<\/option>\n                            <option value=\"FI\">Finland<\/option>\n                            <option value=\"FR\">France<\/option>\n                            <option value=\"DE\">Germany<\/option>\n                            <option value=\"GR\">Greece<\/option>\n                            <option value=\"HU\">Hungary<\/option>\n                            <option value=\"IS\">Iceland<\/option>\n                            <option value=\"IE\">Ireland<\/option>\n                            <option value=\"IT\">Italy<\/option>\n                            <option value=\"XK\">Kosovo<\/option>\n                            <option value=\"LV\">Latvia<\/option>\n                            <option value=\"LI\">Liechtenstein<\/option>\n                            <option value=\"LT\">Lithuania<\/option>\n                            <option value=\"LU\">Luxembourg<\/option>\n                            <option value=\"MT\">Malta<\/option>\n                            <option value=\"MD\">Moldova<\/option>\n                            <option value=\"MC\">Monaco<\/option>\n                            <option value=\"ME\">Montenegro<\/option>\n                            <option value=\"NL\">Netherlands<\/option>\n                            <option value=\"MK\">North Macedonia<\/option>\n                            <option value=\"NO\">Norway<\/option>\n                            <option value=\"PL\">Poland<\/option>\n                            <option value=\"PT\">Portugal<\/option>\n                            <option value=\"RO\">Romania<\/option>\n                            <option value=\"RU\">Russia<\/option>\n                            <option value=\"SM\">San Marino<\/option>\n                            <option value=\"RS\">Serbia<\/option>\n                            <option value=\"SK\">Slovakia<\/option>\n                            <option value=\"SI\">Slovenia<\/option>\n                            <option value=\"ES\">Spain<\/option>\n                            <option value=\"SE\">Sweden<\/option>\n                            <option value=\"CH\">Switzerland<\/option>\n                            <option value=\"UA\">Ukraine<\/option>\n                            <option value=\"GB\">United Kingdom<\/option>\n                            <option value=\"VA\">Vatican City<\/option>\n                    <\/select>\n    <\/div>\n    <div class=\"input-field\">\n        <label for=\"link\">* Link:<\/label>\n        <input\n            type=\"text\"\n            id=\"link\"\n            name=\"link\"\n            placeholder=\"Your Site-URL \/ RSS-Feed\"\n            value=\"\"\n            required\n        >\n    <\/div>\n    <div class=\"input-field\">\n        <div class=\"checkbox-group\">\n            <label>* Media Type:<\/label>\n            <label><input type=\"checkbox\" name=\"choices[]\" value=\"Audio\"> Audio<\/label>\n            <label><input type=\"checkbox\" name=\"choices[]\" value=\"Video\"> Video<\/label>\n            <label><input type=\"checkbox\" name=\"choices[]\" value=\"Text\"> Text<\/label>\n        <\/div>\n        <small>\n            The types of media you plan to publish with Display Europe        <\/small>\n    <\/div>\n    <div class=\"input-field\">\n        <label for=\"comments\">Comments &amp; Questions:<\/label>\n        <textarea\n            id=\"comments\"\n            name=\"comments\"\n            rows=\"8\"\n        ><\/textarea>\n    <\/div>\n    <div class=\"input-field\">\n        <label>\n            <input\n                type=\"checkbox\"\n                name=\"accept\"\n                value=\"1\"\n                required\n            >\n            I accept the            <a\n                href=\"https:\/\/displayeurope.eu\/wp-content\/uploads\/2024\/04\/DisplayEurope_UserAgreementPartners_EN.pdf\"\n                target=\"_blank\">\n                terms & conditions.            <\/a>\n        <\/label>\n    <\/div>\n\n    <div class=\"input-group\">\n        <div class=\"input-field\">\n            <input\n                type=\"submit\"\n                name=\"custom_form_submit\"\n                value=Send            >\n        <\/div>\n        <div class=\"input-field\">\n            <div class=\"frc-captcha\" data-sitekey=\"FCMQUN6I5B87NIU7\"><\/div>\n        <\/div>\n    <\/div>\n    <small>* Required<\/small>\n\n    <script\n        type=\"module\"\n        src=\"https:\/\/archive.displayeurope.eu\/wp-content\/plugins\/customforms\/public\/js\/widget.module.min.js\"\n        async defer\n    ><\/script>\n    <script nomodule src=\"https:\/\/archive.displayeurope.eu\/wp-content\/plugins\/customforms\/public\/js\/widget.min.js\" async defer><\/script>\n<\/form>\n\n    \n","protected":false},"excerpt":{"rendered":"<p>Rejoignez le r\u00e9seau Display Europe ! Si vous \u00eates un m\u00e9dia ind\u00e9pendant ou un m\u00e9dia communautaire et que vos articles et \u00e9missions portent sur l&rsquo;Europe et les Europ\u00e9ens, vous \u00eates invit\u00e9s \u00e0 rejoindre notre r\u00e9seau ! Remplissez le formulaire ci-dessous et fournissez-nous le flux RSS de votre contenu. Vos articles, podcasts et \u00e9missions vid\u00e9o pourront [&hellip;]<\/p>\n","protected":false},"author":35,"featured_media":0,"parent":0,"menu_order":0,"comment_status":"closed","ping_status":"closed","template":"","meta":{"footnotes":""},"class_list":["post-15392","page","type-page","status-publish","hentry"],"_links":{"self":[{"href":"https:\/\/archive.displayeurope.eu\/fr\/wp-json\/wp\/v2\/pages\/15392","targetHints":{"allow":["GET"]}}],"collection":[{"href":"https:\/\/archive.displayeurope.eu\/fr\/wp-json\/wp\/v2\/pages"}],"about":[{"href":"https:\/\/archive.displayeurope.eu\/fr\/wp-json\/wp\/v2\/types\/page"}],"author":[{"embeddable":true,"href":"https:\/\/archive.displayeurope.eu\/fr\/wp-json\/wp\/v2\/users\/35"}],"replies":[{"embeddable":true,"href":"https:\/\/archive.displayeurope.eu\/fr\/wp-json\/wp\/v2\/comments?post=15392"}],"version-history":[{"count":6,"href":"https:\/\/archive.displayeurope.eu\/fr\/wp-json\/wp\/v2\/pages\/15392\/revisions"}],"predecessor-version":[{"id":49844,"href":"https:\/\/archive.displayeurope.eu\/fr\/wp-json\/wp\/v2\/pages\/15392\/revisions\/49844"}],"wp:attachment":[{"href":"https:\/\/archive.displayeurope.eu\/fr\/wp-json\/wp\/v2\/media?parent=15392"}],"curies":[{"name":"wp","href":"https:\/\/api.w.org\/{rel}","templated":true}]}}