{"id":36214,"date":"2024-04-17T11:55:28","date_gmt":"2024-04-17T09:55:28","guid":{"rendered":"https:\/\/archive.displayeurope.eu\/pourparlers-europeens\/"},"modified":"2024-08-28T15:05:37","modified_gmt":"2024-08-28T13:05:37","slug":"europe-talks","status":"publish","type":"page","link":"https:\/\/archive.displayeurope.eu\/fr\/europe-talks\/","title":{"rendered":"Pourparlers europ\u00e9ens"},"content":{"rendered":"<style>\/* ! elementor - v3.20.0 - 26-03-2024 *\/\n.elementor-heading-title{padding:0;margin:0;line-height:1}.elementor-widget-heading .elementor-heading-title[class*=elementor-size-]>a{color:inherit;font-size:inherit;line-height:inherit}.elementor-widget-heading .elementor-heading-title.elementor-size-small{font-size:15px}.elementor-widget-heading .elementor-heading-title.elementor-size-medium{font-size:19px}.elementor-widget-heading .elementor-heading-title.elementor-size-large{font-size:29px}.elementor-widget-heading .elementor-heading-title.elementor-size-xl{font-size:39px}.elementor-widget-heading .elementor-heading-title.elementor-size-xxl{font-size:59px}<\/style>\n<h2>Inscrivez-vous aux Entretiens de l&rsquo;Europe 2024<\/h2>\n<h4>Participez au programme des Entretiens de l&rsquo;Europe pour les personnes qui votent pour la premi\u00e8re fois \u00e0 Berlin!<\/h4>\n<\/p>\n<p>Vous \u00eates un citoyen de l&rsquo;UE \u00e2g\u00e9 de 18 \u00e0 22 ans ? Rejoignez notre programme d&rsquo;une journ\u00e9e avant la prochaine \u00e9lection du Parlement europ\u00e9en. Le financement du voyage est disponible!<\/p>\n<p>\n\t\t\t<a href=\"https:\/\/www.mycountrytalks.org\/events\/europe-talks\/first-voters-event-berlin\" target=\"_blank\" rel=\"noopener\"><br \/>\n\t\t\t\t\t\tEn savoir plus<br \/>\n\t\t\t\t\t<\/a><\/p>\n","protected":false},"excerpt":{"rendered":"<p>Inscrivez-vous aux Entretiens de l&rsquo;Europe 2024 Participez au programme des Entretiens de l&rsquo;Europe pour les personnes qui votent pour la premi\u00e8re fois \u00e0 Berlin! Vous \u00eates un citoyen de l&rsquo;UE \u00e2g\u00e9 de 18 \u00e0 22 ans ? Rejoignez notre programme d&rsquo;une journ\u00e9e avant la prochaine \u00e9lection du Parlement europ\u00e9en. Le financement du voyage est disponible! [&hellip;]<\/p>\n","protected":false},"author":35,"featured_media":0,"parent":0,"menu_order":0,"comment_status":"closed","ping_status":"closed","template":"","meta":{"footnotes":""},"class_list":["post-36214","page","type-page","status-publish","hentry"],"_links":{"self":[{"href":"https:\/\/archive.displayeurope.eu\/fr\/wp-json\/wp\/v2\/pages\/36214","targetHints":{"allow":["GET"]}}],"collection":[{"href":"https:\/\/archive.displayeurope.eu\/fr\/wp-json\/wp\/v2\/pages"}],"about":[{"href":"https:\/\/archive.displayeurope.eu\/fr\/wp-json\/wp\/v2\/types\/page"}],"author":[{"embeddable":true,"href":"https:\/\/archive.displayeurope.eu\/fr\/wp-json\/wp\/v2\/users\/35"}],"replies":[{"embeddable":true,"href":"https:\/\/archive.displayeurope.eu\/fr\/wp-json\/wp\/v2\/comments?post=36214"}],"version-history":[{"count":1,"href":"https:\/\/archive.displayeurope.eu\/fr\/wp-json\/wp\/v2\/pages\/36214\/revisions"}],"predecessor-version":[{"id":45952,"href":"https:\/\/archive.displayeurope.eu\/fr\/wp-json\/wp\/v2\/pages\/36214\/revisions\/45952"}],"wp:attachment":[{"href":"https:\/\/archive.displayeurope.eu\/fr\/wp-json\/wp\/v2\/media?parent=36214"}],"curies":[{"name":"wp","href":"https:\/\/api.w.org\/{rel}","templated":true}]}}