{"id":5787,"date":"2023-09-19T09:10:14","date_gmt":"2023-09-19T07:10:14","guid":{"rendered":"https:\/\/archive.displayeurope.eu\/copyleft\/"},"modified":"2024-08-29T01:59:48","modified_gmt":"2024-08-28T23:59:48","slug":"droit-dauteur","status":"publish","type":"page","link":"https:\/\/archive.displayeurope.eu\/fr\/droit-dauteur\/","title":{"rendered":"Droit d&rsquo;auteur"},"content":{"rendered":"<style>\/* ! elementor - v3.18.0 - 08-12-2023 *\/\n.elementor-heading-title{padding:0;margin:0;line-height:1}.elementor-widget-heading .elementor-heading-title[class*=elementor-size-]>a{color:inherit;font-size:inherit;line-height:inherit}.elementor-widget-heading .elementor-heading-title.elementor-size-small{font-size:15px}.elementor-widget-heading .elementor-heading-title.elementor-size-medium{font-size:19px}.elementor-widget-heading .elementor-heading-title.elementor-size-large{font-size:29px}.elementor-widget-heading .elementor-heading-title.elementor-size-xl{font-size:39px}.elementor-widget-heading .elementor-heading-title.elementor-size-xxl{font-size:59px}<\/style>\n<h1>Copyleft<\/h1>\n<p>Nous essayons d&rsquo;\u00eatre aussi ouverts que possible. Le mouvement <a href=\"https:\/\/en.wikipedia.org\/wiki\/Copyleft\">copyleft<\/a> a prouv\u00e9 que les droits d&rsquo;auteur peuvent \u00e9galement \u00eatre encadr\u00e9s pour une culture de collaboration et une \u00e9conomie de partage prosp\u00e8res.<\/p>\n<\/p>\n<h2>Contenu ouvert<\/h2>\n<p>Nous laissons les autres r\u00e9utiliser notre contenu. Les originaux cr\u00e9\u00e9s pour Display Europe font m\u00eame l&rsquo;objet d&rsquo;une licence plus permissive sous Creative Commons <a href=\"http:\/\/creativecommons.org\/licenses\/by\/4.0\/?ref=chooser-v1\" target=\"_blank\" rel=\"license noopener noreferrer\"><img loading=\"lazy\" decoding=\"async\" src=\"https:\/\/chooser-beta.creativecommons.org\/img\/cc-logo.f0ab4ebe.svg\" width=\"20\" height=\"20\" data-v-a0d4e8a8=\"\" \/><img loading=\"lazy\" decoding=\"async\" src=\"https:\/\/chooser-beta.creativecommons.org\/img\/cc-by.21b728bb.svg\" width=\"20\" height=\"20\" data-v-a0d4e8a8=\"\" \/><\/a>. Si vous r\u00e9utilisez notre contenu, vous devez l&rsquo;ajouter de mani\u00e8re bien visible : <a href=\"http:\/\/creativecommons.org\/licenses\/by\/4.0\/\">CC-by<\/a> <a href=\"https:\/\/archive.displayeurope.eu\">DisplayEurope<\/a><\/p>\n<\/p>\n<h2>Open Source<\/h2>\n<p>Notre pile technologique est enti\u00e8rement construite sur des frameworks et des outils open source tels que Kubernetes, Minio, Matomo, WordPress, PeerTube, Mastodon, Keycloak et bien d&rsquo;autres encore.<\/p>\n<p>Les logiciels que nous d\u00e9veloppons sont publi\u00e9s sous les licences open source GPLv3 ou AGPLv3. Nos d\u00e9p\u00f4ts de code se trouvent \u00e0 <a href=\"https:\/\/git.fairkom.net\/emb\/displ.eu\">git.fairkom.net<\/a>.<\/p>\n<\/p>\n<h2>Normes ouvertes<\/h2>\n<p>Nous utilisons <a href=\"https:\/\/en.wikipedia.org\/wiki\/ActivityPub\">ActivityPub<\/a> comme norme de facto pour les m\u00e9dias interactifs et l&rsquo;avons d\u00e9ploy\u00e9e pour la syndication WordPress, la f\u00e9d\u00e9ration PeerTube et les m\u00e9dias sociaux distribu\u00e9s Mastodon. Les partenaires de contenu qui ne sont pas encore en mesure de se f\u00e9d\u00e9rer avec ActivityPub s&rsquo;abonnent \u00e0 leurs flux RSS.<\/p>\n<h2>Open AI<\/h2>\n<p>Lorsque nous utilisons des outils d&rsquo;intelligence artificielle, nous pr\u00e9f\u00e9rons toujours les mod\u00e8les \u00e0 source ouverte. <\/p>\n<\/p>\n<h2>Gouvernance ouverte<\/h2>\n<p>Display Europe appartient \u00e0 une coop\u00e9rative \u00e0 but non lucratif. Non seulement les partenaires de contenu, mais aussi nos utilisateurs peuvent devenir membres et participer ainsi aux processus de prise de d\u00e9cision. <\/p>\n","protected":false},"excerpt":{"rendered":"<p>Copyleft Nous essayons d&rsquo;\u00eatre aussi ouverts que possible. Le mouvement copyleft a prouv\u00e9 que les droits d&rsquo;auteur peuvent \u00e9galement \u00eatre encadr\u00e9s pour une culture de collaboration et une \u00e9conomie de partage prosp\u00e8res. Contenu ouvert Nous laissons les autres r\u00e9utiliser notre contenu. Les originaux cr\u00e9\u00e9s pour Display Europe font m\u00eame l&rsquo;objet d&rsquo;une licence plus permissive sous [&hellip;]<\/p>\n","protected":false},"author":1,"featured_media":0,"parent":0,"menu_order":0,"comment_status":"closed","ping_status":"closed","template":"","meta":{"footnotes":""},"class_list":["post-5787","page","type-page","status-publish","hentry"],"_links":{"self":[{"href":"https:\/\/archive.displayeurope.eu\/fr\/wp-json\/wp\/v2\/pages\/5787","targetHints":{"allow":["GET"]}}],"collection":[{"href":"https:\/\/archive.displayeurope.eu\/fr\/wp-json\/wp\/v2\/pages"}],"about":[{"href":"https:\/\/archive.displayeurope.eu\/fr\/wp-json\/wp\/v2\/types\/page"}],"author":[{"embeddable":true,"href":"https:\/\/archive.displayeurope.eu\/fr\/wp-json\/wp\/v2\/users\/1"}],"replies":[{"embeddable":true,"href":"https:\/\/archive.displayeurope.eu\/fr\/wp-json\/wp\/v2\/comments?post=5787"}],"version-history":[{"count":4,"href":"https:\/\/archive.displayeurope.eu\/fr\/wp-json\/wp\/v2\/pages\/5787\/revisions"}],"predecessor-version":[{"id":47116,"href":"https:\/\/archive.displayeurope.eu\/fr\/wp-json\/wp\/v2\/pages\/5787\/revisions\/47116"}],"wp:attachment":[{"href":"https:\/\/archive.displayeurope.eu\/fr\/wp-json\/wp\/v2\/media?parent=5787"}],"curies":[{"name":"wp","href":"https:\/\/api.w.org\/{rel}","templated":true}]}}