{"id":5796,"date":"2023-06-27T14:23:20","date_gmt":"2023-06-27T12:23:20","guid":{"rendered":"https:\/\/archive.displayeurope.eu\/notre-vision\/"},"modified":"2024-10-09T13:47:09","modified_gmt":"2024-10-09T11:47:09","slug":"notre-vision-faq","status":"publish","type":"page","link":"https:\/\/archive.displayeurope.eu\/fr\/notre-vision-faq\/","title":{"rendered":"Notre vision &amp; FAQ"},"content":{"rendered":"\n<h1 class=\"wp-block-heading\">Notre vision &amp; FAQ<\/h1>\n\n<h2 class=\"wp-block-heading\">\u00a0<\/h2>\n\n<h2 class=\"wp-block-heading\">Notre vision<\/h2>\n\n<p><strong>Les architectes de Display croient en un m\u00e9dia europ\u00e9en, fond\u00e9 sur les valeurs publiques et l&rsquo;inclusivit\u00e9. <\/strong><\/p>\n\n<p>Ils contribuent \u00e0 la cr\u00e9ation de m\u00e9dias europ\u00e9ens communs, car les forces qui ignorent les fronti\u00e8res fa\u00e7onnent la vie des Europ\u00e9ens. Ils construisent un espace, ind\u00e9pendant des gouvernements et des influences commerciales, o\u00f9 les Europ\u00e9ens &#8211; quelle que soit leur origine &#8211; peuvent se connecter, partager des id\u00e9es, d\u00e9battre d&rsquo;opinions et trouver des informations fiables pour demander des comptes aux puissants.<\/p>\n\n<h2 class=\"wp-block-heading\">\u00a0<\/h2>\n\n<h3 class=\"wp-block-heading\">Gratuit et digne de confiance<\/h3>\n\n<p>Display Europe a pour objectif de fournir aux citoyens de tout le continent des informations fiables et des points de vue souvent n\u00e9glig\u00e9s par les m\u00e9dias grand public et nationaux. En mettant l&rsquo;accent sur la traduction, la syndication et le contenu original, Display Europe cherche \u00e0 offrir une vue d&rsquo;ensemble de l&rsquo;Europe, du Cap Roca \u00e0 la ligne de partage des eaux de l&rsquo;Oural. Le contenu original comprendra des revues de presse r\u00e9gionales et th\u00e9matiques mensuelles, des projets transfrontaliers multim\u00e9dias sur des sujets d&rsquo;int\u00e9r\u00eat europ\u00e9en et un talk-show europ\u00e9en hebdomadaire. Il s&rsquo;agira d&rsquo;un portail central et gratuit de contenus s\u00e9lectionn\u00e9s, consultables et traduisibles dans 15 langues europ\u00e9ennes.<\/p>\n\n<h2 class=\"wp-block-heading\">\u00a0<\/h2>\n\n<h3 class=\"wp-block-heading\">Participer et partager<\/h3>\n\n<p>Engag\u00e9e dans la participation active du public, la plateforme encouragera les citoyens europ\u00e9ens \u00e0 fa\u00e7onner activement les m\u00e9dias et leurs valeurs. Des fonctionnalit\u00e9s telles que l&rsquo;Article Club mettront en relation les lecteurs et les journalistes, favorisant ainsi un esprit communautaire dans la production des m\u00e9dias. En outre, un mod\u00e8le dynamique de contenu g\u00e9n\u00e9r\u00e9 par les utilisateurs les encouragera \u00e0 partager leurs points de vue uniques sur l&rsquo;Europe, avec l&rsquo;appui des m\u00e9dias sociaux et de partenariats avec des champions et des organisations.<\/p>\n\n<h2 class=\"wp-block-heading\">\u00a0<\/h2>\n\n<h3 class=\"wp-block-heading\">S\u00e9curit\u00e9 et \u00e9thique<\/h3>\n\n<p>En tant que r\u00e9seau f\u00e9d\u00e9r\u00e9 de plateformes existantes, Display Europe utilise des logiciels libres et des protocoles ouverts bas\u00e9s sur des processus respectueux de la vie priv\u00e9e. La plateforme est construite sur une infrastructure num\u00e9rique souveraine, autog\u00e9r\u00e9e et \u00e0 source ouverte, garantissant l&rsquo;ind\u00e9pendance par rapport aux m\u00e9dias sociaux et aux plateformes de streaming des Big Tech. Contrairement \u00e0 d&rsquo;autres plateformes, les algorithmes de recommandation de contenu de Display guident les utilisateurs dans un parcours de contenu mixte et \u00e9quilibr\u00e9. Display ne recueille des donn\u00e9es personnelles que lorsque le feu vert est donn\u00e9, et les utilisateurs peuvent se d\u00e9sengager compl\u00e8tement de la collecte de donn\u00e9es.<\/p>\n\n<h2 class=\"wp-block-heading\">Questions fr\u00e9quemment pos\u00e9es<\/h2>\n\n<h3 class=\"wp-block-heading\">Qu&rsquo;est-ce que Display Europe ?<\/h3>\n\n<p>Display Europe est une plateforme m\u00e9diatique offrant une perspective europ\u00e9enne en 15 langues. Elle propose des contenus Display Originals et des contenus m\u00e9diatiques f\u00e9d\u00e9r\u00e9s fournis par un r\u00e9seau d&rsquo;organisations m\u00e9diatiques ind\u00e9pendantes de tout le continent. Ancr\u00e9 dans les valeurs publiques et l&rsquo;inclusivit\u00e9, Display Europe est con\u00e7u \u00e0 partir de logiciels libres et s&rsquo;\u00e9loigne des pratiques de collecte de donn\u00e9es contraires \u00e0 l&rsquo;\u00e9thique des Big Tech. Ses algorithmes guident les utilisateurs vers une exp\u00e9rience de contenu mixte et \u00e9quilibr\u00e9.<\/p>\n\n<p>Displayeurope.eu est une plateforme unique qui donne acc\u00e8s \u00e0 un large \u00e9ventail de contenus provenant des m\u00e9dias europ\u00e9ens. Elle vise \u00e0 briser les bulles de filtres et \u00e0 permettre aux citoyens europ\u00e9ens d&rsquo;acc\u00e9der \u00e0 des informations fiables. La plateforme couvre divers aspects de l&rsquo;Europe qui ne sont pas n\u00e9cessairement couverts par les m\u00e9dias traditionnels ou nationaux. Display Europe r\u00e9volutionne le paysage m\u00e9diatique europ\u00e9en en se concentrant sur la traduction, la syndication et la production de contenu original. <\/p>\n\n<p>Le d\u00e9veloppement de displayeurope.eu est g\u00e9r\u00e9 par un consortium de dix-sept membres issus des m\u00e9dias ind\u00e9pendants et du secteur des technologies \u00e9thiques, sous le titre Display Europe &#8211; Democracy Runs on Screens. Le projet a \u00e9t\u00e9 cofinanc\u00e9 par une subvention de l&rsquo;Union europ\u00e9enne.<\/p>\n\n<p>En outre, Display Europe &#8211; Democracy Runs on Screens g\u00e8re \u00e9galement deux programmes de subventions &#8211; Display Europe Grant Call (ferm\u00e9) et Display Europe micro-grants Call (ouvert sur une base mensuelle jusqu&rsquo;au 31 mars 2023). Pour plus d&rsquo;informations sur l&rsquo;appel \u00e0 micro-subventions, veuillez consulter <a href=\"https:\/\/culturalfoundation.eu\/programmes\/display-europe\/\"><u>ici<\/u><\/a>. Les b\u00e9n\u00e9ficiaires de ces subventions cr\u00e9eront du contenu qui sera pr\u00e9sent\u00e9 sur le site Display Europe. <\/p>\n\n<h3 class=\"wp-block-heading\">Comment fonctionne Display Europe ?<\/h3>\n\n<p>Display Europe est un \u00e9l\u00e9ment crucial de l&rsquo;infrastructure num\u00e9rique qui relie et donne acc\u00e8s \u00e0 une toute nouvelle couche de contenu \u00e0 travers les m\u00e9dias, les formats d&rsquo;\u00e9dition et de diffusion, les r\u00e9gions et les langues. Il fonctionne comme un r\u00e9seau f\u00e9d\u00e9r\u00e9 de plateformes existantes qui utilisent des logiciels libres et des protocoles ouverts bas\u00e9s sur des processus respectueux de la vie priv\u00e9e. Il constituera un tremplin pour les m\u00e9dias qui ne sont peut-\u00eatre pas en mesure de construire et d&rsquo;entretenir des infrastructures num\u00e9riques co\u00fbteuses, mais qui ont un contenu pertinent \u00e0 offrir \u00e0 des audiences internationales. Le consortium implique les m\u00e9dias communautaires et les cr\u00e9ateurs de contenu de petite et moyenne taille, et les aide \u00e0 devenir une communaut\u00e9 professionnelle internationale en expansion.<\/p>\n\n<h3 class=\"wp-block-heading\">Qui g\u00e8re Display Europe ?<\/h3>\n\n<p><a href=\"https:\/\/culturalfoundation.eu\/programmes\/display-europe\/\"><u>Display Europe<\/u><\/a> est g\u00e9r\u00e9 par un consortium compos\u00e9 de <a href=\"https:\/\/culturalfoundation.eu\/\"><u>Fondation europ\u00e9enne de la culture<\/u><\/a> (ECF), <a href=\"https:\/\/cba.media\/what-is-the-cba\"><u>Cultural Broadcasting Archive<\/u><\/a> (CBA), <a href=\"https:\/\/www.fairkom.eu\/\" data-type=\"link\" data-id=\"https:\/\/www.fairkom.eu\/\">fairkom<\/a>, Eurozine, Voxeurop, Hostwriter, Krytyka Polityczna, <a href=\"https:\/\/www.eldiario.es\/\"><u>El Diario<\/u><\/a>Le projet \u00ab\u00a0Good Conversations, <a href=\"https:\/\/publicspaces.net\/\"><u>Public Spaces<\/u><\/a>, <a href=\"https:\/\/www.cmfe.eu\/\"><u>Forum europ\u00e9en des m\u00e9dias communautaires<\/u><\/a> (CMFE), <a href=\"https:\/\/www.human.nl\/\"><u>humain<\/u><\/a>, <a href=\"https:\/\/www.vpro.nl\/\"><u>VPRO<\/u><\/a>, <a href=\"https:\/\/www.soundandvision.com\/\"><u>Son &amp; Vision<\/u><\/a>, <a href=\"https:\/\/yepp.it\/ita\"><u>YEPP Italia<\/u><\/a>Fanzingo et <a href=\"https:\/\/www.schumanshow.eu\/\"><u>Schuman Show<\/u><\/a>.<\/p>\n\n<h3 class=\"wp-block-heading\">Est-ce que displayeurope.eu est gratuit ?<\/h3>\n\n<p>Le contenu du portail est libre et accessible gratuitement sans aucun mur payant. Toutefois, les recommandations permettront de diriger vers un contenu de qualit\u00e9 derri\u00e8re des murs payants sur les pages web des partenaires. Cela permettra \u00e9galement aux <strong>partenaires<\/strong> de promouvoir leur contenu via la plateforme. La plateforme fonctionne sur un mod\u00e8le ouvert et permet aux partenaires de promouvoir leur contenu par le biais de diff\u00e9rents canaux, notamment les m\u00e9dias sociaux, la t\u00e9l\u00e9vision, la radio et les journaux. Cette approche met l&rsquo;accent sur la collaboration et le contenu original, plut\u00f4t que sur le mat\u00e9riel exclusif.<\/p>\n\n<h3 class=\"wp-block-heading\">D&rsquo;o\u00f9 provient le financement de Display Europe ?<\/h3>\n\n<p>Display Europe &#8211; Democracy Runs on Screens est cofinanc\u00e9 par la Direction g\u00e9n\u00e9rale des r\u00e9seaux de communication, du contenu et de la technologie dans le cadre de l&rsquo;appel \u00e0 projet pilote \u00a0\u00bbEuropean Media Platforms\u00a0\u00bb. Un financement suppl\u00e9mentaire est apport\u00e9 par la Fondation europ\u00e9enne de la culture et d&rsquo;autres partenaires du consortium. A plus long terme, Display Europe sera financ\u00e9 par une combinaison de fonds publics (europ\u00e9ens), de fonds philanthropiques et d&rsquo;adh\u00e9sions, de dons et d&rsquo;abonnements.<\/p>\n\n<h3 class=\"wp-block-heading\">Puis-je participer \u00e0 displayeurope.eu ?<\/h3>\n\n<p><strong>Oui, c&rsquo;<\/strong><strong> est possible. <\/strong>Display Europe propose un forum public actif dans lequel les citoyens europ\u00e9ens sont encourag\u00e9s \u00e0 partager et \u00e0 exp\u00e9rimenter des informations.<\/p>\n\n<p><strong>DISCUSSIONS SUR L&rsquo;EUROPE<\/strong><\/p>\n\n<p>Display Europe augmentera progressivement les possibilit\u00e9s d&rsquo;engagement actif sur la plateforme. \u00c0 partir du printemps 2024, les lecteurs pourront \u00e9galement exprimer leurs opinions et discuter de th\u00e8mes politiques plus larges avec d&rsquo;autres lecteurs. Des questionnaires seront int\u00e9gr\u00e9s \u00e0 chacun des articles de Display afin de conna\u00eetre le point de vue des lecteurs sur les th\u00e8mes de l&rsquo;article et sur la politique europ\u00e9enne. Un algorithme d&rsquo;appariement associera les participants individuels \u00e0 une personne qui pense tr\u00e8s diff\u00e9remment d&rsquo;eux, dans un autre pays europ\u00e9en si possible.<\/p>\n\n<p><strong>CLUB ARTICLE<\/strong><\/p>\n\n<p>Le contenu original, r\u00e9alis\u00e9 pour Display Europe, sera pr\u00e9sent\u00e9 dans un Club d&rsquo;articles mensuel, dans lequel les journalistes impliqu\u00e9s ouvriront un forum public de discussion avec les utilisateurs. L&rsquo;objectif du Club d&rsquo;articles est de mettre en relation les lecteurs avec les journalistes qui se trouvent derri\u00e8re la plateforme et d&rsquo;encourager les journalistes \u00e0 adopter une attitude communautaire dans la production et l&rsquo;\u00e9valuation de leurs articles. Ce format permettra \u00e9galement aux journalistes de faire appel \u00e0 l&rsquo;expertise et \u00e0 la contribution du public pour la r\u00e9daction de leurs futurs articles.<\/p>\n\n<p><strong>M\u00c9DIAS SOCIAUX<\/strong><\/p>\n\n<p>\u00c0 plus long terme, l&rsquo;engagement communautaire de Display Europe \u00e9voluera autour d&rsquo;un mod\u00e8le de contenu dynamique qui encourage les utilisateurs \u00e0 partager leurs points de vue sur l&rsquo;Europe. La plateforme int\u00e9grera des strat\u00e9gies de m\u00e9dias sociaux open source (en particulier Mastodon) pour favoriser les conversations, promouvoir le contenu et amplifier les messages principaux. Les partenariats avec des influenceurs et des organisations qui s&rsquo;alignent sur les valeurs de Display Europe sont \u00e9galement un \u00e9l\u00e9ment cl\u00e9 de sa strat\u00e9gie.<\/p>\n\n<h3 class=\"wp-block-heading\">Qu&rsquo;est-ce qui diff\u00e9rencie Display Europe des autres plateformes m\u00e9diatiques europ\u00e9ennes ?<\/h3>\n\n<ul class=\"wp-block-list\">\n<li>Display Europe s&rsquo;adresse directement aux citoyens, contrairement aux plateformes de services pour d&rsquo;autres m\u00e9dias.<\/li>\n\n\n\n<li>Display Europe couvrira tous les \u00c9tats membres de l&rsquo;UE et plusieurs pays voisins, dont les Balkans occidentaux et l&rsquo;Ukraine.<\/li>\n\n\n\n<li>Display Europe est construit par la soci\u00e9t\u00e9 civile et n&rsquo;a d&rsquo;autre int\u00e9r\u00eat que de renforcer la d\u00e9mocratie europ\u00e9enne.<\/li>\n\n\n\n<li>Display Europe est bas\u00e9 sur une technologie open source qui peut \u00eatre utilis\u00e9e par d&rsquo;autres.<\/li>\n\n\n\n<li>Display Europe rompt avec les pratiques de collecte de donn\u00e9es contraires \u00e0 l&rsquo;\u00e9thique des grandes entreprises technologiques.<\/li>\n\n\n\n<li>Display Europe est disponible en 15 langues.<\/li>\n<\/ul>\n\n<h3 class=\"wp-block-heading\">Dans quelles langues Display Europe est-il disponible ?<\/h3>\n\n<p>Dans sa phase initiale, Display Europe est disponible dans les langues suivantes<\/p>\n\n<ol class=\"wp-block-list\">\n<li>Anglais<\/li>\n\n\n\n<li>Allemand<\/li>\n\n\n\n<li>Croate \/ Bosniaque \/ Serbe<\/li>\n\n\n\n<li>Tch\u00e8que<\/li>\n\n\n\n<li>Slovaque<\/li>\n\n\n\n<li>Fran\u00e7ais<\/li>\n\n\n\n<li>Hongrois<\/li>\n\n\n\n<li>Italien<\/li>\n\n\n\n<li>Polonais<\/li>\n\n\n\n<li>Espagnol<\/li>\n\n\n\n<li>N\u00e9erlandais<\/li>\n\n\n\n<li>Portugais<\/li>\n\n\n\n<li>Ukrainien<\/li>\n\n\n\n<li>Russie<\/li>\n\n\n\n<li>Turc<\/li>\n<\/ol>\n\n<p>D&rsquo;autres langues, telles que l&rsquo;arabe, le roumain et le su\u00e9dois, seront ajout\u00e9es ult\u00e9rieurement.<\/p>\n\n<h3 class=\"wp-block-heading\">Un contenu original sera-t-il cr\u00e9\u00e9 ?<\/h3>\n\n<p>Les partenaires \u00e9ditoriaux Eurozine (AUT), Voxeurop (FR), Krytyka Polityczna (PL), ElDiario (ESP) et HUMAN (NL) sont responsables de la cr\u00e9ation des contenus originaux Display. Le contenu original comprend un talk-show europ\u00e9en hebdomadaire, des revues de presse r\u00e9gionales et th\u00e9matiques mensuelles et des projets transfrontaliers multim\u00e9dias sur des sujets urgents d&rsquo;int\u00e9r\u00eat europ\u00e9en.<\/p>\n\n<h3 class=\"wp-block-heading\">Quelle est l&rsquo;histoire de Display ?<\/h3>\n\n<p>En r\u00e9ponse au besoin croissant d&rsquo;une sph\u00e8re publique qui transcende les contextes \u00e9conomiques, sociaux, culturels ou nationaux, la Fondation europ\u00e9enne de la culture a organis\u00e9 une s\u00e9rie d&rsquo;ateliers en ligne et hors ligne en 2020 et 2021. Ces ateliers ont rassembl\u00e9 des journalistes, des chercheurs et des citoyens afin d&rsquo;envisager un mod\u00e8le de m\u00e9dias europ\u00e9ens en r\u00e9seau, libre des influences du march\u00e9 et des gouvernements. Apr\u00e8s un appel ouvert en 2021, la Fondation europ\u00e9enne de la culture \u00e9met plusieurs subventions visant \u00e0 encourager la collaboration journalistique transfrontali\u00e8re et le d\u00e9veloppement d&rsquo;une infrastructure num\u00e9rique bas\u00e9e sur des valeurs publiques.<\/p>\n\n<p>Parall\u00e8lement, un groupe d&rsquo;activistes des m\u00e9dias, de chercheurs et d&rsquo;initiatives a form\u00e9 en 2020 la coalition Shared Digital European Public Sphere (SDEPS.eu). Le discours au sein de la coalition et les perspectives d&rsquo;une architecture possible ont \u00e9t\u00e9 r\u00e9sum\u00e9s dans la publication \u00ab\u00a0<a href=\"http:\/\/www.baratsits.at\/building-a-european-digital-public-space\/\">Building a European Digital Public Space<\/a>\u00ab\u00a0, Strategies for taking back control from Big Tech platforms (2021) <a href=\"https:\/\/www.irights-lab.de\/publikationen\/dps\">https:\/\/www.irights-lab.de\/publikationen\/dps.<\/a> Sur la base de ces discussions, un hackathon a eu lieu en 2022 \u00e0 Linz <a href=\"https:\/\/cba.media\/building-a-european-cultural-backbone\">https:\/\/cba.media\/building-a-european-cultural-backbone.<\/a><\/p>\n\n<p>La collaboration entre les b\u00e9n\u00e9ficiaires de subventions de l&rsquo;ECF et le r\u00e9seau \u00e9tabli lors du hackathon a abouti \u00e0 la cr\u00e9ation de Display Europe.<\/p>\n\n<p>La plateforme vise \u00e0 fournir une perspective paneurop\u00e9enne et un espace o\u00f9 les int\u00e9r\u00eats europ\u00e9ens communs peuvent \u00eatre discut\u00e9s. Elle veut contrecarrer la perte de confiance dans les d\u00e9bats publics et les m\u00e9dias, et s&rsquo;opposer aux id\u00e9es populistes sans fondement et \u00e0 l&rsquo;exclusion de certains groupes dans les m\u00e9dias traditionnels.<\/p>\n\n<p>Display Europe a le potentiel de contribuer \u00e0 une infrastructure num\u00e9rique cruciale pour l&rsquo;Europe, en mettant sur un pied d&rsquo;\u00e9galit\u00e9 les m\u00e9dias et les cr\u00e9ateurs de contenu. Son lancement signifie non seulement l&rsquo;introduction d&rsquo;une nouvelle plateforme m\u00e9diatique, mais aussi une nouvelle \u00e8re dans les m\u00e9dias europ\u00e9ens o\u00f9 la diversit\u00e9, l&rsquo;inclusion et les valeurs publiques occupent le devant de la sc\u00e8ne.<\/p>\n\n<h3 class=\"wp-block-heading\">Dois-je payer pour pouvoir utiliser displayeurope.eu ?<\/h3>\n\n<p>Le contenu est gratuit, mais vous pouvez le soutenir en versant une petite somme afin d&rsquo;\u00eatre moins d\u00e9pendant du financement de l&rsquo;UE.<\/p>\n\n<p>Nous proposerons un service d&rsquo;abonnement en 2024 pour soutenir la maintenance de la plateforme, la production de contenu et la fourniture du Mastodon et d&rsquo;autres services \u00e0 venir.<\/p>\n\n<p>En attendant, vous pouvez faire un don \u00e0 la Fondation europ\u00e9enne de la culture \u00e0 l&rsquo;adresse suivante <a href=\"https:\/\/culturalfoundation.iraiser.eu\/support\/~my-donation\"><u>https:\/\/culturalfoundation.iraiser.eu\/support\/~my-donation<\/u><\/a>. L&rsquo;ECF, en tant que membre fondateur, transmettra ces dons \u00e0 Display Europe.<\/p>\n\n<h3 class=\"wp-block-heading\">Je suis membre d&rsquo;un m\u00e9dia communautaire, comment puis-je adh\u00e9rer et partager du contenu avec vous ?<\/h3>\n\n<p>Notre r\u00e9seau invite chaleureusement les individus et les organisations \u00e0 se joindre en tant que partenaires \u00e0 une f\u00e9d\u00e9ration collaborative qui c\u00e9l\u00e8bre les valeurs partag\u00e9es et les perspectives transcontinentales. Veuillez trouver le <a href=\"https:\/\/archive.displayeurope.eu\/fr\/nous-rejoindre\/\" data-type=\"page\" data-id=\"10996\"><u>lien<\/u><\/a> ici vers le texte de bas de page du site \u00a0\u00bbDevenir partenaire de medie\u00a0\u00bb, o\u00f9 vous trouverez plus de d\u00e9tails sur le processus d&rsquo;int\u00e9gration. <\/p>\n\n<h3 class=\"wp-block-heading\">Quelle est la structure de gouvernance de Display Europe ?<\/h3>\n\n<p>Display Europe est en train de se transformer en coop\u00e9rative, adoptant un mod\u00e8le coop\u00e9ratif reconnu pour son d\u00e9vouement envers les membres et la cr\u00e9ation de valeur durable au sein de la plateforme. Contrairement aux plateformes traditionnelles financ\u00e9es par du capital-risque, les coop\u00e9ratives donnent la priorit\u00e9 aux int\u00e9r\u00eats de leurs membres et r\u00e9investissent la valeur cr\u00e9\u00e9e conjointement dans la plateforme, favorisant une strat\u00e9gie commerciale qui maintient la qualit\u00e9 du service de la plateforme sans commercialisation excessive.<\/p>\n\n<p>Nous invitons les personnes et les organisations qui partagent notre vision \u00e0 se rassembler et \u00e0 cr\u00e9er une coop\u00e9rative transformatrice qui red\u00e9finira le paysage m\u00e9diatique europ\u00e9en. Ensemble, nous aspirons \u00e0 construire une plateforme qui incarne la collaboration, l&rsquo;innovation et la poursuite collective d&rsquo;un espace public num\u00e9rique pour tous.<\/p>\n\n<p>Si vous partagez notre vision et souhaitez participer \u00e0 cette aventure passionnante, nous vous invitons \u00e0 nous contacter \u00e0 l&rsquo;adresse suivante <a href=\"mailto:coop@displayeurope.eu\"><u>coop@displayeurope.eu<\/u><\/a>.<\/p>\n\n<p>Pour en savoir plus sur les objectifs, les strat\u00e9gies, les motivations et les \u00e9tapes de la coop\u00e9rative, veuillez consulter le texte de la coop\u00e9rative Display Europe dans le pied de page du site<a href=\"https:\/\/archive.displayeurope.eu\/fr\/?page_id=5793\" data-type=\"page\" data-id=\"4986\">(lien).<\/a><\/p>\n\n<h3 class=\"wp-block-heading\">Vous \u00eates open-sourced, pourtant je vois LinkedIn et Instagram sur votre site ?<\/h3>\n\n<p>Oui, nous sommes une plateforme open-source et nous encourageons l&rsquo;utilisation de pratiques de m\u00e9dias sociaux open-source telles que PeerTube et Mastodon. Cependant, pour la promotion initiale du projet, nous utilisons des comptes de m\u00e9dias sociaux tels qu&rsquo;Instagram, Facebook et LinkdIn. La plupart du temps, nous n&rsquo;y affichons pas notre contenu, mais seulement des accroches. Cependant, nous plaidons pour l&rsquo;utilisation de comptes de m\u00e9dias sociaux open-source avec des normes \u00e9thiques au lieu de comptes de m\u00e9dias grand public.<\/p>\n\n<h3 class=\"wp-block-heading\">Quelles technologies open source utilisons-nous ?<\/h3>\n\n<p>Nous pr\u00e9f\u00e9rons utiliser des cadres qui parlent ActivityPub, qui est le protocole pour la <a href=\"https:\/\/archive.displayeurope.eu\/fr\/?page_id=15076#\/media\/Datei:A_view_into_the_Fediverse.png\"><u>Fediverse<\/u><\/a>. Cela nous permet d&rsquo;\u00e9changer du contenu tr\u00e8s facilement dans toutes les directions.<\/p>\n\n<ul class=\"wp-block-list\">\n<li><a href=\"https:\/\/displayeurope.video\/\"><u>PeerTube<\/u><\/a> pour la distribution de vid\u00e9os<\/li>\n\n\n\n<li><a href=\"https:\/\/displayeurope.social\/explore\"><u>Mastodonte<\/u><\/a> pour le microblogging<\/li>\n\n\n\n<li><a href=\"https:\/\/cba.media\/\"><u>CBA<\/u><\/a> pour l&rsquo;audio<\/li>\n\n\n\n<li><a href=\"https:\/\/www.discourse.org\/\" data-type=\"link\" data-id=\"https:\/\/www.discourse.org\/\"><u>Discours<\/u><\/a> pour les discussions (\u00e0 int\u00e9grer en 2024)<\/li>\n<\/ul>\n\n<p>Pour les autres parties de l&rsquo;infrastructure, nous utilisons uniquement des outils Open Source tels que<\/p>\n\n<ul class=\"wp-block-list\">\n<li>Keycloak (authentification unique) <a href=\"https:\/\/key.displayeurope.eu\"><u>https:\/\/key.displayeurope.eu<\/u><\/a> <\/li>\n\n\n\n<li>Minio (Stockage &amp; CDN)<\/li>\n\n\n\n<li>kubernetes (informatique en nuage)<\/li>\n\n\n\n<li>Matomo (Statistiques)<\/li>\n\n\n\n<li><a href=\"https:\/\/newsletter.displ.eu\/lists\/?p=subscribe&amp;id=1\"><u>liste de diffusion<\/u><\/a> pour les bulletins d&rsquo;information<\/li>\n\n\n\n<li>WordPress<\/li>\n\n\n\n<li>Nextcloud<\/li>\n<\/ul>\n","protected":false},"excerpt":{"rendered":"<p>Notre vision &amp; FAQ \u00a0 Notre vision Les architectes de Display croient en un m\u00e9dia europ\u00e9en, fond\u00e9 sur les valeurs publiques et l&rsquo;inclusivit\u00e9. Ils contribuent \u00e0 la cr\u00e9ation de m\u00e9dias europ\u00e9ens communs, car les forces qui ignorent les fronti\u00e8res fa\u00e7onnent la vie des Europ\u00e9ens. Ils construisent un espace, ind\u00e9pendant des gouvernements et des influences commerciales, [&hellip;]<\/p>\n","protected":false},"author":1,"featured_media":0,"parent":0,"menu_order":0,"comment_status":"closed","ping_status":"closed","template":"","meta":{"footnotes":""},"class_list":["post-5796","page","type-page","status-publish","hentry"],"_links":{"self":[{"href":"https:\/\/archive.displayeurope.eu\/fr\/wp-json\/wp\/v2\/pages\/5796","targetHints":{"allow":["GET"]}}],"collection":[{"href":"https:\/\/archive.displayeurope.eu\/fr\/wp-json\/wp\/v2\/pages"}],"about":[{"href":"https:\/\/archive.displayeurope.eu\/fr\/wp-json\/wp\/v2\/types\/page"}],"author":[{"embeddable":true,"href":"https:\/\/archive.displayeurope.eu\/fr\/wp-json\/wp\/v2\/users\/1"}],"replies":[{"embeddable":true,"href":"https:\/\/archive.displayeurope.eu\/fr\/wp-json\/wp\/v2\/comments?post=5796"}],"version-history":[{"count":15,"href":"https:\/\/archive.displayeurope.eu\/fr\/wp-json\/wp\/v2\/pages\/5796\/revisions"}],"predecessor-version":[{"id":50018,"href":"https:\/\/archive.displayeurope.eu\/fr\/wp-json\/wp\/v2\/pages\/5796\/revisions\/50018"}],"wp:attachment":[{"href":"https:\/\/archive.displayeurope.eu\/fr\/wp-json\/wp\/v2\/media?parent=5796"}],"curies":[{"name":"wp","href":"https:\/\/api.w.org\/{rel}","templated":true}]}}