{"id":5914,"date":"2023-09-19T08:58:43","date_gmt":"2023-09-19T06:58:43","guid":{"rendered":"https:\/\/archive.displayeurope.eu\/subventions\/"},"modified":"2023-12-11T22:30:32","modified_gmt":"2023-12-11T21:30:32","slug":"subventions","status":"publish","type":"page","link":"https:\/\/archive.displayeurope.eu\/fr\/subventions\/","title":{"rendered":"Subventions"},"content":{"rendered":"<h1>Subventions<\/h1>\n<p>Dans le cadre du projet Display Europe, deux appels \u00e0 propositions sont en cours. <a href=\"https:\/\/culturalfoundation.eu\/programmes\/display-europe\/\"><br \/>\n  <u><br \/>\n    <em>L&rsquo;appel \u00e0 subvention Display Europe<\/em><br \/>\n  <\/u><br \/>\n<\/a> et l&rsquo;<em>appel \u00e0 micro-subvention Display Europe, <\/em>en coordination avec la Fondation europ\u00e9enne de la culture (l&rsquo;un des partenaires du consortium Display Europe).<em> <\/em>a invit\u00e9 les membres de la communaut\u00e9 des m\u00e9dias \u00e0 soumettre des propositions qui, si elles sont s\u00e9lectionn\u00e9es, deviendront des contenus originaux cr\u00e9\u00e9s pour la plateforme displayeurope.eu et disponibles sur celle-ci. Cette plateforme num\u00e9rique souveraine et \u00e0 source ouverte promeut la d\u00e9mocratie en donnant aux citoyens des repr\u00e9sentations authentiques des r\u00e9alit\u00e9s multiples de l&rsquo;Europe. La collaboration transfrontali\u00e8re, le d\u00e9vouement \u00e0 l&rsquo;excellence journalistique et l&rsquo;approche int\u00e9ressante de sujets paneurop\u00e9ens figuraient parmi les crit\u00e8res de s\u00e9lection des candidatures, \u00e9valu\u00e9es par un jury ind\u00e9pendant.<\/p>\n<p>Display repr\u00e9sente les m\u00e9dias ind\u00e9pendants qui donnent une voix et un visage aux minorit\u00e9s discrimin\u00e9es et opprim\u00e9es qui d\u00e9fendent les droits fondamentaux et les libert\u00e9s civiles. Une s\u00e9lection de sept initiatives visant \u00e0 fa\u00e7onner l&rsquo;avenir des m\u00e9dias europ\u00e9ens a \u00e9t\u00e9 propos\u00e9e dans le cadre de l&rsquo;appel \u00e0 propositions Display Europe. Ces projets, originaires d&rsquo;Italie, des Pays-Bas, de Slov\u00e9nie, du Portugal et de France, ont \u00e9t\u00e9 choisis pour leur volont\u00e9 in\u00e9branlable de redessiner l&rsquo;histoire de l&rsquo;Europe.<\/p>\n<h2>Les propositions retenues sont les suivantes<\/h2>\n<p>\t\t\t\t<a href=\"https:\/\/spheranetwork.com\/\" tabindex=\"-1\"><br \/>\n\t\t\t\t\t\t\t\t<\/a><\/p>\n<h4>\n\t\t\t\t\t<a href=\"https:\/\/spheranetwork.com\/\" ><br \/>\n\t\t\t\t\t\tVoici l&rsquo;intitul\u00e9\t\t\t\t\t<\/a><br \/>\n\t\t\t\t<\/h4>\n<p>\n\t\t\t\t\t\t\u00ab\u00a0La jeunesse europ\u00e9enne et l&rsquo;urgence climatique\u00a0\u00bb est une s\u00e9rie de vid\u00e9os captivantes, disponibles dans sept langues de l&rsquo;UE, qui se penche sur la crise climatique en Europe et met en lumi\u00e8re la r\u00e9silience et la d\u00e9termination des jeunes Europ\u00e9ens.\t\t\t\t\t<\/p>\n<p>\t\t\t\t<a href=\"https:\/\/www.heretosupport.nl\/cityrightsradio\" tabindex=\"-1\"><br \/>\n\t\t\t\t\t\t\t\t<\/a><\/p>\n<h4>\n\t\t\t\t\t<a href=\"https:\/\/www.heretosupport.nl\/cityrightsradio\" ><br \/>\n\t\t\t\t\t\tVoici l&rsquo;intitul\u00e9\t\t\t\t\t<\/a><br \/>\n\t\t\t\t<\/h4>\n<p>\n\t\t\t\t\t\tCe podcast, cr\u00e9\u00e9 par des citoyens sans-papiers d&rsquo;Amsterdam, amplifie les voix des personnes marginalis\u00e9es, en mettant l&rsquo;accent sur les exp\u00e9riences v\u00e9cues, les analyses politiques et les alliances communautaires.\t\t\t\t\t<\/p>\n<h4>\n\t\t\t\t\t\tVoici l&rsquo;intitul\u00e9<br \/>\n\t\t\t\t<\/h4>\n<p>\n\t\t\t\t\t\t\u00ab\u00a0Migration IRL\u00a0\u00bb remet en question les r\u00e9cits dominants sur les migrants en explorant des histoires r\u00e9elles, en pr\u00e9sentant les contributions dynamiques des migrants en Slov\u00e9nie, en Bosnie-et-Herz\u00e9govine, en Serbie et en Pologne, ainsi que leur repr\u00e9sentation et leur inclusion dans la soci\u00e9t\u00e9.\t\t\t\t\t<\/p>\n<p>\t\t\t\t<a href=\"https:\/\/divergente.pt\/abstencao-de-voto\/?lang=en\" tabindex=\"-1\"><br \/>\n\t\t\t\t\t\t\t\t<\/a><\/p>\n<h4>\n\t\t\t\t\t<a href=\"https:\/\/divergente.pt\/abstencao-de-voto\/?lang=en\" ><br \/>\n\t\t\t\t\t\tLa bombe \u00e0 retardement des non-votants (Portugal)\t\t\t\t\t<\/a><br \/>\n\t\t\t\t<\/h4>\n<p>\n\t\t\t\t\t\tEn \u00e9tudiant l&rsquo;augmentation du nombre de non-votants, cette initiative humanise les statistiques, en s&rsquo;appuyant sur des histoires personnelles et des facteurs soci\u00e9taux pour comprendre le d\u00e9sengagement civique et ses implications pour la d\u00e9mocratie.\t\t\t\t\t<\/p>\n<h4>\n\t\t\t\t\t\tPersonnes transgenres en prison (France)<br \/>\n\t\t\t\t<\/h4>\n<p>\n\t\t\t\t\t\tCette s\u00e9rie de podcasts met en lumi\u00e8re les d\u00e9fis auxquels sont confront\u00e9es les personnes transgenres dans les prisons europ\u00e9ennes, en plaidant pour la visibilit\u00e9, l&rsquo;inclusion et les droits de l&rsquo;homme.\t\t\t\t\t<\/p>\n<h4>\n\t\t\t\t\t\tInclusive Ondes (France)<br \/>\n\t\t\t\t<\/h4>\n<p>\n\t\t\t\t\t\tPar le biais de podcasts et de vid\u00e9os en langue basque, \u00ab\u00a0Inclusive Ondes\u00a0\u00bb comble les foss\u00e9s culturels en abordant des questions relatives aux vagues migratoires locales sur le fleuve historique de la Bidassoa ainsi que des contextes migratoires mondiaux, en mettant en sc\u00e8ne des dirigeants institutionnels, des r\u00e9seaux de citoyens et des immigr\u00e9s.\t\t\t\t\t<\/p>\n<h4>\n\t\t\t\t\t\tR\u00e9ussir en Europe occidentale : Exp\u00e9riences de jeunes femmes d&rsquo;Europe de l&rsquo;Est (France)<br \/>\n\t\t\t\t<\/h4>\n<p>\n\t\t\t\t\t\tCette initiative pr\u00e9sente les d\u00e9fis et les exp\u00e9riences de jeunes femmes d&rsquo;Europe de l&rsquo;Est en Europe occidentale, favorisant la compr\u00e9hension et l&#8217;empathie tout en comblant les foss\u00e9s culturels.\t\t\t\t\t<\/p>\n<p>Dans son objectif de r\u00e9volutionner le paysage m\u00e9diatique en fournissant aux Europ\u00e9ens des informations diverses et fiables en dehors des r\u00e9cits dominants, Display Europe publie \u00e9galement, en novembre, l&rsquo;<em>appel \u00e0 micro-subventions Display Europe<\/em> qui invite les petites organisations m\u00e9diatiques et les journalistes int\u00e9ress\u00e9s par une collaboration transfrontali\u00e8re. Plus d&rsquo;informations sur l&rsquo;appel ici (\u00e0 confirmer). <\/p>\n<p>Si vous avez des questions sur la proc\u00e9dure de candidature ou toute autre question, veuillez contacter <a href=\"mailto:grants@displayeurope.eu\"><br \/>\n  <u>grants@displayeurope.eu<\/u><br \/>\n<\/a>.<\/p>\n<p>L&rsquo;engagement en faveur de l&rsquo;excellence journalistique et une approche int\u00e9ressante des sujets paneurop\u00e9ens figuraient parmi les crit\u00e8res des candidatures r\u00e9compens\u00e9es, qui ont \u00e9t\u00e9 \u00e9valu\u00e9es par un jury ind\u00e9pendant.<\/p>\n","protected":false},"excerpt":{"rendered":"<p>Subventions Dans le cadre du projet Display Europe, deux appels \u00e0 propositions sont en cours. L&rsquo;appel \u00e0 subvention Display Europe et l&rsquo;appel \u00e0 micro-subvention Display Europe, en coordination avec la Fondation europ\u00e9enne de la culture (l&rsquo;un des partenaires du consortium Display Europe). a invit\u00e9 les membres de la communaut\u00e9 des m\u00e9dias \u00e0 soumettre des propositions [&hellip;]<\/p>\n","protected":false},"author":1,"featured_media":0,"parent":0,"menu_order":0,"comment_status":"closed","ping_status":"closed","template":"","meta":{"footnotes":""},"class_list":["post-5914","page","type-page","status-publish","hentry"],"_links":{"self":[{"href":"https:\/\/archive.displayeurope.eu\/fr\/wp-json\/wp\/v2\/pages\/5914","targetHints":{"allow":["GET"]}}],"collection":[{"href":"https:\/\/archive.displayeurope.eu\/fr\/wp-json\/wp\/v2\/pages"}],"about":[{"href":"https:\/\/archive.displayeurope.eu\/fr\/wp-json\/wp\/v2\/types\/page"}],"author":[{"embeddable":true,"href":"https:\/\/archive.displayeurope.eu\/fr\/wp-json\/wp\/v2\/users\/1"}],"replies":[{"embeddable":true,"href":"https:\/\/archive.displayeurope.eu\/fr\/wp-json\/wp\/v2\/comments?post=5914"}],"version-history":[{"count":0,"href":"https:\/\/archive.displayeurope.eu\/fr\/wp-json\/wp\/v2\/pages\/5914\/revisions"}],"wp:attachment":[{"href":"https:\/\/archive.displayeurope.eu\/fr\/wp-json\/wp\/v2\/media?parent=5914"}],"curies":[{"name":"wp","href":"https:\/\/api.w.org\/{rel}","templated":true}]}}