{"id":5995,"date":"2023-05-18T09:40:46","date_gmt":"2023-05-18T07:40:46","guid":{"rendered":"https:\/\/archive.displayeurope.eu\/home\/"},"modified":"2024-08-28T15:04:31","modified_gmt":"2024-08-28T13:04:31","slug":"domicile","status":"publish","type":"page","link":"https:\/\/archive.displayeurope.eu\/fr\/","title":{"rendered":"Accueil"},"content":{"rendered":"\r\n\t<div class=\"post-list\">\r\n\r\n\t\t\r\n\r\n\t\t\r\n\t\t\t<div class=\"post-item post-item-eayxfu7bdqsgqr3a7od7lntx2vk\">\r\n\t\t\t\t<div class=\"thumbnail-wrapper\">\r\n\t\t\t\t\t<a href=\"https:\/\/archive.displayeurope.eu\/fr\/preview\/eayxfu7bdqsgqr3a7od7lntx2vk-lallemagne-lextreme-droite-et-le-peuple\/\">\r\n\t\t\t\t\t\t<img decoding=\"async\" class=\"thumbnail-image\" src=\"https:\/\/voxeurop.eu\/wp-content\/uploads\/2025\/02\/voxeurop-afd-.png\">\r\n\t\t\t\t\t<\/a>\r\n\t\t\t\t<\/div>\r\n\t\t\t\t<div class=\"post-content\">\r\n\t\t\t\t\t<div class=\"author-meta\">\r\n\t\t\t\t\t\t\r\n\t\t\t\t\t\t\t\t\t\t\t\t\t\t<a target=\"_blank\" href=\"https:\/\/archive.displayeurope.eu\/fr\/authors\/voxeurop\/\">\r\n\t\t\t\t\t\t\t\r\n\t\t\t\t\t\t\t\t\t\t\t\t\t\t\t<img decoding=\"async\" class=\"author-image-in-list\" src=\"https:\/\/archive.displayeurope.eu\/wp-content\/uploads\/2023\/12\/Logo_actuel_de_Voxeurop.png\" alt=\"Voxeurop\">\r\n\t\t\t\t\t\t\t\r\n\t\t\t\t\t\t\t\t\t\t\t\t\t\t<\/a>\r\n\t\t\t\t\t\t\t\r\n\t\t\t\t\t\t\r\n\t\t\t\t\t\t\t\t\t\t\t\t\t<span class=\"origin-badge origin-badge-federated\">Contenu f\u00e9d\u00e9r\u00e9<\/span>\r\n\t\t\t\t\t\t\t\t\t\t\t<\/div>\r\n\t\t\t\t\t<h2 class=\"post-title\"><a href=\"https:\/\/archive.displayeurope.eu\/fr\/preview\/eayxfu7bdqsgqr3a7od7lntx2vk-lallemagne-lextreme-droite-et-le-peuple\/\">L\u2019Allemagne, l\u2019extr\u00eame droite et \u201cle peuple\u201d<\/a><\/h2>\r\n\t\t\t\t\t<div class=\"post-excerpt\">\r\n\t\t\t\t\t\tR\u00e9v\u00e9l\u00e9e par le m\u00e9dia en ligne Correctiv, la r\u00e9union de responsables d'extr\u00eame droite qui s\u2019est tenue \u00e0 Potsdam il y a un an a montr\u00e9 \u00e0 quel point le concept de \u201cremigration\u201d est explosif. Et il est plus que jamais d'actualit\u00e9. Car malgr\u00e9 les r\u00e9actions \u00e0 son emploi lors de cette assembl\u00e9e, l'Alternative pour l'Allemagne\u2026\t\t\t\t\t<\/div>\r\n\t\t\t\t\t<div class=\"post-meta\">\r\n\t\t\t\t\t\t<span class=\"post-date\">\r\n\t\t\t\t\t\t\t17 February, 2025\t\t\t\t\t\t<\/span>\r\n\r\n\t\t\t\t\t\t<div class=\"post-icons\">\r\n\t\t\t\t\t\t\t\t\t\t\t\t\t\t\t\t\t\t\t\t<\/div>\r\n\t\t\t\t\t<\/div>\r\n\t\t\t\t<\/div>\r\n\t\t\t<\/div>\r\n\r\n\t\t\r\n\t\t\t<div class=\"post-item post-item-eayxfvdhdab4ari457n5iy4nnhm\">\r\n\t\t\t\t<div class=\"thumbnail-wrapper\">\r\n\t\t\t\t\t<a href=\"https:\/\/archive.displayeurope.eu\/fr\/preview\/eayxfvdhdab4ari457n5iy4nnhm-a-lapproche-des-elections-le-pare-feu-dextreme-droite-allemand-tremble-mais-tient-bon\/\">\r\n\t\t\t\t\t\t<img decoding=\"async\" class=\"thumbnail-image\" src=\"https:\/\/voxeurop.eu\/wp-content\/uploads\/2025\/02\/voxeurop-germany-Rahma.png\">\r\n\t\t\t\t\t<\/a>\r\n\t\t\t\t<\/div>\r\n\t\t\t\t<div class=\"post-content\">\r\n\t\t\t\t\t<div class=\"author-meta\">\r\n\t\t\t\t\t\t\r\n\t\t\t\t\t\t\t\t\t\t\t\t\t\t<a target=\"_blank\" href=\"https:\/\/archive.displayeurope.eu\/fr\/authors\/voxeurop\/\">\r\n\t\t\t\t\t\t\t\r\n\t\t\t\t\t\t\t\t\t\t\t\t\t\t\t<img decoding=\"async\" class=\"author-image-in-list\" src=\"https:\/\/archive.displayeurope.eu\/wp-content\/uploads\/2023\/12\/Logo_actuel_de_Voxeurop.png\" alt=\"Voxeurop\">\r\n\t\t\t\t\t\t\t\r\n\t\t\t\t\t\t\t\t\t\t\t\t\t\t<\/a>\r\n\t\t\t\t\t\t\t\r\n\t\t\t\t\t\t\r\n\t\t\t\t\t\t\t\t\t\t\t\t\t<span class=\"origin-badge origin-badge-federated\">Contenu f\u00e9d\u00e9r\u00e9<\/span>\r\n\t\t\t\t\t\t\t\t\t\t\t<\/div>\r\n\t\t\t\t\t<h2 class=\"post-title\"><a href=\"https:\/\/archive.displayeurope.eu\/fr\/preview\/eayxfvdhdab4ari457n5iy4nnhm-a-lapproche-des-elections-le-pare-feu-dextreme-droite-allemand-tremble-mais-tient-bon\/\">\u00c0 l'approche des \u00e9lections, le pare-feu d'extr\u00eame droite allemand tremble mais tient bon<\/a><\/h2>\r\n\t\t\t\t\t<div class=\"post-excerpt\">\r\n\t\t\t\t\t\t\"Si cela doit s'appeler remigration, alors il s'agira de re-mi-gration\", a annonc\u00e9 Alice Weidel lors de la conf\u00e9rence du parti AfD \u00e0 Riesa d\u00e9but janvier, sous des applaudissements nourris - un an \u00e0 peine apr\u00e8s que le m\u00eame terme ait provoqu\u00e9 une onde de choc \u00e0 travers l'Allemagne. Weidel est le premier candidat de l'AfD\u2026\t\t\t\t\t<\/div>\r\n\t\t\t\t\t<div class=\"post-meta\">\r\n\t\t\t\t\t\t<span class=\"post-date\">\r\n\t\t\t\t\t\t\t17 February, 2025\t\t\t\t\t\t<\/span>\r\n\r\n\t\t\t\t\t\t<div class=\"post-icons\">\r\n\t\t\t\t\t\t\t\t\t\t\t\t\t\t\t\t\t\t\t\t<\/div>\r\n\t\t\t\t\t<\/div>\r\n\t\t\t\t<\/div>\r\n\t\t\t<\/div>\r\n\r\n\t\t\r\n\t\t\t<div class=\"post-item post-item-eayxdeagmuyyqrpfqvxmcupvsso\">\r\n\t\t\t\t<div class=\"thumbnail-wrapper\">\r\n\t\t\t\t\t<a href=\"https:\/\/archive.displayeurope.eu\/fr\/preview\/eayxdeagmuyyqrpfqvxmcupvsso-leurope-peut-elle-faire-face-a-la-puissance-des-grandes-entreprises-technologiques-americaines\/\">\r\n\t\t\t\t\t\t<img decoding=\"async\" class=\"thumbnail-image\" src=\"https:\/\/voxeurop.eu\/wp-content\/uploads\/2025\/02\/Nardi-Maga-Europe.png\">\r\n\t\t\t\t\t<\/a>\r\n\t\t\t\t<\/div>\r\n\t\t\t\t<div class=\"post-content\">\r\n\t\t\t\t\t<div class=\"author-meta\">\r\n\t\t\t\t\t\t\r\n\t\t\t\t\t\t\t\t\t\t\t\t\t\t<a target=\"_blank\" href=\"https:\/\/archive.displayeurope.eu\/fr\/authors\/voxeurop\/\">\r\n\t\t\t\t\t\t\t\r\n\t\t\t\t\t\t\t\t\t\t\t\t\t\t\t<img decoding=\"async\" class=\"author-image-in-list\" src=\"https:\/\/archive.displayeurope.eu\/wp-content\/uploads\/2023\/12\/Logo_actuel_de_Voxeurop.png\" alt=\"Voxeurop\">\r\n\t\t\t\t\t\t\t\r\n\t\t\t\t\t\t\t\t\t\t\t\t\t\t<\/a>\r\n\t\t\t\t\t\t\t\r\n\t\t\t\t\t\t\r\n\t\t\t\t\t\t\t\t\t\t\t\t\t<span class=\"origin-badge origin-badge-federated\">Contenu f\u00e9d\u00e9r\u00e9<\/span>\r\n\t\t\t\t\t\t\t\t\t\t\t<\/div>\r\n\t\t\t\t\t<h2 class=\"post-title\"><a href=\"https:\/\/archive.displayeurope.eu\/fr\/preview\/eayxdeagmuyyqrpfqvxmcupvsso-leurope-peut-elle-faire-face-a-la-puissance-des-grandes-entreprises-technologiques-americaines\/\">L'Europe peut-elle faire face \u00e0 la puissance des grandes entreprises technologiques am\u00e9ricaines ?<\/a><\/h2>\r\n\t\t\t\t\t<div class=\"post-excerpt\">\r\n\t\t\t\t\t\tLes interventions r\u00e9p\u00e9t\u00e9es d'Elon Musk, le patron du r\u00e9seau social X (ainsi que de Tesla et SpaceX), soul\u00e8vent des questions difficiles. Le d\u00e9bat public et les \u00e9lections en Europe pourront-ils un jour \u00eatre d\u00e9barrass\u00e9s du fl\u00e9au de la d\u00e9sinformation \u00e9trang\u00e8re ? Et maintenant, Musk a \u00e9t\u00e9 rejoint par TikTok, la plateforme d\u00e9tenue par des Chinois,\u2026\t\t\t\t\t<\/div>\r\n\t\t\t\t\t<div class=\"post-meta\">\r\n\t\t\t\t\t\t<span class=\"post-date\">\r\n\t\t\t\t\t\t\t15 February, 2025\t\t\t\t\t\t<\/span>\r\n\r\n\t\t\t\t\t\t<div class=\"post-icons\">\r\n\t\t\t\t\t\t\t\t\t\t\t\t\t\t\t\t\t\t\t\t<\/div>\r\n\t\t\t\t\t<\/div>\r\n\t\t\t\t<\/div>\r\n\t\t\t<\/div>\r\n\r\n\t\t\r\n\t\t\t<div class=\"post-item post-item-eayw6dsd66slarnibq2iytafyzi\">\r\n\t\t\t\t<div class=\"thumbnail-wrapper\">\r\n\t\t\t\t\t<a href=\"https:\/\/archive.displayeurope.eu\/fr\/preview\/eayw6dsd66slarnibq2iytafyzi-hanna-perekhoda-la-lutte-pour-la-liberte-en-ukraine-est-intimement-liee-a-la-lutte-mondiale-contre-les-forces-fascistes\/\">\r\n\t\t\t\t\t\t<img decoding=\"async\" class=\"thumbnail-image\" src=\"https:\/\/voxeurop.eu\/wp-content\/uploads\/2025\/02\/Hanna-Perekhoda-4.png\">\r\n\t\t\t\t\t<\/a>\r\n\t\t\t\t<\/div>\r\n\t\t\t\t<div class=\"post-content\">\r\n\t\t\t\t\t<div class=\"author-meta\">\r\n\t\t\t\t\t\t\r\n\t\t\t\t\t\t\t\t\t\t\t\t\t\t<a target=\"_blank\" href=\"https:\/\/archive.displayeurope.eu\/fr\/authors\/voxeurop\/\">\r\n\t\t\t\t\t\t\t\r\n\t\t\t\t\t\t\t\t\t\t\t\t\t\t\t<img decoding=\"async\" class=\"author-image-in-list\" src=\"https:\/\/archive.displayeurope.eu\/wp-content\/uploads\/2023\/12\/Logo_actuel_de_Voxeurop.png\" alt=\"Voxeurop\">\r\n\t\t\t\t\t\t\t\r\n\t\t\t\t\t\t\t\t\t\t\t\t\t\t<\/a>\r\n\t\t\t\t\t\t\t\r\n\t\t\t\t\t\t\r\n\t\t\t\t\t\t\t\t\t\t\t\t\t<span class=\"origin-badge origin-badge-federated\">Contenu f\u00e9d\u00e9r\u00e9<\/span>\r\n\t\t\t\t\t\t\t\t\t\t\t<\/div>\r\n\t\t\t\t\t<h2 class=\"post-title\"><a href=\"https:\/\/archive.displayeurope.eu\/fr\/preview\/eayw6dsd66slarnibq2iytafyzi-hanna-perekhoda-la-lutte-pour-la-liberte-en-ukraine-est-intimement-liee-a-la-lutte-mondiale-contre-les-forces-fascistes\/\">Hanna Perekhoda : \"La lutte pour la libert\u00e9 en Ukraine est intimement li\u00e9e \u00e0 la lutte mondiale contre les forces fascistes\".<\/a><\/h2>\r\n\t\t\t\t\t<div class=\"post-excerpt\">\r\n\t\t\t\t\t\tHanna Perekhoda est historienne et chercheuse \u00e0 l'Universit\u00e9 de Lausanne - Institut d'\u00e9tudes politiques etCentre d'histoire internationale et d'\u00e9tudes politiques de la mondialisation, sp\u00e9cialis\u00e9e dans le nationalisme dans le contexte de l'Empire russe et de l'Union sovi\u00e9tique. Sa recherche doctorale porte sur les strat\u00e9gies politiques des bolcheviks en Ukraine entre 1917 et les ann\u00e9es 1920.\u2026\t\t\t\t\t<\/div>\r\n\t\t\t\t\t<div class=\"post-meta\">\r\n\t\t\t\t\t\t<span class=\"post-date\">\r\n\t\t\t\t\t\t\t11 February, 2025\t\t\t\t\t\t<\/span>\r\n\r\n\t\t\t\t\t\t<div class=\"post-icons\">\r\n\t\t\t\t\t\t\t\t\t\t\t\t\t\t\t\t\t\t\t\t<\/div>\r\n\t\t\t\t\t<\/div>\r\n\t\t\t\t<\/div>\r\n\t\t\t<\/div>\r\n\r\n\t\t\r\n\t\t\t<div class=\"post-item post-item-eayw43fil2nzqrmzlqo435k24ha\">\r\n\t\t\t\t<div class=\"thumbnail-wrapper\">\r\n\t\t\t\t\t<a href=\"https:\/\/archive.displayeurope.eu\/fr\/preview\/eayw43fil2nzqrmzlqo435k24ha-ceux-qui-se-battent-et-ceux-qui-ne-se-battent-pas-les-ukrainiens-appeles-au-front-et-la-generation-poutine-en-russie\/\">\r\n\t\t\t\t\t\t<img decoding=\"async\" class=\"thumbnail-image\" src=\"https:\/\/voxeurop.eu\/wp-content\/uploads\/2025\/02\/RUSSIA-UKRAINE-MOV-1-4.jpg\">\r\n\t\t\t\t\t<\/a>\r\n\t\t\t\t<\/div>\r\n\t\t\t\t<div class=\"post-content\">\r\n\t\t\t\t\t<div class=\"author-meta\">\r\n\t\t\t\t\t\t\r\n\t\t\t\t\t\t\t\t\t\t\t\t\t\t<a target=\"_blank\" href=\"https:\/\/archive.displayeurope.eu\/fr\/authors\/voxeurop\/\">\r\n\t\t\t\t\t\t\t\r\n\t\t\t\t\t\t\t\t\t\t\t\t\t\t\t<img decoding=\"async\" class=\"author-image-in-list\" src=\"https:\/\/archive.displayeurope.eu\/wp-content\/uploads\/2023\/12\/Logo_actuel_de_Voxeurop.png\" alt=\"Voxeurop\">\r\n\t\t\t\t\t\t\t\r\n\t\t\t\t\t\t\t\t\t\t\t\t\t\t<\/a>\r\n\t\t\t\t\t\t\t\r\n\t\t\t\t\t\t\r\n\t\t\t\t\t\t\t\t\t\t\t\t\t<span class=\"origin-badge origin-badge-federated\">Contenu f\u00e9d\u00e9r\u00e9<\/span>\r\n\t\t\t\t\t\t\t\t\t\t\t<\/div>\r\n\t\t\t\t\t<h2 class=\"post-title\"><a href=\"https:\/\/archive.displayeurope.eu\/fr\/preview\/eayw43fil2nzqrmzlqo435k24ha-ceux-qui-se-battent-et-ceux-qui-ne-se-battent-pas-les-ukrainiens-appeles-au-front-et-la-generation-poutine-en-russie\/\">Ceux qui se battent et ceux qui ne se battent pas : les Ukrainiens appel\u00e9s au front et la \"g\u00e9n\u00e9ration Poutine\" en Russie<\/a><\/h2>\r\n\t\t\t\t\t<div class=\"post-excerpt\">\r\n\t\t\t\t\t\tLe journal russe ind\u00e9pendant en exil Meduza devote un long article (publi\u00e9 \u00e0 l'origine dans Signal, un bulletin d'information en langue russe) sur les \"personnes qui ont atteint l'\u00e2ge adulte et constituent d\u00e9sormais la cohorte de jeunes adultes qui h\u00e9riteront de tout ce qui suivra Vladimir Poutine en Russie\". Il s'agit d'un groupe que la\u2026\t\t\t\t\t<\/div>\r\n\t\t\t\t\t<div class=\"post-meta\">\r\n\t\t\t\t\t\t<span class=\"post-date\">\r\n\t\t\t\t\t\t\t10 February, 2025\t\t\t\t\t\t<\/span>\r\n\r\n\t\t\t\t\t\t<div class=\"post-icons\">\r\n\t\t\t\t\t\t\t\t\t\t\t\t\t\t\t\t\t\t\t\t<\/div>\r\n\t\t\t\t\t<\/div>\r\n\t\t\t\t<\/div>\r\n\t\t\t<\/div>\r\n\r\n\t\t\r\n\t\t\t<div class=\"post-item post-item-eayw42hwmynzarwlsnjj6rxd4uo\">\r\n\t\t\t\t<div class=\"thumbnail-wrapper\">\r\n\t\t\t\t\t<a href=\"https:\/\/archive.displayeurope.eu\/fr\/preview\/eayw42hwmynzarwlsnjj6rxd4uo-andrei-kourkov-nous-avions-besoin-dune-guerre-pour-montrer-que-lukraine-est-differente-de-la-russie\/\">\r\n\t\t\t\t\t\t<img decoding=\"async\" class=\"thumbnail-image\" src=\"https:\/\/voxeurop.eu\/wp-content\/uploads\/2025\/02\/Kurkov-Ferrara-3.jpg\">\r\n\t\t\t\t\t<\/a>\r\n\t\t\t\t<\/div>\r\n\t\t\t\t<div class=\"post-content\">\r\n\t\t\t\t\t<div class=\"author-meta\">\r\n\t\t\t\t\t\t\r\n\t\t\t\t\t\t\t\t\t\t\t\t\t\t<a target=\"_blank\" href=\"https:\/\/archive.displayeurope.eu\/fr\/authors\/voxeurop\/\">\r\n\t\t\t\t\t\t\t\r\n\t\t\t\t\t\t\t\t\t\t\t\t\t\t\t<img decoding=\"async\" class=\"author-image-in-list\" src=\"https:\/\/archive.displayeurope.eu\/wp-content\/uploads\/2023\/12\/Logo_actuel_de_Voxeurop.png\" alt=\"Voxeurop\">\r\n\t\t\t\t\t\t\t\r\n\t\t\t\t\t\t\t\t\t\t\t\t\t\t<\/a>\r\n\t\t\t\t\t\t\t\r\n\t\t\t\t\t\t\r\n\t\t\t\t\t\t\t\t\t\t\t\t\t<span class=\"origin-badge origin-badge-federated\">Contenu f\u00e9d\u00e9r\u00e9<\/span>\r\n\t\t\t\t\t\t\t\t\t\t\t<\/div>\r\n\t\t\t\t\t<h2 class=\"post-title\"><a href=\"https:\/\/archive.displayeurope.eu\/fr\/preview\/eayw42hwmynzarwlsnjj6rxd4uo-andrei-kourkov-nous-avions-besoin-dune-guerre-pour-montrer-que-lukraine-est-differente-de-la-russie\/\">Andre\u00ef Kourkov : \"Nous avions besoin d'une guerre pour montrer que l'Ukraine est diff\u00e9rente de la Russie\".<\/a><\/h2>\r\n\t\t\t\t\t<div class=\"post-excerpt\">\r\n\t\t\t\t\t\tAndrei Kurkov (n\u00e9 en 1961) est l'un des \u00e9crivains ukrainiens les plus prolifiques et les plus \u00e9clectiques. Il a abord\u00e9 plusieurs th\u00e8mes li\u00e9s \u00e0 l'histoire r\u00e9cente de l'Ukraine, en particulier apr\u00e8s la r\u00e9volution orange de 2004, ainsi que plusieurs histoires \u00e0 suspense, parfois presque surr\u00e9alistes, se d\u00e9roulant dans les ann\u00e9es qui ont suivi l'effondrement de\u2026\t\t\t\t\t<\/div>\r\n\t\t\t\t\t<div class=\"post-meta\">\r\n\t\t\t\t\t\t<span class=\"post-date\">\r\n\t\t\t\t\t\t\t10 February, 2025\t\t\t\t\t\t<\/span>\r\n\r\n\t\t\t\t\t\t<div class=\"post-icons\">\r\n\t\t\t\t\t\t\t\t\t\t\t\t\t\t\t\t\t\t\t\t<\/div>\r\n\t\t\t\t\t<\/div>\r\n\t\t\t\t<\/div>\r\n\t\t\t<\/div>\r\n\r\n\t\t\t<\/div>\r\n\r\n\t\t\t<div class=\"autload-on-scroll\">\r\n\t\t\t<div class=\"text-center loading\" style=\"display: none;\">\r\n\t\t\t\t<div class=\"lds-ellipsis\"><div><\/div><div><\/div><div><\/div><div><\/div><\/div>\r\n\t\t\t<\/div>\r\n\t\t\t<form action=\"https:\/\/archive.displayeurope.eu\/wp-admin\/admin-ajax.php\" method=\"POST\" class=\"form-autoload\">\r\n\t\t\t\t<input type=\"hidden\" name=\"action\" value=\"dispeu_load_more\">\r\n\t\t\t\t\t\t\t\t\t<input type=\"hidden\" name=\"dispeu_group_id\" value=\"42976\">\r\n\t\t\t\t\t\t\t\t\t<input type=\"hidden\" name=\"dispeu_group_page\" value=\"2\">\r\n\t\t\t\t\t\t\t<\/form>\r\n\t\t<\/div>\r\n\t\r\n\n","protected":false},"excerpt":{"rendered":"","protected":false},"author":1,"featured_media":0,"parent":0,"menu_order":0,"comment_status":"closed","ping_status":"closed","template":"","meta":{"footnotes":""},"class_list":["post-5995","page","type-page","status-publish","hentry"],"_links":{"self":[{"href":"https:\/\/archive.displayeurope.eu\/fr\/wp-json\/wp\/v2\/pages\/5995","targetHints":{"allow":["GET"]}}],"collection":[{"href":"https:\/\/archive.displayeurope.eu\/fr\/wp-json\/wp\/v2\/pages"}],"about":[{"href":"https:\/\/archive.displayeurope.eu\/fr\/wp-json\/wp\/v2\/types\/page"}],"author":[{"embeddable":true,"href":"https:\/\/archive.displayeurope.eu\/fr\/wp-json\/wp\/v2\/users\/1"}],"replies":[{"embeddable":true,"href":"https:\/\/archive.displayeurope.eu\/fr\/wp-json\/wp\/v2\/comments?post=5995"}],"version-history":[{"count":1,"href":"https:\/\/archive.displayeurope.eu\/fr\/wp-json\/wp\/v2\/pages\/5995\/revisions"}],"predecessor-version":[{"id":44620,"href":"https:\/\/archive.displayeurope.eu\/fr\/wp-json\/wp\/v2\/pages\/5995\/revisions\/44620"}],"wp:attachment":[{"href":"https:\/\/archive.displayeurope.eu\/fr\/wp-json\/wp\/v2\/media?parent=5995"}],"curies":[{"name":"wp","href":"https:\/\/api.w.org\/{rel}","templated":true}]}}