{"id":9235,"date":"2023-09-19T09:10:34","date_gmt":"2023-09-19T07:10:34","guid":{"rendered":"https:\/\/archive.displayeurope.eu\/impression\/"},"modified":"2024-09-05T07:49:22","modified_gmt":"2024-09-05T05:49:22","slug":"empreinte-conflit-resolution","status":"publish","type":"page","link":"https:\/\/archive.displayeurope.eu\/fr\/empreinte-conflit-resolution\/","title":{"rendered":"Mentions l\u00e9gales et r\u00e9solution des conflits"},"content":{"rendered":"\n<h1 class=\"wp-block-heading\">Impression<\/h1>\n\n<p>Obligation de divulgation conform\u00e9ment \u00e0 l&rsquo;article 25, paragraphe 5, de la loi sur les m\u00e9dias (\u00d6sterreichisches Mediengesetz)<\/p>\n\n<h2 class=\"wp-block-heading\">Op\u00e9rateur de plateforme \/ Propri\u00e9taire de m\u00e9dia<\/h2>\n\n<p>Display Europe<br\/>c\/o OKTO.TV<br\/>Missindorfstra\u00dfe 19<br\/>1140 Vienne<br\/>Autriche<\/p>\n\n<p>Courrier \u00e9lectronique : <a href=\"mailto:coop@displayeurope.eu\">coop@displayeurope.eu<\/a><\/p>\n\n<h2 class=\"wp-block-heading\">D\u00e9tails de l&rsquo;organisation<\/h2>\n\n<p>L&rsquo;assembl\u00e9e constitutive s&rsquo;est tenue le 16 octobre 2023. Elle a \u00e9t\u00e9 inscrite au registre du commerce le 8 f\u00e9vrier 2024.<\/p>\n\n<p>Directeur g\u00e9n\u00e9ral : Alexander Baratsits<\/p>\n\n<p>Membres du conseil de surveillance : Menno Weijs (Fondation europ\u00e9enne de la culture), Vladimir Radinovi\u0107 (EMCF), Paul Salvan\u00e8s (Voxeurop), Roland Alton-Scheidl (fairkom)<\/p>\n\n<p>Num\u00e9ro d&rsquo;enregistrement de la soci\u00e9t\u00e9 : FN619589k (Handelsgericht Wien)<\/p>\n\n<p>UID : ATU80768689<\/p>\n\n<h2 class=\"wp-block-heading\">Mentions l\u00e9gales<\/h2>\n\n<p>Dispositions l\u00e9gales applicables : Loi sur les services de m\u00e9dias audiovisuels (AMD-G), Loi sur les m\u00e9dias<\/p>\n\n<p>Autorit\u00e9 de r\u00e9gulation : KommAustria, Mariahilfer Strasse 77-79, 1060 Vienne<\/p>\n\n<h2 class=\"wp-block-heading\">Objet de l&rsquo;organisation et d\u00e9claration sur l&rsquo;orientation<\/h2>\n\n<p>Display Europe g\u00e8re une plateforme m\u00e9diatique qui (i) publie un contenu m\u00e9diatique paneurop\u00e9en, orient\u00e9 vers les droits fondamentaux, et s&rsquo;efforce de se conformer au cadre de l&rsquo;Initiative pour la Confiance dans le Journalisme. (ii) h\u00e9berge des contenus m\u00e9diatiques, en particulier des initiatives de la soci\u00e9t\u00e9 civile, et fournit un acc\u00e8s ouvert \u00e0 la publication de ces contenus.<\/p>\n\n<h2 class=\"wp-block-heading\">displayeurope.eu<\/h2>\n\n<p>displayeurope.eu est une plateforme m\u00e9diatique innovante ancr\u00e9e dans les valeurs publiques. Elle permet aux citoyens de tout le continent d&rsquo;acc\u00e9der \u00e0 des informations fiables et \u00e0 une image de l&rsquo;Europe qui n&rsquo;est g\u00e9n\u00e9ralement pas v\u00e9hicul\u00e9e par les grands m\u00e9dias ou les m\u00e9dias nationaux. Gr\u00e2ce \u00e0 la traduction, \u00e0 la syndication et au contenu cr\u00e9\u00e9 \u00e0 l&rsquo;origine, displayeurope.eu rassemble et diffuse des m\u00e9dias fiables provenant de toute l&rsquo;Europe. Construit \u00e0 partir d&rsquo;une infrastructure num\u00e9rique souveraine, autog\u00e9r\u00e9e et \u00e0 source ouverte, Displayeurope.eu s&rsquo;affranchira des m\u00e9dias sociaux et des plateformes de streaming des Big Tech qui filtrent et encadrent actuellement la production m\u00e9diatique. Dans cet affichage plus d\u00e9mocratique de l&rsquo;Europe, displayeurope.eu sera une force pour la d\u00e9mocratie \u00e0 travers le continent.<\/p>\n\n<hr class=\"wp-block-separator has-alpha-channel-opacity\"\/>\n\n<h1 class=\"wp-block-heading\">R\u00e9solution des conflits<\/h1>\n\n<p>Si vous rencontrez des violations juridiques, veuillez nous envoyer votre demande sous la forme d&rsquo;un e-mail. Il est important d&rsquo;\u00eatre le plus pr\u00e9cis possible (capture d&rsquo;\u00e9cran, lien, etc.) afin que nous sachions exactement de quoi il s&rsquo;agit.<br\/>Apr\u00e8s l&rsquo;envoi, vous recevrez un accus\u00e9 de r\u00e9ception de l&rsquo;e-mail.<\/p>\n\n<p>Veuillez envoyer cet e-mail \u00e0 <a href=\"mailto:support@displayeurope.eu\">support@displayeurope.eu<\/a> ou \u00e9crire un ticket avec ceci <\/p>\n\n<button id=\"zammad-feedback-form\">Formulaire de retour d&rsquo;information<\/button><script id=\"zammad_form_script\" src=\"https:\/\/helpdesk.displayeurope.eu\/assets\/form\/form.js\"><\/script><script>\njQuery(document).ready(function($) {\n$(function() {\n  $('#zammad-feedback-form').ZammadForm({\n    messageTitle: 'Feedback-Formular',\n    messageSubmit: 'Send',\n    messageThankYou: 'Ticket #%s.',\n    modal: true\n  });\n});\n});\n<\/script>\n\n<hr class=\"wp-block-separator has-alpha-channel-opacity\"\/>\n\n<script src=\"https:\/\/helpdesk.displayeurope.eu\/assets\/chat\/chat.min.js\"><\/script>\n<script>\njQuery(document).ready(function($) {\n$(function() {\n  new ZammadChat({\n    fontSize: '12px',\n    chatId: 1\n  });\n});\n});\n<\/script>\n\n<p>Derni\u00e8re mise \u00e0 jour : 03 septembre 2024<\/p>\n\n<p><\/p>\n\n<figure class=\"wp-block-image size-full\"><img loading=\"lazy\" decoding=\"async\" width=\"611\" height=\"204\" src=\"https:\/\/archive.displayeurope.eu\/wp-content\/uploads\/2023\/06\/DisplayLogo_Tag.png\" alt=\"\" class=\"wp-image-7674\" srcset=\"https:\/\/archive.displayeurope.eu\/wp-content\/uploads\/2023\/06\/DisplayLogo_Tag.png 611w, https:\/\/archive.displayeurope.eu\/wp-content\/uploads\/2023\/06\/DisplayLogo_Tag-360x120.png 360w\" sizes=\"auto, (max-width: 611px) 100vw, 611px\" \/><\/figure>\n","protected":false},"excerpt":{"rendered":"<p>Impression Obligation de divulgation conform\u00e9ment \u00e0 l&rsquo;article 25, paragraphe 5, de la loi sur les m\u00e9dias (\u00d6sterreichisches Mediengesetz) Op\u00e9rateur de plateforme \/ Propri\u00e9taire de m\u00e9dia Display Europec\/o OKTO.TVMissindorfstra\u00dfe 191140 VienneAutriche Courrier \u00e9lectronique : coop@displayeurope.eu D\u00e9tails de l&rsquo;organisation L&rsquo;assembl\u00e9e constitutive s&rsquo;est tenue le 16 octobre 2023. Elle a \u00e9t\u00e9 inscrite au registre du commerce le 8 [&hellip;]<\/p>\n","protected":false},"author":1,"featured_media":0,"parent":0,"menu_order":0,"comment_status":"closed","ping_status":"closed","template":"","meta":{"footnotes":""},"class_list":["post-9235","page","type-page","status-publish","hentry"],"_links":{"self":[{"href":"https:\/\/archive.displayeurope.eu\/fr\/wp-json\/wp\/v2\/pages\/9235","targetHints":{"allow":["GET"]}}],"collection":[{"href":"https:\/\/archive.displayeurope.eu\/fr\/wp-json\/wp\/v2\/pages"}],"about":[{"href":"https:\/\/archive.displayeurope.eu\/fr\/wp-json\/wp\/v2\/types\/page"}],"author":[{"embeddable":true,"href":"https:\/\/archive.displayeurope.eu\/fr\/wp-json\/wp\/v2\/users\/1"}],"replies":[{"embeddable":true,"href":"https:\/\/archive.displayeurope.eu\/fr\/wp-json\/wp\/v2\/comments?post=9235"}],"version-history":[{"count":12,"href":"https:\/\/archive.displayeurope.eu\/fr\/wp-json\/wp\/v2\/pages\/9235\/revisions"}],"predecessor-version":[{"id":49158,"href":"https:\/\/archive.displayeurope.eu\/fr\/wp-json\/wp\/v2\/pages\/9235\/revisions\/49158"}],"wp:attachment":[{"href":"https:\/\/archive.displayeurope.eu\/fr\/wp-json\/wp\/v2\/media?parent=9235"}],"curies":[{"name":"wp","href":"https:\/\/api.w.org\/{rel}","templated":true}]}}