{"id":10877,"date":"2023-11-23T16:46:19","date_gmt":"2023-11-23T15:46:19","guid":{"rendered":"https:\/\/archive.displayeurope.eu\/newsletter\/"},"modified":"2024-08-28T15:04:58","modified_gmt":"2024-08-28T13:04:58","slug":"hirlevel","status":"publish","type":"page","link":"https:\/\/archive.displayeurope.eu\/hu\/hirlevel\/","title":{"rendered":"H\u00edrlev\u00e9l"},"content":{"rendered":"<style>\/*! elementor - v3.20.0 - 26-03-2024 *\/<br \/>\n.elementor-heading-title{padding:0;margin:0;line-height:1}.elementor-widget-heading .elementor-heading-title[class*=elementor-size-]>a{color:inherit;font-size:inherit;line-height:inherit}.elementor-widget-heading .elementor-heading-title.elementor-size-small{font-size:15px}.elementor-widget-heading .elementor-heading-title.elementor-size-medium{font-size:19px}.elementor-widget-heading .elementor-heading-title.elementor-size-large{font-size:29px}.elementor-widget-heading .elementor-heading-title.elementor-size-xl{font-size:39px}.elementor-widget-heading .elementor-heading-title.elementor-size-xxl{font-size:59px}<\/style>\n<p>.<\/p>\n<h1>Iratkozzon fel a Display Europe h\u00edrlev\u00e9lre<\/h1>\n<p>Az \u00d6n szem\u00e9lyes friss\u00edt\u00e9se az eur\u00f3pai \u00e9rdekess\u00e9gekr\u0151l.<br \/>\nMinden fontos h\u00edr \u00e9s exkluz\u00edv tartalom k\u00f6zvetlen\u00fcl az \u00d6n postal\u00e1d\u00e1j\u00e1ba!<\/p>\n<p>[h\u00edrlev\u00e9l]<\/p>\n","protected":false},"excerpt":{"rendered":"<p>. Iratkozzon fel a Display Europe h\u00edrlev\u00e9lre Az \u00d6n szem\u00e9lyes friss\u00edt\u00e9se az eur\u00f3pai \u00e9rdekess\u00e9gekr\u0151l. Minden fontos h\u00edr \u00e9s exkluz\u00edv tartalom k\u00f6zvetlen\u00fcl az \u00d6n postal\u00e1d\u00e1j\u00e1ba! [h\u00edrlev\u00e9l]<\/p>\n","protected":false},"author":35,"featured_media":0,"parent":0,"menu_order":0,"comment_status":"closed","ping_status":"closed","template":"","meta":{"footnotes":""},"class_list":["post-10877","page","type-page","status-publish","hentry"],"_links":{"self":[{"href":"https:\/\/archive.displayeurope.eu\/hu\/wp-json\/wp\/v2\/pages\/10877","targetHints":{"allow":["GET"]}}],"collection":[{"href":"https:\/\/archive.displayeurope.eu\/hu\/wp-json\/wp\/v2\/pages"}],"about":[{"href":"https:\/\/archive.displayeurope.eu\/hu\/wp-json\/wp\/v2\/types\/page"}],"author":[{"embeddable":true,"href":"https:\/\/archive.displayeurope.eu\/hu\/wp-json\/wp\/v2\/users\/35"}],"replies":[{"embeddable":true,"href":"https:\/\/archive.displayeurope.eu\/hu\/wp-json\/wp\/v2\/comments?post=10877"}],"version-history":[{"count":2,"href":"https:\/\/archive.displayeurope.eu\/hu\/wp-json\/wp\/v2\/pages\/10877\/revisions"}],"predecessor-version":[{"id":45776,"href":"https:\/\/archive.displayeurope.eu\/hu\/wp-json\/wp\/v2\/pages\/10877\/revisions\/45776"}],"wp:attachment":[{"href":"https:\/\/archive.displayeurope.eu\/hu\/wp-json\/wp\/v2\/media?parent=10877"}],"curies":[{"name":"wp","href":"https:\/\/api.w.org\/{rel}","templated":true}]}}