{"id":15378,"date":"2023-12-07T17:22:07","date_gmt":"2023-12-07T16:22:07","guid":{"rendered":"https:\/\/archive.displayeurope.eu\/legyen-mediapartner\/"},"modified":"2024-09-25T08:01:01","modified_gmt":"2024-09-25T06:01:01","slug":"join-us","status":"publish","type":"page","link":"https:\/\/archive.displayeurope.eu\/hu\/join-us\/","title":{"rendered":"Csatlakozzon hozz\u00e1nk"},"content":{"rendered":"\n<h1 class=\"wp-block-heading\">Csatlakozzon a Display Europe h\u00e1l\u00f3zathoz!<\/h1>\n\n<p>Ha \u00d6n egy f\u00fcggetlen m\u00e9dium vagy egy k\u00f6z\u00f6ss\u00e9gi m\u00e9diaszervezet, \u00e9s az \u00d6n t\u00f6rt\u00e9netei \u00e9s m\u0171sorai Eur\u00f3p\u00e1val \u00e9s az eur\u00f3paiakkal foglalkoznak, sz\u00edvesen l\u00e1tjuk h\u00e1l\u00f3zatunkban! K\u00e9rj\u00fck, t\u00f6ltse ki az al\u00e1bbi \u0171rlapot, \u00e9s adja meg nek\u00fcnk tartalmainak RSS-h\u00edrcsatorn\u00e1j\u00e1t, \u00edgy cikkei, podcastjai \u00e9s vide\u00f3m\u0171sorai megtal\u00e1lhat\u00f3k lesznek a Display Europe platformon.<\/p>\n\n<p>Ha tov\u00e1bbi k\u00e9rd\u00e9sei vannak a h\u00e1l\u00f3zatunkkal kapcsolatban, k\u00e9rj\u00fck, \u00edrjon nek\u00fcnk a <a href=\"mailto:partner@displayeurope.eu\">partner@displayeurope.eu<\/a> c\u00edmre <a href=\"mailto:partner@displayeurope.eu\">.<\/a><\/p>\n\n<h2 class=\"wp-block-heading\">\u00a0<\/h2>\n\n<h2 class=\"wp-block-heading\"><strong>Hogyan v\u00e1lasztjuk ki, hogy mely cikkek jelenjenek meg a port\u00e1lon?<\/strong><\/h2>\n\n<p>Szerkeszt\u0151s\u00e9g\u00fcnk k\u00f6z\u00f6ss\u00e9gi szerkeszt\u0151kb\u0151l \u00e1ll, akiknek az a feladatuk, hogy a partnerek \u00e1ltal bek\u00fcld\u00f6tt cikkeket kiv\u00e1lassz\u00e1k fel\u00fclvizsg\u00e1latra \u00e9s k\u00f6zz\u00e9t\u00e9telre. Minden bek\u00fcld\u00f6tt cikkhez ugyanolyan tisztelettel viszonyulnak. A cikkek kiv\u00e1laszt\u00e1sa a k\u00f6z\u00f6ss\u00e9gi szerkeszt\u0151k sz\u00e1m\u00e1ra el\u0151re meghat\u00e1rozott szerkeszt\u00e9si ir\u00e1nyelvek alapj\u00e1n t\u00f6rt\u00e9nik. Ezeket az ir\u00e1nyelveket itt olvashatja el:<\/p>\n\n<ul class=\"wp-block-list\">\n<li><a href=\"https:\/\/archive.displayeurope.eu\/wp-content\/uploads\/2024\/05\/Guidelines-for-Community-Editors-of-the-Display-Europe.pdf\">Ir\u00e1nyelvek a Display Europe k\u00f6z\u00f6ss\u00e9gi szerkeszt\u0151i sz\u00e1m\u00e1ra<\/a><\/li>\n<\/ul>\n\n<p>Ha szeretne cikket k\u00fcldeni a port\u00e1lon val\u00f3 megjelen\u00e9shez, k\u00e9rj\u00fck, \u00edrjon a szerkeszt\u0151s\u00e9g\u00fcnknek a <a href=\"mailto:contact@displayeurope.eu\">contact@displayeurope.eu<\/a> c\u00edmre <a href=\"mailto:contact@displayeurope.eu\">.<\/a><\/p>\n\n<h2 class=\"wp-block-heading\">\u00a0<\/h2>\n\n<h2 class=\"wp-block-heading\"><strong>Csatlakozzon a Display Europe Co-op-hoz<\/strong><\/h2>\n\n<p>Ha szeretne csatlakozni a Display Europe csapat\u00e1hoz \u00e9s alak\u00edtani a Display Europe platform j\u00f6v\u0151j\u00e9t, akkor ezt megteheti, ha sz\u00f6vetkezeti tagg\u00e1 v\u00e1lik. A Display Europe sz\u00f6vetkezetet Ausztri\u00e1ban alap\u00edtott\u00e1k nonprofit m\u00e9diasz\u00f6vetkezetk\u00e9nt. Ha t\u00f6bbet szeretne megtudni, k\u00e9rj\u00fck, vegye fel vel\u00fcnk a kapcsolatot a <a href=\"mailto:coop@displayeurope.eu\">coop@displayeurope.eu<\/a> c\u00edmen <a href=\"mailto:coop@displayeurope.eu\">.<\/a><\/p>\n\n<div style=\"height:100px\" aria-hidden=\"true\" class=\"wp-block-spacer\"><\/div>\n   <form method=\"post\" class=\"customform\">\n    <h3>Apply with your Organization<\/h3>\n    <div class=\"input-field\">\n        <label for=\"medianame\">* Organization:<\/label>\n        <input\n            type=\"text\"\n            id=\"medianame\"\n            name=\"medianame\"\n            placeholder=\"Organization Name\"\n            value=\"\"\n            required\n        >\n    <\/div>\n    <div class=\"input-field\">\n        <label for=\"contact_person\">* Contact person:<\/label>\n        <input\n            type=\"text\"\n            id=\"contact_person\"\n            name=\"contact_person\"\n            placeholder=\"Contact Name\"\n            value=\"\"\n            required\n        >\n    <\/div>\n    <div class=\"input-field\">\n        <label for=\"contact_email\">* Contact Email:<\/label>\n        <input\n            type=\"email\"\n            id=\"contact_email\"\n            name=\"contact_email\"\n            placeholder=\"you@yourcompany.org\"\n            value=\"\"\n            required\n        >\n    <\/div>\n    <div class=\"input-field\">\n        <label for=\"country\">* Country:<\/label>\n        <select\n            id=\"country\"\n            name=\"country\"\n            required\n        >\n            <option value=\"\">Please select<\/option>\n                            <option value=\"AL\">Albania<\/option>\n                            <option value=\"AD\">Andorra<\/option>\n                            <option value=\"AT\">Austria<\/option>\n                            <option value=\"BY\">Belarus<\/option>\n                            <option value=\"BE\">Belgium<\/option>\n                            <option value=\"BA\">Bosnia and Herzegovina<\/option>\n                            <option value=\"BG\">Bulgaria<\/option>\n                            <option value=\"HR\">Croatia<\/option>\n                            <option value=\"CY\">Cyprus<\/option>\n                            <option value=\"CZ\">Czech Republic<\/option>\n                            <option value=\"DK\">Denmark<\/option>\n                            <option value=\"EE\">Estonia<\/option>\n                            <option value=\"FI\">Finland<\/option>\n                            <option value=\"FR\">France<\/option>\n                            <option value=\"DE\">Germany<\/option>\n                            <option value=\"GR\">Greece<\/option>\n                            <option value=\"HU\">Hungary<\/option>\n                            <option value=\"IS\">Iceland<\/option>\n                            <option value=\"IE\">Ireland<\/option>\n                            <option value=\"IT\">Italy<\/option>\n                            <option value=\"XK\">Kosovo<\/option>\n                            <option value=\"LV\">Latvia<\/option>\n                            <option value=\"LI\">Liechtenstein<\/option>\n                            <option value=\"LT\">Lithuania<\/option>\n                            <option value=\"LU\">Luxembourg<\/option>\n                            <option value=\"MT\">Malta<\/option>\n                            <option value=\"MD\">Moldova<\/option>\n                            <option value=\"MC\">Monaco<\/option>\n                            <option value=\"ME\">Montenegro<\/option>\n                            <option value=\"NL\">Netherlands<\/option>\n                            <option value=\"MK\">North Macedonia<\/option>\n                            <option value=\"NO\">Norway<\/option>\n                            <option value=\"PL\">Poland<\/option>\n                            <option value=\"PT\">Portugal<\/option>\n                            <option value=\"RO\">Romania<\/option>\n                            <option value=\"RU\">Russia<\/option>\n                            <option value=\"SM\">San Marino<\/option>\n                            <option value=\"RS\">Serbia<\/option>\n                            <option value=\"SK\">Slovakia<\/option>\n                            <option value=\"SI\">Slovenia<\/option>\n                            <option value=\"ES\">Spain<\/option>\n                            <option value=\"SE\">Sweden<\/option>\n                            <option value=\"CH\">Switzerland<\/option>\n                            <option value=\"UA\">Ukraine<\/option>\n                            <option value=\"GB\">United Kingdom<\/option>\n                            <option value=\"VA\">Vatican City<\/option>\n                    <\/select>\n    <\/div>\n    <div class=\"input-field\">\n        <label for=\"link\">* Link:<\/label>\n        <input\n            type=\"text\"\n            id=\"link\"\n            name=\"link\"\n            placeholder=\"Your Site-URL \/ RSS-Feed\"\n            value=\"\"\n            required\n        >\n    <\/div>\n    <div class=\"input-field\">\n        <div class=\"checkbox-group\">\n            <label>* Media Type:<\/label>\n            <label><input type=\"checkbox\" name=\"choices[]\" value=\"Audio\"> Audio<\/label>\n            <label><input type=\"checkbox\" name=\"choices[]\" value=\"Video\"> Video<\/label>\n            <label><input type=\"checkbox\" name=\"choices[]\" value=\"Text\"> Text<\/label>\n        <\/div>\n        <small>\n            The types of media you plan to publish with Display Europe        <\/small>\n    <\/div>\n    <div class=\"input-field\">\n        <label for=\"comments\">Comments &amp; Questions:<\/label>\n        <textarea\n            id=\"comments\"\n            name=\"comments\"\n            rows=\"8\"\n        ><\/textarea>\n    <\/div>\n    <div class=\"input-field\">\n        <label>\n            <input\n                type=\"checkbox\"\n                name=\"accept\"\n                value=\"1\"\n                required\n            >\n            I accept the            <a\n                href=\"https:\/\/displayeurope.eu\/wp-content\/uploads\/2024\/04\/DisplayEurope_UserAgreementPartners_EN.pdf\"\n                target=\"_blank\">\n                terms & conditions.            <\/a>\n        <\/label>\n    <\/div>\n\n    <div class=\"input-group\">\n        <div class=\"input-field\">\n            <input\n                type=\"submit\"\n                name=\"custom_form_submit\"\n                value=Send            >\n        <\/div>\n        <div class=\"input-field\">\n            <div class=\"frc-captcha\" data-sitekey=\"FCMQUN6I5B87NIU7\"><\/div>\n        <\/div>\n    <\/div>\n    <small>* Required<\/small>\n\n    <script\n        type=\"module\"\n        src=\"https:\/\/archive.displayeurope.eu\/wp-content\/plugins\/customforms\/public\/js\/widget.module.min.js\"\n        async defer\n    ><\/script>\n    <script nomodule src=\"https:\/\/archive.displayeurope.eu\/wp-content\/plugins\/customforms\/public\/js\/widget.min.js\" async defer><\/script>\n<\/form>\n\n    \n","protected":false},"excerpt":{"rendered":"<p>Csatlakozzon a Display Europe h\u00e1l\u00f3zathoz! Ha \u00d6n egy f\u00fcggetlen m\u00e9dium vagy egy k\u00f6z\u00f6ss\u00e9gi m\u00e9diaszervezet, \u00e9s az \u00d6n t\u00f6rt\u00e9netei \u00e9s m\u0171sorai Eur\u00f3p\u00e1val \u00e9s az eur\u00f3paiakkal foglalkoznak, sz\u00edvesen l\u00e1tjuk h\u00e1l\u00f3zatunkban! K\u00e9rj\u00fck, t\u00f6ltse ki az al\u00e1bbi \u0171rlapot, \u00e9s adja meg nek\u00fcnk tartalmainak RSS-h\u00edrcsatorn\u00e1j\u00e1t, \u00edgy cikkei, podcastjai \u00e9s vide\u00f3m\u0171sorai megtal\u00e1lhat\u00f3k lesznek a Display Europe platformon. Ha tov\u00e1bbi k\u00e9rd\u00e9sei vannak [&hellip;]<\/p>\n","protected":false},"author":35,"featured_media":0,"parent":0,"menu_order":0,"comment_status":"closed","ping_status":"closed","template":"","meta":{"footnotes":""},"class_list":["post-15378","page","type-page","status-publish","hentry"],"_links":{"self":[{"href":"https:\/\/archive.displayeurope.eu\/hu\/wp-json\/wp\/v2\/pages\/15378","targetHints":{"allow":["GET"]}}],"collection":[{"href":"https:\/\/archive.displayeurope.eu\/hu\/wp-json\/wp\/v2\/pages"}],"about":[{"href":"https:\/\/archive.displayeurope.eu\/hu\/wp-json\/wp\/v2\/types\/page"}],"author":[{"embeddable":true,"href":"https:\/\/archive.displayeurope.eu\/hu\/wp-json\/wp\/v2\/users\/35"}],"replies":[{"embeddable":true,"href":"https:\/\/archive.displayeurope.eu\/hu\/wp-json\/wp\/v2\/comments?post=15378"}],"version-history":[{"count":5,"href":"https:\/\/archive.displayeurope.eu\/hu\/wp-json\/wp\/v2\/pages\/15378\/revisions"}],"predecessor-version":[{"id":49817,"href":"https:\/\/archive.displayeurope.eu\/hu\/wp-json\/wp\/v2\/pages\/15378\/revisions\/49817"}],"wp:attachment":[{"href":"https:\/\/archive.displayeurope.eu\/hu\/wp-json\/wp\/v2\/media?parent=15378"}],"curies":[{"name":"wp","href":"https:\/\/api.w.org\/{rel}","templated":true}]}}