{"id":36220,"date":"2024-04-17T11:55:28","date_gmt":"2024-04-17T09:55:28","guid":{"rendered":"https:\/\/archive.displayeurope.eu\/europa-targyalasok\/"},"modified":"2024-08-28T15:05:33","modified_gmt":"2024-08-28T13:05:33","slug":"europe-talks","status":"publish","type":"page","link":"https:\/\/archive.displayeurope.eu\/hu\/europe-talks\/","title":{"rendered":"Eur\u00f3pa-t\u00e1rgyal\u00e1sok"},"content":{"rendered":"<style>\/*! elementor - v3.20.0 - 26-03-2024 *\/\n.elementor-heading-title{padding:0;margin:0;line-height:1}.elementor-widget-heading .elementor-heading-title[class*=elementor-size-]>a{color:inherit;font-size:inherit;line-height:inherit}.elementor-widget-heading .elementor-heading-title.elementor-size-small{font-size:15px}.elementor-widget-heading .elementor-heading-title.elementor-size-medium{font-size:19px}.elementor-widget-heading .elementor-heading-title.elementor-size-large{font-size:29px}.elementor-widget-heading .elementor-heading-title.elementor-size-xl{font-size:39px}.elementor-widget-heading .elementor-heading-title.elementor-size-xxl{font-size:59px}<\/style>\n<h2>Feliratkoz\u00e1s az Europe Talks 2024-re<\/h2>\n<h4>Jelentkezzen az Europe Talks programra az els\u0151 v\u00e1laszt\u00f3k sz\u00e1m\u00e1ra Berlinben!<\/h4>\n<p>18-22 \u00e9v k\u00f6z\u00f6tti uni\u00f3s polg\u00e1r vagy? Csatlakozz egynapos programunkhoz a k\u00f6zelg\u0151 uni\u00f3s parlamenti v\u00e1laszt\u00e1sok el\u0151tt. Utaz\u00e1si t\u00e1mogat\u00e1s ig\u00e9nyelhet\u0151!<\/p>\n<p>\t\t\t<a href=\"https:\/\/www.mycountrytalks.org\/events\/europe-talks\/first-voters-event-berlin\" target=\"_blank\" rel=\"noopener\"><br \/>\n\t\t\t\t\t\tTudjon meg t\u00f6bbet<br \/>\n\t\t\t\t\t<\/a><\/p>\n","protected":false},"excerpt":{"rendered":"<p>Feliratkoz\u00e1s az Europe Talks 2024-re Jelentkezzen az Europe Talks programra az els\u0151 v\u00e1laszt\u00f3k sz\u00e1m\u00e1ra Berlinben! 18-22 \u00e9v k\u00f6z\u00f6tti uni\u00f3s polg\u00e1r vagy? Csatlakozz egynapos programunkhoz a k\u00f6zelg\u0151 uni\u00f3s parlamenti v\u00e1laszt\u00e1sok el\u0151tt. Utaz\u00e1si t\u00e1mogat\u00e1s ig\u00e9nyelhet\u0151! Tudjon meg t\u00f6bbet<\/p>\n","protected":false},"author":35,"featured_media":0,"parent":0,"menu_order":0,"comment_status":"closed","ping_status":"closed","template":"","meta":{"footnotes":""},"class_list":["post-36220","page","type-page","status-publish","hentry"],"_links":{"self":[{"href":"https:\/\/archive.displayeurope.eu\/hu\/wp-json\/wp\/v2\/pages\/36220","targetHints":{"allow":["GET"]}}],"collection":[{"href":"https:\/\/archive.displayeurope.eu\/hu\/wp-json\/wp\/v2\/pages"}],"about":[{"href":"https:\/\/archive.displayeurope.eu\/hu\/wp-json\/wp\/v2\/types\/page"}],"author":[{"embeddable":true,"href":"https:\/\/archive.displayeurope.eu\/hu\/wp-json\/wp\/v2\/users\/35"}],"replies":[{"embeddable":true,"href":"https:\/\/archive.displayeurope.eu\/hu\/wp-json\/wp\/v2\/comments?post=36220"}],"version-history":[{"count":1,"href":"https:\/\/archive.displayeurope.eu\/hu\/wp-json\/wp\/v2\/pages\/36220\/revisions"}],"predecessor-version":[{"id":45939,"href":"https:\/\/archive.displayeurope.eu\/hu\/wp-json\/wp\/v2\/pages\/36220\/revisions\/45939"}],"wp:attachment":[{"href":"https:\/\/archive.displayeurope.eu\/hu\/wp-json\/wp\/v2\/media?parent=36220"}],"curies":[{"name":"wp","href":"https:\/\/api.w.org\/{rel}","templated":true}]}}