{"id":44261,"date":"2024-07-31T08:07:03","date_gmt":"2024-07-31T06:07:03","guid":{"rendered":"https:\/\/archive.displayeurope.eu\/oktatoprogramok\/"},"modified":"2024-09-25T13:43:22","modified_gmt":"2024-09-25T11:43:22","slug":"oktatoprogramok","status":"publish","type":"page","link":"https:\/\/archive.displayeurope.eu\/hu\/oktatoprogramok\/","title":{"rendered":"Tutorials"},"content":{"rendered":"\n<h1 class=\"wp-block-heading\">\u00dcdv\u00f6z\u00f6lj\u00fck a Display Europe oktat\u00f3programok szekci\u00f3j\u00e1ban<\/h1>\n\n<div style=\"height:50px\" aria-hidden=\"true\" class=\"wp-block-spacer\"><\/div>\n\n<figure class=\"wp-block-image size-large\"><img loading=\"lazy\" decoding=\"async\" width=\"963\" height=\"642\" src=\"https:\/\/archive.displayeurope.eu\/wp-content\/uploads\/2024\/08\/TTP05138-963x642.jpg\" alt=\"\" class=\"wp-image-44166\" srcset=\"https:\/\/archive.displayeurope.eu\/wp-content\/uploads\/2024\/08\/TTP05138-963x642.jpg 963w, https:\/\/archive.displayeurope.eu\/wp-content\/uploads\/2024\/08\/TTP05138-339x226.jpg 339w, https:\/\/archive.displayeurope.eu\/wp-content\/uploads\/2024\/08\/TTP05138-768x512.jpg 768w, https:\/\/archive.displayeurope.eu\/wp-content\/uploads\/2024\/08\/TTP05138.jpg 1200w\" sizes=\"auto, (max-width: 963px) 100vw, 963px\" \/><\/figure>\n\n<div style=\"height:50px\" aria-hidden=\"true\" class=\"wp-block-spacer\"><\/div>\n\n<p>Ez az oldal c\u00e9lja, hogy az \u00fajs\u00e1g\u00edr\u00f3k sz\u00e1m\u00e1ra alapvet\u0151 eszk\u00f6z\u00f6ket \u00e9s betekint\u00e9st ny\u00fajtson a tud\u00f3s\u00edt\u00e1saik jav\u00edt\u00e1s\u00e1hoz. <br\/>Itt \u00e1tfog\u00f3 \u00fatmutat\u00f3kat tal\u00e1l, amelyek c\u00e9lja, hogy jav\u00edtsa munk\u00e1ja pontoss\u00e1g\u00e1t, \u00e9s felfedezze a hat\u00e1rokon \u00e1tny\u00fal\u00f3 \u00fajs\u00e1g\u00edr\u00e1st mint m\u00f3dszert \u00e9s gondolkod\u00e1sm\u00f3dot. Ak\u00e1r a tud\u00f3s\u00edt\u00e1si k\u00e9szs\u00e9geit finom\u00edtja, ak\u00e1r \u00faj megk\u00f6zel\u00edt\u00e9seket szeretne alkalmazni \u00fajs\u00e1g\u00edr\u00f3i munk\u00e1j\u00e1ban, ezek az er\u0151forr\u00e1sok \u00fatmutat\u00e1st ny\u00fajtanak \u00d6nnek. Jelenleg 15 nyelven el\u00e9rhet\u0151 oktat\u00f3anyagaink k\u00f6z\u00f6tt szerepelnek az &#8222;Aj\u00e1nl\u00e1sok a pontosabb tud\u00f3s\u00edt\u00e1sokhoz&#8221; \u00e9s a &#8222;A hat\u00e1rokon \u00e1tny\u00fal\u00f3 \u00fajs\u00e1g\u00edr\u00e1s mint m\u00f3dszer \u00e9s gondolkod\u00e1sm\u00f3d&#8221; c\u00edm\u0171ek.<br\/><br\/>K\u00e9rj\u00fck, hogy rendszeresen l\u00e1togasson vissza, mivel a j\u00f6v\u0151ben tov\u00e1bbi \u00e9rt\u00e9kes oktat\u00f3anyagokkal b\u0151v\u00edtj\u00fck k\u00edn\u00e1latunkat.<\/p>\n\n<div style=\"height:50px\" aria-hidden=\"true\" class=\"wp-block-spacer\"><\/div>\n\n<hr class=\"wp-block-separator has-alpha-channel-opacity\"\/>\n\n<div style=\"height:50px\" aria-hidden=\"true\" class=\"wp-block-spacer\"><\/div>\n\n<h4 class=\"wp-block-heading\">Hat\u00e1ron \u00e1tny\u00fal\u00f3 k\u00e9zik\u00f6nyv<\/h4>\n\n<div style=\"height:20px\" aria-hidden=\"true\" class=\"wp-block-spacer\"><\/div>\n\n<div class=\"dropdown-button-container\">\n  <select name=\"languages\" id=\"handbook-select\">\n    <option value=\"\">&#8211;K\u00e9rem, v\u00e1lasszon egy lehet\u0151s\u00e9get&#8230;<\/option>\n    <option value=\"https:\/\/archive.displayeurope.eu\/wp-content\/uploads\/2024\/09\/English-crossborderjournalism-mindset-method.pdf\">ANGOL<\/option>\n    <option value=\"https:\/\/archive.displayeurope.eu\/wp-content\/uploads\/2024\/09\/English-crossborderjournalism-mindset-method.pdf\">FRAN\u00c7AIS<\/option>\n    <option value=\"https:\/\/archive.displayeurope.eu\/wp-content\/uploads\/2024\/09\/English-crossborderjournalism-mindset-method.pdf\">DEUTSCH<\/option>\n    <option value=\"https:\/\/archive.displayeurope.eu\/wp-content\/uploads\/2024\/09\/Spanish-crossborderjournalism-mindset-method.pdf\">ESPA\u00d1OL<\/option>\n    <option value=\"https:\/\/archive.displayeurope.eu\/wp-content\/uploads\/2024\/09\/Italian-crossborderjournalism-mindset-method.pdf\">ITALIANO<\/option>\n    <option value=\"https:\/\/archive.displayeurope.eu\/wp-content\/uploads\/2024\/09\/Greek-crossborderjournalism-mindset-method.pdf\">\u0395\u039b\u039b\u0397\u039d\u0399\u039a\u0386<\/option>\n    <option value=\"https:\/\/archive.displayeurope.eu\/wp-content\/uploads\/2024\/09\/Polish-crossborderjournalism-mindset-method.pdf\">POLSKI<\/option>\n    <option value=\"https:\/\/archive.displayeurope.eu\/wp-content\/uploads\/2024\/09\/Portugese-crossborderjournalism-mindset-method.pdf\">PORTUGU\u00caS<\/option>\n    <option value=\"https:\/\/archive.displayeurope.eu\/wp-content\/uploads\/2024\/09\/Dutch-crossborderjournalism-mindset-method.pdf\">NEDERLANDS<\/option>\n    <option value=\"https:\/\/archive.displayeurope.eu\/wp-content\/uploads\/2024\/09\/Hungarian-crossborderjournalism-mindset-method.pdf\">MAGYAR<\/option>\n    <option value=\"https:\/\/archive.displayeurope.eu\/wp-content\/uploads\/2024\/09\/Czech-crossborderjournalism-mindset-method.pdf\">\u010cE\u0160TINA<\/option>\n    <option value=\"https:\/\/archive.displayeurope.eu\/wp-content\/uploads\/2024\/09\/Russian-crossborderjournalism-mindset-method.pdf\">\u0420\u0423\u0421\u0421\u041a\u0418\u0419<\/option>\n    <option value=\"https:\/\/archive.displayeurope.eu\/wp-content\/uploads\/2024\/09\/Slovenian-crossborderjournalism-mindset-method.pdf\">SLOVEN\u010cINA<\/option>\n    <option value=\"https:\/\/archive.displayeurope.eu\/wp-content\/uploads\/2024\/09\/Turkish-crossborderjournalism-mindset-method.pdf\">T\u00dcRK\u00c7E<\/option>\n    <option value=\"https:\/\/archive.displayeurope.eu\/wp-content\/uploads\/2024\/09\/Ukrainian-crossborderjournalism-mindset-method.pdf\">\u0423\u041a\u0420\u0410\u0407\u041d\u0421\u042c\u041a\u0410<\/option>\n  <\/select>\n\n <button class=\"btn-pdf\" onclick=\"downloadCrossborderPDF()\">Let\u00f6lt\u00e9s<\/button><\/div>\n\n<script>\n  function downloadCrossborderPDF() {\n    var select = document.getElementById(\"handbook-select\");\n    var selectedValue = select.options[select.selectedIndex].value;\n    if (selectedValue) {\n      var a = document.createElement('a');\n      a.href = selectedValue;\n      a.download = selectedValue.split('\/').pop(); \n      document.body.appendChild(a);\n      a.click();\n      document.body.removeChild(a);\n    } else {\n      alert(\"Please choose a language\");\n    }\n  }\n<\/script>\n\n<div style=\"height:50px\" aria-hidden=\"true\" class=\"wp-block-spacer\"><\/div>\n\n<h4 class=\"wp-block-heading\">Aj\u00e1nl\u00e1sok a szerkeszt\u0151s\u00e9gek sz\u00e1m\u00e1ra<\/h4>\n\n<div style=\"height:20px\" aria-hidden=\"true\" class=\"wp-block-spacer\"><\/div>\n\n<div class=\"dropdown-button-container\">\n  <select name=\"languages\" id=\"recommendations-select\">\n    <option value=\"\">&#8211;K\u00e9rem, v\u00e1lasszon egy lehet\u0151s\u00e9get&#8230;<\/option>\n    <option value=\"https:\/\/archive.displayeurope.eu\/wp-content\/uploads\/2024\/09\/English-Recommendations-for-more-accurate-reporting.pdf\">ANGOL<\/option>\n    <option value=\"https:\/\/archive.displayeurope.eu\/wp-content\/uploads\/2024\/09\/French-Recommendations-for-more-accurate-reporting.pdf\">FRAN\u00c7AIS<\/option>\n    <option value=\"https:\/\/archive.displayeurope.eu\/wp-content\/uploads\/2024\/09\/German-Recommendations-for-more-accurate-reporting.pdf\">DEUTSCH<\/option>\n    <option value=\"https:\/\/archive.displayeurope.eu\/wp-content\/uploads\/2024\/09\/Spanish-Recommendations-for-more-accurate-reporting.pdf\">ESPA\u00d1OL<\/option>\n    <option value=\"https:\/\/archive.displayeurope.eu\/wp-content\/uploads\/2024\/09\/Italian-Recommendations-for-more-accurate-reporting.pdf\">ITALIANO<\/option>\n    <option value=\"https:\/\/archive.displayeurope.eu\/wp-content\/uploads\/2024\/09\/Greek-Recommendations-for-more-accurate-reporting.pdf\">\u0395\u039b\u039b\u0397\u039d\u0399\u039a\u0386<\/option>\n    <option value=\"https:\/\/archive.displayeurope.eu\/wp-content\/uploads\/2024\/09\/Polish-Recommendations-for-more-accurate-reporting.pdf\">POLSKI<\/option>\n    <option value=\"https:\/\/archive.displayeurope.eu\/wp-content\/uploads\/2024\/09\/Portuguese-Recommendations-for-more-accurate-reporting.pdf\">PORTUGU\u00caS<\/option>\n    <option value=\"https:\/\/archive.displayeurope.eu\/wp-content\/uploads\/2024\/09\/Dutch-Recommendations-for-more-accurate-reporting.pdf\">NEDERLANDS<\/option>\n    <option value=\"https:\/\/archive.displayeurope.eu\/wp-content\/uploads\/2024\/09\/Hungarian-Recommendations-for-more-accurate-reporting.pdf\">MAGYAR<\/option>\n    <option value=\"https:\/\/archive.displayeurope.eu\/wp-content\/uploads\/2024\/09\/Czech-Recommendations-for-more-accurate-reporting.pdf\">\u010cE\u0160TINA<\/option>\n    <option value=\"https:\/\/archive.displayeurope.eu\/wp-content\/uploads\/2024\/09\/Russian-Recommendations-for-more-accurate-reporting.pdf\">\u0420\u0423\u0421\u0421\u041a\u0418\u0419<\/option>\n    <option value=\"https:\/\/archive.displayeurope.eu\/wp-content\/uploads\/2024\/09\/Slovenian-Recommendations-for-more-accurate-reporting.pdf\">SLOVEN\u010cINA<\/option>\n    <option value=\"https:\/\/archive.displayeurope.eu\/wp-content\/uploads\/2024\/09\/Turkish-Recommendations-for-more-accurate-reporting.pdf\">T\u00dcRK\u00c7E<\/option>\n    <option value=\"https:\/\/archive.displayeurope.eu\/wp-content\/uploads\/2024\/09\/Ukrainian-Recommendations-for-more-accurate-reporting.pdf\">\u0423\u041a\u0420\u0410\u0407\u041d\u0421\u042c\u041a\u0410<\/option>\n  <\/select>\n\n <button class=\"btn-pdf\" onclick=\"downloadRecommendationsPDF()\">Let\u00f6lt\u00e9s<\/button><\/div>\n\n<script>\n  function downloadRecommendationsPDF() {\n    var select = document.getElementById(\"recommendations-select\");\n    var selectedValue = select.options[select.selectedIndex].value;\n    if (selectedValue) {\n      var a = document.createElement('a');\n      a.href = selectedValue;\n      a.download = selectedValue.split('\/').pop(); \n      document.body.appendChild(a);\n      a.click();\n      document.body.removeChild(a);\n    } else {\n      alert(\"Please choose a language\");\n    }\n  }\n<\/script>\n<style>\n    \/* Container f\u00fcr Dropdown und Button *\/ .dropdown-button-container { display: flex; align-items: center; \/* Vertikale Ausrichtung *\/ gap: 10px; \/* Abstand zwischen Dropdown und Button *\/ } \/* Styling f\u00fcr den Button *\/ .btn-pdf { padding: 10px 20px; background-color: #F26C4F; color: white; cursor: pointer; text-decoration: none; border: 1px solid #F26C4F; border-radius: 5px; } .btn-pdf:hover { background-color: transparent; color: #F26C4F; border: 1px solid #F26C4F; } \/* Entferne Dropdown-Styling *\/ select { padding: 1px solid #F26C4F; } \/* Entferne Dropdown-Styling *\/ select { padding: 10px; border: 1px solid #ddd; border-radius: 5px; font-size: 16px; } select:focus { border-color: #F26C4F; outline: none; }<\/style>\n\n<div style=\"height:50px\" aria-hidden=\"true\" class=\"wp-block-spacer\"><\/div>\n\n<hr class=\"wp-block-separator has-alpha-channel-opacity\"\/>\n\n<div style=\"height:50px\" aria-hidden=\"true\" class=\"wp-block-spacer\"><\/div>\n\n<p>A Display Europe-hoz tartoz\u00f3 kiad\u00f3k exkluz\u00edv hozz\u00e1f\u00e9r\u00e9ssel rendelkeznek a <a href=\"https:\/\/hostwire.org\/g\/display_europe\" data-type=\"link\" data-id=\"https:\/\/hostwire.org\/g\/display_europe\">Hostwriter platformon<\/a> egy dedik\u00e1lt bels\u0151 t\u00e1rhelyhez.<\/p>\n\n<p><a href=\"https:\/\/hostwriter.org\/for-publishers\" data-type=\"link\" data-id=\"https:\/\/hostwriter.org\/for-publishers\">A Hostwriter for Publishers<\/a> az eur\u00f3pai m\u00e9diavil\u00e1got er\u0151s\u00edti az\u00e1ltal, hogy k\u00f6zvetlen kapcsolatokat alak\u00edt ki a kiad\u00f3k \u00e9s az \u00fajs\u00e1g\u00edr\u00f3k, t\u00e9nyellen\u0151rz\u0151k \u00e9s helysz\u00edni tud\u00f3s\u00edt\u00f3k soksz\u00edn\u0171 csoportja k\u00f6z\u00f6tt vil\u00e1gszerte. A kiad\u00f3k hozz\u00e1f\u00e9rhetnek a Hostwriter h\u00e1l\u00f3zat\u00e1hoz, amely vil\u00e1gszerte t\u00f6bb mint 6600 j\u00f3v\u00e1hagyott \u00fajs\u00e1g\u00edr\u00f3b\u00f3l \u00e1ll. E hatalmas tehets\u00e9gb\u00e1zisra t\u00e1maszkodva a kiad\u00f3knak lehet\u0151s\u00e9g\u00fck ny\u00edlik arra, hogy diverzifik\u00e1lj\u00e1k tartalmi k\u00edn\u00e1latukat, n\u00f6velj\u00e9k glob\u00e1lis el\u00e9r\u00e9s\u00fcket, \u00e9s gazdag, v\u00e1ltozatos n\u00e9z\u0151pontokkal vonzz\u00e1k a k\u00f6z\u00f6ns\u00e9get a s\u00fcrget\u0151 k\u00e9rd\u00e9sekr\u0151l, megk\u00f6nny\u00edtve ezzel a f\u00f6ldrajzi hat\u00e1rokat \u00e1tl\u00e9p\u0151, hat\u00e1rokon \u00e1tny\u00fal\u00f3, leny\u0171g\u00f6z\u0151 t\u00f6rt\u00e9netek l\u00e9trehoz\u00e1s\u00e1t, \u00e9s emelve az \u00fajs\u00e1g\u00edr\u00e1s sz\u00ednvonal\u00e1t Eur\u00f3p\u00e1ban \u00e9s azon t\u00fal.<\/p>\n","protected":false},"excerpt":{"rendered":"<p>\u00dcdv\u00f6z\u00f6lj\u00fck a Display Europe oktat\u00f3programok szekci\u00f3j\u00e1ban Ez az oldal c\u00e9lja, hogy az \u00fajs\u00e1g\u00edr\u00f3k sz\u00e1m\u00e1ra alapvet\u0151 eszk\u00f6z\u00f6ket \u00e9s betekint\u00e9st ny\u00fajtson a tud\u00f3s\u00edt\u00e1saik jav\u00edt\u00e1s\u00e1hoz. Itt \u00e1tfog\u00f3 \u00fatmutat\u00f3kat tal\u00e1l, amelyek c\u00e9lja, hogy jav\u00edtsa munk\u00e1ja pontoss\u00e1g\u00e1t, \u00e9s felfedezze a hat\u00e1rokon \u00e1tny\u00fal\u00f3 \u00fajs\u00e1g\u00edr\u00e1st mint m\u00f3dszert \u00e9s gondolkod\u00e1sm\u00f3dot. Ak\u00e1r a tud\u00f3s\u00edt\u00e1si k\u00e9szs\u00e9geit finom\u00edtja, ak\u00e1r \u00faj megk\u00f6zel\u00edt\u00e9seket szeretne alkalmazni \u00fajs\u00e1g\u00edr\u00f3i munk\u00e1j\u00e1ban, ezek [&hellip;]<\/p>\n","protected":false},"author":1,"featured_media":0,"parent":0,"menu_order":0,"comment_status":"closed","ping_status":"closed","template":"","meta":{"footnotes":""},"class_list":["post-44261","page","type-page","status-publish","hentry"],"_links":{"self":[{"href":"https:\/\/archive.displayeurope.eu\/hu\/wp-json\/wp\/v2\/pages\/44261","targetHints":{"allow":["GET"]}}],"collection":[{"href":"https:\/\/archive.displayeurope.eu\/hu\/wp-json\/wp\/v2\/pages"}],"about":[{"href":"https:\/\/archive.displayeurope.eu\/hu\/wp-json\/wp\/v2\/types\/page"}],"author":[{"embeddable":true,"href":"https:\/\/archive.displayeurope.eu\/hu\/wp-json\/wp\/v2\/users\/1"}],"replies":[{"embeddable":true,"href":"https:\/\/archive.displayeurope.eu\/hu\/wp-json\/wp\/v2\/comments?post=44261"}],"version-history":[{"count":6,"href":"https:\/\/archive.displayeurope.eu\/hu\/wp-json\/wp\/v2\/pages\/44261\/revisions"}],"predecessor-version":[{"id":49871,"href":"https:\/\/archive.displayeurope.eu\/hu\/wp-json\/wp\/v2\/pages\/44261\/revisions\/49871"}],"wp:attachment":[{"href":"https:\/\/archive.displayeurope.eu\/hu\/wp-json\/wp\/v2\/media?parent=44261"}],"curies":[{"name":"wp","href":"https:\/\/api.w.org\/{rel}","templated":true}]}}