{"id":5916,"date":"2023-09-19T08:58:43","date_gmt":"2023-09-19T06:58:43","guid":{"rendered":"https:\/\/archive.displayeurope.eu\/tamogatasok\/"},"modified":"2023-12-11T22:30:59","modified_gmt":"2023-12-11T21:30:59","slug":"tamogatasok","status":"publish","type":"page","link":"https:\/\/archive.displayeurope.eu\/hu\/tamogatasok\/","title":{"rendered":"T\u00e1mogat\u00e1sok"},"content":{"rendered":"<h1>T\u00e1mogat\u00e1sok<\/h1>\n<p>A Display Europe projekt r\u00e9szek\u00e9nt k\u00e9t t\u00e1mogat\u00e1si felh\u00edv\u00e1s &#8211; <a href=\"https:\/\/culturalfoundation.eu\/programmes\/display-europe\/\"><br \/>\n  <u><br \/>\n    <em>Display Europe p\u00e1ly\u00e1zati felh\u00edv\u00e1s<\/em><br \/>\n  <\/u><br \/>\n<\/a> \u00e9s a <em>Display Europe mikro-t\u00e1mogat\u00e1si felh\u00edv\u00e1s, <\/em>az Eur\u00f3pai Kultur\u00e1lis Alap\u00edtv\u00e1ny (a Display Europe konzorciumi partnerek egyike) koordin\u00e1l\u00e1s\u00e1val.<em> <\/em>felk\u00e9rte a m\u00e9diak\u00f6z\u00f6ss\u00e9g tagjait, hogy ny\u00fajtsanak be javaslatokat, amelyek &#8211; amennyiben kiv\u00e1lasztj\u00e1k \u0151ket &#8211; a displayeurope.eu platform sz\u00e1m\u00e1ra l\u00e9trehozott \u00e9s el\u00e9rhet\u0151 eredeti tartalmat jelenten\u00e9nek. Ez a szuver\u00e9n, ny\u00edlt forr\u00e1sk\u00f3d\u00fa digit\u00e1lis platform el\u0151mozd\u00edtja a demokr\u00e1ci\u00e1t, \u00e9s a polg\u00e1rok sz\u00e1m\u00e1ra lehet\u0151v\u00e9 teszi Eur\u00f3pa sokr\u00e9t\u0171 val\u00f3s\u00e1g\u00e1nak hiteles bemutat\u00e1s\u00e1t. A f\u00fcggetlen zs\u0171ri \u00e1ltal \u00e9rt\u00e9kelt p\u00e1ly\u00e1zatok elb\u00edr\u00e1l\u00e1s\u00e1nak szempontjai k\u00f6z\u00f6tt szerepelt a hat\u00e1rokon \u00e1tny\u00fal\u00f3 egy\u00fcttm\u0171k\u00f6d\u00e9s, az \u00fajs\u00e1g\u00edr\u00f3i kiv\u00e1l\u00f3s\u00e1g ir\u00e1nti elk\u00f6telezetts\u00e9g \u00e9s a p\u00e1neur\u00f3pai t\u00e9m\u00e1k \u00e9rdekes megk\u00f6zel\u00edt\u00e9se.<\/p>\n<p>Mivel a Display k\u00e9pviseli a f\u00fcggetlen m\u00e9di\u00e1t, amely hangot \u00e9s arcot ad a diszkrimin\u00e1lt \u00e9s elnyomott kisebbs\u00e9geknek, akik ki\u00e1llnak az alapvet\u0151 jogok\u00e9rt \u00e9s a polg\u00e1ri szabads\u00e1gjogok\u00e9rt, a Display Europe p\u00e1ly\u00e1zati felh\u00edv\u00e1s keret\u00e9ben h\u00e9t olyan kezdem\u00e9nyez\u00e9st terjesztett el\u0151, amelyek az eur\u00f3pai m\u00e9dia j\u00f6v\u0151j\u00e9nek alak\u00edt\u00e1s\u00e1ra ir\u00e1nyulnak. Az Olaszorsz\u00e1gb\u00f3l, Hollandi\u00e1b\u00f3l, Szlov\u00e9ni\u00e1b\u00f3l, Portug\u00e1li\u00e1b\u00f3l \u00e9s Franciaorsz\u00e1gb\u00f3l sz\u00e1rmaz\u00f3 projekteket az\u00e9rt v\u00e1lasztott\u00e1k ki, mert rend\u00edthetetlen\u00fcl elk\u00f6telezettek az eur\u00f3pai t\u00f6rt\u00e9net \u00e1tform\u00e1l\u00e1sa ir\u00e1nt.<\/p>\n<h2>A kiv\u00e1lasztott javaslatok a k\u00f6vetkez\u0151k:<\/h2>\n<p>\t\t\t\t<a href=\"https:\/\/spheranetwork.com\/\" tabindex=\"-1\"><br \/>\n\t\t\t\t\t\t\t\t<\/a><\/p>\n<h4>\n\t\t\t\t\t<a href=\"https:\/\/spheranetwork.com\/\" ><br \/>\n\t\t\t\t\t\tEz a c\u00edmsz\u00f3\t\t\t\t\t<\/a><br \/>\n\t\t\t\t<\/h4>\n<p>\n\t\t\t\t\t\tAz &#8222;Eur\u00f3pai fiatalok \u00e9s az \u00e9ghajlati v\u00e9szhelyzet&#8221; egy h\u00e9t uni\u00f3s nyelven el\u00e9rhet\u0151, mag\u00e1val ragad\u00f3 vide\u00f3sorozat, amely az eur\u00f3pai \u00e9ghajlati v\u00e1ls\u00e1got j\u00e1rja k\u00f6r\u00fcl, \u00e9s r\u00e1vil\u00e1g\u00edt az eur\u00f3pai fiatalok ellen\u00e1ll\u00f3 k\u00e9pess\u00e9g\u00e9re \u00e9s elsz\u00e1nts\u00e1g\u00e1ra.\t\t\t\t\t<\/p>\n<p>\t\t\t\t<a href=\"https:\/\/www.heretosupport.nl\/cityrightsradio\" tabindex=\"-1\"><br \/>\n\t\t\t\t\t\t\t\t<\/a><\/p>\n<h4>\n\t\t\t\t\t<a href=\"https:\/\/www.heretosupport.nl\/cityrightsradio\" ><br \/>\n\t\t\t\t\t\tEz a c\u00edmsz\u00f3\t\t\t\t\t<\/a><br \/>\n\t\t\t\t<\/h4>\n<p>\n\t\t\t\t\t\tEz a podcast, amelyet amszterdami nem dokument\u00e1lt polg\u00e1rok k\u00e9sz\u00edtettek, a marginaliz\u00e1ltak hangj\u00e1t er\u0151s\u00edti, hangs\u00falyt fektetve a meg\u00e9lt tapasztalatokra, a politikai elemz\u00e9sekre \u00e9s a k\u00f6z\u00f6ss\u00e9gi sz\u00f6vets\u00e9gekre.\t\t\t\t\t<\/p>\n<h4>\n\t\t\t\t\t\tEz a c\u00edmsz\u00f3<br \/>\n\t\t\t\t<\/h4>\n<p>\n\t\t\t\t\t\tA &#8222;Migr\u00e1ci\u00f3 IRL&#8221; a val\u00f3s \u00e9letb\u0151l vett t\u00f6rt\u00e9netek felt\u00e1r\u00e1s\u00e1val k\u00e9rd\u0151jelezi meg az uralkod\u00f3 migr\u00e1nsnarrat\u00edv\u00e1kat, bemutatva a migr\u00e1nsok lend\u00fcletes hozz\u00e1j\u00e1rul\u00e1s\u00e1t Szlov\u00e9ni\u00e1ban, Bosznia-Hercegovin\u00e1ban, Szerbi\u00e1ban \u00e9s Lengyelorsz\u00e1gban, valamint k\u00e9pviselet\u00fcket \u00e9s t\u00e1rsadalmi beilleszked\u00e9s\u00fcket.\t\t\t\t\t<\/p>\n<p>\t\t\t\t<a href=\"https:\/\/divergente.pt\/abstencao-de-voto\/?lang=en\" tabindex=\"-1\"><br \/>\n\t\t\t\t\t\t\t\t<\/a><\/p>\n<h4>\n\t\t\t\t\t<a href=\"https:\/\/divergente.pt\/abstencao-de-voto\/?lang=en\" ><br \/>\n\t\t\t\t\t\tA nem szavaz\u00f3 id\u0151z\u00edtett bomba (Portug\u00e1lia)\t\t\t\t\t<\/a><br \/>\n\t\t\t\t<\/h4>\n<p>\n\t\t\t\t\t\tA nem szavaz\u00f3k sz\u00e1m\u00e1nak n\u00f6veked\u00e9s\u00e9t vizsg\u00e1l\u00f3 kezdem\u00e9nyez\u00e9s a statisztik\u00e1k hum\u00e1nusabb\u00e1 t\u00e9tel\u00e9vel, szem\u00e9lyes t\u00f6rt\u00e9netek \u00e9s t\u00e1rsadalmi t\u00e9nyez\u0151k felt\u00e1r\u00e1s\u00e1val igyekszik meg\u00e9rteni az \u00e1llampolg\u00e1ri szerepv\u00e1llal\u00e1st \u00e9s annak a demokr\u00e1ci\u00e1ra gyakorolt hat\u00e1s\u00e1t.\t\t\t\t\t<\/p>\n<h4>\n\t\t\t\t\t\tTransznem\u0171 emberek b\u00f6rt\u00f6nben (Franciaorsz\u00e1g)<br \/>\n\t\t\t\t<\/h4>\n<p>\n\t\t\t\t\t\tEz a podcast-sorozat az eur\u00f3pai b\u00f6rt\u00f6n\u00f6kben \u00e9l\u0151 transznem\u0171ek kih\u00edv\u00e1saira vil\u00e1g\u00edt r\u00e1, \u00e9s a l\u00e1that\u00f3s\u00e1g, a befogad\u00e1s \u00e9s az emberi jogok mellett sz\u00e1ll s\u00edkra.\t\t\t\t\t<\/p>\n<h4>\n\t\t\t\t\t\tInclusive Ondes (Franciaorsz\u00e1g)<br \/>\n\t\t\t\t<\/h4>\n<p>\n\t\t\t\t\t\tAz &#8222;Inclusive Ondes&#8221; baszk nyelv\u0171 podcastokon \u00e9s vide\u00f3kon kereszt\u00fcl hidat k\u00e9pez a kultur\u00e1lis szakad\u00e9kok k\u00f6z\u00f6tt, a glob\u00e1lis migr\u00e1ci\u00f3s \u00f6sszef\u00fcgg\u00e9sek mellett a t\u00f6rt\u00e9nelmi Bidasoa foly\u00f3n \u00e1t\u00edvel\u0151 helyi migr\u00e1ci\u00f3s hull\u00e1mok k\u00e9rd\u00e9seit is megvitatva, int\u00e9zm\u00e9nyi vezet\u0151k, polg\u00e1ri h\u00e1l\u00f3zatok \u00e9s bev\u00e1ndorl\u00f3k bevon\u00e1s\u00e1val.\t\t\t\t\t<\/p>\n<h4>\n\t\t\t\t\t\tA &#8222;boldogul\u00e1s&#8221; Nyugat-Eur\u00f3p\u00e1ban: Tapasztalatok fiatal kelet-eur\u00f3pai n\u0151kr\u0151l (Franciaorsz\u00e1g)<br \/>\n\t\t\t\t<\/h4>\n<p>\n\t\t\t\t\t\tEz a kezdem\u00e9nyez\u00e9s bemutatja a fiatal kelet-eur\u00f3pai n\u0151k kih\u00edv\u00e1sait \u00e9s tapasztalatait Nyugat-Eur\u00f3p\u00e1ban, el\u0151seg\u00edtve a meg\u00e9rt\u00e9st \u00e9s az emp\u00e1ti\u00e1t, mik\u00f6zben \u00e1thidalja a kultur\u00e1lis k\u00fcl\u00f6nbs\u00e9geket.\t\t\t\t\t<\/p>\n<p>A Display Europe azzal a c\u00e9llal, hogy forradalmas\u00edtsa a m\u00e9diavil\u00e1got az\u00e1ltal, hogy az eur\u00f3paiak sz\u00e1m\u00e1ra a mainstream narrat\u00edv\u00e1kon k\u00edv\u00fcl is v\u00e1ltozatos \u00e9s megb\u00edzhat\u00f3 inform\u00e1ci\u00f3kat ny\u00fajt, novemberben k\u00f6zz\u00e9teszi a <em>Display Europe<\/em> Europe <em>mikro-\u00f6szt\u00f6nd\u00edjp\u00e1ly\u00e1zatot<\/em> is, amely a hat\u00e1rokon \u00e1tny\u00fal\u00f3 egy\u00fcttm\u0171k\u00f6d\u00e9sben \u00e9rdekelt kis m\u00e9diaszervezeteket \u00e9s \u00fajs\u00e1g\u00edr\u00f3kat h\u00edvja meg. Tov\u00e1bbi inform\u00e1ci\u00f3 a felh\u00edv\u00e1sr\u00f3l itt (TBC). <\/p>\n<p>Ha b\u00e1rmilyen k\u00e9rd\u00e9se van a jelentkez\u00e9si folyamattal kapcsolatban, vagy b\u00e1rmilyen m\u00e1s k\u00e9rd\u00e9ssel forduljon a k\u00f6vetkez\u0151 c\u00edmre <a href=\"mailto:grants@displayeurope.eu\"><br \/>\n  <u>grants@displayeurope.eu<\/u><br \/>\n<\/a>.<\/p>\n<p>A f\u00fcggetlen zs\u0171ri \u00e1ltal \u00e9rt\u00e9kelt p\u00e1ly\u00e1zatok elb\u00edr\u00e1l\u00e1s\u00e1nak szempontjai k\u00f6z\u00f6tt szerepelt az \u00fajs\u00e1g\u00edr\u00f3i kiv\u00e1l\u00f3s\u00e1g ir\u00e1nti elk\u00f6telezetts\u00e9g \u00e9s a p\u00e1neur\u00f3pai t\u00e9m\u00e1k \u00e9rdekes megk\u00f6zel\u00edt\u00e9se.<\/p>\n","protected":false},"excerpt":{"rendered":"<p>T\u00e1mogat\u00e1sok A Display Europe projekt r\u00e9szek\u00e9nt k\u00e9t t\u00e1mogat\u00e1si felh\u00edv\u00e1s &#8211; Display Europe p\u00e1ly\u00e1zati felh\u00edv\u00e1s \u00e9s a Display Europe mikro-t\u00e1mogat\u00e1si felh\u00edv\u00e1s, az Eur\u00f3pai Kultur\u00e1lis Alap\u00edtv\u00e1ny (a Display Europe konzorciumi partnerek egyike) koordin\u00e1l\u00e1s\u00e1val. felk\u00e9rte a m\u00e9diak\u00f6z\u00f6ss\u00e9g tagjait, hogy ny\u00fajtsanak be javaslatokat, amelyek &#8211; amennyiben kiv\u00e1lasztj\u00e1k \u0151ket &#8211; a displayeurope.eu platform sz\u00e1m\u00e1ra l\u00e9trehozott \u00e9s el\u00e9rhet\u0151 eredeti tartalmat jelenten\u00e9nek. [&hellip;]<\/p>\n","protected":false},"author":1,"featured_media":0,"parent":0,"menu_order":0,"comment_status":"closed","ping_status":"closed","template":"","meta":{"footnotes":""},"class_list":["post-5916","page","type-page","status-publish","hentry"],"_links":{"self":[{"href":"https:\/\/archive.displayeurope.eu\/hu\/wp-json\/wp\/v2\/pages\/5916","targetHints":{"allow":["GET"]}}],"collection":[{"href":"https:\/\/archive.displayeurope.eu\/hu\/wp-json\/wp\/v2\/pages"}],"about":[{"href":"https:\/\/archive.displayeurope.eu\/hu\/wp-json\/wp\/v2\/types\/page"}],"author":[{"embeddable":true,"href":"https:\/\/archive.displayeurope.eu\/hu\/wp-json\/wp\/v2\/users\/1"}],"replies":[{"embeddable":true,"href":"https:\/\/archive.displayeurope.eu\/hu\/wp-json\/wp\/v2\/comments?post=5916"}],"version-history":[{"count":0,"href":"https:\/\/archive.displayeurope.eu\/hu\/wp-json\/wp\/v2\/pages\/5916\/revisions"}],"wp:attachment":[{"href":"https:\/\/archive.displayeurope.eu\/hu\/wp-json\/wp\/v2\/media?parent=5916"}],"curies":[{"name":"wp","href":"https:\/\/api.w.org\/{rel}","templated":true}]}}