{"id":6001,"date":"2023-05-18T09:40:46","date_gmt":"2023-05-18T07:40:46","guid":{"rendered":"https:\/\/archive.displayeurope.eu\/home\/"},"modified":"2024-08-28T15:04:24","modified_gmt":"2024-08-28T13:04:24","slug":"home","status":"publish","type":"page","link":"https:\/\/archive.displayeurope.eu\/hu\/","title":{"rendered":"Home"},"content":{"rendered":"\r\n\t<div class=\"post-list\">\r\n\r\n\t\t\r\n\r\n\t\t\r\n\t\t\t<div class=\"post-item post-item-eayxfvdhdab4ari457n5iy4nnhm\">\r\n\t\t\t\t<div class=\"thumbnail-wrapper\">\r\n\t\t\t\t\t<a href=\"https:\/\/archive.displayeurope.eu\/hu\/preview\/eayxfvdhdab4ari457n5iy4nnhm-a-valasztasok-napjanak-kozeledtevel-nemetorszag-szelsojobboldali-tuzfala-remeg-de-kitart\/\">\r\n\t\t\t\t\t\t<img decoding=\"async\" class=\"thumbnail-image\" src=\"https:\/\/voxeurop.eu\/wp-content\/uploads\/2025\/02\/voxeurop-germany-Rahma.png\">\r\n\t\t\t\t\t<\/a>\r\n\t\t\t\t<\/div>\r\n\t\t\t\t<div class=\"post-content\">\r\n\t\t\t\t\t<div class=\"author-meta\">\r\n\t\t\t\t\t\t\r\n\t\t\t\t\t\t\t\t\t\t\t\t\t\t<a target=\"_blank\" href=\"https:\/\/archive.displayeurope.eu\/hu\/authors\/voxeurop\/\">\r\n\t\t\t\t\t\t\t\r\n\t\t\t\t\t\t\t\t\t\t\t\t\t\t\t<img decoding=\"async\" class=\"author-image-in-list\" src=\"https:\/\/archive.displayeurope.eu\/wp-content\/uploads\/2023\/12\/Logo_actuel_de_Voxeurop.png\" alt=\"Voxeurop\">\r\n\t\t\t\t\t\t\t\r\n\t\t\t\t\t\t\t\t\t\t\t\t\t\t<\/a>\r\n\t\t\t\t\t\t\t\r\n\t\t\t\t\t\t\r\n\t\t\t\t\t\t\t\t\t\t\t\t\t<span class=\"origin-badge origin-badge-federated\">F\u00f6der\u00e1lt tartalom<\/span>\r\n\t\t\t\t\t\t\t\t\t\t\t<\/div>\r\n\t\t\t\t\t<h2 class=\"post-title\"><a href=\"https:\/\/archive.displayeurope.eu\/hu\/preview\/eayxfvdhdab4ari457n5iy4nnhm-a-valasztasok-napjanak-kozeledtevel-nemetorszag-szelsojobboldali-tuzfala-remeg-de-kitart\/\">A v\u00e1laszt\u00e1sok napj\u00e1nak k\u00f6zeledt\u00e9vel N\u00e9metorsz\u00e1g sz\u00e9ls\u0151jobboldali t\u0171zfala remeg, de kitart<\/a><\/h2>\r\n\t\t\t\t\t<div class=\"post-excerpt\">\r\n\t\t\t\t\t\t\"Ha remigr\u00e1ci\u00f3nak h\u00edvj\u00e1k, akkor ez re-mi-gr\u00e1ci\u00f3t jelent\", jelentette ki Alice Weidel a AfD p\u00e1rt janu\u00e1r eleji, rizsai p\u00e1rtkongresszus\u00e1n, kit\u00f6r\u0151 tapsvihar k\u00f6zepette - alig egy \u00e9vvel azut\u00e1n, hogy ugyanez a kifejez\u00e9s sokkol\u00f3 hull\u00e1mokat kavart N\u00e9metorsz\u00e1gban. Weidel az AfD els\u0151 kancell\u00e1rjel\u00f6ltje a 2013-as megalakul\u00e1s \u00f3ta; mivel a p\u00e1rt jelenleg a p\u00e1rt szavaz\u00f3t\u00e1bora 20,8%-on \u00e1ll, a l\u00e9p\u00e9s indokoltnak&hellip;\t\t\t\t\t<\/div>\r\n\t\t\t\t\t<div class=\"post-meta\">\r\n\t\t\t\t\t\t<span class=\"post-date\">\r\n\t\t\t\t\t\t\t17 February, 2025\t\t\t\t\t\t<\/span>\r\n\r\n\t\t\t\t\t\t<div class=\"post-icons\">\r\n\t\t\t\t\t\t\t\t\t\t\t\t\t\t\t\t\t\t\t\t<\/div>\r\n\t\t\t\t\t<\/div>\r\n\t\t\t\t<\/div>\r\n\t\t\t<\/div>\r\n\r\n\t\t\r\n\t\t\t<div class=\"post-item post-item-eayxdeagmuyyqrpfqvxmcupvsso\">\r\n\t\t\t\t<div class=\"thumbnail-wrapper\">\r\n\t\t\t\t\t<a href=\"https:\/\/archive.displayeurope.eu\/hu\/preview\/eayxdeagmuyyqrpfqvxmcupvsso-szembe-tud-e-szallni-europa-az-amerikai-big-tech-oriasceggel\/\">\r\n\t\t\t\t\t\t<img decoding=\"async\" class=\"thumbnail-image\" src=\"https:\/\/voxeurop.eu\/wp-content\/uploads\/2025\/02\/Nardi-Maga-Europe.png\">\r\n\t\t\t\t\t<\/a>\r\n\t\t\t\t<\/div>\r\n\t\t\t\t<div class=\"post-content\">\r\n\t\t\t\t\t<div class=\"author-meta\">\r\n\t\t\t\t\t\t\r\n\t\t\t\t\t\t\t\t\t\t\t\t\t\t<a target=\"_blank\" href=\"https:\/\/archive.displayeurope.eu\/hu\/authors\/voxeurop\/\">\r\n\t\t\t\t\t\t\t\r\n\t\t\t\t\t\t\t\t\t\t\t\t\t\t\t<img decoding=\"async\" class=\"author-image-in-list\" src=\"https:\/\/archive.displayeurope.eu\/wp-content\/uploads\/2023\/12\/Logo_actuel_de_Voxeurop.png\" alt=\"Voxeurop\">\r\n\t\t\t\t\t\t\t\r\n\t\t\t\t\t\t\t\t\t\t\t\t\t\t<\/a>\r\n\t\t\t\t\t\t\t\r\n\t\t\t\t\t\t\r\n\t\t\t\t\t\t\t\t\t\t\t\t\t<span class=\"origin-badge origin-badge-federated\">F\u00f6der\u00e1lt tartalom<\/span>\r\n\t\t\t\t\t\t\t\t\t\t\t<\/div>\r\n\t\t\t\t\t<h2 class=\"post-title\"><a href=\"https:\/\/archive.displayeurope.eu\/hu\/preview\/eayxdeagmuyyqrpfqvxmcupvsso-szembe-tud-e-szallni-europa-az-amerikai-big-tech-oriasceggel\/\">Szembe tud-e sz\u00e1llni Eur\u00f3pa az amerikai big-tech \u00f3ri\u00e1sc\u00e9ggel?<\/a><\/h2>\r\n\t\t\t\t\t<div class=\"post-excerpt\">\r\n\t\t\t\t\t\tA Elon Musk, az X k\u00f6z\u00f6ss\u00e9gi h\u00e1l\u00f3zat (valamint a Tesla \u00e9s a SpaceX) f\u0151n\u00f6k\u00e9nek ism\u00e9telt megsz\u00f3lal\u00e1sai kem\u00e9ny k\u00e9rd\u00e9seket vetnek fel. Vajon az eur\u00f3pai k\u00f6zvit\u00e1k \u00e9s v\u00e1laszt\u00e1sok megszabadulhatnak-e valaha is a k\u00fclf\u00f6ldi deinform\u00e1ci\u00f3 ostor\u00e1t\u00f3l? \u00c9s most Muskhoz csatlakozott a TikTok, a k\u00ednai tulajdon\u00fa platform \u00e9s a Mark Zuckerberg \u00e1ltal ir\u00e1ny\u00edtott Meta, a Facebookot, az Instagramot, a&hellip;\t\t\t\t\t<\/div>\r\n\t\t\t\t\t<div class=\"post-meta\">\r\n\t\t\t\t\t\t<span class=\"post-date\">\r\n\t\t\t\t\t\t\t15 February, 2025\t\t\t\t\t\t<\/span>\r\n\r\n\t\t\t\t\t\t<div class=\"post-icons\">\r\n\t\t\t\t\t\t\t\t\t\t\t\t\t\t\t\t\t\t\t\t<\/div>\r\n\t\t\t\t\t<\/div>\r\n\t\t\t\t<\/div>\r\n\t\t\t<\/div>\r\n\r\n\t\t\r\n\t\t\t<div class=\"post-item post-item-eayw6dsd66slarnibq2iytafyzi\">\r\n\t\t\t\t<div class=\"thumbnail-wrapper\">\r\n\t\t\t\t\t<a href=\"https:\/\/archive.displayeurope.eu\/hu\/preview\/eayw6dsd66slarnibq2iytafyzi-hanna-perekhoda-az-ukrajnai-szabadsagharc-szorosan-kapcsolodik-a-fasiszta-erok-elleni-globalis-harchoz\/\">\r\n\t\t\t\t\t\t<img decoding=\"async\" class=\"thumbnail-image\" src=\"https:\/\/voxeurop.eu\/wp-content\/uploads\/2025\/02\/Hanna-Perekhoda-4.png\">\r\n\t\t\t\t\t<\/a>\r\n\t\t\t\t<\/div>\r\n\t\t\t\t<div class=\"post-content\">\r\n\t\t\t\t\t<div class=\"author-meta\">\r\n\t\t\t\t\t\t\r\n\t\t\t\t\t\t\t\t\t\t\t\t\t\t<a target=\"_blank\" href=\"https:\/\/archive.displayeurope.eu\/hu\/authors\/voxeurop\/\">\r\n\t\t\t\t\t\t\t\r\n\t\t\t\t\t\t\t\t\t\t\t\t\t\t\t<img decoding=\"async\" class=\"author-image-in-list\" src=\"https:\/\/archive.displayeurope.eu\/wp-content\/uploads\/2023\/12\/Logo_actuel_de_Voxeurop.png\" alt=\"Voxeurop\">\r\n\t\t\t\t\t\t\t\r\n\t\t\t\t\t\t\t\t\t\t\t\t\t\t<\/a>\r\n\t\t\t\t\t\t\t\r\n\t\t\t\t\t\t\r\n\t\t\t\t\t\t\t\t\t\t\t\t\t<span class=\"origin-badge origin-badge-federated\">F\u00f6der\u00e1lt tartalom<\/span>\r\n\t\t\t\t\t\t\t\t\t\t\t<\/div>\r\n\t\t\t\t\t<h2 class=\"post-title\"><a href=\"https:\/\/archive.displayeurope.eu\/hu\/preview\/eayw6dsd66slarnibq2iytafyzi-hanna-perekhoda-az-ukrajnai-szabadsagharc-szorosan-kapcsolodik-a-fasiszta-erok-elleni-globalis-harchoz\/\">Hanna Perekhoda: \"Az ukrajnai szabads\u00e1gharc szorosan kapcsol\u00f3dik a fasiszta er\u0151k elleni glob\u00e1lis harchoz<\/a><\/h2>\r\n\t\t\t\t\t<div class=\"post-excerpt\">\r\n\t\t\t\t\t\tHanna Perekhoda t\u00f6rt\u00e9n\u00e9sz \u00e9s kutat\u00f3 a Lausanne-i Egyetem Politikai Tanulm\u00e1nyok Int\u00e9zete \u00e9s Nemzetk\u00f6zi T\u00f6rt\u00e9neti \u00e9s Globaliz\u00e1ci\u00f3s Politikai Tanulm\u00e1nyok K\u00f6zpontja kutat\u00f3ja, szakter\u00fclete a nacionalizmus az Orosz Birodalom \u00e9s a Szovjetuni\u00f3 kontextus\u00e1ban. Doktori kutat\u00e1s\u00e1ban a bolsevikok politikai strat\u00e9gi\u00e1it vizsg\u00e1lja Ukrajn\u00e1ban 1917 \u00e9s az 1920-as \u00e9vek k\u00f6z\u00f6tt. Perekhoda az orosz politikai k\u00e9pzelet t\u00f6rt\u00e9nelmi fejl\u0151d\u00e9s\u00e9t is vizsg\u00e1lja, k\u00fcl\u00f6n\u00f6s tekintettel&hellip;\t\t\t\t\t<\/div>\r\n\t\t\t\t\t<div class=\"post-meta\">\r\n\t\t\t\t\t\t<span class=\"post-date\">\r\n\t\t\t\t\t\t\t11 February, 2025\t\t\t\t\t\t<\/span>\r\n\r\n\t\t\t\t\t\t<div class=\"post-icons\">\r\n\t\t\t\t\t\t\t\t\t\t\t\t\t\t\t\t\t\t\t\t<\/div>\r\n\t\t\t\t\t<\/div>\r\n\t\t\t\t<\/div>\r\n\t\t\t<\/div>\r\n\r\n\t\t\r\n\t\t\t<div class=\"post-item post-item-eayw43fil2nzqrmzlqo435k24ha\">\r\n\t\t\t\t<div class=\"thumbnail-wrapper\">\r\n\t\t\t\t\t<a href=\"https:\/\/archive.displayeurope.eu\/hu\/preview\/eayw43fil2nzqrmzlqo435k24ha-akik-harcolnak-es-akik-nem-a-frontra-hivott-ukranok-es-a-putyin-generacio-oroszorszagban\/\">\r\n\t\t\t\t\t\t<img decoding=\"async\" class=\"thumbnail-image\" src=\"https:\/\/voxeurop.eu\/wp-content\/uploads\/2025\/02\/RUSSIA-UKRAINE-MOV-1-4.jpg\">\r\n\t\t\t\t\t<\/a>\r\n\t\t\t\t<\/div>\r\n\t\t\t\t<div class=\"post-content\">\r\n\t\t\t\t\t<div class=\"author-meta\">\r\n\t\t\t\t\t\t\r\n\t\t\t\t\t\t\t\t\t\t\t\t\t\t<a target=\"_blank\" href=\"https:\/\/archive.displayeurope.eu\/hu\/authors\/voxeurop\/\">\r\n\t\t\t\t\t\t\t\r\n\t\t\t\t\t\t\t\t\t\t\t\t\t\t\t<img decoding=\"async\" class=\"author-image-in-list\" src=\"https:\/\/archive.displayeurope.eu\/wp-content\/uploads\/2023\/12\/Logo_actuel_de_Voxeurop.png\" alt=\"Voxeurop\">\r\n\t\t\t\t\t\t\t\r\n\t\t\t\t\t\t\t\t\t\t\t\t\t\t<\/a>\r\n\t\t\t\t\t\t\t\r\n\t\t\t\t\t\t\r\n\t\t\t\t\t\t\t\t\t\t\t\t\t<span class=\"origin-badge origin-badge-federated\">F\u00f6der\u00e1lt tartalom<\/span>\r\n\t\t\t\t\t\t\t\t\t\t\t<\/div>\r\n\t\t\t\t\t<h2 class=\"post-title\"><a href=\"https:\/\/archive.displayeurope.eu\/hu\/preview\/eayw43fil2nzqrmzlqo435k24ha-akik-harcolnak-es-akik-nem-a-frontra-hivott-ukranok-es-a-putyin-generacio-oroszorszagban\/\">Akik harcolnak \u00e9s akik nem: a frontra h\u00edvott ukr\u00e1nok \u00e9s a \"Putyin gener\u00e1ci\u00f3\" Oroszorsz\u00e1gban<\/a><\/h2>\r\n\t\t\t\t\t<div class=\"post-excerpt\">\r\n\t\t\t\t\t\tA sz\u00e1m\u0171zet\u00e9sben \u00e9l\u0151 f\u00fcggetlen orosz \u00fajs\u00e1g Meduza hossz\u00fa cikket szentel (eredetileg az Signal orosz nyelv\u0171 h\u00edrlev\u00e9lben jelent meg) arr\u00f3l, hogy \"az emberek nagykor\u00fav\u00e1 v\u00e1ltak, \u00e9s most alkotj\u00e1k a fiatal feln\u0151ttek kohorsz\u00e1t, akik meg\u00f6r\u00f6klik, ami Vlagyimir Putyin ut\u00e1n k\u00f6vetkezik Oroszorsz\u00e1gban\". Ezt a csoportot a sajt\u00f3 \"Putyin gener\u00e1ci\u00f3nak\" nevezte el, ami tal\u00e1n nem hely\u00e9nval\u00f3, tekintve, hogy az&hellip;\t\t\t\t\t<\/div>\r\n\t\t\t\t\t<div class=\"post-meta\">\r\n\t\t\t\t\t\t<span class=\"post-date\">\r\n\t\t\t\t\t\t\t10 February, 2025\t\t\t\t\t\t<\/span>\r\n\r\n\t\t\t\t\t\t<div class=\"post-icons\">\r\n\t\t\t\t\t\t\t\t\t\t\t\t\t\t\t\t\t\t\t\t<\/div>\r\n\t\t\t\t\t<\/div>\r\n\t\t\t\t<\/div>\r\n\t\t\t<\/div>\r\n\r\n\t\t\r\n\t\t\t<div class=\"post-item post-item-eayw42hwmynzarwlsnjj6rxd4uo\">\r\n\t\t\t\t<div class=\"thumbnail-wrapper\">\r\n\t\t\t\t\t<a href=\"https:\/\/archive.displayeurope.eu\/hu\/preview\/eayw42hwmynzarwlsnjj6rxd4uo-andrej-kurkov-szuksegunk-volt-egy-haborura-hogy-megmutassuk-ukrajna-kulonbozik-oroszorszagtol\/\">\r\n\t\t\t\t\t\t<img decoding=\"async\" class=\"thumbnail-image\" src=\"https:\/\/voxeurop.eu\/wp-content\/uploads\/2025\/02\/Kurkov-Ferrara-3.jpg\">\r\n\t\t\t\t\t<\/a>\r\n\t\t\t\t<\/div>\r\n\t\t\t\t<div class=\"post-content\">\r\n\t\t\t\t\t<div class=\"author-meta\">\r\n\t\t\t\t\t\t\r\n\t\t\t\t\t\t\t\t\t\t\t\t\t\t<a target=\"_blank\" href=\"https:\/\/archive.displayeurope.eu\/hu\/authors\/voxeurop\/\">\r\n\t\t\t\t\t\t\t\r\n\t\t\t\t\t\t\t\t\t\t\t\t\t\t\t<img decoding=\"async\" class=\"author-image-in-list\" src=\"https:\/\/archive.displayeurope.eu\/wp-content\/uploads\/2023\/12\/Logo_actuel_de_Voxeurop.png\" alt=\"Voxeurop\">\r\n\t\t\t\t\t\t\t\r\n\t\t\t\t\t\t\t\t\t\t\t\t\t\t<\/a>\r\n\t\t\t\t\t\t\t\r\n\t\t\t\t\t\t\r\n\t\t\t\t\t\t\t\t\t\t\t\t\t<span class=\"origin-badge origin-badge-federated\">F\u00f6der\u00e1lt tartalom<\/span>\r\n\t\t\t\t\t\t\t\t\t\t\t<\/div>\r\n\t\t\t\t\t<h2 class=\"post-title\"><a href=\"https:\/\/archive.displayeurope.eu\/hu\/preview\/eayw42hwmynzarwlsnjj6rxd4uo-andrej-kurkov-szuksegunk-volt-egy-haborura-hogy-megmutassuk-ukrajna-kulonbozik-oroszorszagtol\/\">Andrej Kurkov: \"Sz\u00fcks\u00e9g\u00fcnk volt egy h\u00e1bor\u00fara, hogy megmutassuk, Ukrajna k\u00fcl\u00f6nb\u00f6zik Oroszorsz\u00e1gt\u00f3l<\/a><\/h2>\r\n\t\t\t\t\t<div class=\"post-excerpt\">\r\n\t\t\t\t\t\tAndrei Kurkov (sz. 1961) Ukrajna egyik legterm\u00e9kenyebb \u00e9s legeklektikusabb \u00edr\u00f3ja. Sz\u00e1mos olyan t\u00e9m\u00e1t dolgozott fel, amely Ukrajna k\u00f6zelm\u00faltbeli t\u00f6rt\u00e9nelm\u00e9hez kapcsol\u00f3dik -&nbsp;k\u00fcl\u00f6n\u00f6sen a 2004-es narancsos forradalom ut\u00e1n, valamint sz\u00e1mos thriller t\u00f6rt\u00e9netet, n\u00e9melyik szinte sz\u00fcrre\u00e1lis, a Szovjetuni\u00f3 \u00f6sszeoml\u00e1s\u00e1t k\u00f6vet\u0151 \u00e9vekben j\u00e1tsz\u00f3dik.Legh\u00edresebb reg\u00e9nye a Hal\u00e1l \u00e9s a pingvin (Vintage Kiad\u00f3, 2002) . \u00cdrt essz\u00e9ket: Ukrajnai napl\u00f3k (Vintage Publishing,&hellip;\t\t\t\t\t<\/div>\r\n\t\t\t\t\t<div class=\"post-meta\">\r\n\t\t\t\t\t\t<span class=\"post-date\">\r\n\t\t\t\t\t\t\t10 February, 2025\t\t\t\t\t\t<\/span>\r\n\r\n\t\t\t\t\t\t<div class=\"post-icons\">\r\n\t\t\t\t\t\t\t\t\t\t\t\t\t\t\t\t\t\t\t\t<\/div>\r\n\t\t\t\t\t<\/div>\r\n\t\t\t\t<\/div>\r\n\t\t\t<\/div>\r\n\r\n\t\t\t<\/div>\r\n\r\n\t\t\t<div class=\"autload-on-scroll\">\r\n\t\t\t<div class=\"text-center loading\" style=\"display: none;\">\r\n\t\t\t\t<div class=\"lds-ellipsis\"><div><\/div><div><\/div><div><\/div><div><\/div><\/div>\r\n\t\t\t<\/div>\r\n\t\t\t<form action=\"https:\/\/archive.displayeurope.eu\/wp-admin\/admin-ajax.php\" method=\"POST\" class=\"form-autoload\">\r\n\t\t\t\t<input type=\"hidden\" name=\"action\" value=\"dispeu_load_more\">\r\n\t\t\t\t\t\t\t\t\t<input type=\"hidden\" name=\"dispeu_group_id\" value=\"42976\">\r\n\t\t\t\t\t\t\t\t\t<input type=\"hidden\" name=\"dispeu_group_page\" value=\"2\">\r\n\t\t\t\t\t\t\t<\/form>\r\n\t\t<\/div>\r\n\t\r\n\n","protected":false},"excerpt":{"rendered":"","protected":false},"author":1,"featured_media":0,"parent":0,"menu_order":0,"comment_status":"closed","ping_status":"closed","template":"","meta":{"footnotes":""},"class_list":["post-6001","page","type-page","status-publish","hentry"],"_links":{"self":[{"href":"https:\/\/archive.displayeurope.eu\/hu\/wp-json\/wp\/v2\/pages\/6001","targetHints":{"allow":["GET"]}}],"collection":[{"href":"https:\/\/archive.displayeurope.eu\/hu\/wp-json\/wp\/v2\/pages"}],"about":[{"href":"https:\/\/archive.displayeurope.eu\/hu\/wp-json\/wp\/v2\/types\/page"}],"author":[{"embeddable":true,"href":"https:\/\/archive.displayeurope.eu\/hu\/wp-json\/wp\/v2\/users\/1"}],"replies":[{"embeddable":true,"href":"https:\/\/archive.displayeurope.eu\/hu\/wp-json\/wp\/v2\/comments?post=6001"}],"version-history":[{"count":1,"href":"https:\/\/archive.displayeurope.eu\/hu\/wp-json\/wp\/v2\/pages\/6001\/revisions"}],"predecessor-version":[{"id":44626,"href":"https:\/\/archive.displayeurope.eu\/hu\/wp-json\/wp\/v2\/pages\/6001\/revisions\/44626"}],"wp:attachment":[{"href":"https:\/\/archive.displayeurope.eu\/hu\/wp-json\/wp\/v2\/media?parent=6001"}],"curies":[{"name":"wp","href":"https:\/\/api.w.org\/{rel}","templated":true}]}}