{"id":6628,"date":"2023-09-19T09:10:14","date_gmt":"2023-09-19T07:10:14","guid":{"rendered":"https:\/\/archive.displayeurope.eu\/copyleft\/"},"modified":"2024-08-29T02:00:27","modified_gmt":"2024-08-29T00:00:27","slug":"szerzoi-jog","status":"publish","type":"page","link":"https:\/\/archive.displayeurope.eu\/hu\/szerzoi-jog\/","title":{"rendered":"Szerz\u0151i jog"},"content":{"rendered":"<style>\/*! elementor - v3.18.0 - 08-12-2023 *\/\n.elementor-heading-title{padding:0;margin:0;line-height:1}.elementor-widget-heading .elementor-heading-title[class*=elementor-size-]>a{color:inherit;font-size:inherit;line-height:inherit}.elementor-widget-heading .elementor-heading-title.elementor-size-small{font-size:15px}.elementor-widget-heading .elementor-heading-title.elementor-size-medium{font-size:19px}.elementor-widget-heading .elementor-heading-title.elementor-size-large{font-size:29px}.elementor-widget-heading .elementor-heading-title.elementor-size-xl{font-size:39px}.elementor-widget-heading .elementor-heading-title.elementor-size-xxl{font-size:59px}<\/style>\n<h1>Copyleft<\/h1>\n<p>Kopyleft<\/h1>\n<p>Pr\u00f3b\u00e1lunk a lehet\u0151 legnyitottabbak lenni. A <a href=\"https:\/\/en.wikipedia.org\/wiki\/Copyleft\">copyleft<\/a> mozgalom bebizony\u00edtotta, hogy a szerz\u0151i jogokat is j\u00f3l lehet keretbe foglalni egy vir\u00e1gz\u00f3 egy\u00fcttm\u0171k\u00f6d\u0151 kult\u00fara \u00e9s megoszt\u00e1si gazdas\u00e1g sz\u00e1m\u00e1ra. <\/p>\n<\/p>\n<h2>Open Content<\/h2>\n<p>Megengedj\u00fck m\u00e1soknak, hogy \u00fajra felhaszn\u00e1lj\u00e1k a tartalmainkat. A Display Europe sz\u00e1m\u00e1ra k\u00e9sz\u00edtett eredeti anyagok m\u00e9g megenged\u0151bb licencekkel rendelkeznek a Creative Commons <a href=\"http:\/\/creativecommons.org\/licenses\/by\/4.0\/?ref=chooser-v1\" target=\"_blank\" rel=\"license noopener noreferrer\"><img loading=\"lazy\" decoding=\"async\" src=\"https:\/\/chooser-beta.creativecommons.org\/img\/cc-logo.f0ab4ebe.svg\" width=\"20\" height=\"20\" data-v-a0d4e8a8=\"\" \/><img loading=\"lazy\" decoding=\"async\" src=\"https:\/\/chooser-beta.creativecommons.org\/img\/cc-by.21b728bb.svg\" width=\"20\" height=\"20\" data-v-a0d4e8a8=\"\" \/><\/a>. Ha \u00fajra felhaszn\u00e1lja a tartalmunkat, akkor j\u00f3l l\u00e1that\u00f3an hozz\u00e1 kell adnia: <a href=\"http:\/\/creativecommons.org\/licenses\/by\/4.0\/\">CC-by<\/a> <a href=\"https:\/\/archive.displayeurope.eu\">DisplayEurope<\/a><\/p>\n<\/p>\n<h2>ny\u00edlt forr\u00e1sk\u00f3d<\/h2>\n<p>Technikai stack\u00fcnk teljes eg\u00e9sz\u00e9ben ny\u00edlt forr\u00e1sk\u00f3d\u00fa keretrendszerekre \u00e9s eszk\u00f6z\u00f6kre \u00e9p\u00fcl, mint p\u00e9ld\u00e1ul Kubernetes, Minio, Matomo, WordPress, PeerTube, Mastodon, Keycloak \u00e9s m\u00e9g sok m\u00e1s.<\/p>\n<p>Az \u00e1ltalunk fejlesztett szoftvereket a GPLv3 vagy AGPLv3 ny\u00edlt forr\u00e1sk\u00f3d\u00fa licencek alatt publik\u00e1ljuk. K\u00f3dt\u00e1rol\u00f3ink a <a href=\"https:\/\/git.fairkom.net\/emb\/displ.eu\">git.fairkom.net<\/a> oldalon tal\u00e1lhat\u00f3k.<\/p>\n<\/p>\n<h2>A ny\u00edlt szabv\u00e1nyok<\/h2>\n<p>A <a href=\"https:\/\/en.wikipedia.org\/wiki\/ActivityPub\">ActivityPub<\/a>-t haszn\u00e1ljuk az interakt\u00edv m\u00e9dia de-facto szabv\u00e1nyak\u00e9nt, \u00e9s a WordPress szindik\u00e1ci\u00f3, a PeerTube f\u00f6der\u00e1ci\u00f3 \u00e9s a Mastodon elosztott k\u00f6z\u00f6ss\u00e9gi m\u00e9dia sz\u00e1m\u00e1ra telep\u00edtett\u00fck. Azon tartalmi partnerekt\u0151l, akik m\u00e9g nem k\u00e9pesek az ActivityPub f\u00f6der\u00e1ci\u00f3ra, RSS-feedjeikre iratkozunk fel.<\/p>\n<h2>Open AI<\/h2>\n<p>A mesters\u00e9ges intelligencia eszk\u00f6zeinek felhaszn\u00e1l\u00e1sakor mindig a ny\u00edlt forr\u00e1sk\u00f3d\u00fa modelleket r\u00e9szes\u00edtj\u00fck el\u0151nyben. <\/p>\n<\/p>\n<h2>Open Governance<\/h2>\n<p>A Display Europe tulajdonosa egy nonprofit sz\u00f6vetkezet. Nemcsak a tartalmi partnerek, hanem ak\u00e1r a felhaszn\u00e1l\u00f3ink is tagok lehetnek, \u00e9s \u00edgy r\u00e9szt vehetnek a d\u00f6nt\u00e9shozatali folyamatokban. <\/p>\n","protected":false},"excerpt":{"rendered":"<p>Copyleft Kopyleft Pr\u00f3b\u00e1lunk a lehet\u0151 legnyitottabbak lenni. A copyleft mozgalom bebizony\u00edtotta, hogy a szerz\u0151i jogokat is j\u00f3l lehet keretbe foglalni egy vir\u00e1gz\u00f3 egy\u00fcttm\u0171k\u00f6d\u0151 kult\u00fara \u00e9s megoszt\u00e1si gazdas\u00e1g sz\u00e1m\u00e1ra. Open Content Megengedj\u00fck m\u00e1soknak, hogy \u00fajra felhaszn\u00e1lj\u00e1k a tartalmainkat. A Display Europe sz\u00e1m\u00e1ra k\u00e9sz\u00edtett eredeti anyagok m\u00e9g megenged\u0151bb licencekkel rendelkeznek a Creative Commons . Ha \u00fajra felhaszn\u00e1lja [&hellip;]<\/p>\n","protected":false},"author":1,"featured_media":0,"parent":0,"menu_order":0,"comment_status":"closed","ping_status":"closed","template":"","meta":{"footnotes":""},"class_list":["post-6628","page","type-page","status-publish","hentry"],"_links":{"self":[{"href":"https:\/\/archive.displayeurope.eu\/hu\/wp-json\/wp\/v2\/pages\/6628","targetHints":{"allow":["GET"]}}],"collection":[{"href":"https:\/\/archive.displayeurope.eu\/hu\/wp-json\/wp\/v2\/pages"}],"about":[{"href":"https:\/\/archive.displayeurope.eu\/hu\/wp-json\/wp\/v2\/types\/page"}],"author":[{"embeddable":true,"href":"https:\/\/archive.displayeurope.eu\/hu\/wp-json\/wp\/v2\/users\/1"}],"replies":[{"embeddable":true,"href":"https:\/\/archive.displayeurope.eu\/hu\/wp-json\/wp\/v2\/comments?post=6628"}],"version-history":[{"count":2,"href":"https:\/\/archive.displayeurope.eu\/hu\/wp-json\/wp\/v2\/pages\/6628\/revisions"}],"predecessor-version":[{"id":47118,"href":"https:\/\/archive.displayeurope.eu\/hu\/wp-json\/wp\/v2\/pages\/6628\/revisions\/47118"}],"wp:attachment":[{"href":"https:\/\/archive.displayeurope.eu\/hu\/wp-json\/wp\/v2\/media?parent=6628"}],"curies":[{"name":"wp","href":"https:\/\/api.w.org\/{rel}","templated":true}]}}