{"id":6680,"date":"2023-09-19T09:07:57","date_gmt":"2023-09-19T07:07:57","guid":{"rendered":"https:\/\/archive.displayeurope.eu\/elofizetes\/"},"modified":"2025-01-13T21:46:09","modified_gmt":"2025-01-13T20:46:09","slug":"coop-tagsagi-adomanyok","status":"publish","type":"page","link":"https:\/\/archive.displayeurope.eu\/hu\/coop-tagsagi-adomanyok\/","title":{"rendered":"COOP-tags\u00e1g \u00e9s adom\u00e1nyok"},"content":{"rendered":"<p><style>\/*! elementor - v3.18.0 - 04-12-2023 *\/<br \/>\n.elementor-heading-title{padding:0;margin:0;line-height:1}.elementor-widget-heading .elementor-heading-title[class*=elementor-size-]&gt;a{color:inherit;font-size:inherit;line-height:inherit}.elementor-widget-heading .elementor-heading-title.elementor-size-small{font-size:15px}.elementor-widget-heading .elementor-heading-title.elementor-size-medium{font-size:19px}.elementor-widget-heading .elementor-heading-title.elementor-size-large{font-size:29px}.elementor-widget-heading .elementor-heading-title.elementor-size-xl{font-size:39px}.elementor-widget-heading .elementor-heading-title.elementor-size-xxl{font-size:59px}.<\/style>\n<\/p>\n<h1>General Assembly<\/h1>\n<h2> <\/h2>\n<h2>A Display Europe Sz\u00f6vetkezet<\/h2>\n<p><img loading=\"lazy\" decoding=\"async\" src=\"https:\/\/archive.displayeurope.eu\/wp-content\/uploads\/2023\/12\/de-logo-inside.png\" alt=\"\" width=\"260\" height=\"90\" \/><\/p>\n<h2> <\/h2>\n<h2>3. rendk\u00edv\u00fcli k\u00f6zgy\u0171l\u00e9s<\/h2>\n<p><em>2025. janu\u00e1r 28., 13.00 CET<\/em><br \/><em>Hibrid:<\/em><br \/><em>Jasna 10\/3, Vars\u00f3<\/em><br \/><em>@ https:\/\/pro.fairteaching.net\/r\/ECF<\/em><\/p>\n<ol>\n<li>A k\u00f6zgy\u0171l\u00e9s szab\u00e1lyszer\u0171 \u00f6sszeh\u00edv\u00e1s\u00e1nak meg\u00e1llap\u00edt\u00e1sa, a hat\u00e1rozatk\u00e9pess\u00e9g meg\u00e1llap\u00edt\u00e1sa.<\/li>\n<li>Az Igazgat\u00f3s\u00e1g \u00e9s a Fel\u00fcgyel\u0151bizotts\u00e1g eln\u00f6k\u00e9nek jelent\u00e9se.<\/li>\n<li>Az Igazgat\u00f3tan\u00e1cs elj\u00e1r\u00e1si szab\u00e1lyzat\u00e1nak j\u00f3v\u00e1hagy\u00e1sa.<\/li>\n<li>Az Igazgat\u00f3tan\u00e1cs tagjainak megv\u00e1laszt\u00e1sa<\/li>\n<li>A fel\u00fcgyel\u0151bizotts\u00e1g tagjainak megv\u00e1laszt\u00e1sa<\/li>\n<li>Az alapszab\u00e1ly m\u00f3dos\u00edt\u00e1sa<br \/>\n<h3 style=\"padding-left: 40px;\">18. \u00a7 A sz\u00f6vetkezet k\u00e9pviselete<\/h3>\n<ol>\n<li style=\"list-style-type: none;\">\n<ol>\n<li>Az igazgat\u00f3s\u00e1g k\u00e9pviseli a sz\u00f6vetkezetet a b\u00edr\u00f3s\u00e1gon \u00e9s a b\u00edr\u00f3s\u00e1gon k\u00edv\u00fcl.<\/li>\n<li>A sz\u00f6vetkezet k\u00e9pviselet\u00e9re az igazgat\u00f3s\u00e1g k\u00e9t tagja egy\u00fcttesen jogosult, akik k\u00f6z\u00fcl az egyiknek az eln\u00f6knek vagy eln\u00f6khelyettesnek, az eln\u00f6knek vagy eln\u00f6khelyettesnek pedig egy al\u00e1\u00edr\u00e1sra jogosult szem\u00e9llyel egy\u00fctt kell lennie.<\/li>\n<li>A sz\u00f6vetkezet nev\u00e9ben t\u00f6rt\u00e9n\u0151 al\u00e1\u00edr\u00e1s oly m\u00f3don t\u00f6rt\u00e9nik, hogy az eln\u00f6k \u00e9s az eln\u00f6khelyettes vagy egyik\u00fck egy m\u00e1sik igazgat\u00f3s\u00e1gi taggal vagy egy al\u00e1\u00edr\u00e1sra jogosult szem\u00e9llyel egy\u00fctt a c\u00e9gn\u00e9vhez csatolja al\u00e1\u00edr\u00e1s\u00e1t.<\/li>\n<\/ol>\n<\/li>\n<\/ol>\n<h3 style=\"padding-left: 40px;\">35. \u00a7 T\u00f6bbs\u00e9gi k\u00f6vetelm\u00e9nyek<\/h3>\n<ol>\n<li style=\"list-style-type: none;\">\n<ol>\n<li>A k\u00f6zgy\u0171l\u00e9s hat\u00e1rozatait egyszer\u0171 sz\u00f3t\u00f6bbs\u00e9ggel kell elfogadni. A 34. \u00a7 (2) bekezd\u00e9s\u00e9ben felsorolt napirendi pontokra vonatkoz\u00f3 hat\u00e1rozatokhoz a leadott \u00e9rv\u00e9nyes szavazatok h\u00e1romnegyedes t\u00f6bbs\u00e9ge sz\u00fcks\u00e9ges. A szavaz\u00e1s eredm\u00e9ny\u00e9nek meg\u00e1llap\u00edt\u00e1sakor a tart\u00f3zkod\u00e1sokat nem kell figyelembe venni.<\/li>\n<\/ol>\n<\/li>\n<\/ol>\n<h3 style=\"padding-left: 40px;\">VIII. A c\u00e9gjegyz\u00e9kbe val\u00f3 bejegyz\u00e9s<\/h3>\n<h4 style=\"padding-left: 40px;\">\u00a7 45.<\/h4>\n<p style=\"padding-left: 40px;\">Az alapszab\u00e1lyt be kell k\u00e9rni a c\u00e9gjegyz\u00e9kbe val\u00f3 bejegyz\u00e9st. A bejegyz\u00e9ssel az igazgat\u00f3s\u00e1g k\u00f6vetkez\u0151 tagjai vannak megb\u00edzva: Ingo Leindecker<br \/>Ha a b\u00edr\u00f3s\u00e1g a bejegyz\u00e9st att\u00f3l a felt\u00e9telt\u0151l teszi f\u00fcgg\u0151v\u00e9, hogy az alapszab\u00e1ly egyes rendelkez\u00e9seit &#8211; k\u00fcl\u00f6n\u00f6sen a c\u00e9gnevet is &#8211; m\u00f3dos\u00edtj\u00e1k, a fent eml\u00edtett tagok jogosultak a sz\u00fcks\u00e9ges m\u00f3dos\u00edt\u00e1sokat elv\u00e9gezni.<\/p>\n<\/li>\n<li>Egy\u00e9b<\/li>\n<\/ol>\n<p><strong>Amennyiben a k\u00f6zgy\u0171l\u00e9s nem hat\u00e1rozatk\u00e9pes, a jelenl\u00e9v\u0151 vagy k\u00e9pviselt tagok sz\u00e1m\u00e1ra val\u00f3 tekintet n\u00e9lk\u00fcl, f\u00e9l \u00f3ra v\u00e1rakoz\u00e1s ut\u00e1n jogosult d\u00f6nteni valamennyi napirendi pontr\u00f3l (34. \u00a7 (4) bekezd\u00e9s).<\/strong><\/p>\n<h1> <\/h1>\n<hr \/>\n<h1> <\/h1>\n<h1>COOP-tags\u00e1g \u00e9s adom\u00e1nyok<\/h1>\n<h1> <\/h1>\n<h2>A Display Europe Sz\u00f6vetkezet<\/h2>\n<p><img loading=\"lazy\" decoding=\"async\" src=\"https:\/\/archive.displayeurope.eu\/wp-content\/uploads\/2023\/12\/de-logo-inside.png\" alt=\"\" width=\"260\" height=\"90\" \/><\/p>\n<h2> <\/h2>\n<p><em>Felh\u00edvjuk a v\u00edzi\u00f3nkhoz igazod\u00f3 mag\u00e1nszem\u00e9lyeket \u00e9s szervezeteket, hogy gy\u0171ljenek \u00f6ssze, fogjanak \u00f6ssze, \u00e9s hozzanak l\u00e9tre egy olyan \u00e1talak\u00edt\u00f3 sz\u00f6vetkezetet, amely \u00fajradefini\u00e1lja az eur\u00f3pai m\u00e9diat\u00e1jk\u00e9pet. \u00c9p\u00edts\u00fcnk egy\u00fctt egy olyan platformot, amely megtestes\u00edti az egy\u00fcttm\u0171k\u00f6d\u00e9st, az innov\u00e1ci\u00f3t \u00e9s a mindenki sz\u00e1m\u00e1ra el\u00e9rhet\u0151 digit\u00e1lis k\u00f6zter\u00fclet k\u00f6z\u00f6s megteremt\u00e9s\u00e9re val\u00f3 t\u00f6rekv\u00e9st.<\/em><\/p>\n<h2>Kulcsfontoss\u00e1g\u00fa c\u00e9lkit\u0171z\u00e9sek:<\/h2>\n<ul>\n<li>Az eur\u00f3pai digit\u00e1lis k\u00f6zter\u00fclet el\u0151mozd\u00edt\u00e1sa: A civil t\u00e1rsadalom k\u00f6r\u00e9 \u00f6sszpontos\u00edtva egy olyan platformot k\u00edv\u00e1nunk l\u00e9trehozni, amely a k\u00f6zj\u00f3nak szenteli mag\u00e1t.<\/li>\n<li>A kommunik\u00e1ci\u00f3 \u00e9s az \u00fajs\u00e1g\u00edr\u00e1s fejleszt\u00e9se: A kollekt\u00edv \u00e9rdekeket el\u0151t\u00e9rbe helyez\u0151 \u00e9s a ny\u00edlt p\u00e1rbesz\u00e9det \u00f6szt\u00f6nz\u0151 kezdem\u00e9nyez\u00e9sek t\u00e1mogat\u00e1sa.<\/li>\n<\/ul>\n<h2> <\/h2>\n<h2>Strat\u00e9gi\u00e1k:<\/h2>\n<ul>\n<li>Egy p\u00e1neur\u00f3pai, civil t\u00e1rsadalmi tartalmakra \u00f6sszpontos\u00edt\u00f3, t\u00f6bbnyelv\u0171 eur\u00f3pai m\u00e9diaport\u00e1l\/platform l\u00e9trehoz\u00e1sa \u00e9s m\u0171k\u00f6dtet\u00e9se.<\/li>\n<li>A m\u00e9diaplatformok eur\u00f3pai h\u00e1l\u00f3zat\u00e1nak l\u00e9trehoz\u00e1s\u00e1nak t\u00e1mogat\u00e1sa.<\/li>\n<li>A fenntarthat\u00f3 technol\u00f3giai ny\u00edlt forr\u00e1sk\u00f3d\u00fa fejleszt\u00e9s \u00e9s karbantart\u00e1s el\u0151seg\u00edt\u00e9se.<\/li>\n<li>A fejleszt\u0151k \u00e9s \u00fajs\u00e1g\u00edr\u00f3k sz\u00e1m\u00e1ra \u00f6szt\u00f6nz\u0151 k\u00f6rnyezet megteremt\u00e9se.<\/li>\n<li>Fenntarthat\u00f3 finansz\u00edroz\u00e1si modellek kidolgoz\u00e1sa, bele\u00e9rtve az el\u0151fizet\u00e9si lehet\u0151s\u00e9geket \u00e9s a szindik\u00e1ci\u00f3t.<\/li>\n<\/ul>\n<h2> <\/h2>\n<h2>Motiv\u00e1ci\u00f3:<\/h2>\n<ul>\n<li>Fenntarthat\u00f3s\u00e1g: A hossz\u00fa t\u00e1v\u00fa \u00e9letk\u00e9pess\u00e9g \u00e9s stabilit\u00e1s biztos\u00edt\u00e1sa.<\/li>\n<li>A felel\u0151ss\u00e9g korl\u00e1toz\u00e1sa \u00e9s a kock\u00e1zatmegoszt\u00e1s: Az \u00e9rdekelt felek \u00e9rdekeinek v\u00e9delme.<\/li>\n<li>Saj\u00e1t t\u0151ke gener\u00e1l\u00e1sa: A tagok p\u00e9nz\u00fcgyi t\u00e1mogat\u00e1s\u00e1nak \u00f6szt\u00f6nz\u00e9se.<\/li>\n<li>Soksz\u00edn\u0171 civil t\u00e1rsadalmi szponzor\u00e1ci\u00f3: A t\u00e1mogat\u00e1s sz\u00e9les spektrum\u00e1nak lehet\u0151v\u00e9 t\u00e9tele.<\/li>\n<li>Demokratikus platformir\u00e1ny\u00edt\u00e1s: A tagok bevon\u00e1sa a d\u00f6nt\u00e9shozatali folyamatokba.<\/li>\n<li>Hossz\u00fa t\u00e1v\u00fa fejleszt\u00e9si perspekt\u00edva: Az \u00e9rdekelt felek bevon\u00e1sa a tart\u00f3s n\u00f6veked\u00e9s \u00e9rdek\u00e9ben.<\/li>\n<\/ul>\n<h2> <\/h2>\n<h2>M\u00e9rf\u00f6ldk\u00f6vek:<\/h2>\n<ul>\n<li>Az alap\u00edt\u00f3 k\u00f6zgy\u0171l\u00e9sre 2023. okt\u00f3ber 9-\u00e9n ker\u00fclt sor; a sz\u00e9khely B\u00e9csben\/\u00d6sterreichban van.<\/li>\n<li>Alap\u00edt\u00f3 tagok: Eur\u00f3pai Kultur\u00e1lis Alap\u00edtv\u00e1ny, CMFE &#8211; Community Media Forum Europe, Cultural Broadcasting Archive, Eurozine, fairkom, Krytyka Polityczna, Voxeurop.<\/li>\n<li>\u00daj tagok felv\u00e9tele: V\u00e1rhat\u00f3an 2024 tavasz\u00e1n<\/li>\n<\/ul>\n<h2>Mi\u00e9rt \u00e9rdemes adom\u00e1nyozni?<\/h2>\n<h4>El\u0151ny\u00f6k:<\/h4>\n<ul>\n<li>Nagyszer\u0171 t\u00f6rt\u00e9netek a kontinens sz\u00e1mos sark\u00e1b\u00f3l, 15 nyelvre leford\u00edtva.<\/li>\n<li>H\u00edrlev\u00e9l szolg\u00e1ltat\u00e1s (opt-in)<\/li>\n<li>Ingyenes <a href=\"https:\/\/displayeurope.social\">Mastodon-fi\u00f3k<\/a> (k\u00e9rj\u00fck, regisztr\u00e1ljon a Display Europe bejelentkez\u00e9si kulcs\u00e9rt)<\/li>\n<\/ul>\n<p>Sz\u00e1mos \u00f6tlet\u00fcnk van a platform b\u0151v\u00edt\u00e9s\u00e9re \u00e9s tov\u00e1bbi hasznos online szolg\u00e1ltat\u00e1sokkal val\u00f3 kieg\u00e9sz\u00edt\u00e9s\u00e9re, hogy a Display Europe az \u00d6n digit\u00e1lis b\u00e1zis\u00e1v\u00e1 v\u00e1ljon. Minden hozz\u00e1j\u00e1rul\u00e1s seg\u00edt tov\u00e1bbfejleszteni egy f\u00fcggetlen m\u00e9diak\u00f6zpontot!<\/p>\n\n<p>\n<a href=\"https:\/\/kulturspenden.at\/donations\/spende-an-display-europe\" target=\"_blank\" rel=\"noopener\">\n\t<div class=\"donation-logo\" style=\"position:relative;max-width:10rem;padding:0;margin:0;\">\n\t\t<svg viewbox=\"0 0 205.9 39.69\" style=\"position: absolute; top: 0px; left: 0px; width: 100%; height: 100%;\"><path d=\"m34.56,11.36l1.82-1.82c.17-.17.22-.33.22-.55v-.17c0-4.85-3.8-8.82-8.82-8.82-2.26,0-4.57.94-6.23,2.59l-3.64,3.64v-3.36c0-.5-.39-.88-.88-.88H.88c-.5,0-.88.39-.88.88v33.95c0,.5.39.88.88.88h16.15c.5,0,.88-.39.88-.88v-3.36l5.95,5.95c.22.22.44.28.66.28s.44-.06.66-.28l13.34-13.34c1.65-1.65,2.59-3.86,2.59-6.23,0-3.91-2.65-7.39-6.56-8.49h0Zm-11.35-7.11c1.21-1.21,2.87-1.93,4.57-1.93,3.42,0,6.23,2.59,6.45,6.06l-8.99,8.99c-1.23-4.52-5.52-6.35-8.31-6.35h-.5l6.78-6.78h0Zm-7.61,31.14H2.32V4.3h13.28v4.24l-5.07,5.07c-1.65,1.65-2.59,3.86-2.59,6.23s.94,4.57,2.59,6.23l5.07,5.07v4.24h0Zm21.28-10.97l-12.35,12.35-12.35-12.35c-1.27-1.27-1.93-2.92-1.93-4.57,0-3.69,2.92-6.5,6.5-6.5s6.5,2.81,6.5,6.5c0,.66.5,1.16,1.16,1.16.5,0,.83-.33,1.27-.77l6.89-6.89c3.47.17,6.23,2.92,6.23,6.5,0,1.65-.66,3.31-1.93,4.57h0Z\" stroke-width=\"0\" fill=\"#1a171b\"><\/path><path d=\"m205.69,23.89c-.07-.22-.26-.22-.43-.14-.19.07-.43.17-.82.17-.58,0-.89-.29-.89-1.18v-5.25h2.35c.14,0,.31-.12.31-.31v-1.39c0-.19-.17-.31-.31-.31h-2.35v-1.87c0-.12-.1-.34-.34-.31l-1.65.12-.29,2.06h-1.15c-.12,0-.29.12-.29.31v1.39c0,.19.17.31.31.31h1.03v5.18c0,2.83,1.68,3.41,3,3.41,1.39,0,2.11-.58,1.99-.91l-.48-1.27h0Zm-10.22-.43c-.62.55-1.22.77-1.8.77-.72,0-1.22-.41-1.22-1.1,0-.6.36-1.03,1.03-1.29l1.65-.62.34.1v2.16-.02Zm3.43.89c-.02-.19-.12-.26-.31-.26-.65,0-.86-.14-.86-.89v-4.03c0-2.59-1.46-3.91-3.79-3.91-1.92,0-3.31,1.1-3.74,2.71-.07.26.02.38.22.46l1.37.46c.17.05.36.02.46-.26.26-.86.74-1.34,1.65-1.34.79,0,1.56.34,1.56,1.53v.31l-.24.34-2.37.79c-1.68.55-2.76,1.51-2.76,2.95,0,1.75,1.46,2.88,3,2.88,1.08,0,1.75-.36,2.33-.86h.82c.17.31.7.79,1.53.79.62,0,1.25-.14,1.22-.58l-.07-1.08h-.02Zm-10.86,1.58c.22,0,.41-.19.41-.41v-2.16c0-.22-.19-.41-.41-.41h-1.92c-.22,0-.41.19-.41.41v2.16c0,.22.19.41.41.41h1.92Zm-4.53,0c.19,0,.31-.17.31-.31v-6.59c0-2.81-1.97-3.72-3.17-3.72-.98,0-1.77.34-2.4.91h-.89l-.1-.46c-.02-.14-.1-.34-.36-.34h-1.32c-.17,0-.31.14-.31.31v9.88c0,.14.12.31.31.31h1.75c.19,0,.31-.17.31-.31v-6.45c0-1.27,1.15-1.77,2.06-1.77,1.06,0,1.73.65,1.73,1.63v6.59c0,.14.12.31.31.31h1.77Zm-11.27-4.75c.7,0,.84-.34.84-1.29,0-2.66-1.85-4.63-4.51-4.63-3,0-4.94,2.54-4.94,5.4s1.75,5.42,4.94,5.42c2.54,0,3.86-1.65,4.36-2.95.05-.14.05-.31-.17-.41l-1.41-.6c-.19-.07-.36,0-.46.22-.34.84-.86,1.73-2.33,1.73s-2.35-1.13-2.52-2.42l.36-.46h5.84Zm-6.09-1.77c.24-1.2,1.22-2.13,2.42-2.13s2.11.84,2.11,2.13h-4.53Zm-6.79,1.89c0,1.44-.82,2.71-2.45,2.71-1.82,0-2.59-1.58-2.59-3.36s.77-3.33,2.59-3.33c1.63,0,2.45,1.22,2.45,2.69v1.29Zm-3.09-6.04c-2.3,0-4.36,2.21-4.36,5.37,0,2.9,1.7,5.44,4.36,5.44,1.03,0,1.82-.36,2.42-.94h.84l.1.48c.02.14.12.31.31.31h1.37c.19,0,.31-.17.31-.31v-15.16c0-.14-.12-.31-.31-.31h-1.75c-.19,0-.31.17-.31.31v5.54l-.58.19c-.6-.58-1.41-.94-2.4-.94m-6.64,10.67c.19,0,.31-.17.31-.31v-6.59c0-2.81-1.97-3.72-3.17-3.72-.98,0-1.77.34-2.4.91h-.89l-.1-.46c-.02-.14-.1-.34-.36-.34h-1.32c-.17,0-.31.14-.31.31v9.88c0,.14.12.31.31.31h1.75c.19,0,.31-.17.31-.31v-6.45c0-1.27,1.15-1.77,2.06-1.77,1.06,0,1.73.65,1.73,1.63v6.59c0,.14.12.31.31.31h1.77Zm-11.15-4.75c.7,0,.84-.34.84-1.29,0-2.66-1.85-4.63-4.51-4.63-3,0-4.94,2.54-4.94,5.4s1.75,5.42,4.94,5.42c2.54,0,3.86-1.65,4.36-2.95.05-.14.05-.31-.17-.41l-1.41-.6c-.19-.07-.36,0-.46.22-.34.84-.86,1.73-2.33,1.73s-2.35-1.13-2.52-2.42l.36-.46h5.84Zm-6.09-1.77c.24-1.2,1.22-2.13,2.42-2.13s2.11.84,2.11,2.13h-4.53Zm-11.44.65c0-1.44.82-2.73,2.45-2.73,1.82,0,2.59,1.58,2.59,3.36s-.77,3.33-2.59,3.33c-1.63,0-2.45-1.2-2.45-2.66v-1.29h0Zm3.09,6.02c2.3,0,4.36-2.18,4.36-5.37,0-2.88-1.73-5.44-4.36-5.44-1.03,0-1.82.38-2.42.96h-.84l-.1-.48c-.02-.14-.12-.31-.31-.31h-1.37c-.19,0-.31.17-.31.31v14.65c0,.14.12.31.31.31h1.75c.19,0,.31-.17.31-.31v-5.04l.58-.19c.6.58,1.41.91,2.4.91m-11.25-6.81c-.7-.31-1.08-.55-1.08-1.13s.7-.94,1.37-.94c.94,0,1.25.53,1.46,1.22.07.26.26.29.43.24l1.41-.5c.19-.07.26-.14.19-.43-.41-1.39-1.56-2.47-3.5-2.47-2.16,0-3.62,1.39-3.62,2.88,0,1.22.72,2.18,2.04,2.85.77.38,1.1.5,1.99.94.74.36,1.01.62,1.01,1.1,0,.58-.53,1.1-1.61,1.1-1.22,0-1.68-.91-1.8-1.77-.02-.24-.17-.31-.41-.24l-1.51.5c-.14.05-.22.17-.19.36.29,1.89,1.97,3.12,3.86,3.12,2.16,0,3.91-1.29,3.91-3.17,0-1.32-.82-2.21-2.3-2.93-.6-.29-1.18-.53-1.65-.74m-8.92,6.67c.19,0,.31-.17.31-.31v-5.37c0-1.68.72-2.76,1.73-2.76.55,0,.91.19,1.27.43.19.12.38,0,.46-.17l.72-1.56c.05-.12,0-.26-.14-.41-.19-.19-.72-.53-1.39-.53-.79,0-1.39.31-2.04,1.08h-.89l-.1-.58c-.02-.14-.1-.34-.36-.34h-1.32c-.17,0-.31.14-.31.31v9.88c0,.14.12.31.31.31h1.75v.02Zm-4.99,0c.17,0,.31-.14.31-.31v-9.88c0-.14-.12-.31-.31-.31h-1.75c-.19,0-.31.17-.31.31v6.45c0,1.27-1.15,1.77-2.06,1.77-1.06,0-1.73-.65-1.73-1.63v-6.59c0-.14-.12-.31-.31-.31h-1.75c-.19,0-.31.17-.31.31v6.59c0,2.81,1.97,3.72,3.17,3.72.98,0,1.77-.34,2.4-.91h.89l.1.46c.02.14.1.34.36.34h1.32-.02Zm-10.62-2.04c-.07-.22-.26-.22-.43-.14-.19.07-.43.17-.82.17-.58,0-.89-.29-.89-1.18v-5.25h2.35c.14,0,.31-.12.31-.31v-1.39c0-.19-.17-.31-.31-.31h-2.35v-1.87c0-.12-.1-.34-.34-.31l-1.65.12-.29,2.06h-1.15c-.12,0-.29.12-.29.31v1.39c0,.19.17.31.31.31h1.03v5.18c0,2.83,1.68,3.41,3,3.41,1.39,0,2.11-.58,1.99-.91l-.48-1.27h.01Zm-7.99,2.04c.19,0,.31-.17.31-.31v-15.16c0-.14-.12-.31-.31-.31h-1.75c-.19,0-.31.17-.31.31v15.16c0,.14.12.31.31.31h1.75Zm-4.99,0c.17,0,.31-.14.31-.31v-9.88c0-.14-.12-.31-.31-.31h-1.75c-.19,0-.31.17-.31.31v6.45c0,1.27-1.15,1.77-2.06,1.77-1.06,0-1.73-.65-1.73-1.63v-6.59c0-.14-.12-.31-.31-.31h-1.75c-.19,0-.31.17-.31.31v6.59c0,2.81,1.97,3.72,3.17,3.72.98,0,1.77-.34,2.4-.91h.89l.1.46c.02.14.1.34.36.34h1.32-.02Zm-9.81,0c.26,0,.41-.26.24-.5l-4.08-5.68,3.6-3.81c.14-.17.07-.5-.24-.5h-2.09c-.12,0-.19.05-.26.12l-3.62,4.03v-9.11c0-.14-.12-.31-.31-.31h-1.75c-.19,0-.31.17-.31.31v15.16c0,.14.12.31.31.31h1.75c.19,0,.31-.17.31-.31v-3.14l.67-.72h.62l2.81,4c.1.12.14.17.26.17h2.09v-.02Z\" stroke-width=\"0\" fill=\"#1a171b\"><\/path><\/svg><div class=\"css-175oi2r\" style=\"opacity: 0;\"><svg viewbox=\"0 0 205.9 39.69\"><path d=\"m24.53,36.77l-12.35-12.35c-1.27-1.27-1.93-2.92-1.93-4.57,0-3.69,2.92-6.5,6.5-6.5s6.5,2.81,6.5,6.5c0,.66.5,1.16,1.16,1.16.5,0,.83-.33,1.27-.77l6.89-6.89c3.47.17,6.23,2.92,6.23,6.5,0,1.65-.66,3.31-1.93,4.57l-12.35,12.35h.01Z\" stroke-width=\"0\" fill=\"#d51130\"><\/path><path d=\"m12.93,25.16c-1.05-1.05-1.6-2.43-1.6-3.81,0-3.04,2.49-5.41,5.41-5.41s5.41,2.36,5.41,5.32c0,.99.84,1.81,1.84,1.81.77,0,1.24-.39,1.9-1.05l8.39-8.39c-.49-.14-1.18-.26-1.71-.28l-6.89,6.89c-.44.44-.77.77-1.27.77-.66,0-1.16-.5-1.16-1.16,0-3.69-2.87-6.5-6.5-6.5s-6.5,2.81-6.5,6.5c0,1.65.66,3.31,1.93,4.57l.75.75h0Z\" stroke-width=\"0\" fill=\"#8d191d\"><\/path><\/svg><\/div>\n\t<\/div>\n<\/a>\n<\/p>\n","protected":false},"excerpt":{"rendered":"<p>General Assembly A Display Europe Sz\u00f6vetkezet 3. rendk\u00edv\u00fcli k\u00f6zgy\u0171l\u00e9s 2025. janu\u00e1r 28., 13.00 CETHibrid:Jasna 10\/3, Vars\u00f3@ https:\/\/pro.fairteaching.net\/r\/ECF A k\u00f6zgy\u0171l\u00e9s szab\u00e1lyszer\u0171 \u00f6sszeh\u00edv\u00e1s\u00e1nak meg\u00e1llap\u00edt\u00e1sa, a hat\u00e1rozatk\u00e9pess\u00e9g meg\u00e1llap\u00edt\u00e1sa. Az Igazgat\u00f3s\u00e1g \u00e9s a Fel\u00fcgyel\u0151bizotts\u00e1g eln\u00f6k\u00e9nek jelent\u00e9se. Az Igazgat\u00f3tan\u00e1cs elj\u00e1r\u00e1si szab\u00e1lyzat\u00e1nak j\u00f3v\u00e1hagy\u00e1sa. Az Igazgat\u00f3tan\u00e1cs tagjainak megv\u00e1laszt\u00e1sa A fel\u00fcgyel\u0151bizotts\u00e1g tagjainak megv\u00e1laszt\u00e1sa Az alapszab\u00e1ly m\u00f3dos\u00edt\u00e1sa 18. \u00a7 A sz\u00f6vetkezet k\u00e9pviselete Az igazgat\u00f3s\u00e1g [&hellip;]<\/p>\n","protected":false},"author":1,"featured_media":0,"parent":0,"menu_order":0,"comment_status":"closed","ping_status":"closed","template":"","meta":{"footnotes":""},"class_list":["post-6680","page","type-page","status-publish","hentry"],"_links":{"self":[{"href":"https:\/\/archive.displayeurope.eu\/hu\/wp-json\/wp\/v2\/pages\/6680","targetHints":{"allow":["GET"]}}],"collection":[{"href":"https:\/\/archive.displayeurope.eu\/hu\/wp-json\/wp\/v2\/pages"}],"about":[{"href":"https:\/\/archive.displayeurope.eu\/hu\/wp-json\/wp\/v2\/types\/page"}],"author":[{"embeddable":true,"href":"https:\/\/archive.displayeurope.eu\/hu\/wp-json\/wp\/v2\/users\/1"}],"replies":[{"embeddable":true,"href":"https:\/\/archive.displayeurope.eu\/hu\/wp-json\/wp\/v2\/comments?post=6680"}],"version-history":[{"count":4,"href":"https:\/\/archive.displayeurope.eu\/hu\/wp-json\/wp\/v2\/pages\/6680\/revisions"}],"predecessor-version":[{"id":50248,"href":"https:\/\/archive.displayeurope.eu\/hu\/wp-json\/wp\/v2\/pages\/6680\/revisions\/50248"}],"wp:attachment":[{"href":"https:\/\/archive.displayeurope.eu\/hu\/wp-json\/wp\/v2\/media?parent=6680"}],"curies":[{"name":"wp","href":"https:\/\/api.w.org\/{rel}","templated":true}]}}