{"id":9234,"date":"2023-09-19T09:10:34","date_gmt":"2023-09-19T07:10:34","guid":{"rendered":"https:\/\/archive.displayeurope.eu\/impresszum\/"},"modified":"2024-09-05T07:49:22","modified_gmt":"2024-09-05T05:49:22","slug":"impresszum-konfliktus-feloldas","status":"publish","type":"page","link":"https:\/\/archive.displayeurope.eu\/hu\/impresszum-konfliktus-feloldas\/","title":{"rendered":"Impresszum \u00e9s konfliktusmegold\u00e1s"},"content":{"rendered":"\n<h1 class=\"wp-block-heading\">Impresszum<\/h1>\n\n<p>K\u00f6zz\u00e9t\u00e9teli k\u00f6telezetts\u00e9g a m\u00e9diat\u00f6rv\u00e9ny (\u00d6sterreichisches Mediengesetz) 25. \u00a7 (5) bekezd\u00e9se alapj\u00e1n<\/p>\n\n<h2 class=\"wp-block-heading\">Platform\u00fczemeltet\u0151 \/ M\u00e9diatulajdonos<\/h2>\n\n<p>Display Europe<br\/>c\/o OKTO.TV<br\/>Missindorfstra\u00dfe 19<br\/>1140 B\u00e9cs<br\/>Ausztria Ausztria<\/p>\n\n<p>E-mail: <a href=\"mailto:coop@displayeurope.eu\">coop@displayeurope.eu<\/a><\/p>\n\n<h2 class=\"wp-block-heading\">Szervezet r\u00e9szletei<\/h2>\n\n<p>Az alap\u00edt\u00f3 k\u00f6zgy\u0171l\u00e9sre 2023. okt\u00f3ber 16-\u00e1n ker\u00fclt sor. A c\u00e9gjegyz\u00e9kbe 2024. febru\u00e1r 8-\u00e1n jegyezt\u00e9k be.<\/p>\n\n<p>\u00dcgyvezet\u0151 igazgat\u00f3: Alexander Baratsits<\/p>\n\n<p>Fel\u00fcgyel\u0151bizotts\u00e1gi tagok: Menno Weijs (Eur\u00f3pai Kultur\u00e1lis Alap\u00edtv\u00e1ny), Vladimir Radinovi\u0107 (EMKA), Paul Salvan\u00e8s (Voxeurop), Roland Alton-Scheidl (fairkom).<\/p>\n\n<p>C\u00e9gjegyz\u00e9ksz\u00e1m: FN619589k (Handelsgericht Wien)<\/p>\n\n<p>UID: ATU8076868689<\/p>\n\n<h2 class=\"wp-block-heading\">Jogi r\u00e9szletek<\/h2>\n\n<p>Alkalmazand\u00f3 jogi rendelkez\u00e9sek: Audiovizu\u00e1lis m\u00e9diaszolg\u00e1ltat\u00e1sokr\u00f3l sz\u00f3l\u00f3 t\u00f6rv\u00e9ny (AMD-G), m\u00e9diat\u00f6rv\u00e9ny.<\/p>\n\n<p>Szab\u00e1lyoz\u00f3 hat\u00f3s\u00e1g: KommAustria, Mariahilfer Strasse 77-79, 1060 B\u00e9cs.<\/p>\n\n<h2 class=\"wp-block-heading\">A szervezet c\u00e9lja \u00e9s nyilatkozat az ir\u00e1nyults\u00e1gr\u00f3l<\/h2>\n\n<p>A Display Europe olyan m\u00e9diaplatformot m\u0171k\u00f6dtet, amely i) p\u00e1neur\u00f3pai m\u00e9diatartalmakat tesz k\u00f6zz\u00e9, az alapvet\u0151 jogokra ir\u00e1nyul, \u00e9s igyekszik megfelelni a Journalism Trust Initiative keretrendszer\u00e9nek. (ii) m\u00e9diatartalmaknak ad otthont, k\u00fcl\u00f6n\u00f6sen a civil t\u00e1rsadalmi kezdem\u00e9nyez\u00e9sekb\u0151l, \u00e9s ny\u00edlt hozz\u00e1f\u00e9r\u00e9st biztos\u00edt az ilyen tartalmak k\u00f6zz\u00e9t\u00e9tel\u00e9hez.<\/p>\n\n<h2 class=\"wp-block-heading\">displayeurope.eu<\/h2>\n\n<p>A displayeurope.eu egy \u00fatt\u00f6r\u0151 m\u00e9diaplatform, amely a k\u00f6z\u00e9rdek\u0171 \u00e9rt\u00e9kekre \u00e9p\u00fcl. A platform az eg\u00e9sz kontinens polg\u00e1rai sz\u00e1m\u00e1ra hozz\u00e1f\u00e9r\u00e9st biztos\u00edt megb\u00edzhat\u00f3 inform\u00e1ci\u00f3khoz \u00e9s egy olyan k\u00e9phez Eur\u00f3p\u00e1r\u00f3l, amelyet a mainstream vagy nemzeti m\u00e9dia \u00e1ltal\u00e1ban nem k\u00f6zvet\u00edt. A displayeurope.eu ford\u00edt\u00e1s, szindik\u00e1l\u00e1s \u00e9s eredetileg l\u00e9trehozott tartalmak r\u00e9v\u00e9n \u00f6sszegy\u0171jti \u00e9s terjeszti a megb\u00edzhat\u00f3 m\u00e9di\u00e1t Eur\u00f3pa-szerte. A displayeurope.eu egy szuver\u00e9n, \u00f6nkorm\u00e1nyzott, ny\u00edlt forr\u00e1sk\u00f3d\u00fa digit\u00e1lis infrastrukt\u00far\u00e1ra \u00e9p\u00fcl, \u00e9s elszakad a Big Tech k\u00f6z\u00f6ss\u00e9gi m\u00e9dia \u00e9s streaming platformokt\u00f3l, amelyek jelenleg sz\u0171rik \u00e9s keretbe foglalj\u00e1k a m\u00e9diatermel\u00e9st. Eur\u00f3pa demokratikusabb megjelen\u00edt\u00e9s\u00e9ben a displayeurope.eu az eg\u00e9sz kontinensen a demokr\u00e1ci\u00e1t fogja szolg\u00e1lni.<\/p>\n\n<hr class=\"wp-block-separator has-alpha-channel-opacity\"\/>\n\n<h1 class=\"wp-block-heading\">Konfliktuskezel\u00e9s<\/h1>\n\n<p>Ha jogi jogs\u00e9rt\u00e9ssel tal\u00e1lkozik, k\u00e9rj\u00fck, k\u00fcldje el k\u00e9r\u00e9s\u00e9t e-mailben. Fontos, hogy a lehet\u0151 legpontosabban fogalmazzon (k\u00e9perny\u0151k\u00e9p, link stb.), hogy pontosan tudjuk, mi a probl\u00e9ma.<br\/>A k\u00fcld\u00e9st k\u00f6vet\u0151en visszaigazol\u00e1st kap az e-mail k\u00e9zhezv\u00e9tel\u00e9r\u0151l.<\/p>\n\n<p>K\u00e9rj\u00fck, k\u00fcldje el ezt az e-mailt a <a href=\"mailto:support@displayeurope.eu\">support@displayeurope.eu<\/a> c\u00edmre, vagy \u00edrjon egy jegyet ezzel a c\u00edmmel. <\/p>\n\n<button id=\"zammad-feedback-form\">Visszajelz\u00e9si \u0171rlap<\/button><script id=\"zammad_form_script\" src=\"https:\/\/helpdesk.displayeurope.eu\/assets\/form\/form.js\"><\/script><script>\njQuery(document).ready(function($) {\n$(function() {\n  $('#zammad-feedback-form').ZammadForm({\n    messageTitle: 'Feedback-Formular',\n    messageSubmit: 'Send',\n    messageThankYou: 'Ticket #%s.',\n    modal: true\n  });\n});\n});\n<\/script>\n\n<hr class=\"wp-block-separator has-alpha-channel-opacity\"\/>\n\n<script src=\"https:\/\/helpdesk.displayeurope.eu\/assets\/chat\/chat.min.js\"><\/script>\n<script>\njQuery(document).ready(function($) {\n$(function() {\n  new ZammadChat({\n    fontSize: '12px',\n    chatId: 1\n  });\n});\n});\n<\/script>\n\n<p>Utols\u00f3 friss\u00edt\u00e9s: szeptember 03 2024<\/p>\n\n<p><\/p>\n\n<figure class=\"wp-block-image size-full\"><img loading=\"lazy\" decoding=\"async\" width=\"611\" height=\"204\" src=\"https:\/\/archive.displayeurope.eu\/wp-content\/uploads\/2023\/06\/DisplayLogo_Tag.png\" alt=\"\" class=\"wp-image-7674\" srcset=\"https:\/\/archive.displayeurope.eu\/wp-content\/uploads\/2023\/06\/DisplayLogo_Tag.png 611w, https:\/\/archive.displayeurope.eu\/wp-content\/uploads\/2023\/06\/DisplayLogo_Tag-360x120.png 360w\" sizes=\"auto, (max-width: 611px) 100vw, 611px\" \/><\/figure>\n","protected":false},"excerpt":{"rendered":"<p>Impresszum K\u00f6zz\u00e9t\u00e9teli k\u00f6telezetts\u00e9g a m\u00e9diat\u00f6rv\u00e9ny (\u00d6sterreichisches Mediengesetz) 25. \u00a7 (5) bekezd\u00e9se alapj\u00e1n Platform\u00fczemeltet\u0151 \/ M\u00e9diatulajdonos Display Europec\/o OKTO.TVMissindorfstra\u00dfe 191140 B\u00e9csAusztria Ausztria E-mail: coop@displayeurope.eu Szervezet r\u00e9szletei Az alap\u00edt\u00f3 k\u00f6zgy\u0171l\u00e9sre 2023. okt\u00f3ber 16-\u00e1n ker\u00fclt sor. A c\u00e9gjegyz\u00e9kbe 2024. febru\u00e1r 8-\u00e1n jegyezt\u00e9k be. \u00dcgyvezet\u0151 igazgat\u00f3: Alexander Baratsits Fel\u00fcgyel\u0151bizotts\u00e1gi tagok: Menno Weijs (Eur\u00f3pai Kultur\u00e1lis Alap\u00edtv\u00e1ny), Vladimir Radinovi\u0107 (EMKA), Paul [&hellip;]<\/p>\n","protected":false},"author":1,"featured_media":0,"parent":0,"menu_order":0,"comment_status":"closed","ping_status":"closed","template":"","meta":{"footnotes":""},"class_list":["post-9234","page","type-page","status-publish","hentry"],"_links":{"self":[{"href":"https:\/\/archive.displayeurope.eu\/hu\/wp-json\/wp\/v2\/pages\/9234","targetHints":{"allow":["GET"]}}],"collection":[{"href":"https:\/\/archive.displayeurope.eu\/hu\/wp-json\/wp\/v2\/pages"}],"about":[{"href":"https:\/\/archive.displayeurope.eu\/hu\/wp-json\/wp\/v2\/types\/page"}],"author":[{"embeddable":true,"href":"https:\/\/archive.displayeurope.eu\/hu\/wp-json\/wp\/v2\/users\/1"}],"replies":[{"embeddable":true,"href":"https:\/\/archive.displayeurope.eu\/hu\/wp-json\/wp\/v2\/comments?post=9234"}],"version-history":[{"count":10,"href":"https:\/\/archive.displayeurope.eu\/hu\/wp-json\/wp\/v2\/pages\/9234\/revisions"}],"predecessor-version":[{"id":49162,"href":"https:\/\/archive.displayeurope.eu\/hu\/wp-json\/wp\/v2\/pages\/9234\/revisions\/49162"}],"wp:attachment":[{"href":"https:\/\/archive.displayeurope.eu\/hu\/wp-json\/wp\/v2\/media?parent=9234"}],"curies":[{"name":"wp","href":"https:\/\/api.w.org\/{rel}","templated":true}]}}