{"id":15125,"date":"2023-06-27T14:23:20","date_gmt":"2023-06-27T12:23:20","guid":{"rendered":"https:\/\/archive.displayeurope.eu\/la-nostra-visione\/"},"modified":"2024-10-09T13:47:10","modified_gmt":"2024-10-09T11:47:10","slug":"la-nostra-visione-faq","status":"publish","type":"page","link":"https:\/\/archive.displayeurope.eu\/it\/la-nostra-visione-faq\/","title":{"rendered":"La nostra visione e le FAQ"},"content":{"rendered":"\n<h1 class=\"wp-block-heading\">La nostra visione e le FAQ<\/h1>\n\n<h2 class=\"wp-block-heading\">\u00a0<\/h2>\n\n<h2 class=\"wp-block-heading\">La nostra visione<\/h2>\n\n<p><strong>Gli architetti di Display credono in un media europeo, fondato sui valori pubblici e sull&#8217;inclusivit\u00e0. <\/strong><\/p>\n\n<p>Contribuiscono a una comunicazione europea condivisa, perch\u00e9 le forze che non rispettano i confini plasmano la vita degli europei. Costruiscono uno spazio, indipendente dai governi e dalle influenze commerciali, in cui gli europei &#8211; indipendentemente dal loro background &#8211; possono connettersi, condividere idee, discutere opinioni e trovare informazioni affidabili per chiedere conto ai potenti.<\/p>\n\n<h2 class=\"wp-block-heading\">\u00a0<\/h2>\n\n<h3 class=\"wp-block-heading\">Gratuito e affidabile<\/h3>\n\n<p>Display Europe si propone di fornire ai cittadini di tutto il continente informazioni affidabili e prospettive spesso trascurate dai media tradizionali e nazionali. Concentrandosi su traduzione, syndication e contenuti originali, Display Europe cerca di offrire una visione completa dell&#8217;Europa, da Capo Roca allo spartiacque degli Urali. I contenuti originali comprenderanno rassegne stampa mensili regionali e tematiche, progetti multimediali transfrontalieri su argomenti di rilevanza europea e un talk show europeo settimanale. Sar\u00e0 un portale centrale e gratuito per contenuti curati, ricercabili e traducibili in 15 lingue europee.<\/p>\n\n<h2 class=\"wp-block-heading\">\u00a0<\/h2>\n\n<h3 class=\"wp-block-heading\">Partecipare e condividere<\/h3>\n\n<p>Impegnata nel coinvolgimento attivo del pubblico, la piattaforma incoragger\u00e0 i cittadini europei a plasmare attivamente i media e i loro valori. Funzioni come l&#8217;Article Club metteranno in contatto i lettori con i giornalisti, promuovendo una mentalit\u00e0 comunitaria nella produzione dei media. Inoltre, un modello dinamico di contenuti generati dagli utenti incoragger\u00e0 questi ultimi a condividere le loro prospettive europee uniche, con il supporto dei social media e di partnership con organizzazioni e campioni allineati.<\/p>\n\n<h2 class=\"wp-block-heading\">\u00a0<\/h2>\n\n<h3 class=\"wp-block-heading\">Sicuro ed etico<\/h3>\n\n<p>Come rete federata di piattaforme esistenti, Display Europe utilizza software open-source e protocolli aperti basati su processi rispettosi della privacy. La piattaforma \u00e8 costruita su un&#8217;infrastruttura digitale sovrana, autogestita e open-source, che garantisce l&#8217;indipendenza dalle piattaforme di social media e streaming delle Big Tech. A differenza di altre piattaforme, gli algoritmi di raccomandazione dei contenuti di Display guidano gli utenti in un percorso misto ed equilibrato. Display raccoglie dati personali solo se autorizzati e gli utenti possono scegliere di non raccoglierli.<\/p>\n\n<h2 class=\"wp-block-heading\">Domande frequenti<\/h2>\n\n<h3 class=\"wp-block-heading\">Che cos&#8217;\u00e8 Display Europe?<\/h3>\n\n<p>Display Europe \u00e8 una piattaforma mediatica che offre una prospettiva europea in 15 lingue. Offre Display Originals e contenuti multimediali federati forniti da una rete di organizzazioni mediatiche indipendenti di tutto il continente. Ancorata ai valori pubblici e all&#8217;inclusivit\u00e0, Display Europe \u00e8 realizzata con software open-source e si allontana dalle pratiche di raccolta dati non etiche delle Big Tech. I suoi algoritmi guidano gli utenti verso un&#8217;esperienza di contenuti misti ed equilibrati.<\/p>\n\n<p>Displayeurope.eu \u00e8 una piattaforma unica che fornisce l&#8217;accesso a un&#8217;ampia gamma di contenuti provenienti dai media europei. L&#8217;obiettivo \u00e8 quello di rompere le bolle di filtraggio e dare ai cittadini europei l&#8217;accesso a informazioni affidabili. La piattaforma copre vari aspetti dell&#8217;Europa che non sono tradizionalmente coperti dai media tradizionali o nazionali. Display Europe sta rivoluzionando il panorama dei media europei concentrandosi sulla traduzione, la diffusione e la produzione di contenuti originali. <\/p>\n\n<p>Lo sviluppo di displayeurope.eu \u00e8 gestito da un consorzio con diciassette membri del settore dei media indipendenti e della tecnologia etica, sotto il titolo Display Europe &#8211; Democracy Runs on Screens. Il progetto \u00e8 stato cofinanziato con una sovvenzione dell&#8217;Unione Europea.<\/p>\n\n<p>Inoltre, Display Europe &#8211; Democracy Runs on Screens gestisce anche due programmi di sovvenzioni: Display Europe Grant Call (chiuso) e Display Europe micro-grants Call (aperto su base mensile fino al 31 marzo 2023). Per maggiori informazioni sul bando micro-grants, si veda <a href=\"https:\/\/culturalfoundation.eu\/programmes\/display-europe\/\"><u>qui<\/u><\/a>. I beneficiari di queste sovvenzioni creeranno contenuti che saranno esposti su Display Europe. <\/p>\n\n<h3 class=\"wp-block-heading\">Come funziona Display Europe?<\/h3>\n\n<p>Display Europe \u00e8 un elemento cruciale dell&#8217;infrastruttura digitale che collega e fornisce l&#8217;accesso a un livello completamente nuovo di contenuti attraverso i media, i formati di pubblicazione e trasmissione, le regioni e le lingue. Funziona come una rete federata di piattaforme esistenti che opera con software open-source e protocolli aperti basati su processi rispettosi della privacy. Fornir\u00e0 una piattaforma di livellamento per i media che potrebbero non essere in grado di costruire e mantenere infrastrutture digitali costose e onerose, pur avendo contenuti rilevanti da offrire al pubblico internazionale. Il consorzio coinvolge i media comunitari e i creatori di contenuti di piccole e medie dimensioni e li agevola come comunit\u00e0 professionale internazionale in espansione.<\/p>\n\n<h3 class=\"wp-block-heading\">Chi gestisce Display Europe?<\/h3>\n\n<p><a href=\"https:\/\/culturalfoundation.eu\/programmes\/display-europe\/\"><u>Display Europa<\/u><\/a> \u00e8 gestito da un consorzio di <a href=\"https:\/\/culturalfoundation.eu\/\"><u>Fondazione Culturale Europea<\/u><\/a> (ECF), <a href=\"https:\/\/cba.media\/what-is-the-cba\"><u>Archivio Culturale Radiotelevisivo<\/u><\/a> (CBA), <a href=\"https:\/\/www.fairkom.eu\/\" data-type=\"link\" data-id=\"https:\/\/www.fairkom.eu\/\">fairkom<\/a>, Eurozine, Voxeurop, Hostwriter, Krytyka Polityczna, <a href=\"https:\/\/www.eldiario.es\/\"><u>El Diario<\/u><\/a>, Buone conversazioni, <a href=\"https:\/\/publicspaces.net\/\"><u>Spazi pubblici<\/u><\/a>, <a href=\"https:\/\/www.cmfe.eu\/\"><u>Forum dei media comunitari in Europa<\/u><\/a> (CMFE), <a href=\"https:\/\/www.human.nl\/\"><u>Umano<\/u><\/a>, <a href=\"https:\/\/www.vpro.nl\/\"><u>VPRO<\/u><\/a>, <a href=\"https:\/\/www.soundandvision.com\/\"><u>Suono e visione<\/u><\/a>, <a href=\"https:\/\/yepp.it\/ita\"><u>YEPP Italia<\/u><\/a>, Fanzingo e <a href=\"https:\/\/www.schumanshow.eu\/\"><u>Schuman Show<\/u><\/a>.<\/p>\n\n<h3 class=\"wp-block-heading\">Displayeurope.eu \u00e8 gratuito?<\/h3>\n\n<p>I contenuti del portale sono open source e liberamente accessibili senza paywall. Tuttavia, le raccomandazioni consentiranno di indirizzare i contenuti di qualit\u00e0 dietro i paywall sulle pagine web dei partner. Ci\u00f2 consentir\u00e0 anche <strong>ai partner<\/strong> di promuovere i propri contenuti attraverso la piattaforma. La piattaforma opera su un modello open-source e consente ai partner di promuovere i propri contenuti attraverso vari canali, tra cui social media, televisione, radio e giornali. Questo approccio enfatizza la collaborazione e i contenuti originali, piuttosto che il materiale esclusivo.<\/p>\n\n<h3 class=\"wp-block-heading\">Da dove provengono i finanziamenti per Display Europe?<\/h3>\n\n<p>Display Europe &#8211; Democracy Runs on Screens \u00e8 cofinanziato dalla Direzione generale per le reti di comunicazione, i contenuti e la tecnologia nell&#8217;ambito del bando per il progetto pilota &#8221;European Media Platforms&#8221;. Ulteriori finanziamenti provengono dalla Fondazione culturale europea e da altri partner del consorzio. A lungo termine, Display Europe sar\u00e0 finanziata da un mix di finanziamenti pubblici (europei), filantropici e da adesioni, donazioni e abbonamenti.<\/p>\n\n<h3 class=\"wp-block-heading\">Posso partecipare a displayeurope.eu?<\/h3>\n\n<p><strong>S\u00ec, \u00e8<\/strong><strong> possibile. <\/strong>Display Europe offre una funzione di forum pubblico attivo in cui i cittadini europei sono incoraggiati a condividere e sperimentare informazioni.<\/p>\n\n<p><strong>L&#8217;EUROPA PARLA<\/strong><\/p>\n\n<p>Display Europe aumenter\u00e0 gradualmente le opportunit\u00e0 di impegno attivo sulla piattaforma. A partire dalla primavera del 2024, i lettori potranno esprimere le loro opinioni e discutere di temi politici pi\u00f9 ampi con altri lettori. In ogni articolo di Display saranno inseriti dei questionari per conoscere il punto di vista dei lettori sui temi degli articoli e sulla politica europea. Un algoritmo di abbinamento abbiner\u00e0 i singoli partecipanti a qualcuno che la pensa in modo molto diverso da loro, possibilmente in un altro Paese europeo.<\/p>\n\n<p><strong>CLUB DELL&#8217;ARTICOLO<\/strong><\/p>\n\n<p>I contenuti originali, realizzati per Display Europe, saranno presentati in un Article Club mensile, in cui i giornalisti coinvolti apriranno un forum pubblico di discussione con gli utenti. L&#8217;obiettivo dell&#8217;Article Club \u00e8 quello di mettere in contatto i lettori con i giornalisti che lavorano sulla piattaforma e di incoraggiare i giornalisti ad adottare una mentalit\u00e0 comunitaria nella produzione e nella valutazione dei loro articoli. Il formato consentir\u00e0 inoltre ai giornalisti di rivolgersi al pubblico per ottenere competenze e suggerimenti per la stesura dei futuri articoli.<\/p>\n\n<p><strong>SOCIAL MEDIA<\/strong><\/p>\n\n<p>A lungo termine, il coinvolgimento della comunit\u00e0 di Display Europe si evolver\u00e0 intorno a un modello di contenuti dinamici che incoraggi gli utenti a condividere le loro prospettive sull&#8217;Europa. La piattaforma incorporer\u00e0 strategie di social media open source (in particolare Mastodon) per favorire le conversazioni, promuovere i contenuti e amplificare i messaggi principali. Anche le partnership con influencer e organizzazioni in linea con i valori di Display Europe sono una parte fondamentale della strategia.<\/p>\n\n<h3 class=\"wp-block-heading\">Cosa c&#8217;\u00e8 di diverso in Display Europe rispetto alle altre piattaforme mediatiche europee?<\/h3>\n\n<ul class=\"wp-block-list\">\n<li>Display Europe si rivolge direttamente ai cittadini, a differenza delle piattaforme di servizio per altri media.<\/li>\n\n\n\n<li>Display Europe coprir\u00e0 tutti gli Stati membri dell&#8217;UE e diversi Paesi limitrofi, compresi i Balcani occidentali e l&#8217;Ucraina.<\/li>\n\n\n\n<li>Display Europe \u00e8 costruito dalla societ\u00e0 civile e non ha altro interesse che potenziare la democrazia europea.<\/li>\n\n\n\n<li>Display Europe si basa su una tecnologia open source che pu\u00f2 essere utilizzata da altri.<\/li>\n\n\n\n<li>Display Europe si stacca dalle pratiche di raccolta dati non etiche delle Big Tech.<\/li>\n\n\n\n<li>Display Europe \u00e8 disponibile in 15 lingue.<\/li>\n<\/ul>\n\n<h3 class=\"wp-block-heading\">In quali lingue \u00e8 disponibile Display Europe?<\/h3>\n\n<p>Nella sua fase iniziale, Display Europe \u00e8 disponibile nelle seguenti lingue<\/p>\n\n<ol class=\"wp-block-list\">\n<li>Inglese<\/li>\n\n\n\n<li>Tedesco<\/li>\n\n\n\n<li>Croato \/ Bosniaco \/ Serbo<\/li>\n\n\n\n<li>Ceca<\/li>\n\n\n\n<li>Slovacco<\/li>\n\n\n\n<li>Francese<\/li>\n\n\n\n<li>Ungherese<\/li>\n\n\n\n<li>Italiano<\/li>\n\n\n\n<li>Polacco<\/li>\n\n\n\n<li>Spagnolo<\/li>\n\n\n\n<li>Olandese<\/li>\n\n\n\n<li>Portoghese<\/li>\n\n\n\n<li>Ucraino<\/li>\n\n\n\n<li>Russo<\/li>\n\n\n\n<li>Turco<\/li>\n<\/ol>\n\n<p>In una fase successiva verranno aggiunte altre lingue, come l&#8217;arabo, il rumeno e lo svedese.<\/p>\n\n<h3 class=\"wp-block-heading\">Verranno creati contenuti originali?<\/h3>\n\n<p>I partner editoriali Eurozine (AUT), Voxeurop (FR), Krytyka Polityczna (PL), ElDiario (ESP) e HUMAN (NL) sono responsabili della creazione di Display Originals. I contenuti originali comprendono un talkshow europeo settimanale, rassegne stampa mensili regionali e tematiche e progetti transfrontalieri multimediali su argomenti urgenti di rilevanza europea.<\/p>\n\n<h3 class=\"wp-block-heading\">Qual \u00e8 il retroscena di Display?<\/h3>\n\n<p>In risposta alla crescente necessit\u00e0 di una sfera pubblica che trascenda i contesti economici, sociali, culturali o nazionali, la Fondazione culturale europea ha condotto una serie di workshop online e offline nel 2020 e 2021. Questi workshop hanno riunito giornalisti, ricercatori e cittadini per immaginare un modello di media europei in rete, libero da influenze di mercato e governative. Dopo un bando aperto nel 2021, la Fondazione culturale europea emette diverse sovvenzioni volte a promuovere la collaborazione giornalistica transfrontaliera e lo sviluppo di un&#8217;infrastruttura digitale basata su valori pubblici.<\/p>\n\n<p>Parallelamente, un gruppo di attivisti dei media, ricercatori e iniziative ha costituito nel 2020 la coalizione Shared Digital European Public Sphere (SDEPS.eu). Il discorso all&#8217;interno della coalizione e una prospettiva di una possibile architettura sono stati riassunti nella pubblicazione &#8220;<a href=\"http:\/\/www.baratsits.at\/building-a-european-digital-public-space\/\">Building a European Digital Public Space<\/a>&#8220;, Strategies for taking back control from Big Tech platforms (2021) <a href=\"https:\/\/www.irights-lab.de\/publikationen\/dps\">https:\/\/www.irights-lab.de\/publikationen\/dps.<\/a> Sulla base di queste discussioni, nel 2022 si \u00e8 svolto un hackathon a Linz <a href=\"https:\/\/cba.media\/building-a-european-cultural-backbone\">https:\/\/cba.media\/building-a-european-cultural-backbone.<\/a><\/p>\n\n<p>La collaborazione tra i borsisti dell&#8217;ECF e la rete creata durante l&#8217;hackathon \u00e8 culminata nella creazione di Display Europe.<\/p>\n\n<p>La piattaforma mira a fornire una prospettiva paneuropea e uno spazio in cui discutere gli interessi europei condivisi. Vuole contrastare la perdita di fiducia nei dibattiti pubblici e nei media e opporsi alle idee populiste prive di fatti e all&#8217;esclusione di alcuni gruppi nei media tradizionali.<\/p>\n\n<p>Display Europe ha il potenziale per contribuire a un&#8217;infrastruttura digitale cruciale per l&#8217;Europa, livellando il campo di gioco per i media e i creatori di contenuti. Il suo lancio non significa solo l&#8217;introduzione di una nuova piattaforma mediatica, ma anche una nuova era dei media europei in cui la diversit\u00e0, l&#8217;inclusivit\u00e0 e i valori pubblici sono al centro dell&#8217;attenzione.<\/p>\n\n<h3 class=\"wp-block-heading\">Devo pagare per poter utilizzare displayeurope.eu?<\/h3>\n\n<p>I contenuti sono gratuiti, ma \u00e8 possibile sostenerli con una piccola somma per essere meno dipendenti dai finanziamenti dell&#8217;UE.<\/p>\n\n<p>Nel 2024 offriremo un servizio di abbonamento per sostenere la manutenzione della piattaforma, la produzione di contenuti e la fornitura del Mastodon e di altri servizi futuri.<\/p>\n\n<p>Nel frattempo potete fare una donazione alla Fondazione Culturale Europea all&#8217;indirizzo <a href=\"https:\/\/culturalfoundation.iraiser.eu\/support\/~my-donation\"><u>https:\/\/culturalfoundation.iraiser.eu\/support\/~my-donation<\/u><\/a>. L&#8217;ECF, in qualit\u00e0 di membro fondatore, trasmetter\u00e0 le donazioni a Display Europe.<\/p>\n\n<h3 class=\"wp-block-heading\">Sono un membro dei media della comunit\u00e0, come posso unirmi a voi e condividere contenuti con voi?<\/h3>\n\n<p>La nostra rete invita calorosamente individui e organizzazioni a unirsi come partner in una federazione collaborativa che celebra valori condivisi e intuizioni intercontinentali. Si prega di trovare il <a href=\"https:\/\/archive.displayeurope.eu\/it\/unirsi-a-noi\/\" data-type=\"page\" data-id=\"10996\"><u>link<\/u><\/a> al testo a pi\u00e8 di pagina del sito &#8221;Diventa partner di Medie&#8221;, dove vengono forniti maggiori dettagli sul processo di adesione. <\/p>\n\n<h3 class=\"wp-block-heading\">Qual \u00e8 la struttura di governance di Display Europe?<\/h3>\n\n<p>Display Europe si sta trasformando in una cooperativa, abbracciando un modello cooperativo riconosciuto per la sua dedizione ai membri e per la creazione di valore sostenibile all&#8217;interno della piattaforma. A differenza delle piattaforme tradizionali finanziate da capitali di rischio, le cooperative danno priorit\u00e0 agli interessi dei loro membri e reinvestono il valore creato congiuntamente nella piattaforma, promuovendo una strategia commerciale che mantiene la qualit\u00e0 del servizio della piattaforma senza un&#8217;eccessiva commercializzazione.<\/p>\n\n<p>Estendiamo il nostro invito a individui e organizzazioni che si allineano alla nostra visione per unirsi e creare una cooperativa trasformativa che ridefinisca il panorama mediatico europeo. Insieme, aspiriamo a costruire una piattaforma che incarni la collaborazione, l&#8217;innovazione e il perseguimento collettivo di uno spazio pubblico digitale per tutti.<\/p>\n\n<p>Se condividete la nostra visione e desiderate diventare membri di questa entusiasmante iniziativa, vi invitiamo a contattare il sito <a href=\"mailto:coop@displayeurope.eu\"><u>coop@displayeurope.eu<\/u><\/a>.<\/p>\n\n<p>Per saperne di pi\u00f9 sugli obiettivi, le strategie, le motivazioni e le pietre miliari della Cooperativa, consultate il testo della Cooperativa Display Europe nel footer del sito<a href=\"https:\/\/archive.displayeurope.eu\/it\/?page_id=5962\" data-type=\"page\" data-id=\"4986\">(link<\/a>).<\/p>\n\n<h3 class=\"wp-block-heading\">Siete open-sourced, tuttavia vedo LinkedIn e Instagram sul vostro sito?<\/h3>\n\n<p>S\u00ec, siamo una piattaforma open-source e promuoviamo l&#8217;uso di pratiche di social media open-source come PeerTube e Mastodon, tuttavia, per la promozione iniziale del progetto stiamo usando account di social media come Instagram, Facebook e LinkdIn. Per lo pi\u00f9 non vi mostriamo i nostri contenuti, ma solo dei teaser. Tuttavia, sosteniamo l&#8217;utilizzo di account di social media open-source con standard etici invece di quelli dei media tradizionali.<\/p>\n\n<h3 class=\"wp-block-heading\">Quali tecnologie open source utilizziamo?<\/h3>\n\n<p>Preferiamo usare framework che parlino ActivityPub, che \u00e8 il protocollo per il <a href=\"https:\/\/archive.displayeurope.eu\/it\/?page_id=15073#\/media\/Datei:A_view_into_the_Fediverse.png\"><u>Fediverse<\/u><\/a>. Questo ci permette di scambiare contenuti molto facilmente in qualsiasi direzione.<\/p>\n\n<ul class=\"wp-block-list\">\n<li><a href=\"https:\/\/displayeurope.video\/\"><u>PeerTube<\/u><\/a> per la distribuzione di video<\/li>\n\n\n\n<li><a href=\"https:\/\/displayeurope.social\/explore\"><u>Mastodon<\/u><\/a> per il microblogging<\/li>\n\n\n\n<li><a href=\"https:\/\/cba.media\/\"><u>CBA<\/u><\/a> per l&#8217;audio<\/li>\n\n\n\n<li><a href=\"https:\/\/www.discourse.org\/\" data-type=\"link\" data-id=\"https:\/\/www.discourse.org\/\"><u>Discorso<\/u><\/a> per le discussioni (da integrare nel 2024)<\/li>\n<\/ul>\n\n<p>Per le altre parti dell&#8217;infrastruttura utilizziamo esclusivamente strumenti Open Source come<\/p>\n\n<ul class=\"wp-block-list\">\n<li>Keycloak (Single Sign On) <a href=\"https:\/\/key.displayeurope.eu\"><u>https:\/\/key.displayeurope.eu<\/u><\/a> <\/li>\n\n\n\n<li>Minio (archiviazione e CDN)<\/li>\n\n\n\n<li>kubernetes (cloud computing)<\/li>\n\n\n\n<li>Matomo (Statistiche)<\/li>\n\n\n\n<li><a href=\"https:\/\/newsletter.displ.eu\/lists\/?p=subscribe&amp;id=1\"><u>phplist<\/u><\/a> per le newsletter<\/li>\n\n\n\n<li>WordPress<\/li>\n\n\n\n<li>Nextcloud<\/li>\n<\/ul>\n","protected":false},"excerpt":{"rendered":"<p>La nostra visione e le FAQ \u00a0 La nostra visione Gli architetti di Display credono in un media europeo, fondato sui valori pubblici e sull&#8217;inclusivit\u00e0. Contribuiscono a una comunicazione europea condivisa, perch\u00e9 le forze che non rispettano i confini plasmano la vita degli europei. Costruiscono uno spazio, indipendente dai governi e dalle influenze commerciali, in [&hellip;]<\/p>\n","protected":false},"author":1,"featured_media":0,"parent":0,"menu_order":0,"comment_status":"closed","ping_status":"closed","template":"","meta":{"footnotes":""},"class_list":["post-15125","page","type-page","status-publish","hentry"],"_links":{"self":[{"href":"https:\/\/archive.displayeurope.eu\/it\/wp-json\/wp\/v2\/pages\/15125","targetHints":{"allow":["GET"]}}],"collection":[{"href":"https:\/\/archive.displayeurope.eu\/it\/wp-json\/wp\/v2\/pages"}],"about":[{"href":"https:\/\/archive.displayeurope.eu\/it\/wp-json\/wp\/v2\/types\/page"}],"author":[{"embeddable":true,"href":"https:\/\/archive.displayeurope.eu\/it\/wp-json\/wp\/v2\/users\/1"}],"replies":[{"embeddable":true,"href":"https:\/\/archive.displayeurope.eu\/it\/wp-json\/wp\/v2\/comments?post=15125"}],"version-history":[{"count":10,"href":"https:\/\/archive.displayeurope.eu\/it\/wp-json\/wp\/v2\/pages\/15125\/revisions"}],"predecessor-version":[{"id":50024,"href":"https:\/\/archive.displayeurope.eu\/it\/wp-json\/wp\/v2\/pages\/15125\/revisions\/50024"}],"wp:attachment":[{"href":"https:\/\/archive.displayeurope.eu\/it\/wp-json\/wp\/v2\/media?parent=15125"}],"curies":[{"name":"wp","href":"https:\/\/api.w.org\/{rel}","templated":true}]}}