{"id":9236,"date":"2023-09-19T09:10:34","date_gmt":"2023-09-19T07:10:34","guid":{"rendered":"https:\/\/archive.displayeurope.eu\/impronta\/"},"modified":"2024-09-05T07:49:22","modified_gmt":"2024-09-05T05:49:22","slug":"impronta-risoluzione-dei-conflitti","status":"publish","type":"page","link":"https:\/\/archive.displayeurope.eu\/it\/impronta-risoluzione-dei-conflitti\/","title":{"rendered":"Impronta e risoluzione dei conflitti"},"content":{"rendered":"\n<h1 class=\"wp-block-heading\">Impronta<\/h1>\n\n<p>Obbligo di divulgazione ai sensi del \u00a7 25 (5) della legge sui media (\u00d6sterreichisches Mediengesetz)<\/p>\n\n<h2 class=\"wp-block-heading\">Operatore di piattaforma \/ Proprietario di media<\/h2>\n\n<p>Display Europe<br\/>c\/o OKTO.TV<br\/>Missindorfstra\u00dfe 19<br\/>1140 Vienna<br\/>Austria<\/p>\n\n<p>E-Mail: <a href=\"mailto:coop@displayeurope.eu\">coop@displayeurope.eu<\/a><\/p>\n\n<h2 class=\"wp-block-heading\">Dettagli sull&#8217;organizzazione<\/h2>\n\n<p>L&#8217;assemblea di fondazione si \u00e8 tenuta il 16 ottobre 2023. \u00c8 stata iscritta nel registro delle imprese l&#8217;8 febbraio 2024.<\/p>\n\n<p>Amministratore delegato: Alexander Baratsits<\/p>\n\n<p>Membri del Consiglio di vigilanza: Menno Weijs (Fondazione Culturale Europea), Vladimir Radinovi\u0107 (EMCF), Paul Salvan\u00e8s (Voxeurop), Roland Alton-Scheidl (fairkom)<\/p>\n\n<p>Numero di registrazione della societ\u00e0: FN619589k (Handelsgericht Wien)<\/p>\n\n<p>UID: ATU80768689<\/p>\n\n<h2 class=\"wp-block-heading\">Dettagli legali<\/h2>\n\n<p>Disposizioni legali applicabili: Legge sui servizi di media audiovisivi (AMD-G), legge sui media.<\/p>\n\n<p>Autorit\u00e0 di regolamentazione: KommAustria, Mariahilfer Strasse 77-79, 1060 Vienna<\/p>\n\n<h2 class=\"wp-block-heading\">Oggetto dell&#8217;organizzazione e dichiarazione di orientamento<\/h2>\n\n<p>Display Europe gestisce una piattaforma mediatica che (i) pubblica contenuti mediatici paneuropei, \u00e8 orientata ai diritti fondamentali e si sforza di rispettare il quadro della Journalism Trust Initiative. (ii) ospita contenuti mediatici, in particolare quelli provenienti da iniziative della societ\u00e0 civile, e fornisce un accesso aperto alla pubblicazione di tali contenuti.<\/p>\n\n<h2 class=\"wp-block-heading\">displayeurope.eu<\/h2>\n\n<p>displayeurope.eu \u00e8 una piattaforma mediatica innovativa fondata su valori pubblici. La piattaforma offre ai cittadini di tutto il continente l&#8217;accesso a informazioni affidabili e a un&#8217;immagine dell&#8217;Europa che di solito non viene trasmessa dai media tradizionali o nazionali. Attraverso traduzioni, syndication e contenuti originali, displayeurope.eu raccoglie e diffonde media affidabili da tutta Europa. Costruito a partire da un&#8217;infrastruttura digitale sovrana, autogestita e open-source, Displayeurope.eu si affrancher\u00e0 dalle piattaforme di social media e streaming delle Big Tech che attualmente filtrano e inquadrano la produzione mediatica. In questa visione pi\u00f9 democratica dell&#8217;Europa, Displayeurope.eu sar\u00e0 una forza per la democrazia in tutto il continente.<\/p>\n\n<hr class=\"wp-block-separator has-alpha-channel-opacity\"\/>\n\n<h1 class=\"wp-block-heading\">Risoluzione dei conflitti<\/h1>\n\n<p>Se riscontrate delle violazioni legali, inviateci la vostra richiesta sotto forma di e-mail. \u00c8 importante essere il pi\u00f9 precisi possibile (screenshot, link, ecc.) in modo da sapere esattamente qual \u00e8 il problema.<br\/>Dopo l&#8217;invio, riceverete una conferma di ricezione dell&#8217;e-mail.<\/p>\n\n<p>Inviate questa e-mail all&#8217;indirizzo <a href=\"mailto:support@displayeurope.eu\">support@displayeurope.eu<\/a> o scrivete un ticket con questo messaggio <\/p>\n\n<button id=\"zammad-feedback-form\">Modulo di feedback<\/button><script id=\"zammad_form_script\" src=\"https:\/\/helpdesk.displayeurope.eu\/assets\/form\/form.js\"><\/script><script>\njQuery(document).ready(function($) {\n$(function() {\n  $('#zammad-feedback-form').ZammadForm({\n    messageTitle: 'Feedback-Formular',\n    messageSubmit: 'Send',\n    messageThankYou: 'Ticket #%s.',\n    modal: true\n  });\n});\n});\n<\/script>\n\n<hr class=\"wp-block-separator has-alpha-channel-opacity\"\/>\n\n<script src=\"https:\/\/helpdesk.displayeurope.eu\/assets\/chat\/chat.min.js\"><\/script>\n<script>\njQuery(document).ready(function($) {\n$(function() {\n  new ZammadChat({\n    fontSize: '12px',\n    chatId: 1\n  });\n});\n});\n<\/script>\n\n<p>Ultimo aggiornamento: 03 settembre 2024<\/p>\n\n<p><\/p>\n\n<figure class=\"wp-block-image size-full\"><img loading=\"lazy\" decoding=\"async\" width=\"611\" height=\"204\" src=\"https:\/\/archive.displayeurope.eu\/wp-content\/uploads\/2023\/06\/DisplayLogo_Tag.png\" alt=\"\" class=\"wp-image-7674\" srcset=\"https:\/\/archive.displayeurope.eu\/wp-content\/uploads\/2023\/06\/DisplayLogo_Tag.png 611w, https:\/\/archive.displayeurope.eu\/wp-content\/uploads\/2023\/06\/DisplayLogo_Tag-360x120.png 360w\" sizes=\"auto, (max-width: 611px) 100vw, 611px\" \/><\/figure>\n","protected":false},"excerpt":{"rendered":"<p>Impronta Obbligo di divulgazione ai sensi del \u00a7 25 (5) della legge sui media (\u00d6sterreichisches Mediengesetz) Operatore di piattaforma \/ Proprietario di media Display Europec\/o OKTO.TVMissindorfstra\u00dfe 191140 ViennaAustria E-Mail: coop@displayeurope.eu Dettagli sull&#8217;organizzazione L&#8217;assemblea di fondazione si \u00e8 tenuta il 16 ottobre 2023. \u00c8 stata iscritta nel registro delle imprese l&#8217;8 febbraio 2024. Amministratore delegato: Alexander [&hellip;]<\/p>\n","protected":false},"author":1,"featured_media":0,"parent":0,"menu_order":0,"comment_status":"closed","ping_status":"closed","template":"","meta":{"footnotes":""},"class_list":["post-9236","page","type-page","status-publish","hentry"],"_links":{"self":[{"href":"https:\/\/archive.displayeurope.eu\/it\/wp-json\/wp\/v2\/pages\/9236","targetHints":{"allow":["GET"]}}],"collection":[{"href":"https:\/\/archive.displayeurope.eu\/it\/wp-json\/wp\/v2\/pages"}],"about":[{"href":"https:\/\/archive.displayeurope.eu\/it\/wp-json\/wp\/v2\/types\/page"}],"author":[{"embeddable":true,"href":"https:\/\/archive.displayeurope.eu\/it\/wp-json\/wp\/v2\/users\/1"}],"replies":[{"embeddable":true,"href":"https:\/\/archive.displayeurope.eu\/it\/wp-json\/wp\/v2\/comments?post=9236"}],"version-history":[{"count":10,"href":"https:\/\/archive.displayeurope.eu\/it\/wp-json\/wp\/v2\/pages\/9236\/revisions"}],"predecessor-version":[{"id":49164,"href":"https:\/\/archive.displayeurope.eu\/it\/wp-json\/wp\/v2\/pages\/9236\/revisions\/49164"}],"wp:attachment":[{"href":"https:\/\/archive.displayeurope.eu\/it\/wp-json\/wp\/v2\/media?parent=9236"}],"curies":[{"name":"wp","href":"https:\/\/api.w.org\/{rel}","templated":true}]}}