{"id":15387,"date":"2023-12-07T17:22:07","date_gmt":"2023-12-07T16:22:07","guid":{"rendered":"https:\/\/archive.displayeurope.eu\/mediapartner-worden\/"},"modified":"2024-09-25T08:01:11","modified_gmt":"2024-09-25T06:01:11","slug":"join-us","status":"publish","type":"page","link":"https:\/\/archive.displayeurope.eu\/nl\/join-us\/","title":{"rendered":"Doe mee"},"content":{"rendered":"\n<h1 class=\"wp-block-heading\">Word lid van het Display Europe netwerk!<\/h1>\n\n<p>Als je een onafhankelijke mediakanaal of een community media organisatie bent en je verhalen en shows zijn gericht op Europa en Europeanen, dan ben je welkom om deel te nemen aan ons netwerk! Vul het onderstaande formulier in en geef ons de RSS-feed van je inhoud. Je artikelen, podcasts en videoprogramma&#8217;s zullen dan te vinden zijn op het Display Europe-platform.<\/p>\n\n<p>Als je nog vragen hebt over ons netwerk, kun je ons schrijven op <a href=\"mailto:partner@displayeurope.eu\">partner@displayeurope.eu.<\/a><\/p>\n\n<h2 class=\"wp-block-heading\">\u00a0<\/h2>\n\n<h2 class=\"wp-block-heading\"><strong>Hoe kiezen we welke artikelen we op het portaal plaatsen?<\/strong><\/h2>\n\n<p>Ons redactieteam bestaat uit community editors die tot taak hebben de artikelen die door de partners worden ingezonden, te selecteren voor beoordeling en publicatie. Ze benaderen alle ingediende artikelen met hetzelfde respect. De artikelen worden geselecteerd aan de hand van een vooraf vastgestelde set redactionele richtlijnen voor de Community Editors. Je kunt die richtlijnen hier lezen:<\/p>\n\n<ul class=\"wp-block-list\">\n<li><a href=\"https:\/\/archive.displayeurope.eu\/wp-content\/uploads\/2024\/05\/Guidelines-for-Community-Editors-of-the-Display-Europe.pdf\">Richtlijnen voor de redacteuren van Display Europe<\/a><\/li>\n<\/ul>\n\n<p>Als je een artikel wilt insturen voor op de portal, schrijf dan naar onze redactie op <a href=\"mailto:contact@displayeurope.eu\">contact@displayeurope.eu.<\/a><\/p>\n\n<h2 class=\"wp-block-heading\">\u00a0<\/h2>\n\n<h2 class=\"wp-block-heading\"><strong>Word lid van de Display Europe Co-op<\/strong><\/h2>\n\n<p>Als je deel wilt uitmaken van het Display Europe-team en de toekomst van het Display Europe-platform vorm wilt geven, kun je dat doen door lid te worden van onze co\u00f6peratie. De Display Europe co\u00f6peratie is opgericht in Oostenrijk als een non-profit mediaco\u00f6peratie. Als je meer wilt weten, neem dan contact met ons op via <a href=\"mailto:coop@displayeurope.eu\">coop@displayeurope.eu.<\/a><\/p>\n\n<div style=\"height:100px\" aria-hidden=\"true\" class=\"wp-block-spacer\"><\/div>\n   <form method=\"post\" class=\"customform\">\n    <h3>Apply with your Organization<\/h3>\n    <div class=\"input-field\">\n        <label for=\"medianame\">* Organization:<\/label>\n        <input\n            type=\"text\"\n            id=\"medianame\"\n            name=\"medianame\"\n            placeholder=\"Organization Name\"\n            value=\"\"\n            required\n        >\n    <\/div>\n    <div class=\"input-field\">\n        <label for=\"contact_person\">* Contact person:<\/label>\n        <input\n            type=\"text\"\n            id=\"contact_person\"\n            name=\"contact_person\"\n            placeholder=\"Contact Name\"\n            value=\"\"\n            required\n        >\n    <\/div>\n    <div class=\"input-field\">\n        <label for=\"contact_email\">* Contact Email:<\/label>\n        <input\n            type=\"email\"\n            id=\"contact_email\"\n            name=\"contact_email\"\n            placeholder=\"you@yourcompany.org\"\n            value=\"\"\n            required\n        >\n    <\/div>\n    <div class=\"input-field\">\n        <label for=\"country\">* Country:<\/label>\n        <select\n            id=\"country\"\n            name=\"country\"\n            required\n        >\n            <option value=\"\">Please select<\/option>\n                            <option value=\"AL\">Albania<\/option>\n                            <option value=\"AD\">Andorra<\/option>\n                            <option value=\"AT\">Austria<\/option>\n                            <option value=\"BY\">Belarus<\/option>\n                            <option value=\"BE\">Belgium<\/option>\n                            <option value=\"BA\">Bosnia and Herzegovina<\/option>\n                            <option value=\"BG\">Bulgaria<\/option>\n                            <option value=\"HR\">Croatia<\/option>\n                            <option value=\"CY\">Cyprus<\/option>\n                            <option value=\"CZ\">Czech Republic<\/option>\n                            <option value=\"DK\">Denmark<\/option>\n                            <option value=\"EE\">Estonia<\/option>\n                            <option value=\"FI\">Finland<\/option>\n                            <option value=\"FR\">France<\/option>\n                            <option value=\"DE\">Germany<\/option>\n                            <option value=\"GR\">Greece<\/option>\n                            <option value=\"HU\">Hungary<\/option>\n                            <option value=\"IS\">Iceland<\/option>\n                            <option value=\"IE\">Ireland<\/option>\n                            <option value=\"IT\">Italy<\/option>\n                            <option value=\"XK\">Kosovo<\/option>\n                            <option value=\"LV\">Latvia<\/option>\n                            <option value=\"LI\">Liechtenstein<\/option>\n                            <option value=\"LT\">Lithuania<\/option>\n                            <option value=\"LU\">Luxembourg<\/option>\n                            <option value=\"MT\">Malta<\/option>\n                            <option value=\"MD\">Moldova<\/option>\n                            <option value=\"MC\">Monaco<\/option>\n                            <option value=\"ME\">Montenegro<\/option>\n                            <option value=\"NL\">Netherlands<\/option>\n                            <option value=\"MK\">North Macedonia<\/option>\n                            <option value=\"NO\">Norway<\/option>\n                            <option value=\"PL\">Poland<\/option>\n                            <option value=\"PT\">Portugal<\/option>\n                            <option value=\"RO\">Romania<\/option>\n                            <option value=\"RU\">Russia<\/option>\n                            <option value=\"SM\">San Marino<\/option>\n                            <option value=\"RS\">Serbia<\/option>\n                            <option value=\"SK\">Slovakia<\/option>\n                            <option value=\"SI\">Slovenia<\/option>\n                            <option value=\"ES\">Spain<\/option>\n                            <option value=\"SE\">Sweden<\/option>\n                            <option value=\"CH\">Switzerland<\/option>\n                            <option value=\"UA\">Ukraine<\/option>\n                            <option value=\"GB\">United Kingdom<\/option>\n                            <option value=\"VA\">Vatican City<\/option>\n                    <\/select>\n    <\/div>\n    <div class=\"input-field\">\n        <label for=\"link\">* Link:<\/label>\n        <input\n            type=\"text\"\n            id=\"link\"\n            name=\"link\"\n            placeholder=\"Your Site-URL \/ RSS-Feed\"\n            value=\"\"\n            required\n        >\n    <\/div>\n    <div class=\"input-field\">\n        <div class=\"checkbox-group\">\n            <label>* Media Type:<\/label>\n            <label><input type=\"checkbox\" name=\"choices[]\" value=\"Audio\"> Audio<\/label>\n            <label><input type=\"checkbox\" name=\"choices[]\" value=\"Video\"> Video<\/label>\n            <label><input type=\"checkbox\" name=\"choices[]\" value=\"Text\"> Text<\/label>\n        <\/div>\n        <small>\n            The types of media you plan to publish with Display Europe        <\/small>\n    <\/div>\n    <div class=\"input-field\">\n        <label for=\"comments\">Comments &amp; Questions:<\/label>\n        <textarea\n            id=\"comments\"\n            name=\"comments\"\n            rows=\"8\"\n        ><\/textarea>\n    <\/div>\n    <div class=\"input-field\">\n        <label>\n            <input\n                type=\"checkbox\"\n                name=\"accept\"\n                value=\"1\"\n                required\n            >\n            I accept the            <a\n                href=\"https:\/\/displayeurope.eu\/wp-content\/uploads\/2024\/04\/DisplayEurope_UserAgreementPartners_EN.pdf\"\n                target=\"_blank\">\n                terms & conditions.            <\/a>\n        <\/label>\n    <\/div>\n\n    <div class=\"input-group\">\n        <div class=\"input-field\">\n            <input\n                type=\"submit\"\n                name=\"custom_form_submit\"\n                value=Send            >\n        <\/div>\n        <div class=\"input-field\">\n            <div class=\"frc-captcha\" data-sitekey=\"FCMQUN6I5B87NIU7\"><\/div>\n        <\/div>\n    <\/div>\n    <small>* Required<\/small>\n\n    <script\n        type=\"module\"\n        src=\"https:\/\/archive.displayeurope.eu\/wp-content\/plugins\/customforms\/public\/js\/widget.module.min.js\"\n        async defer\n    ><\/script>\n    <script nomodule src=\"https:\/\/archive.displayeurope.eu\/wp-content\/plugins\/customforms\/public\/js\/widget.min.js\" async defer><\/script>\n<\/form>\n\n    \n","protected":false},"excerpt":{"rendered":"<p>Word lid van het Display Europe netwerk! Als je een onafhankelijke mediakanaal of een community media organisatie bent en je verhalen en shows zijn gericht op Europa en Europeanen, dan ben je welkom om deel te nemen aan ons netwerk! Vul het onderstaande formulier in en geef ons de RSS-feed van je inhoud. Je artikelen, [&hellip;]<\/p>\n","protected":false},"author":35,"featured_media":0,"parent":0,"menu_order":0,"comment_status":"closed","ping_status":"closed","template":"","meta":{"footnotes":""},"class_list":["post-15387","page","type-page","status-publish","hentry"],"_links":{"self":[{"href":"https:\/\/archive.displayeurope.eu\/nl\/wp-json\/wp\/v2\/pages\/15387","targetHints":{"allow":["GET"]}}],"collection":[{"href":"https:\/\/archive.displayeurope.eu\/nl\/wp-json\/wp\/v2\/pages"}],"about":[{"href":"https:\/\/archive.displayeurope.eu\/nl\/wp-json\/wp\/v2\/types\/page"}],"author":[{"embeddable":true,"href":"https:\/\/archive.displayeurope.eu\/nl\/wp-json\/wp\/v2\/users\/35"}],"replies":[{"embeddable":true,"href":"https:\/\/archive.displayeurope.eu\/nl\/wp-json\/wp\/v2\/comments?post=15387"}],"version-history":[{"count":5,"href":"https:\/\/archive.displayeurope.eu\/nl\/wp-json\/wp\/v2\/pages\/15387\/revisions"}],"predecessor-version":[{"id":49837,"href":"https:\/\/archive.displayeurope.eu\/nl\/wp-json\/wp\/v2\/pages\/15387\/revisions\/49837"}],"wp:attachment":[{"href":"https:\/\/archive.displayeurope.eu\/nl\/wp-json\/wp\/v2\/media?parent=15387"}],"curies":[{"name":"wp","href":"https:\/\/api.w.org\/{rel}","templated":true}]}}