{"id":5912,"date":"2023-09-19T08:58:43","date_gmt":"2023-09-19T06:58:43","guid":{"rendered":"https:\/\/archive.displayeurope.eu\/subsidies\/"},"modified":"2023-12-11T22:30:32","modified_gmt":"2023-12-11T21:30:32","slug":"subsidies","status":"publish","type":"page","link":"https:\/\/archive.displayeurope.eu\/nl\/subsidies\/","title":{"rendered":"Subsidies"},"content":{"rendered":"<h1>Subsidies<\/h1>\n<p>Als onderdeel van het Display Europe project zijn er twee subsidie-oproepen &#8211; <a href=\"https:\/\/culturalfoundation.eu\/programmes\/display-europe\/\"><br \/>\n  <u><br \/>\n    <em>Subsidieoproep voor Display Europe<\/em><br \/>\n  <\/u><br \/>\n<\/a> en <em>Display Europe microsubsidie oproep, <\/em>in co\u00f6rdinatie met de European Cultural Foundation (een van de Display Europe consortiumpartners)<em> <\/em>nodigde de leden van de mediagemeenschap uit om voorstellen in te dienen die, als ze werden geselecteerd, originele inhoud zouden worden voor en beschikbaar zouden zijn op het displayeurope.eu-platform. Dit soevereine, open-source digitale platform bevordert de democratie en geeft burgers een authentiek beeld van de veelzijdige realiteit van Europa. Grensoverschrijdende samenwerking, toewijding aan journalistieke uitmuntendheid en een interessante benadering van pan-Europese onderwerpen waren enkele van de criteria voor de bekroonde inzendingen, die werden beoordeeld door een onafhankelijke jury.<\/p>\n<p>Display vertegenwoordigt onafhankelijke media die een stem en een gezicht geven aan gediscrimineerde en onderdrukte minderheden die opkomen voor fundamentele rechten en burgerlijke vrijheden. In het kader van de Display Europe Grant Call is een selectie van zeven initiatieven voorgesteld om de toekomst van het Europese mediaverhaal vorm te geven. Deze projecten, afkomstig uit Itali\u00eb, Nederland, Sloveni\u00eb, Portugal en Frankrijk, zijn gekozen vanwege hun niet-aflatende toewijding om het Europese verhaal opnieuw vorm te geven.<\/p>\n<h2>De geselecteerde voorstellen zijn:<\/h2>\n<p>\t\t\t\t<a href=\"https:\/\/spheranetwork.com\/\" tabindex=\"-1\"><br \/>\n\t\t\t\t\t\t\t\t<\/a><\/p>\n<h4>\n\t\t\t\t\t<a href=\"https:\/\/spheranetwork.com\/\" ><br \/>\n\t\t\t\t\t\tDit is de titel\t\t\t\t\t<\/a><br \/>\n\t\t\t\t<\/h4>\n<p>\n\t\t\t\t\t\t&#8220;European Youth and the Climate Emergency&#8221; is een boeiende videoserie, beschikbaar in zeven EU-talen, die ingaat op de klimaatcrisis in Europa en de veerkracht en vastberadenheid van jonge Europeanen belicht.\t\t\t\t\t<\/p>\n<p>\t\t\t\t<a href=\"https:\/\/www.heretosupport.nl\/cityrightsradio\" tabindex=\"-1\"><br \/>\n\t\t\t\t\t\t\t\t<\/a><\/p>\n<h4>\n\t\t\t\t\t<a href=\"https:\/\/www.heretosupport.nl\/cityrightsradio\" ><br \/>\n\t\t\t\t\t\tDit is de titel\t\t\t\t\t<\/a><br \/>\n\t\t\t\t<\/h4>\n<p>\n\t\t\t\t\t\tDeze podcast, gemaakt door ongedocumenteerde burgers in Amsterdam, versterkt de stemmen van gemarginaliseerden door de nadruk te leggen op doorleefde ervaringen, beleidsanalyses en gemeenschapsallianties.\t\t\t\t\t<\/p>\n<h4>\n\t\t\t\t\t\tDit is de titel<br \/>\n\t\t\t\t<\/h4>\n<p>\n\t\t\t\t\t\t&#8220;Migration IRL&#8221; daagt de heersende verhalen over migranten uit door waargebeurde verhalen te verkennen en de levendige bijdragen van migranten in Sloveni\u00eb, Bosni\u00eb en Herzegovina, Servi\u00eb en Polen te laten zien, evenals hun vertegenwoordiging en integratie in de samenleving.\t\t\t\t\t<\/p>\n<p>\t\t\t\t<a href=\"https:\/\/divergente.pt\/abstencao-de-voto\/?lang=en\" tabindex=\"-1\"><br \/>\n\t\t\t\t\t\t\t\t<\/a><\/p>\n<h4>\n\t\t\t\t\t<a href=\"https:\/\/divergente.pt\/abstencao-de-voto\/?lang=en\" ><br \/>\n\t\t\t\t\t\tDe tijdbom van de niet-stemmer (Portugal)\t\t\t\t\t<\/a><br \/>\n\t\t\t\t<\/h4>\n<p>\n\t\t\t\t\t\tDit initiatief onderzoekt de opkomst van niet-stemmers en maakt de statistieken menselijker door in persoonlijke verhalen en maatschappelijke factoren te duiken om inzicht te krijgen in de betrokkenheid van burgers en de gevolgen daarvan voor de democratie.\t\t\t\t\t<\/p>\n<h4>\n\t\t\t\t\t\tTransgenders in de gevangenis (Frankrijk)<br \/>\n\t\t\t\t<\/h4>\n<p>\n\t\t\t\t\t\tDeze podcastserie belicht de uitdagingen waarmee transgenders in Europese gevangenissen worden geconfronteerd en pleit voor zichtbaarheid, inclusiviteit en mensenrechten.\t\t\t\t\t<\/p>\n<h4>\n\t\t\t\t\t\tInclusive Ondes (Frankrijk)<br \/>\n\t\t\t\t<\/h4>\n<p>\n\t\t\t\t\t\tDoor middel van podcasts en video&#8217;s in de Baskische taal overbrugt &#8220;Inclusive Ondes&#8221; culturele kloven door kwesties rond lokale migratiegolven over de historische rivier de Bidasoa te bespreken, naast mondiale migratiecontexten, met institutionele leiders, burgernetwerken en immigranten.\t\t\t\t\t<\/p>\n<h4>\n\t\t\t\t\t\tHet maken in West-Europa: Ervaringen van jonge Oost-Europese vrouwen (Frankrijk)<br \/>\n\t\t\t\t<\/h4>\n<p>\n\t\t\t\t\t\tDit initiatief laat de uitdagingen en ervaringen van jonge Oost-Europese vrouwen in West-Europa zien, bevordert begrip en empathie en overbrugt culturele verschillen.\t\t\t\t\t<\/p>\n<p>In haar streven om een revolutie teweeg te brengen in het medialandschap door Europeanen te voorzien van gevarieerde, betrouwbare informatie buiten de gangbare verhalen om, publiceert Display Europe in november ook de <em>Display Europe microsubsidieoproep<\/em> die kleine mediaorganisaties en journalisten uitnodigt die ge\u00efnteresseerd zijn in grensoverschrijdende samenwerking. Meer over de oproep hier (TBC). <\/p>\n<p>Als je vragen hebt over de sollicitatieprocedure of andere vragen, kun je contact opnemen met <a href=\"mailto:grants@displayeurope.eu\"><br \/>\n  <u>grants@displayeurope.eu<\/u><br \/>\n<\/a>.<\/p>\n<p>Toewijding aan journalistieke uitmuntendheid en een interessante benadering van pan-Europese onderwerpen behoorden tot de criteria voor de bekroonde inzendingen, die werden beoordeeld door een onafhankelijke jury.<\/p>\n","protected":false},"excerpt":{"rendered":"<p>Subsidies Als onderdeel van het Display Europe project zijn er twee subsidie-oproepen &#8211; Subsidieoproep voor Display Europe en Display Europe microsubsidie oproep, in co\u00f6rdinatie met de European Cultural Foundation (een van de Display Europe consortiumpartners) nodigde de leden van de mediagemeenschap uit om voorstellen in te dienen die, als ze werden geselecteerd, originele inhoud zouden [&hellip;]<\/p>\n","protected":false},"author":1,"featured_media":0,"parent":0,"menu_order":0,"comment_status":"closed","ping_status":"closed","template":"","meta":{"footnotes":""},"class_list":["post-5912","page","type-page","status-publish","hentry"],"_links":{"self":[{"href":"https:\/\/archive.displayeurope.eu\/nl\/wp-json\/wp\/v2\/pages\/5912","targetHints":{"allow":["GET"]}}],"collection":[{"href":"https:\/\/archive.displayeurope.eu\/nl\/wp-json\/wp\/v2\/pages"}],"about":[{"href":"https:\/\/archive.displayeurope.eu\/nl\/wp-json\/wp\/v2\/types\/page"}],"author":[{"embeddable":true,"href":"https:\/\/archive.displayeurope.eu\/nl\/wp-json\/wp\/v2\/users\/1"}],"replies":[{"embeddable":true,"href":"https:\/\/archive.displayeurope.eu\/nl\/wp-json\/wp\/v2\/comments?post=5912"}],"version-history":[{"count":0,"href":"https:\/\/archive.displayeurope.eu\/nl\/wp-json\/wp\/v2\/pages\/5912\/revisions"}],"wp:attachment":[{"href":"https:\/\/archive.displayeurope.eu\/nl\/wp-json\/wp\/v2\/media?parent=5912"}],"curies":[{"name":"wp","href":"https:\/\/api.w.org\/{rel}","templated":true}]}}