{"id":10893,"date":"2023-11-23T16:46:19","date_gmt":"2023-11-23T15:46:19","guid":{"rendered":"https:\/\/archive.displayeurope.eu\/newsletter\/"},"modified":"2024-08-28T15:05:02","modified_gmt":"2024-08-28T13:05:02","slug":"newsletter","status":"publish","type":"page","link":"https:\/\/archive.displayeurope.eu\/pl\/newsletter\/","title":{"rendered":"Newsletter"},"content":{"rendered":"<style>\/*! elementor - v3.20.0 - 26-03-2024 *\/<br \/>\n.elementor-heading-title{padding:0;margin:0;line-height:1}.elementor-widget-heading .elementor-heading-title[class*=elementor-size-]>a{color:inherit;font-size:inherit;line-height:inherit}.elementor-widget-heading .elementor-heading-title.elementor-size-small{font-size:15px}.elementor-widget-heading .elementor-heading-title.elementor-size-medium{font-size:19px}.elementor-widget-heading .elementor-heading-title.elementor-size-large{font-size:29px}.elementor-widget-heading .elementor-heading-title.elementor-size-xl{font-size:39px}.elementor-widget-heading .elementor-heading-title.elementor-size-xxl{font-size:59px}<\/style>\n<h1>Subskrybuj biuletyn Display Europe<\/h1>\n<p>Twoja osobista aktualizacja na temat europejskich interes\u00f3w.<br \/>\nWszystkie istotne wiadomo\u015bci i ekskluzywne tre\u015bci bezpo\u015brednio do skrzynki odbiorczej!<\/p>\n<div class=\"tnp tnp-subscription \">\n<form method=\"post\" action=\"https:\/\/archive.displayeurope.eu\/wp-admin\/admin-ajax.php?action=tnp&amp;na=s\">\n<input type=\"hidden\" name=\"nlang\" value=\"pl\">\n<div class=\"tnp-field tnp-field-firstname\"><label for=\"tnp-1\">Imi\u0119<\/label>\n<input class=\"tnp-name\" type=\"text\" name=\"nn\" id=\"tnp-1\" value=\"\" placeholder=\"\" required><\/div>\n<div class=\"tnp-field tnp-field-surname\"><label for=\"tnp-2\">Nazwisko<\/label>\n<input class=\"tnp-surname\" type=\"text\" name=\"ns\" id=\"tnp-2\" value=\"\" placeholder=\"\"><\/div><div class=\"tnp-field tnp-field-email\"><label for=\"tnp-3\">E-mail<\/label>\n<input class=\"tnp-email\" type=\"email\" name=\"ne\" id=\"tnp-3\" value=\"\" placeholder=\"\" required><\/div>\n<div class=\"tnp-field tnp-privacy-field\"><label><input type=\"checkbox\" name=\"ny\" required class=\"tnp-privacy\"> <a target=\"_blank\" href=\"https:\/\/archive.displayeurope.eu\/privacy\/\">I have read and agree to Display Europe Privacy Policy.<\/a><\/label><\/div><div class=\"tnp-field tnp-field-button\" style=\"text-align: left\"><input class=\"tnp-submit\" type=\"submit\" value=\"Subskrybuj\" style=\"\">\n<\/div>\n<\/form>\n<\/div>\n\n","protected":false},"excerpt":{"rendered":"<p>Subskrybuj biuletyn Display Europe Twoja osobista aktualizacja na temat europejskich interes\u00f3w. Wszystkie istotne wiadomo\u015bci i ekskluzywne tre\u015bci bezpo\u015brednio do skrzynki odbiorczej!<\/p>\n","protected":false},"author":35,"featured_media":0,"parent":0,"menu_order":0,"comment_status":"closed","ping_status":"closed","template":"","meta":{"footnotes":""},"class_list":["post-10893","page","type-page","status-publish","hentry"],"_links":{"self":[{"href":"https:\/\/archive.displayeurope.eu\/pl\/wp-json\/wp\/v2\/pages\/10893","targetHints":{"allow":["GET"]}}],"collection":[{"href":"https:\/\/archive.displayeurope.eu\/pl\/wp-json\/wp\/v2\/pages"}],"about":[{"href":"https:\/\/archive.displayeurope.eu\/pl\/wp-json\/wp\/v2\/types\/page"}],"author":[{"embeddable":true,"href":"https:\/\/archive.displayeurope.eu\/pl\/wp-json\/wp\/v2\/users\/35"}],"replies":[{"embeddable":true,"href":"https:\/\/archive.displayeurope.eu\/pl\/wp-json\/wp\/v2\/comments?post=10893"}],"version-history":[{"count":1,"href":"https:\/\/archive.displayeurope.eu\/pl\/wp-json\/wp\/v2\/pages\/10893\/revisions"}],"predecessor-version":[{"id":45783,"href":"https:\/\/archive.displayeurope.eu\/pl\/wp-json\/wp\/v2\/pages\/10893\/revisions\/45783"}],"wp:attachment":[{"href":"https:\/\/archive.displayeurope.eu\/pl\/wp-json\/wp\/v2\/media?parent=10893"}],"curies":[{"name":"wp","href":"https:\/\/api.w.org\/{rel}","templated":true}]}}