{"id":15143,"date":"2023-06-27T14:23:20","date_gmt":"2023-06-27T12:23:20","guid":{"rendered":"https:\/\/archive.displayeurope.eu\/nasza-wizja\/"},"modified":"2024-09-25T08:01:20","modified_gmt":"2024-09-25T06:01:20","slug":"our-vision-faq","status":"publish","type":"page","link":"https:\/\/archive.displayeurope.eu\/pl\/our-vision-faq\/","title":{"rendered":"Nasza wizja i najcz\u0119\u015bciej zadawane pytania"},"content":{"rendered":"\n<h1 class=\"wp-block-heading\">Nasza wizja i najcz\u0119\u015bciej zadawane pytania<\/h1>\n\n<h2 class=\"wp-block-heading\">\u00a0<\/h2>\n\n<h2 class=\"wp-block-heading\">Nasza wizja<\/h2>\n\n<p><strong>Architekci Display wierz\u0105 w europejskie media, oparte na warto\u015bciach publicznych i inkluzywno\u015bci. <\/strong><\/p>\n\n<p>Przyczyniaj\u0105 si\u0119 do tworzenia wsp\u00f3lnych europejskich medi\u00f3w, poniewa\u017c si\u0142y, kt\u00f3re lekcewa\u017c\u0105 granice, kszta\u0142tuj\u0105 \u017cycie Europejczyk\u00f3w. Buduj\u0105 przestrze\u0144, niezale\u017cn\u0105 od rz\u0105d\u00f3w i wp\u0142yw\u00f3w komercyjnych, w kt\u00f3rej Europejczycy &#8211; niezale\u017cnie od pochodzenia &#8211; mog\u0105 \u0142\u0105czy\u0107 si\u0119, dzieli\u0107 pomys\u0142ami, dyskutowa\u0107 o opiniach i znajdowa\u0107 wiarygodne informacje, aby poci\u0105gn\u0105\u0107 do odpowiedzialno\u015bci pot\u0119\u017cnych.<\/p>\n\n<h2 class=\"wp-block-heading\">\u00a0<\/h2>\n\n<h3 class=\"wp-block-heading\">Darmowy i godny zaufania<\/h3>\n\n<p>Display Europe ma na celu dostarczanie obywatelom na ca\u0142ym kontynencie wiarygodnych informacji i perspektyw cz\u0119sto pomijanych przez media g\u0142\u00f3wnego nurtu i media krajowe. Koncentruj\u0105c si\u0119 na t\u0142umaczeniach, syndykacji i oryginalnie tworzonych tre\u015bciach, Display Europe stara si\u0119 zaoferowa\u0107 kompleksowy obraz Europy, od Przyl\u0105dka Roca po prze\u0142om Uralu. Oryginalne tre\u015bci b\u0119d\u0105 obejmowa\u0107 comiesi\u0119czne przegl\u0105dy prasy regionalnej i tematycznej, a tak\u017ce multimedialne projekty transgraniczne na tematy o znaczeniu europejskim oraz cotygodniowy europejski talk show. B\u0119dzie to bezp\u0142atny, centralny portal zawieraj\u0105cy wyselekcjonowane tre\u015bci, z mo\u017cliwo\u015bci\u0105 wyszukiwania i t\u0142umaczenia na 15 j\u0119zyk\u00f3w europejskich.<\/p>\n\n<h2 class=\"wp-block-heading\">\u00a0<\/h2>\n\n<h3 class=\"wp-block-heading\">Uczestnictwo i udost\u0119pnianie<\/h3>\n\n<p>Zaanga\u017cowana w aktywne zaanga\u017cowanie spo\u0142ecze\u0144stwa, platforma b\u0119dzie zach\u0119ca\u0107 obywateli Europy do aktywnego kszta\u0142towania medi\u00f3w i ich warto\u015bci. Funkcje takie jak Article Club b\u0119d\u0105 \u0142\u0105czy\u0107 czytelnik\u00f3w z dziennikarzami, wspieraj\u0105c spo\u0142eczno\u015bciowe podej\u015bcie do produkcji medi\u00f3w. Ponadto dynamiczny model tre\u015bci generowanych przez u\u017cytkownik\u00f3w zach\u0119ci ich do dzielenia si\u0119 swoimi unikalnymi europejskimi perspektywami, wspieranymi przez media spo\u0142eczno\u015bciowe i partnerstwa z zaanga\u017cowanymi liderami i organizacjami.<\/p>\n\n<h2 class=\"wp-block-heading\">\u00a0<\/h2>\n\n<h3 class=\"wp-block-heading\">Bezpieczne i etyczne<\/h3>\n\n<p>Jako sie\u0107 federacyjna istniej\u0105cych platform, Display Europe wykorzystuje oprogramowanie open-source i otwarte protoko\u0142y oparte na procesach przyjaznych dla prywatno\u015bci. Platforma jest zbudowana na suwerennej, samorz\u0105dnej, otwartej infrastrukturze cyfrowej, zapewniaj\u0105c niezale\u017cno\u015b\u0107 od medi\u00f3w spo\u0142eczno\u015bciowych i platform streamingowych Big Tech. W przeciwie\u0144stwie do innych platform, algorytmy rekomendacji tre\u015bci Display kieruj\u0105 u\u017cytkownik\u00f3w do mieszanych i zr\u00f3wnowa\u017conych tre\u015bci. Display gromadzi dane osobowe tylko wtedy, gdy ma na to zielone \u015bwiat\u0142o, a u\u017cytkownicy mog\u0105 ca\u0142kowicie zrezygnowa\u0107 z gromadzenia danych.<\/p>\n\n<h2 class=\"wp-block-heading\">Cz\u0119sto zadawane pytania<\/h2>\n\n<h3 class=\"wp-block-heading\">Czym jest Display Europe?<\/h3>\n\n<p>Display Europe to platforma medialna oferuj\u0105ca europejsk\u0105 perspektyw\u0119 w 15 j\u0119zykach. Oferuje Display Originals i sfederowane tre\u015bci medialne dostarczane przez sie\u0107 niezale\u017cnych organizacji medialnych z ca\u0142ego kontynentu. Zakorzeniony w warto\u015bciach publicznych i inkluzywno\u015bci, Display Europe jest tworzony z oprogramowania open-source i zrywa z nieetycznymi praktykami gromadzenia danych przez Big Tech. Jego algorytmy prowadz\u0105 u\u017cytkownik\u00f3w przez mieszane i zr\u00f3wnowa\u017cone tre\u015bci.<\/p>\n\n<p>Displayeurope.eu to wyj\u0105tkowa platforma, kt\u00f3ra zapewnia dost\u0119p do szerokiej gamy tre\u015bci z europejskich medi\u00f3w. Jej celem jest prze\u0142amanie baniek filtruj\u0105cych i zapewnienie obywatelom w ca\u0142ej Europie dost\u0119pu do wiarygodnych informacji. Platforma obejmuje r\u00f3\u017cne aspekty Europy, kt\u00f3re mog\u0105 nie by\u0107 tradycyjnie omawiane przez media g\u0142\u00f3wnego nurtu lub media krajowe. Display Europe rewolucjonizuje europejski krajobraz medialny, koncentruj\u0105c si\u0119 na t\u0142umaczeniu, syndykacji i tworzeniu oryginalnych tre\u015bci. <\/p>\n\n<p>Rozw\u00f3j displayeurope.eu jest zarz\u0105dzany przez konsorcjum z siedemnastoma cz\u0142onkami z niezale\u017cnych medi\u00f3w i etycznego sektora technologicznego, pod tytu\u0142em Display Europe &#8211; Democracy Runs on Screens. Projekt jest wsp\u00f3\u0142finansowany przez Uni\u0119 Europejsk\u0105.<\/p>\n\n<p>Ponadto Display Europe &#8211; Democracy Runs on Screens zarz\u0105dza r\u00f3wnie\u017c dwoma programami grantowymi &#8211; Display Europe Grant Call (zamkni\u0119ty) i Display Europe micro-grants Call (otwarty co miesi\u0105c do 31 marca 2023 r.). Aby uzyska\u0107 wi\u0119cej informacji na temat naboru mikrogrant\u00f3w, zobacz <a href=\"https:\/\/culturalfoundation.eu\/programmes\/display-europe\/\"><u>tutaj<\/u><\/a>. Grantobiorcy nagrodzeni w ramach tych grant\u00f3w stworz\u0105 tre\u015bci, kt\u00f3re zostan\u0105 zaprezentowane na Display Europe. <\/p>\n\n<h3 class=\"wp-block-heading\">Jak dzia\u0142a Display Europe?<\/h3>\n\n<p>Display Europe to kluczowy element infrastruktury cyfrowej, kt\u00f3ry \u0142\u0105czy i zapewnia dost\u0119p do zupe\u0142nie nowej warstwy tre\u015bci w r\u00f3\u017cnych mediach, formatach wydawniczych i nadawczych, regionach i j\u0119zykach. Funkcjonuje jako sie\u0107 federacyjna istniej\u0105cych platform, kt\u00f3ra dzia\u0142a w oparciu o oprogramowanie open-source i otwarte protoko\u0142y oparte na procesach przyjaznych dla prywatno\u015bci. Zapewni to platform\u0119 wyr\u00f3wnawcz\u0105 dla medi\u00f3w, kt\u00f3re mog\u0105 nie by\u0107 w stanie zbudowa\u0107 i utrzyma\u0107 kosztownej i drogiej infrastruktury cyfrowej, ale maj\u0105 odpowiednie tre\u015bci do zaoferowania mi\u0119dzynarodowym odbiorcom. Konsorcjum anga\u017cuje media spo\u0142eczno\u015bciowe oraz ma\u0142ych i \u015brednich tw\u00f3rc\u00f3w tre\u015bci, a tak\u017ce u\u0142atwia im tworzenie mi\u0119dzynarodowej spo\u0142eczno\u015bci zawodowej.<\/p>\n\n<h3 class=\"wp-block-heading\">Kto zarz\u0105dza Display Europe?<\/h3>\n\n<p><a href=\"https:\/\/culturalfoundation.eu\/programmes\/display-europe\/\"><u>Display Europe<\/u><\/a> jest prowadzony przez konsorcjum <a href=\"https:\/\/culturalfoundation.eu\/\"><u>Europejska Fundacja Kultury<\/u><\/a> (ECF), <a href=\"https:\/\/cba.media\/what-is-the-cba\"><u>Archiwum Transmisji Kulturalnych<\/u><\/a> (CBA), fairkom, Eurozine, Voxeurop, Hostwriter, Krytyka Polityczna, <a href=\"https:\/\/www.eldiario.es\/\"><u>El <\/u><u>Diario<\/u><\/a>, Dobre Rozmowy, <a href=\"https:\/\/publicspaces.net\/\"><u>Public Spaces<\/u><\/a>, <a href=\"https:\/\/www.cmfe.eu\/\"><u>Community Media Forum Europe<\/u><\/a> (CMFE), <a href=\"https:\/\/www.human.nl\/\"><u>Cz\u0142owiek<\/u><\/a>, <a href=\"https:\/\/www.vpro.nl\/\"><u>VPRO<\/u><\/a>, <a href=\"https:\/\/www.soundandvision.com\/\"><u>D\u017awi\u0119k i wizja<\/u><\/a>, <a href=\"https:\/\/yepp.it\/ita\"><u>YEPP Italia<\/u><\/a>, Fanzingo i <a href=\"https:\/\/www.schumanshow.eu\/\"><u>Schuman Show<\/u><\/a>.<\/p>\n\n<h3 class=\"wp-block-heading\">Czy displayeurope.eu jest za darmo?<\/h3>\n\n<p>Tre\u015bci na portalu maj\u0105 charakter open source i s\u0105 swobodnie dost\u0119pne bez \u017cadnych paywalli. Rekomendacje pozwol\u0105 jednak na kierowanie do wysokiej jako\u015bci tre\u015bci za paywallami na w\u0142asnych stronach partner\u00f3w. Pozwoli to r\u00f3wnie\u017c <strong>partnerom<\/strong> na promowanie swoich tre\u015bci za po\u015brednictwem platformy. Platforma dzia\u0142a w modelu open-source i pozwala partnerom promowa\u0107 swoje tre\u015bci za po\u015brednictwem r\u00f3\u017cnych kana\u0142\u00f3w, w tym medi\u00f3w spo\u0142eczno\u015bciowych, telewizji, radia i gazet. Podej\u015bcie to k\u0142adzie nacisk na wsp\u00f3\u0142prac\u0119 i oryginalne tre\u015bci, a nie materia\u0142y na wy\u0142\u0105czno\u015b\u0107.<\/p>\n\n<h3 class=\"wp-block-heading\">Sk\u0105d pochodz\u0105 fundusze na Display Europe?<\/h3>\n\n<p>Display Europe &#8211; Democracy Runs on Screens jest wsp\u00f3\u0142finansowany przez Dyrekcj\u0119 Generaln\u0105 ds. Sieci Komunikacyjnych, Tre\u015bci i Technologii w ramach projektu pilota\u017cowego &#8222;Europejskie platformy medialne&#8221;. Dodatkowe fundusze pochodz\u0105 z Europejskiej Fundacji Kultury i innych partner\u00f3w konsorcjum. W d\u0142u\u017cszej perspektywie czasowej Display Europe b\u0119dzie finansowany poprzez po\u0142\u0105czenie finansowania publicznego (europejskiego), finansowania filantropijnego oraz cz\u0142onkostwa, darowizn i subskrypcji.<\/p>\n\n<h3 class=\"wp-block-heading\">Czy mog\u0119 wzi\u0105\u0107 udzia\u0142 w displayeurope.eu?<\/h3>\n\n<p><strong>Tak<\/strong><strong>, mo\u017cesz. <\/strong>Display Europe zapewnia aktywn\u0105 funkcj\u0119 forum publicznego, na kt\u00f3rym obywatele Europy s\u0105 zach\u0119cani do dzielenia si\u0119 informacjami i korzystania z nich.<\/p>\n\n<p><strong>ROZMOWY O EUROPIE<\/strong><\/p>\n\n<p>Display Europe b\u0119dzie stopniowo zwi\u0119ksza\u0107 mo\u017cliwo\u015bci aktywnego zaanga\u017cowania na platformie. Od wiosny 2024 r. czytelnicy b\u0119d\u0105 mogli r\u00f3wnie\u017c wyra\u017ca\u0107 swoje opinie i omawia\u0107 szersze tematy polityczne z innymi czytelnikami. W ka\u017cdym z artyku\u0142\u00f3w na Display b\u0119d\u0105 znajdowa\u0107 si\u0119 kwestionariusze, aby pozna\u0107 punkt widzenia czytelnik\u00f3w na tematy artyku\u0142\u00f3w i polityk\u0119 europejsk\u0105. Algorytm dopasowuj\u0105cy po\u0142\u0105czy pojedynczych uczestnik\u00f3w z osob\u0105, kt\u00f3ra my\u015bli zupe\u0142nie inaczej ni\u017c oni, w miar\u0119 mo\u017cliwo\u015bci w innym kraju europejskim.<\/p>\n\n<p><strong>KLUB ARTYKU\u0141\u00d3W<\/strong><\/p>\n\n<p>Oryginalne tre\u015bci stworzone dla Display Europe b\u0119d\u0105 prezentowane w comiesi\u0119cznym Article Club, w kt\u00f3rym zaanga\u017cowani dziennikarze otworz\u0105 publiczne forum do dyskusji z u\u017cytkownikami. Celem Article Club jest po\u0142\u0105czenie czytelnik\u00f3w z dziennikarzami stoj\u0105cymi za platform\u0105 i zach\u0119cenie dziennikarzy do przyj\u0119cia postawy spo\u0142eczno\u015bciowej przy tworzeniu i ocenie ich artyku\u0142\u00f3w. Format ten pozwoli r\u00f3wnie\u017c dziennikarzom na zwr\u00f3cenie si\u0119 do odbiorc\u00f3w o ekspertyz\u0119 i wk\u0142ad w pisanie przysz\u0142ych artyku\u0142\u00f3w.<\/p>\n\n<p><strong>MEDIA SPO\u0141ECZNO\u015aCIOWE<\/strong><\/p>\n\n<p>W d\u0142u\u017cszej perspektywie zaanga\u017cowanie spo\u0142eczno\u015bci Display Europe b\u0119dzie ewoluowa\u0107 wok\u00f3\u0142 dynamicznego modelu tre\u015bci, kt\u00f3ry zach\u0119ci u\u017cytkownik\u00f3w do dzielenia si\u0119 swoimi pogl\u0105dami na temat Europy. Platforma b\u0119dzie wykorzystywa\u0107 strategie medi\u00f3w spo\u0142eczno\u015bciowych typu open source (w szczeg\u00f3lno\u015bci Mastodon) w celu wspierania konwersacji, promowania tre\u015bci i wzmacniania g\u0142\u00f3wnych komunikat\u00f3w. Partnerstwa z influencerami i organizacjami, kt\u00f3re s\u0105 zgodne z warto\u015bciami Display Europe, s\u0105 r\u00f3wnie\u017c kluczow\u0105 cz\u0119\u015bci\u0105 jej strategii.<\/p>\n\n<h3 class=\"wp-block-heading\">Czym r\u00f3\u017cni si\u0119 Display Europe od innych europejskich platform medialnych?<\/h3>\n\n<ul class=\"wp-block-list\">\n<li>Display Europe jest skierowany bezpo\u015brednio do obywateli, w przeciwie\u0144stwie do platform us\u0142ugowych dla innych medi\u00f3w.<\/li>\n\n\n\n<li>Display Europe obejmie wszystkie pa\u0144stwa cz\u0142onkowskie UE i kilka kraj\u00f3w s\u0105siaduj\u0105cych, w tym Ba\u0142kany Zachodnie i Ukrain\u0119.<\/li>\n\n\n\n<li>Display Europe jest budowany przez spo\u0142ecze\u0144stwo obywatelskie i nie ma innego interesu ni\u017c wzmocnienie europejskiej demokracji.<\/li>\n\n\n\n<li>Display Europe opiera si\u0119 na technologii open source, kt\u00f3ra mo\u017ce by\u0107 wykorzystywana przez innych.<\/li>\n\n\n\n<li>Display Europe zrywa z nieetycznymi praktykami gromadzenia danych przez Big Tech.<\/li>\n\n\n\n<li>Display Europe jest dost\u0119pny w 15 j\u0119zykach.<\/li>\n<\/ul>\n\n<h3 class=\"wp-block-heading\">W jakich j\u0119zykach dost\u0119pny jest Display Europe?<\/h3>\n\n<p>W pocz\u0105tkowej fazie Display Europe jest dost\u0119pny w nast\u0119puj\u0105cych j\u0119zykach<\/p>\n\n<ol class=\"wp-block-list\">\n<li>Angielski<\/li>\n\n\n\n<li>Niemiecki<\/li>\n\n\n\n<li>chorwacki \/ bo\u015bniacki \/ serbski<\/li>\n\n\n\n<li>Czechy<\/li>\n\n\n\n<li>S\u0142owacki<\/li>\n\n\n\n<li>Francuski<\/li>\n\n\n\n<li>W\u0119gierski<\/li>\n\n\n\n<li>W\u0142oski<\/li>\n\n\n\n<li>Polski<\/li>\n\n\n\n<li>Hiszpa\u0144ski<\/li>\n\n\n\n<li>Holenderski<\/li>\n\n\n\n<li>Portugalski<\/li>\n\n\n\n<li>Ukrai\u0144ski<\/li>\n\n\n\n<li>Rosyjski<\/li>\n\n\n\n<li>Turecki<\/li>\n<\/ol>\n\n<p>W p\u00f3\u017aniejszych etapach dodane zostan\u0105 kolejne j\u0119zyki, takie jak arabski, rumu\u0144ski i szwedzki.<\/p>\n\n<h3 class=\"wp-block-heading\">Czy powstanie oryginalna zawarto\u015b\u0107?<\/h3>\n\n<p>Partnerzy redakcyjni Eurozine (AUT), Voxeurop (FR), Krytyka Polityczna (PL), ElDiario (ESP) i HUMAN (NL) s\u0105 odpowiedzialni za tworzenie Display Originals. Oryginalne tre\u015bci obejmuj\u0105 cotygodniowy europejski talkshow, comiesi\u0119czne przegl\u0105dy prasy regionalnej i tematycznej oraz multimedialne projekty transgraniczne dotycz\u0105ce pilnych temat\u00f3w o znaczeniu europejskim.<\/p>\n\n<h3 class=\"wp-block-heading\">Jak\u0105 histori\u0119 ma Display?<\/h3>\n\n<p>W odpowiedzi na rosn\u0105ce zapotrzebowanie na sfer\u0119 publiczn\u0105, kt\u00f3ra wykracza poza t\u0142o ekonomiczne, spo\u0142eczne, kulturowe lub narodowe, Europejska Fundacja Kultury przeprowadzi\u0142a seri\u0119 warsztat\u00f3w online i offline w 2020 i 2021 roku. Warsztaty te zgromadzi\u0142y dziennikarzy, badaczy i obywateli, aby wyobrazi\u0107 sobie sieciowy model medi\u00f3w europejskich, wolny od wp\u0142yw\u00f3w rynkowych i rz\u0105dowych. Po otwartym naborze w 2021 r. Europejska Fundacja Kultury przyzna\u0142a kilka dotacji maj\u0105cych na celu wspieranie dziennikarskiej wsp\u00f3\u0142pracy transgranicznej i rozw\u00f3j infrastruktury cyfrowej opartej na warto\u015bciach publicznych.<\/p>\n\n<p>R\u00f3wnolegle grupa aktywist\u00f3w medialnych, badaczy i inicjatyw utworzy\u0142a w 2020 r. koalicj\u0119 Shared Digital European Public Sphere (SDEPS.eu). Dyskurs w ramach koalicji i perspektywy mo\u017cliwej architektury zosta\u0142y podsumowane w publikacji &#8222;<a href=\"http:\/\/www.baratsits.at\/building-a-european-digital-public-space\/\">Building a European Digital Public Space<\/a>&#8222;, Strategies for taking back control from Big Tech platforms (2021) <a href=\"https:\/\/www.irights-lab.de\/publikationen\/dps\">https:\/\/www.irights-lab.de\/publikationen\/dps.<\/a> W oparciu o te dyskusje w 2022 r. w Linzu odby\u0142 si\u0119 hackathon <a href=\"https:\/\/cba.media\/building-a-european-cultural-backbone\">https:\/\/cba.media\/building-a-european-cultural-backbone.<\/a><\/p>\n\n<p>Wsp\u00f3\u0142praca mi\u0119dzy grantobiorcami ECF i sieci\u0105 utworzon\u0105 podczas hackathonu zako\u0144czy\u0142a si\u0119 stworzeniem Display Europe.<\/p>\n\n<p>Platforma ma na celu zapewnienie og\u00f3lnoeuropejskiej perspektywy i przestrzeni, w kt\u00f3rej mo\u017cna omawia\u0107 wsp\u00f3lne europejskie interesy. Chce przeciwdzia\u0142a\u0107 utracie zaufania do publicznych dyskusji i medi\u00f3w oraz przeciwstawi\u0107 si\u0119 populistycznym ideom pozbawionym fakt\u00f3w i wykluczeniu niekt\u00f3rych grup w tradycyjnych mediach.<\/p>\n\n<p>Display Europe ma potencja\u0142, aby przyczyni\u0107 si\u0119 do stworzenia kluczowej infrastruktury cyfrowej dla Europy, wyr\u00f3wnuj\u0105c szanse dla medi\u00f3w i tw\u00f3rc\u00f3w tre\u015bci. Jego uruchomienie oznacza nie tylko wprowadzenie nowej platformy medialnej, ale tak\u017ce now\u0105 er\u0119 w europejskich mediach, w kt\u00f3rej r\u00f3\u017cnorodno\u015b\u0107, integracja i warto\u015bci publiczne zajmuj\u0105 centralne miejsce.<\/p>\n\n<h3 class=\"wp-block-heading\">Czy musz\u0119 p\u0142aci\u0107, aby m\u00f3c korzysta\u0107 z displayeurope.eu?<\/h3>\n\n<p>Tre\u015b\u0107 jest bezp\u0142atna, ale mo\u017cna j\u0105 wesprze\u0107 niewielk\u0105 kwot\u0105, aby by\u0107 mniej zale\u017cnym od funduszy UE.<\/p>\n\n<p>W 2024 r. zaoferujemy us\u0142ug\u0119 subskrypcji, aby wspiera\u0107 utrzymanie platformy, produkcj\u0119 tre\u015bci i dostarczanie Mastodon oraz innych nadchodz\u0105cych us\u0142ug.<\/p>\n\n<p>W mi\u0119dzyczasie mo\u017cna przekaza\u0107 darowizn\u0119 na rzecz Europejskiej Fundacji Kultury pod adresem <a href=\"https:\/\/culturalfoundation.iraiser.eu\/support\/~my-donation\"><u>https:\/\/culturalfoundation.iraiser.eu\/support\/~my-donation<\/u><\/a>. ECF jako cz\u0142onek-za\u0142o\u017cyciel przeka\u017ce te darowizny Display Europe.<\/p>\n\n<h3 class=\"wp-block-heading\">Jestem cz\u0142onkiem medi\u00f3w spo\u0142eczno\u015bciowych, jak mog\u0119 do\u0142\u0105czy\u0107 i dzieli\u0107 si\u0119 z wami tre\u015bciami?<\/h3>\n\n<p>Nasza sie\u0107 serdecznie zaprasza osoby i organizacje do przy\u0142\u0105czenia si\u0119 jako partnerzy do federacji wsp\u00f3\u0142pracy, kt\u00f3ra celebruje wsp\u00f3lne warto\u015bci i mi\u0119dzykontynentalne spostrze\u017cenia. Prosimy o zapoznanie si\u0119 z <a href=\"https:\/\/archive.displayeurope.eu\/pl\/join-us\/\" data-type=\"page\" data-id=\"10996\"><u>link<\/u><\/a> tutaj do tekstu w stopce strony &#8222;Zosta\u0144 partnerem medie&#8221;, gdzie znajduje si\u0119 wi\u0119cej szczeg\u00f3\u0142\u00f3w na temat procesu wdra\u017cania. <\/p>\n\n<h3 class=\"wp-block-heading\">Jaka jest struktura zarz\u0105dzania Display Europe?<\/h3>\n\n<p>Display Europe jest w trakcie przekszta\u0142cania si\u0119 w sp\u00f3\u0142dzielni\u0119, przyjmuj\u0105c model sp\u00f3\u0142dzielczy uznany za oddanie cz\u0142onkom i zr\u00f3wnowa\u017cone tworzenie warto\u015bci w ramach platformy. W przeciwie\u0144stwie do tradycyjnych platform finansowanych kapita\u0142em wysokiego ryzyka, sp\u00f3\u0142dzielnie stawiaj\u0105 na pierwszym miejscu interesy swoich cz\u0142onk\u00f3w i reinwestuj\u0105 wsp\u00f3lnie wytworzon\u0105 warto\u015b\u0107 w platform\u0119, wspieraj\u0105c strategi\u0119 biznesow\u0105, kt\u00f3ra utrzymuje jako\u015b\u0107 us\u0142ug platformy bez nadmiernej komercjalizacji.<\/p>\n\n<p>Rozszerzamy nasze zaproszenie do os\u00f3b i organizacji, kt\u00f3re zgadzaj\u0105 si\u0119 z nasz\u0105 wizj\u0105, aby po\u0142\u0105czy\u0107 si\u0142y i stworzy\u0107 transformacyjn\u0105 sp\u00f3\u0142dzielni\u0119, kt\u00f3ra na nowo zdefiniuje europejski krajobraz medialny. Wsp\u00f3lnie d\u0105\u017cymy do zbudowania platformy, kt\u00f3ra uosabia wsp\u00f3\u0142prac\u0119, innowacje i wsp\u00f3lne d\u0105\u017cenie do cyfrowej przestrzeni publicznej dla wszystkich.<\/p>\n\n<p>Je\u015bli podzielasz nasz\u0105 wizj\u0119 i chcesz zosta\u0107 cz\u0142onkiem tego ekscytuj\u0105cego przedsi\u0119wzi\u0119cia, zapraszamy do skontaktowania si\u0119 z nami pod adresem <a href=\"mailto:coop@displayeurope.eu\"><u>coop@displayeurope.eu<\/u><\/a>.<\/p>\n\n<p>Aby dowiedzie\u0107 si\u0119 wi\u0119cej o celach, strategiach, motywacji i kamieniach milowych Coop, zapoznaj si\u0119 z tekstem Display Europe Cooperative w stopce strony<a href=\"https:\/\/archive.displayeurope.eu\/pl\/?page_id=5963\" data-type=\"page\" data-id=\"4986\">(link<\/a>).<\/p>\n\n<h3 class=\"wp-block-heading\">Jeste\u015bcie open-sourcowi, ale widz\u0119 LinkedIn i Instagram na waszej stronie?<\/h3>\n\n<p>Tak, jeste\u015bmy platform\u0105 open-source i promujemy korzystanie z praktyk open-source w mediach spo\u0142eczno\u015bciowych, takich jak PeerTube i Mastodon, jednak do pocz\u0105tkowej promocji projektu u\u017cywamy kont w mediach spo\u0142eczno\u015bciowych, takich jak Instagram, Facebook i LinkdIn. Przewa\u017cnie nie wy\u015bwietlamy tam naszych tre\u015bci, a jedynie teasery. Opowiadamy si\u0119 jednak za korzystaniem z kont medi\u00f3w spo\u0142eczno\u015bciowych typu open source o standardach etycznych zamiast kont medi\u00f3w g\u0142\u00f3wnego nurtu.<\/p>\n\n<h3 class=\"wp-block-heading\">Z jakich technologii open source korzystamy?<\/h3>\n\n<p>Wolimy u\u017cywa\u0107 framework\u00f3w, kt\u00f3re obs\u0142uguj\u0105 ActivityPub, kt\u00f3ry jest protoko\u0142em dla <a href=\"https:\/\/archive.displayeurope.eu\/pl\/?page_id=15105#\/media\/Datei:A_view_into_the_Fediverse.png\"><u>Fediverse<\/u><\/a>. Pozwala nam to na bardzo \u0142atw\u0105 wymian\u0119 tre\u015bci w dowolnym kierunku.<\/p>\n\n<ul class=\"wp-block-list\">\n<li><a href=\"https:\/\/displayeurope.video\/\"><u>PeerTube<\/u><\/a> do dystrybucji wideo<\/li>\n\n\n\n<li><a href=\"https:\/\/displayeurope.social\/explore\"><u>Mastodon<\/u><\/a> do mikroblogowania<\/li>\n\n\n\n<li><a href=\"https:\/\/cba.media\/\"><u>CBA<\/u><\/a> dla audio<\/li>\n\n\n\n<li><a href=\"https:\/\/codeberg.org\/Kbin\/kbin-core\"><u>Kbin<\/u><\/a> do dyskusji (do integracji w 2024 r.)<\/li>\n<\/ul>\n\n<p>W przypadku innych element\u00f3w infrastruktury korzystamy wy\u0142\u0105cznie z narz\u0119dzi Open Source, takich jak<\/p>\n\n<ul class=\"wp-block-list\">\n<li>Keycloak (Single Sign On) <a href=\"https:\/\/key.displayeurope.eu\"><u>https:\/\/key.displayeurope.eu<\/u><\/a> <\/li>\n\n\n\n<li>Minio (Storage &amp; CDN)<\/li>\n\n\n\n<li>kubernetes (przetwarzanie w chmurze)<\/li>\n\n\n\n<li>Matomo (Statystyki)<\/li>\n\n\n\n<li><a href=\"https:\/\/newsletter.displ.eu\/lists\/?p=subscribe&amp;id=1\"><u>phplist<\/u><\/a> dla biuletyn\u00f3w<\/li>\n<\/ul>\n","protected":false},"excerpt":{"rendered":"<p>Nasza wizja i najcz\u0119\u015bciej zadawane pytania \u00a0 Nasza wizja Architekci Display wierz\u0105 w europejskie media, oparte na warto\u015bciach publicznych i inkluzywno\u015bci. Przyczyniaj\u0105 si\u0119 do tworzenia wsp\u00f3lnych europejskich medi\u00f3w, poniewa\u017c si\u0142y, kt\u00f3re lekcewa\u017c\u0105 granice, kszta\u0142tuj\u0105 \u017cycie Europejczyk\u00f3w. Buduj\u0105 przestrze\u0144, niezale\u017cn\u0105 od rz\u0105d\u00f3w i wp\u0142yw\u00f3w komercyjnych, w kt\u00f3rej Europejczycy &#8211; niezale\u017cnie od pochodzenia &#8211; mog\u0105 \u0142\u0105czy\u0107 si\u0119, [&hellip;]<\/p>\n","protected":false},"author":1,"featured_media":0,"parent":0,"menu_order":0,"comment_status":"closed","ping_status":"closed","template":"","meta":{"footnotes":""},"class_list":["post-15143","page","type-page","status-publish","hentry"],"_links":{"self":[{"href":"https:\/\/archive.displayeurope.eu\/pl\/wp-json\/wp\/v2\/pages\/15143","targetHints":{"allow":["GET"]}}],"collection":[{"href":"https:\/\/archive.displayeurope.eu\/pl\/wp-json\/wp\/v2\/pages"}],"about":[{"href":"https:\/\/archive.displayeurope.eu\/pl\/wp-json\/wp\/v2\/types\/page"}],"author":[{"embeddable":true,"href":"https:\/\/archive.displayeurope.eu\/pl\/wp-json\/wp\/v2\/users\/1"}],"replies":[{"embeddable":true,"href":"https:\/\/archive.displayeurope.eu\/pl\/wp-json\/wp\/v2\/comments?post=15143"}],"version-history":[{"count":7,"href":"https:\/\/archive.displayeurope.eu\/pl\/wp-json\/wp\/v2\/pages\/15143\/revisions"}],"predecessor-version":[{"id":49819,"href":"https:\/\/archive.displayeurope.eu\/pl\/wp-json\/wp\/v2\/pages\/15143\/revisions\/49819"}],"wp:attachment":[{"href":"https:\/\/archive.displayeurope.eu\/pl\/wp-json\/wp\/v2\/media?parent=15143"}],"curies":[{"name":"wp","href":"https:\/\/api.w.org\/{rel}","templated":true}]}}