{"id":15389,"date":"2023-12-07T17:22:07","date_gmt":"2023-12-07T16:22:07","guid":{"rendered":"https:\/\/archive.displayeurope.eu\/zostan-partnerem-medialnym\/"},"modified":"2024-09-25T08:01:01","modified_gmt":"2024-09-25T06:01:01","slug":"join-us","status":"publish","type":"page","link":"https:\/\/archive.displayeurope.eu\/pl\/join-us\/","title":{"rendered":"Do\u0142\u0105cz do nas"},"content":{"rendered":"\n<h1 class=\"wp-block-heading\">Do\u0142\u0105cz do sieci Display Europe!<\/h1>\n\n<p>Je\u015bli jeste\u015b niezale\u017cnym medium lub organizacj\u0105 zajmuj\u0105c\u0105 si\u0119 mediami spo\u0142ecznymi, a Twoje artyku\u0142y i programy koncentruj\u0105 si\u0119 na Europie i Europejczykach, zapraszamy do przy\u0142\u0105czenia si\u0119 do naszej sieci! Wype\u0142nij poni\u017cszy formularz i prze\u015blij nam kana\u0142 RSS do swoich tre\u015bci, a Twoje artyku\u0142y, podcasty i programy wideo b\u0119d\u0105 dost\u0119pne na platformie Display Europe.<\/p>\n\n<p>Je\u015bli masz dodatkowe pytania dotycz\u0105ce naszej sieci, napisz do nas na adres <a href=\"mailto:partner@displayeurope.eu\">partner@displayeurope.eu.<\/a><\/p>\n\n<h2 class=\"wp-block-heading\">\u00a0<\/h2>\n\n<h2 class=\"wp-block-heading\"><strong>Jak wybieramy artyku\u0142y do zamieszczenia na portalu?<\/strong><\/h2>\n\n<p>Nasz zesp\u00f3\u0142 redakcyjny sk\u0142ada si\u0119 z redaktor\u00f3w spo\u0142eczno\u015bciowych, kt\u00f3rych zadaniem jest wyb\u00f3r artyku\u0142\u00f3w przes\u0142anych przez partner\u00f3w do recenzji i publikacji. Do wszystkich przes\u0142anych artyku\u0142\u00f3w podchodz\u0105 z takim samym szacunkiem. Artyku\u0142y s\u0105 wybierane na podstawie wcze\u015bniej zdefiniowanego zestawu wytycznych redakcyjnych dla redaktor\u00f3w spo\u0142eczno\u015bci. Wytyczne te mo\u017cna przeczyta\u0107 tutaj:<\/p>\n\n<ul class=\"wp-block-list\">\n<li><a href=\"https:\/\/archive.displayeurope.eu\/wp-content\/uploads\/2024\/05\/Guidelines-for-Community-Editors-of-the-Display-Europe.pdf\">Wytyczne dla redaktor\u00f3w spo\u0142eczno\u015bci Display Europe<\/a><\/li>\n<\/ul>\n\n<p>Je\u015bli chcesz przes\u0142a\u0107 artyku\u0142 do opublikowania na portalu, napisz do naszego zespo\u0142u redakcyjnego na adres <a href=\"mailto:contact@displayeurope.eu\">contact@displayeurope.eu.<\/a><\/p>\n\n<h2 class=\"wp-block-heading\">\u00a0<\/h2>\n\n<h2 class=\"wp-block-heading\"><strong>Do\u0142\u0105cz do Display Europe Co-op<\/strong><\/h2>\n\n<p>Je\u015bli chcesz do\u0142\u0105czy\u0107 do zespo\u0142u Display Europe i kszta\u0142towa\u0107 przysz\u0142o\u015b\u0107 platformy Display Europe, mo\u017cesz to zrobi\u0107, zostaj\u0105c cz\u0142onkiem naszej sp\u00f3\u0142dzielni. Sp\u00f3\u0142dzielnia Display Europe zosta\u0142a za\u0142o\u017cona w Austrii jako sp\u00f3\u0142dzielnia medialna non-profit. Je\u015bli chcesz dowiedzie\u0107 si\u0119 wi\u0119cej, skontaktuj si\u0119 z nami pod adresem <a href=\"mailto:coop@displayeurope.eu\">coop@displayeurope.eu.<\/a><\/p>\n\n<div style=\"height:100px\" aria-hidden=\"true\" class=\"wp-block-spacer\"><\/div>\n   <form method=\"post\" class=\"customform\">\n    <h3>Apply with your Organization<\/h3>\n    <div class=\"input-field\">\n        <label for=\"medianame\">* Organization:<\/label>\n        <input\n            type=\"text\"\n            id=\"medianame\"\n            name=\"medianame\"\n            placeholder=\"Organization Name\"\n            value=\"\"\n            required\n        >\n    <\/div>\n    <div class=\"input-field\">\n        <label for=\"contact_person\">* Contact person:<\/label>\n        <input\n            type=\"text\"\n            id=\"contact_person\"\n            name=\"contact_person\"\n            placeholder=\"Contact Name\"\n            value=\"\"\n            required\n        >\n    <\/div>\n    <div class=\"input-field\">\n        <label for=\"contact_email\">* Contact Email:<\/label>\n        <input\n            type=\"email\"\n            id=\"contact_email\"\n            name=\"contact_email\"\n            placeholder=\"you@yourcompany.org\"\n            value=\"\"\n            required\n        >\n    <\/div>\n    <div class=\"input-field\">\n        <label for=\"country\">* Country:<\/label>\n        <select\n            id=\"country\"\n            name=\"country\"\n            required\n        >\n            <option value=\"\">Please select<\/option>\n                            <option value=\"AL\">Albania<\/option>\n                            <option value=\"AD\">Andorra<\/option>\n                            <option value=\"AT\">Austria<\/option>\n                            <option value=\"BY\">Belarus<\/option>\n                            <option value=\"BE\">Belgium<\/option>\n                            <option value=\"BA\">Bosnia and Herzegovina<\/option>\n                            <option value=\"BG\">Bulgaria<\/option>\n                            <option value=\"HR\">Croatia<\/option>\n                            <option value=\"CY\">Cyprus<\/option>\n                            <option value=\"CZ\">Czech Republic<\/option>\n                            <option value=\"DK\">Denmark<\/option>\n                            <option value=\"EE\">Estonia<\/option>\n                            <option value=\"FI\">Finland<\/option>\n                            <option value=\"FR\">France<\/option>\n                            <option value=\"DE\">Germany<\/option>\n                            <option value=\"GR\">Greece<\/option>\n                            <option value=\"HU\">Hungary<\/option>\n                            <option value=\"IS\">Iceland<\/option>\n                            <option value=\"IE\">Ireland<\/option>\n                            <option value=\"IT\">Italy<\/option>\n                            <option value=\"XK\">Kosovo<\/option>\n                            <option value=\"LV\">Latvia<\/option>\n                            <option value=\"LI\">Liechtenstein<\/option>\n                            <option value=\"LT\">Lithuania<\/option>\n                            <option value=\"LU\">Luxembourg<\/option>\n                            <option value=\"MT\">Malta<\/option>\n                            <option value=\"MD\">Moldova<\/option>\n                            <option value=\"MC\">Monaco<\/option>\n                            <option value=\"ME\">Montenegro<\/option>\n                            <option value=\"NL\">Netherlands<\/option>\n                            <option value=\"MK\">North Macedonia<\/option>\n                            <option value=\"NO\">Norway<\/option>\n                            <option value=\"PL\">Poland<\/option>\n                            <option value=\"PT\">Portugal<\/option>\n                            <option value=\"RO\">Romania<\/option>\n                            <option value=\"RU\">Russia<\/option>\n                            <option value=\"SM\">San Marino<\/option>\n                            <option value=\"RS\">Serbia<\/option>\n                            <option value=\"SK\">Slovakia<\/option>\n                            <option value=\"SI\">Slovenia<\/option>\n                            <option value=\"ES\">Spain<\/option>\n                            <option value=\"SE\">Sweden<\/option>\n                            <option value=\"CH\">Switzerland<\/option>\n                            <option value=\"UA\">Ukraine<\/option>\n                            <option value=\"GB\">United Kingdom<\/option>\n                            <option value=\"VA\">Vatican City<\/option>\n                    <\/select>\n    <\/div>\n    <div class=\"input-field\">\n        <label for=\"link\">* Link:<\/label>\n        <input\n            type=\"text\"\n            id=\"link\"\n            name=\"link\"\n            placeholder=\"Your Site-URL \/ RSS-Feed\"\n            value=\"\"\n            required\n        >\n    <\/div>\n    <div class=\"input-field\">\n        <div class=\"checkbox-group\">\n            <label>* Media Type:<\/label>\n            <label><input type=\"checkbox\" name=\"choices[]\" value=\"Audio\"> Audio<\/label>\n            <label><input type=\"checkbox\" name=\"choices[]\" value=\"Video\"> Video<\/label>\n            <label><input type=\"checkbox\" name=\"choices[]\" value=\"Text\"> Text<\/label>\n        <\/div>\n        <small>\n            The types of media you plan to publish with Display Europe        <\/small>\n    <\/div>\n    <div class=\"input-field\">\n        <label for=\"comments\">Comments &amp; Questions:<\/label>\n        <textarea\n            id=\"comments\"\n            name=\"comments\"\n            rows=\"8\"\n        ><\/textarea>\n    <\/div>\n    <div class=\"input-field\">\n        <label>\n            <input\n                type=\"checkbox\"\n                name=\"accept\"\n                value=\"1\"\n                required\n            >\n            I accept the            <a\n                href=\"https:\/\/displayeurope.eu\/wp-content\/uploads\/2024\/04\/DisplayEurope_UserAgreementPartners_EN.pdf\"\n                target=\"_blank\">\n                terms & conditions.            <\/a>\n        <\/label>\n    <\/div>\n\n    <div class=\"input-group\">\n        <div class=\"input-field\">\n            <input\n                type=\"submit\"\n                name=\"custom_form_submit\"\n                value=Send            >\n        <\/div>\n        <div class=\"input-field\">\n            <div class=\"frc-captcha\" data-sitekey=\"FCMQUN6I5B87NIU7\"><\/div>\n        <\/div>\n    <\/div>\n    <small>* Required<\/small>\n\n    <script\n        type=\"module\"\n        src=\"https:\/\/archive.displayeurope.eu\/wp-content\/plugins\/customforms\/public\/js\/widget.module.min.js\"\n        async defer\n    ><\/script>\n    <script nomodule src=\"https:\/\/archive.displayeurope.eu\/wp-content\/plugins\/customforms\/public\/js\/widget.min.js\" async defer><\/script>\n<\/form>\n\n    \n","protected":false},"excerpt":{"rendered":"<p>Do\u0142\u0105cz do sieci Display Europe! Je\u015bli jeste\u015b niezale\u017cnym medium lub organizacj\u0105 zajmuj\u0105c\u0105 si\u0119 mediami spo\u0142ecznymi, a Twoje artyku\u0142y i programy koncentruj\u0105 si\u0119 na Europie i Europejczykach, zapraszamy do przy\u0142\u0105czenia si\u0119 do naszej sieci! Wype\u0142nij poni\u017cszy formularz i prze\u015blij nam kana\u0142 RSS do swoich tre\u015bci, a Twoje artyku\u0142y, podcasty i programy wideo b\u0119d\u0105 dost\u0119pne na platformie [&hellip;]<\/p>\n","protected":false},"author":35,"featured_media":0,"parent":0,"menu_order":0,"comment_status":"closed","ping_status":"closed","template":"","meta":{"footnotes":""},"class_list":["post-15389","page","type-page","status-publish","hentry"],"_links":{"self":[{"href":"https:\/\/archive.displayeurope.eu\/pl\/wp-json\/wp\/v2\/pages\/15389","targetHints":{"allow":["GET"]}}],"collection":[{"href":"https:\/\/archive.displayeurope.eu\/pl\/wp-json\/wp\/v2\/pages"}],"about":[{"href":"https:\/\/archive.displayeurope.eu\/pl\/wp-json\/wp\/v2\/types\/page"}],"author":[{"embeddable":true,"href":"https:\/\/archive.displayeurope.eu\/pl\/wp-json\/wp\/v2\/users\/35"}],"replies":[{"embeddable":true,"href":"https:\/\/archive.displayeurope.eu\/pl\/wp-json\/wp\/v2\/comments?post=15389"}],"version-history":[{"count":6,"href":"https:\/\/archive.displayeurope.eu\/pl\/wp-json\/wp\/v2\/pages\/15389\/revisions"}],"predecessor-version":[{"id":49825,"href":"https:\/\/archive.displayeurope.eu\/pl\/wp-json\/wp\/v2\/pages\/15389\/revisions\/49825"}],"wp:attachment":[{"href":"https:\/\/archive.displayeurope.eu\/pl\/wp-json\/wp\/v2\/media?parent=15389"}],"curies":[{"name":"wp","href":"https:\/\/api.w.org\/{rel}","templated":true}]}}