{"id":36216,"date":"2024-04-17T11:55:28","date_gmt":"2024-04-17T09:55:28","guid":{"rendered":"https:\/\/archive.displayeurope.eu\/rozmowy-o-europie\/"},"modified":"2024-08-28T15:05:36","modified_gmt":"2024-08-28T13:05:36","slug":"europe-talks","status":"publish","type":"page","link":"https:\/\/archive.displayeurope.eu\/pl\/europe-talks\/","title":{"rendered":"Rozmowy o Europie"},"content":{"rendered":"<style>\/*! elementor - v3.20.0 - 26-03-2024 *\/\n.elementor-heading-title{padding:0;margin:0;line-height:1}.elementor-widget-heading .elementor-heading-title[class*=elementor-size-]>a{color:inherit;font-size:inherit;line-height:inherit}.elementor-widget-heading .elementor-heading-title.elementor-size-small{font-size:15px}.elementor-widget-heading .elementor-heading-title.elementor-size-medium{font-size:19px}.elementor-widget-heading .elementor-heading-title.elementor-size-large{font-size:29px}.elementor-widget-heading .elementor-heading-title.elementor-size-xl{font-size:39px}.elementor-widget-heading .elementor-heading-title.elementor-size-xxl{font-size:59px}<\/style>\n<h2>Zarejestruj si\u0119 na Europe Talks 2024<\/h2>\n<p>.<\/p>\n<h4>Do\u0142\u0105cz do programu Europe Talks dla os\u00f3b g\u0142osuj\u0105cych po raz pierwszy w Berlinie!<\/h4>\n<p>Jeste\u015b obywatelem UE w wieku 18-22 lat? Do\u0142\u0105cz do naszego jednodniowego programu przed zbli\u017caj\u0105cymi si\u0119 wyborami do Parlamentu Europejskiego. Dofinansowanie podr\u00f3\u017cy jest dost\u0119pne!<\/p>\n<p>\t\t\t<a href=\"https:\/\/www.mycountrytalks.org\/events\/europe-talks\/first-voters-event-berlin\" target=\"_blank\" rel=\"noopener\">.<br \/>\n\t\t\t\t\t\tDowiedz si\u0119 wi\u0119cej<br \/>\n\t\t\t\t\t<\/a><\/p>\n","protected":false},"excerpt":{"rendered":"<p>Zarejestruj si\u0119 na Europe Talks 2024 . Do\u0142\u0105cz do programu Europe Talks dla os\u00f3b g\u0142osuj\u0105cych po raz pierwszy w Berlinie! Jeste\u015b obywatelem UE w wieku 18-22 lat? Do\u0142\u0105cz do naszego jednodniowego programu przed zbli\u017caj\u0105cymi si\u0119 wyborami do Parlamentu Europejskiego. Dofinansowanie podr\u00f3\u017cy jest dost\u0119pne! . Dowiedz si\u0119 wi\u0119cej<\/p>\n","protected":false},"author":35,"featured_media":0,"parent":0,"menu_order":0,"comment_status":"closed","ping_status":"closed","template":"","meta":{"footnotes":""},"class_list":["post-36216","page","type-page","status-publish","hentry"],"_links":{"self":[{"href":"https:\/\/archive.displayeurope.eu\/pl\/wp-json\/wp\/v2\/pages\/36216","targetHints":{"allow":["GET"]}}],"collection":[{"href":"https:\/\/archive.displayeurope.eu\/pl\/wp-json\/wp\/v2\/pages"}],"about":[{"href":"https:\/\/archive.displayeurope.eu\/pl\/wp-json\/wp\/v2\/types\/page"}],"author":[{"embeddable":true,"href":"https:\/\/archive.displayeurope.eu\/pl\/wp-json\/wp\/v2\/users\/35"}],"replies":[{"embeddable":true,"href":"https:\/\/archive.displayeurope.eu\/pl\/wp-json\/wp\/v2\/comments?post=36216"}],"version-history":[{"count":1,"href":"https:\/\/archive.displayeurope.eu\/pl\/wp-json\/wp\/v2\/pages\/36216\/revisions"}],"predecessor-version":[{"id":45948,"href":"https:\/\/archive.displayeurope.eu\/pl\/wp-json\/wp\/v2\/pages\/36216\/revisions\/45948"}],"wp:attachment":[{"href":"https:\/\/archive.displayeurope.eu\/pl\/wp-json\/wp\/v2\/media?parent=36216"}],"curies":[{"name":"wp","href":"https:\/\/api.w.org\/{rel}","templated":true}]}}